{"id":204,"date":"2016-03-14T12:53:54","date_gmt":"2016-03-14T11:53:54","guid":{"rendered":"http:\/\/agora.xtec.cat\/escolajaumebalmes\/?page_id=204"},"modified":"2020-11-03T15:43:39","modified_gmt":"2020-11-03T14:43:39","slug":"hort","status":"publish","type":"page","link":"https:\/\/agora.xtec.cat\/escolajaumebalmes\/projecte-educatiu\/hort\/","title":{"rendered":"Hort"},"content":{"rendered":"\r\n\t<div class=\"slideshow_container slideshow_container_style-light\" style=\"height: 500px; \" data-slideshow-id=\"756\" data-style-name=\"style-light\" data-style-version=\"2.3.1\" >\r\n\r\n\t\t\t\t\t<div class=\"slideshow_loading_icon\"><\/div>\r\n\t\t\r\n\t\t<div class=\"slideshow_content\" style=\"display: none;\">\r\n\r\n\t\t\t<div class=\"slideshow_view\">\r\n\t\t\t\t<div class=\"slideshow_slide slideshow_slide_image\">\r\n\t\t\t\t\t\t\t\t\t\t\t<img src=\"https:\/\/agora.xtec.cat\/escolajaumebalmes\/wp-content\/uploads\/usu872\/2017\/11\/01.jpg\" alt=\"01\" width=\"784\" height=\"588\" \/>\r\n\t\t\t\t\t\t\t\t\t\t<div class=\"slideshow_description_box slideshow_transparent\">\r\n\t\t\t\t\t\t<div class=\"slideshow_title\">01<\/div>\t\t\t\t\t\t\t\t\t\t\t<\/div>\r\n\t\t\t\t<\/div>\r\n\r\n\t\t\t\t\t\t<div style=\"clear: both;\"><\/div><\/div><div class=\"slideshow_view\">\r\n\t\t\t\t<div class=\"slideshow_slide slideshow_slide_image\">\r\n\t\t\t\t\t\t\t\t\t\t\t<img src=\"https:\/\/agora.xtec.cat\/escolajaumebalmes\/wp-content\/uploads\/usu872\/2017\/11\/02.jpg\" alt=\"02\" width=\"849\" height=\"637\" \/>\r\n\t\t\t\t\t\t\t\t\t\t<div class=\"slideshow_description_box slideshow_transparent\">\r\n\t\t\t\t\t\t<div class=\"slideshow_title\">02<\/div>\t\t\t\t\t\t\t\t\t\t\t<\/div>\r\n\t\t\t\t<\/div>\r\n\r\n\t\t\t\t\t\t<div style=\"clear: both;\"><\/div><\/div><div class=\"slideshow_view\">\r\n\t\t\t\t<div class=\"slideshow_slide slideshow_slide_image\">\r\n\t\t\t\t\t\t\t\t\t\t\t<img src=\"https:\/\/agora.xtec.cat\/escolajaumebalmes\/wp-content\/uploads\/usu872\/2017\/11\/06.jpg\" alt=\"06\" width=\"784\" height=\"588\" \/>\r\n\t\t\t\t\t\t\t\t\t\t<div class=\"slideshow_description_box slideshow_transparent\">\r\n\t\t\t\t\t\t<div class=\"slideshow_title\">06<\/div>\t\t\t\t\t\t\t\t\t\t\t<\/div>\r\n\t\t\t\t<\/div>\r\n\r\n\t\t\t\t\t\t<div style=\"clear: both;\"><\/div><\/div><div class=\"slideshow_view\">\r\n\t\t\t\t<div class=\"slideshow_slide slideshow_slide_image\">\r\n\t\t\t\t\t\t\t\t\t\t\t<img src=\"https:\/\/agora.xtec.cat\/escolajaumebalmes\/wp-content\/uploads\/usu872\/2017\/11\/05.jpg\" alt=\"05\" width=\"784\" height=\"588\" \/>\r\n\t\t\t\t\t\t\t\t\t\t<div class=\"slideshow_description_box slideshow_transparent\">\r\n\t\t\t\t\t\t<div class=\"slideshow_title\">05<\/div>\t\t\t\t\t\t\t\t\t\t\t<\/div>\r\n\t\t\t\t<\/div>\r\n\r\n\t\t\t\t\t\t<div style=\"clear: both;\"><\/div><\/div><div class=\"slideshow_view\">\r\n\t\t\t\t<div class=\"slideshow_slide slideshow_slide_image\">\r\n\t\t\t\t\t\t\t\t\t\t\t<img src=\"https:\/\/agora.xtec.cat\/escolajaumebalmes\/wp-content\/uploads\/usu872\/2017\/11\/04.jpg\" alt=\"04\" width=\"784\" height=\"588\" \/>\r\n\t\t\t\t\t\t\t\t\t\t<div class=\"slideshow_description_box slideshow_transparent\">\r\n\t\t\t\t\t\t<div class=\"slideshow_title\">04<\/div>\t\t\t\t\t\t\t\t\t\t\t<\/div>\r\n\t\t\t\t<\/div>\r\n\r\n\t\t\t\t\t\t<div style=\"clear: both;\"><\/div><\/div><div class=\"slideshow_view\">\r\n\t\t\t\t<div class=\"slideshow_slide slideshow_slide_image\">\r\n\t\t\t\t\t\t\t\t\t\t\t<img src=\"https:\/\/agora.xtec.cat\/escolajaumebalmes\/wp-content\/uploads\/usu872\/2017\/11\/01.jpg\" alt=\"01\" width=\"784\" height=\"588\" \/>\r\n\t\t\t\t\t\t\t\t\t\t<div class=\"slideshow_description_box slideshow_transparent\">\r\n\t\t\t\t\t\t<div class=\"slideshow_title\">01<\/div>\t\t\t\t\t\t\t\t\t\t\t<\/div>\r\n\t\t\t\t<\/div>\r\n\r\n\t\t\t\t\t\t<div style=\"clear: both;\"><\/div><\/div>\r\n\t\t<\/div>\r\n\r\n\t\t<div class=\"slideshow_controlPanel slideshow_transparent\" style=\"display: none;\"><ul><li class=\"slideshow_togglePlay\" data-play-text=\"Visualitza\" data-pause-text=\"Pausa\"><\/li><\/ul><\/div>\r\n\r\n\t\t<div class=\"slideshow_button slideshow_previous slideshow_transparent\" role=\"button\" data-previous-text=\"Anterior\" style=\"display: none;\"><\/div>\r\n\t\t<div class=\"slideshow_button slideshow_next slideshow_transparent\" role=\"button\" data-next-text=\"Seg\u00fcent\" style=\"display: none;\"><\/div>\r\n\r\n\t\t<div class=\"slideshow_pagination\" style=\"display: none;\" data-go-to-text=\"V\u00e9s a la diapositiva\"><div class=\"slideshow_pagination_center\"><\/div><\/div>\r\n\r\n\t\t<!-- WordPress Slideshow Version 2.3.1 -->\r\n\r\n\t\t\t<\/div>\r\n\r\n\n<p>&nbsp;<\/p>\n<p>Ja fa uns quants anys que l&#8217;escola t\u00e9 un hort escolar dins el recinte. L&#8217;hort ha estat i ser\u00e0 un eina molt \u00fatil per tal de treballar molts dels continguts de l&#8217;\u00e0rea de coneixement del medi natural que han de saber els alumnes abans de deixar l&#8217;escola.<\/p>\n<p><strong>El funcionament \u00e9s simple.<\/strong><\/p>\n<ul>\n<li>El tros est\u00e0 dividit en 8 bancals. Un bancal \u00e9s una parcel\u00b7la de terra per a cultivar hortalisses.<\/li>\n<li>Cada curs t\u00e9 un bancal assignat. S&#8217;encarreguen de plantar o sembrar, regar, cuidar, mantenir i collir l&#8217;hortalissa triada.<\/li>\n<li>Segons els anys i l&#8217;hortalissa, es fa una o dues plantades al llarg del curs.<\/li>\n<\/ul>\n<p><strong>Qu\u00e8 s&#8217;hi apr\u00e8n a l&#8217;hort?<\/strong><\/p>\n<ul>\n<li>El vocabulari b\u00e0sic de l&#8217;hort i la feina del pag\u00e8s.<\/li>\n<li>El proc\u00e9s que segueix una hortalissa dins l&#8217;hort.<\/li>\n<li>Flora i fauna associada a l&#8217;hort (animals beneficiosos i perjudicials, plagues, fongs&#8230;)<\/li>\n<li>L&#8217;\u00fas correcte d&#8217;eines i el reg adequat a cada cas.<\/li>\n<li>Les hortalisses i les tasques de l&#8217;hort per cada estaci\u00f3 de l&#8217;any.<\/li>\n<\/ul>\n<p><strong>&gt;&gt; <a href=\"http:\/\/agora.xtec.cat\/escolajaumebalmes\/tag\/hort\/\">AQU\u00cd PODEU VEURE ALGUNES ACTIVITATS DEL PROJECTE DE L&#8217;HORT<\/a>\u00a0 &lt;&lt;<\/strong><\/p>\n","protected":false},"excerpt":{"rendered":"<p>&nbsp; Ja fa uns quants anys que l&#8217;escola t\u00e9 un hort escolar dins el recinte. L&#8217;hort ha estat i ser\u00e0 un eina molt \u00fatil per tal de treballar molts dels continguts de l&#8217;\u00e0rea de coneixement del medi natural que han de saber els alumnes abans de deixar l&#8217;escola. El funcionament \u00e9s simple. El tros est\u00e0 [&hellip;]<\/p>\n","protected":false},"author":1,"featured_media":0,"parent":64,"menu_order":0,"comment_status":"closed","ping_status":"closed","template":"","meta":{"_bbp_topic_count":0,"_bbp_reply_count":0,"_bbp_total_topic_count":0,"_bbp_total_reply_count":0,"_bbp_voice_count":0,"_bbp_anonymous_reply_count":0,"_bbp_topic_count_hidden":0,"_bbp_reply_count_hidden":0,"_bbp_forum_subforum_count":0,"site-sidebar-layout":"default","site-content-layout":"","ast-site-content-layout":"","site-content-style":"default","site-sidebar-style":"default","ast-global-header-display":"","ast-banner-title-visibility":"","ast-main-header-display":"","ast-hfb-above-header-display":"","ast-hfb-below-header-display":"","ast-hfb-mobile-header-display":"","site-post-title":"","ast-breadcrumbs-content":"","ast-featured-img":"","footer-sml-layout":"","theme-transparent-header-meta":"","adv-header-id-meta":"","stick-header-meta":"","header-above-stick-meta":"","header-main-stick-meta":"","header-below-stick-meta":"","astra-migrate-meta-layouts":"default","ast-page-background-enabled":"default","ast-page-background-meta":{"desktop":{"background-color":"var(--ast-global-color-4)","background-image":"","background-repeat":"repeat","background-position":"center center","background-size":"auto","background-attachment":"scroll","background-type":"","background-media":"","overlay-type":"","overlay-color":"","overlay-opacity":"","overlay-gradient":""},"tablet":{"background-color":"","background-image":"","background-repeat":"repeat","background-position":"center center","background-size":"auto","background-attachment":"scroll","background-type":"","background-media":"","overlay-type":"","overlay-color":"","overlay-opacity":"","overlay-gradient":""},"mobile":{"background-color":"","background-image":"","background-repeat":"repeat","background-position":"center center","background-size":"auto","background-attachment":"scroll","background-type":"","background-media":"","overlay-type":"","overlay-color":"","overlay-opacity":"","overlay-gradient":""}},"ast-content-background-meta":{"desktop":{"background-color":"var(--ast-global-color-5)","background-image":"","background-repeat":"repeat","background-position":"center center","background-size":"auto","background-attachment":"scroll","background-type":"","background-media":"","overlay-type":"","overlay-color":"","overlay-opacity":"","overlay-gradient":""},"tablet":{"background-color":"var(--ast-global-color-5)","background-image":"","background-repeat":"repeat","background-position":"center center","background-size":"auto","background-attachment":"scroll","background-type":"","background-media":"","overlay-type":"","overlay-color":"","overlay-opacity":"","overlay-gradient":""},"mobile":{"background-color":"var(--ast-global-color-5)","background-image":"","background-repeat":"repeat","background-position":"center center","background-size":"auto","background-attachment":"scroll","background-type":"","background-media":"","overlay-type":"","overlay-color":"","overlay-opacity":"","overlay-gradient":""}},"footnotes":""},"class_list":["post-204","page","type-page","status-publish","hentry"],"post_mailing_queue_ids":[],"_links":{"self":[{"href":"https:\/\/agora.xtec.cat\/escolajaumebalmes\/wp-json\/wp\/v2\/pages\/204","targetHints":{"allow":["GET"]}}],"collection":[{"href":"https:\/\/agora.xtec.cat\/escolajaumebalmes\/wp-json\/wp\/v2\/pages"}],"about":[{"href":"https:\/\/agora.xtec.cat\/escolajaumebalmes\/wp-json\/wp\/v2\/types\/page"}],"author":[{"embeddable":true,"href":"https:\/\/agora.xtec.cat\/escolajaumebalmes\/wp-json\/wp\/v2\/users\/1"}],"replies":[{"embeddable":true,"href":"https:\/\/agora.xtec.cat\/escolajaumebalmes\/wp-json\/wp\/v2\/comments?post=204"}],"version-history":[{"count":4,"href":"https:\/\/agora.xtec.cat\/escolajaumebalmes\/wp-json\/wp\/v2\/pages\/204\/revisions"}],"predecessor-version":[{"id":4009,"href":"https:\/\/agora.xtec.cat\/escolajaumebalmes\/wp-json\/wp\/v2\/pages\/204\/revisions\/4009"}],"up":[{"embeddable":true,"href":"https:\/\/agora.xtec.cat\/escolajaumebalmes\/wp-json\/wp\/v2\/pages\/64"}],"wp:attachment":[{"href":"https:\/\/agora.xtec.cat\/escolajaumebalmes\/wp-json\/wp\/v2\/media?parent=204"}],"curies":[{"name":"wp","href":"https:\/\/api.w.org\/{rel}","templated":true}]}}