{"id":28,"date":"2014-09-18T12:29:35","date_gmt":"2014-09-18T12:29:35","guid":{"rendered":"http:\/\/agora.xtec.cat\/escolajacintverdaguer\/?page_id=28"},"modified":"2017-07-12T22:57:14","modified_gmt":"2017-07-12T20:57:14","slug":"consell-escolar","status":"publish","type":"page","link":"https:\/\/agora.xtec.cat\/escolajacintverdaguer\/lescola\/consell-escolar\/","title":{"rendered":"Consell escolar"},"content":{"rendered":"<h6 class=\"western\"><\/h6>\n<p>El Consell Escolar es reuneix de manera ordin\u00e0ria un cop per trimestre.<\/p>\n<p><span style=\"color: #222222;\"><span style=\"font-family: Arial, sans-serif;\"><span style=\"font-size: medium;\">Les funcions del Consell Escolar s\u00f3n:<\/span><\/span><\/span><\/p>\n<p align=\"justify\"><span style=\"color: #222222;\"><span style=\"font-family: Arial, sans-serif;\"><span style=\"font-size: medium;\">a. Aprovar i avaluar els projectes i les normes a qu\u00e8 es refereix el cap\u00edtol II del t\u00edtol V de la LOE (autonomia de centres).<\/span><\/span><\/span><\/p>\n<p align=\"justify\"><span style=\"color: #222222;\"><span style=\"font-family: Arial, sans-serif;\"><span style=\"font-size: medium;\">b. Aprovar i avaluar la programaci\u00f3 general anual del centre sense perjudici de les compet\u00e8ncies del claustre de professors, en relaci\u00f3 amb la planificaci\u00f3 i organitzaci\u00f3 docent.<\/span><\/span><\/span><\/p>\n<p align=\"justify\"><span style=\"color: #222222;\"><span style=\"font-family: Arial, sans-serif;\"><span style=\"font-size: medium;\">c. Con\u00e8ixer les candidatures a la direcci\u00f3 i els projectes de direcci\u00f3 presentats pels candidats.<\/span><\/span><\/span><\/p>\n<p align=\"justify\"><span style=\"color: #222222;\"><span style=\"font-family: Arial, sans-serif;\"><span style=\"font-size: medium;\">d. Participar en la selecci\u00f3 del director del centre en els termes que estableix la LOE. Ser informat del nomenament i el cessament dels altres membres de l\u2019equip directiu. Si s\u2019escau, amb l\u2019acord previ dels seus membres, adoptat per majoria de dos ter\u00e7os, proposar la revocaci\u00f3 del director.<\/span><\/span><\/span><\/p>\n<p align=\"justify\"><span style=\"color: #222222;\"><span style=\"font-family: Arial, sans-serif;\"><span style=\"font-size: medium;\">e. Decidir sobre l\u2019admissi\u00f3 d\u2019alumnes amb subjecci\u00f3 al que estableix la LOE i les disposicions que la despleguin.<\/span><\/span><\/span><\/p>\n<p align=\"justify\"><span style=\"color: #222222;\"><span style=\"font-family: Arial, sans-serif;\"><span style=\"font-size: medium;\">f. Con\u00e8ixer la resoluci\u00f3 de conflictes disciplinaris i vetllar perqu\u00e8 s\u2019atinguin a la normativa vigent. Quan les mesures disciplin\u00e0ries adoptades pel director corresponguin a conductes de l\u2019alumnat que perjudiquin greument la conviv\u00e8ncia del centre, el Consell Escolar, a inst\u00e0ncies de pares o tutors, pot revisar la decisi\u00f3 adoptada i proposar-hi, si s\u2019escau, les mesures oportunes.<\/span><\/span><\/span><\/p>\n<p align=\"justify\"><span style=\"color: #222222;\"><span style=\"font-family: Arial, sans-serif;\"><span style=\"font-size: medium;\">g. Proposar mesures i iniciatives que afavoreixin la conviv\u00e8ncia del centre, la igualtat entre homes i dones i la resoluci\u00f3 pac\u00edfica de conflictes en tots els \u00e0mbits de la vida personal, familiar i social.<\/span><\/span><\/span><\/p>\n<p align=\"justify\"><span style=\"color: #222222;\"><span style=\"font-family: Arial, sans-serif;\"><span style=\"font-size: medium;\">h. Promoure la conservaci\u00f3 i renovaci\u00f3 de les instal\u00b7lacions i equip escolar i aprovar l\u2019obtenci\u00f3 de recursos complementaris d\u2019acord amb el que estableix l\u2019article 122.3 de la LOE.<\/span><\/span><\/span><\/p>\n<p align=\"justify\"><span style=\"color: #222222;\"><span style=\"font-family: Arial, sans-serif;\"><span style=\"font-size: medium;\">i. Fixar les directrius per a la col\u00b7laboraci\u00f3, amb fins educatius i culturals, amb les administracions locals, amb els altres centres, entitats i organismes.<\/span><\/span><\/span><\/p>\n<p align=\"justify\"><span style=\"color: #222222;\"><span style=\"font-family: Arial, sans-serif;\"><span style=\"font-size: medium;\">j. Analitzar i valorar el funcionament general del centre, l\u2019evoluci\u00f3 del rendiment escolar i els resultats de les avaluacions internes i externes en que participi el centre.<\/span><\/span><\/span><\/p>\n<p align=\"justify\"><span style=\"color: #222222;\"><span style=\"font-family: Arial, sans-serif;\"><span style=\"font-size: medium;\">k. Elaborar propostes i informes, a iniciativa pr\u00f2pia o a petici\u00f3 de l\u2019Administraci\u00f3 competent, sobre el funcionament del centre i la millora de la qualitat de la gesti\u00f3, sobre els altres aspectes relacionats amb aquesta qualitat.<\/span><\/span><\/span><\/p>\n<p align=\"justify\"><span style=\"color: #222222;\"><span style=\"font-family: Arial, sans-serif;\"><span style=\"font-size: medium;\">l. Qualsevol altra que li atribueixin l\u2019Administraci\u00f3 educativa o les normes d\u2019organitzaci\u00f3 i funcionament respectives.<\/span><\/span><\/span><\/p>\n<p><span style=\"font-size: medium;\"><span style=\"color: #222222;\"><span style=\"font-family: Arial, sans-serif;\">El Consell Escolar participa en les seg\u00fcents comissions de l\u2019escola:<\/span><\/span><\/span><\/p>\n<p><span style=\"font-size: medium;\"><span style=\"color: #222222;\"><span style=\"font-family: Arial, sans-serif;\">COMISSI\u00d3 DE MENJADOR<\/span><\/span><\/span><\/p>\n<p><span style=\"font-size: medium;\"><span style=\"color: #222222;\"><span style=\"font-family: Arial, sans-serif;\">Es reuneix de manera ordin\u00e0ria dos cops l&#8217;any.<\/span><\/span><\/span><\/p>\n<p><span style=\"font-size: medium;\"><span style=\"color: #222222;\"><span style=\"font-family: Arial, sans-serif;\">COMISSI\u00d3 PERMANENT<\/span><\/span><\/span><\/p>\n<p><span style=\"font-size: medium;\"><span style=\"color: #222222;\"><span style=\"font-family: Arial, sans-serif;\">La Comissi\u00f3 Permanent es reuneix de manera extraordin\u00e0ria sempre que sigui necessari.<\/span><\/span><\/span><\/p>\n<p align=\"justify\"><span style=\"font-size: medium;\"><span style=\"color: #222222;\"><span style=\"font-family: Arial, sans-serif;\">COMISSI\u00d3 ECON\u00d2MICA<\/span><\/span><\/span><\/p>\n<p align=\"justify\"><span style=\"color: #222222;\"><span style=\"font-family: Arial, sans-serif;\"><span style=\"font-size: medium;\">Es reuneix a principi d&#8217;any i peri\u00f2dicament si cal revisar l&#8217;estat de comptes.<\/span><\/span><\/span><\/p>\n<p align=\"justify\"><span style=\"color: #222222;\"><span style=\"font-family: Arial, sans-serif;\"><span style=\"font-size: medium;\">COMISSI\u00d3 DE CONVIV\u00c8NCIA<\/span><\/span><\/span><\/p>\n<p align=\"justify\"><span style=\"color: #222222;\"><span style=\"font-family: Arial, sans-serif;\"><span style=\"font-size: medium;\">La Comissi\u00f3 de conviv\u00e8ncia es reuneix de manera extraordin\u00e0ria sempre que sigui necessari.<\/span><\/span><\/span><\/p>\n<p align=\"justify\"><span style=\"color: #222222;\"><span style=\"font-family: Arial, sans-serif;\"><span style=\"font-size: medium;\">COMISSI\u00d3 DE LLIBRES DE TEXT<\/span><\/span><\/span><\/p>\n<p align=\"justify\"><span style=\"color: #222222;\"><span style=\"font-family: Arial, sans-serif;\"><span style=\"font-size: medium;\">Es reuneix de manera ordin\u00e0ria dos cops l&#8217;any.<\/span><\/span><\/span><\/p>\n","protected":false},"excerpt":{"rendered":"<p>El Consell Escolar es reuneix de manera ordin\u00e0ria un cop per trimestre.<br \/>\nLes funcions del Consell Escolar s\u00f3n:<br \/>\na. Aprovar i avaluar els projectes i les normes a qu\u00e8 es refereix el cap\u00edtol II del t\u00edtol V de la LOE (autonomia de centres).<br \/>\nb. Aprovar i avaluar la&hellip;  <a href=\"https:\/\/agora.xtec.cat\/escolajacintverdaguer\/lescola\/consell-escolar\/\" title=\"Read Consell escolar\">Llegeix m\u00e9s\u00bb<\/a><\/p>\n","protected":false},"author":2,"featured_media":0,"parent":22,"menu_order":30,"comment_status":"closed","ping_status":"closed","template":"page-templates\/side-menu.php","meta":{"_bbp_topic_count":0,"_bbp_reply_count":0,"_bbp_total_topic_count":0,"_bbp_total_reply_count":0,"_bbp_voice_count":0,"_bbp_anonymous_reply_count":0,"_bbp_topic_count_hidden":0,"_bbp_reply_count_hidden":0,"_bbp_forum_subforum_count":0,"footnotes":""},"class_list":["post-28","page","type-page","status-publish","hentry"],"post_mailing_queue_ids":[],"_links":{"self":[{"href":"https:\/\/agora.xtec.cat\/escolajacintverdaguer\/wp-json\/wp\/v2\/pages\/28","targetHints":{"allow":["GET"]}}],"collection":[{"href":"https:\/\/agora.xtec.cat\/escolajacintverdaguer\/wp-json\/wp\/v2\/pages"}],"about":[{"href":"https:\/\/agora.xtec.cat\/escolajacintverdaguer\/wp-json\/wp\/v2\/types\/page"}],"author":[{"embeddable":true,"href":"https:\/\/agora.xtec.cat\/escolajacintverdaguer\/wp-json\/wp\/v2\/users\/2"}],"replies":[{"embeddable":true,"href":"https:\/\/agora.xtec.cat\/escolajacintverdaguer\/wp-json\/wp\/v2\/comments?post=28"}],"version-history":[{"count":3,"href":"https:\/\/agora.xtec.cat\/escolajacintverdaguer\/wp-json\/wp\/v2\/pages\/28\/revisions"}],"predecessor-version":[{"id":246,"href":"https:\/\/agora.xtec.cat\/escolajacintverdaguer\/wp-json\/wp\/v2\/pages\/28\/revisions\/246"}],"up":[{"embeddable":true,"href":"https:\/\/agora.xtec.cat\/escolajacintverdaguer\/wp-json\/wp\/v2\/pages\/22"}],"wp:attachment":[{"href":"https:\/\/agora.xtec.cat\/escolajacintverdaguer\/wp-json\/wp\/v2\/media?parent=28"}],"curies":[{"name":"wp","href":"https:\/\/api.w.org\/{rel}","templated":true}]}}