{"id":664,"date":"2017-07-11T12:03:20","date_gmt":"2017-07-11T10:03:20","guid":{"rendered":"http:\/\/agora.xtec.cat\/ceipcharlierivel\/?page_id=664"},"modified":"2024-10-02T13:11:53","modified_gmt":"2024-10-02T11:11:53","slug":"menjador","status":"publish","type":"page","link":"https:\/\/agora.xtec.cat\/escolajacharlierivel\/serveis\/menjador\/","title":{"rendered":"Menjador"},"content":{"rendered":"<p style=\"text-align: justify;\">Disposem d\u2019un servei de menjador escolar amb cuina al mateix centre. Aquest servei \u00e9s gestionat per l\u2019AFA de l\u2019escola.<\/p>\n<p style=\"text-align: justify;\">Si voleu gaudir d\u2019aquest servei de manera continuada, \u00e9s imprescindible que les fam\u00edlies us adreceu a l\u2019oficina de l\u2019AFA per tal d\u2019emplenar la inscripci\u00f3 del menjador.<\/p>\n<p style=\"text-align: justify;\">El pagament dels imports dels rebuts es far\u00e0 per avan\u00e7at la primera setmana de cada mes mitjan\u00e7ant l\u2019aplicatiu del dinantia.<\/p>\n<p style=\"text-align: justify;\">En cas d\u2019abs\u00e8ncia al menjador es descomptar\u00e0 una part de l\u2019import, sempre que s\u2019hagi avisat l\u2019abs\u00e8ncia abans de les 10:30 h del mat\u00ed. La devoluci\u00f3 es far\u00e0 trimestralment . Depenent de l\u2019import es far\u00e0 la devoluci\u00f3 en efectiu o per transfer\u00e8ncia banc\u00e0ria.<\/p>\n<p style=\"text-align: justify;\">Per fer \u00fas del servei de menjador \u00e9s necessari estar al corrent del pagament.<\/p>\n<p style=\"text-align: justify;\">Per fer \u00fas del servei de forma eventual, podeu passar per l\u2019oficina de l\u2019AFA o avisant enviant un dinantia. Es podr\u00e0 pagar a l\u2019oficina en efectiu o targeta o us podem enviar per fer el pagament per l\u2019aplicatiu.<\/p>\n<p>Per a m\u00e9s informaci\u00f3:<\/p>\n<p><strong>AFA ESCOLA JOSEP ANDREU CHARLIE RIVEL<\/strong><br \/>\nPasseig Vilanova, 35, 08880, Cubelles<br \/>\nTel\u00e8fon: 663787719<br \/>\nAdre\u00e7a electr\u00f2nica: aampacharlierivel@gmail.com<br \/>\nHorari d\u2019atenci\u00f3: De dilluns a divendres, de 08:30 h a 10:30 h<\/p>\n<p>&nbsp;<\/p>\n","protected":false},"excerpt":{"rendered":"<p>Disposem d\u2019un servei de menjador escolar amb cuina al mateix centre. Aquest servei \u00e9s gestionat per l\u2019AFA de l\u2019escola. Si voleu gaudir d\u2019aquest servei de manera continuada, \u00e9s imprescindible que les fam\u00edlies us adreceu a l\u2019oficina de l\u2019AFA per tal d\u2019emplenar la inscripci\u00f3 del menjador. El pagament dels imports dels rebuts es far\u00e0 per avan\u00e7at [&hellip;]<\/p>\n","protected":false},"author":1,"featured_media":0,"parent":660,"menu_order":0,"comment_status":"closed","ping_status":"closed","template":"","meta":{"_bbp_topic_count":0,"_bbp_reply_count":0,"_bbp_total_topic_count":0,"_bbp_total_reply_count":0,"_bbp_voice_count":0,"_bbp_anonymous_reply_count":0,"_bbp_topic_count_hidden":0,"_bbp_reply_count_hidden":0,"_bbp_forum_subforum_count":0,"site-sidebar-layout":"default","site-content-layout":"","ast-site-content-layout":"","site-content-style":"default","site-sidebar-style":"default","ast-global-header-display":"","ast-banner-title-visibility":"","ast-main-header-display":"","ast-hfb-above-header-display":"","ast-hfb-below-header-display":"","ast-hfb-mobile-header-display":"","site-post-title":"","ast-breadcrumbs-content":"","ast-featured-img":"","footer-sml-layout":"","theme-transparent-header-meta":"","adv-header-id-meta":"","stick-header-meta":"","header-above-stick-meta":"","header-main-stick-meta":"","header-below-stick-meta":"","astra-migrate-meta-layouts":"default","ast-page-background-enabled":"default","ast-page-background-meta":{"desktop":{"background-color":"var(--ast-global-color-4)","background-image":"","background-repeat":"repeat","background-position":"center center","background-size":"auto","background-attachment":"scroll","background-type":"","background-media":"","overlay-type":"","overlay-color":"","overlay-opacity":"","overlay-gradient":""},"tablet":{"background-color":"","background-image":"","background-repeat":"repeat","background-position":"center center","background-size":"auto","background-attachment":"scroll","background-type":"","background-media":"","overlay-type":"","overlay-color":"","overlay-opacity":"","overlay-gradient":""},"mobile":{"background-color":"","background-image":"","background-repeat":"repeat","background-position":"center center","background-size":"auto","background-attachment":"scroll","background-type":"","background-media":"","overlay-type":"","overlay-color":"","overlay-opacity":"","overlay-gradient":""}},"ast-content-background-meta":{"desktop":{"background-color":"var(--ast-global-color-5)","background-image":"","background-repeat":"repeat","background-position":"center center","background-size":"auto","background-attachment":"scroll","background-type":"","background-media":"","overlay-type":"","overlay-color":"","overlay-opacity":"","overlay-gradient":""},"tablet":{"background-color":"var(--ast-global-color-5)","background-image":"","background-repeat":"repeat","background-position":"center center","background-size":"auto","background-attachment":"scroll","background-type":"","background-media":"","overlay-type":"","overlay-color":"","overlay-opacity":"","overlay-gradient":""},"mobile":{"background-color":"var(--ast-global-color-5)","background-image":"","background-repeat":"repeat","background-position":"center center","background-size":"auto","background-attachment":"scroll","background-type":"","background-media":"","overlay-type":"","overlay-color":"","overlay-opacity":"","overlay-gradient":""}},"footnotes":""},"class_list":["post-664","page","type-page","status-publish","hentry"],"post_mailing_queue_ids":[],"_links":{"self":[{"href":"https:\/\/agora.xtec.cat\/escolajacharlierivel\/wp-json\/wp\/v2\/pages\/664","targetHints":{"allow":["GET"]}}],"collection":[{"href":"https:\/\/agora.xtec.cat\/escolajacharlierivel\/wp-json\/wp\/v2\/pages"}],"about":[{"href":"https:\/\/agora.xtec.cat\/escolajacharlierivel\/wp-json\/wp\/v2\/types\/page"}],"author":[{"embeddable":true,"href":"https:\/\/agora.xtec.cat\/escolajacharlierivel\/wp-json\/wp\/v2\/users\/1"}],"replies":[{"embeddable":true,"href":"https:\/\/agora.xtec.cat\/escolajacharlierivel\/wp-json\/wp\/v2\/comments?post=664"}],"version-history":[{"count":6,"href":"https:\/\/agora.xtec.cat\/escolajacharlierivel\/wp-json\/wp\/v2\/pages\/664\/revisions"}],"predecessor-version":[{"id":2817,"href":"https:\/\/agora.xtec.cat\/escolajacharlierivel\/wp-json\/wp\/v2\/pages\/664\/revisions\/2817"}],"up":[{"embeddable":true,"href":"https:\/\/agora.xtec.cat\/escolajacharlierivel\/wp-json\/wp\/v2\/pages\/660"}],"wp:attachment":[{"href":"https:\/\/agora.xtec.cat\/escolajacharlierivel\/wp-json\/wp\/v2\/media?parent=664"}],"curies":[{"name":"wp","href":"https:\/\/api.w.org\/{rel}","templated":true}]}}