{"id":648,"date":"2017-07-11T11:02:11","date_gmt":"2017-07-11T09:02:11","guid":{"rendered":"http:\/\/agora.xtec.cat\/ceipcharlierivel\/?page_id=648"},"modified":"2026-03-27T10:01:50","modified_gmt":"2026-03-27T09:01:50","slug":"dutilitat","status":"publish","type":"page","link":"https:\/\/agora.xtec.cat\/escolajacharlierivel\/dutilitat\/","title":{"rendered":"D&#8217;utilitat"},"content":{"rendered":"\n<p>&nbsp;<\/p>\n\n\n\n<p><\/p>\n\n\n\n<div class=\"wp-block-columns is-layout-flex wp-container-core-columns-is-layout-4 wp-block-columns-is-layout-flex\">\n<div class=\"wp-block-column is-layout-flow wp-block-column-is-layout-flow\">\n<div class=\"wp-block-columns is-layout-flex wp-container-core-columns-is-layout-1 wp-block-columns-is-layout-flex\">\n<div class=\"wp-block-column is-layout-flow wp-block-column-is-layout-flow\">\n<figure class=\"wp-block-image size-full\"><a href=\"https:\/\/agora.xtec.cat\/escolajacharlierivel\/dutilitat\/aportacions-families\/\" target=\"_blank\" rel=\" noreferrer noopener\"><img loading=\"lazy\" decoding=\"async\" width=\"512\" height=\"512\" src=\"https:\/\/agora.xtec.cat\/escolajacharlierivel\/wp-content\/uploads\/usu516\/2026\/02\/1511168.png\" alt=\"\" class=\"wp-image-2412\" srcset=\"https:\/\/agora.xtec.cat\/escolajacharlierivel\/wp-content\/uploads\/usu516\/2026\/02\/1511168.png 512w, https:\/\/agora.xtec.cat\/escolajacharlierivel\/wp-content\/uploads\/usu516\/2026\/02\/1511168-300x300.png 300w, https:\/\/agora.xtec.cat\/escolajacharlierivel\/wp-content\/uploads\/usu516\/2026\/02\/1511168-150x150.png 150w\" sizes=\"auto, (max-width: 512px) 100vw, 512px\" \/><\/a><\/figure>\n\n\n\n<p class=\"has-text-align-center\"><a href=\"https:\/\/agora.xtec.cat\/escolajacharlierivel\/dutilitat\/aportacions-families\/\" target=\"_blank\" rel=\"noreferrer noopener\">Aportacions families<\/a><\/p>\n<\/div>\n\n\n\n<div class=\"wp-block-column is-layout-flow wp-block-column-is-layout-flow\">\n<figure class=\"wp-block-image size-full\"><a href=\"https:\/\/agora.xtec.cat\/escolajacharlierivel\/dutilitat\/calendari\/\" target=\"_blank\" rel=\" noreferrer noopener\"><img loading=\"lazy\" decoding=\"async\" width=\"512\" height=\"512\" src=\"https:\/\/agora.xtec.cat\/escolajacharlierivel\/wp-content\/uploads\/usu516\/2026\/02\/calendar_icon_192645.webp\" alt=\"\" class=\"wp-image-2413\" srcset=\"https:\/\/agora.xtec.cat\/escolajacharlierivel\/wp-content\/uploads\/usu516\/2026\/02\/calendar_icon_192645.webp 512w, https:\/\/agora.xtec.cat\/escolajacharlierivel\/wp-content\/uploads\/usu516\/2026\/02\/calendar_icon_192645-300x300.webp 300w, https:\/\/agora.xtec.cat\/escolajacharlierivel\/wp-content\/uploads\/usu516\/2026\/02\/calendar_icon_192645-150x150.webp 150w\" sizes=\"auto, (max-width: 512px) 100vw, 512px\" \/><\/a><\/figure>\n\n\n\n<p class=\"has-text-align-center\"><a href=\"https:\/\/agora.xtec.cat\/escolajacharlierivel\/dutilitat\/calendari\/\" target=\"_blank\" rel=\"noreferrer noopener\">Calendari<\/a><\/p>\n<\/div>\n<\/div>\n<\/div>\n\n\n\n<div class=\"wp-block-column is-layout-flow wp-block-column-is-layout-flow\">\n<div class=\"wp-block-columns is-layout-flex wp-container-core-columns-is-layout-3 wp-block-columns-is-layout-flex\">\n<div class=\"wp-block-column is-layout-flow wp-block-column-is-layout-flow\">\n<div class=\"wp-block-columns is-layout-flex wp-container-core-columns-is-layout-2 wp-block-columns-is-layout-flex\">\n<div class=\"wp-block-column is-layout-flow wp-block-column-is-layout-flow\">\n<figure class=\"wp-block-image size-full\"><a href=\"https:\/\/agora.xtec.cat\/escolajacharlierivel\/dutilitat\/autoritzacions\/\" target=\"_blank\" rel=\" noreferrer noopener\"><img loading=\"lazy\" decoding=\"async\" width=\"512\" height=\"512\" src=\"https:\/\/agora.xtec.cat\/escolajacharlierivel\/wp-content\/uploads\/usu516\/2026\/02\/4924714.png\" alt=\"\" class=\"wp-image-2414\" srcset=\"https:\/\/agora.xtec.cat\/escolajacharlierivel\/wp-content\/uploads\/usu516\/2026\/02\/4924714.png 512w, https:\/\/agora.xtec.cat\/escolajacharlierivel\/wp-content\/uploads\/usu516\/2026\/02\/4924714-300x300.png 300w, https:\/\/agora.xtec.cat\/escolajacharlierivel\/wp-content\/uploads\/usu516\/2026\/02\/4924714-150x150.png 150w\" sizes=\"auto, (max-width: 512px) 100vw, 512px\" \/><\/a><\/figure>\n\n\n\n<p class=\"has-text-align-center\"><a href=\"https:\/\/agora.xtec.cat\/escolajacharlierivel\/dutilitat\/autoritzacions\/\" target=\"_blank\" rel=\"noreferrer noopener\">Autoritzacions<\/a><\/p>\n<\/div>\n\n\n\n<div class=\"wp-block-column is-layout-flow wp-block-column-is-layout-flow\">\n<figure class=\"wp-block-image size-full\"><a href=\"https:\/\/agora.xtec.cat\/escolajacharlierivel\/estrategia-digital-de-centre\/\" target=\"_blank\" rel=\" noreferrer noopener\"><img loading=\"lazy\" decoding=\"async\" width=\"512\" height=\"512\" src=\"https:\/\/agora.xtec.cat\/escolajacharlierivel\/wp-content\/uploads\/usu516\/2026\/02\/3107920.png\" alt=\"\" class=\"wp-image-2416\" srcset=\"https:\/\/agora.xtec.cat\/escolajacharlierivel\/wp-content\/uploads\/usu516\/2026\/02\/3107920.png 512w, https:\/\/agora.xtec.cat\/escolajacharlierivel\/wp-content\/uploads\/usu516\/2026\/02\/3107920-300x300.png 300w, https:\/\/agora.xtec.cat\/escolajacharlierivel\/wp-content\/uploads\/usu516\/2026\/02\/3107920-150x150.png 150w\" sizes=\"auto, (max-width: 512px) 100vw, 512px\" \/><\/a><\/figure>\n\n\n\n<p class=\"has-text-align-center\">&nbsp;<a href=\"https:\/\/agora.xtec.cat\/escolajacharlierivel\/estrategia-digital-de-centre\/\" target=\"_blank\" rel=\"noreferrer noopener\">Estrategia digital<\/a><\/p>\n<\/div>\n<\/div>\n<\/div>\n<\/div>\n<\/div>\n<\/div>\n\n\n\n<p>&nbsp;<\/p>\n\n\n\n<p><\/p>\n\n\n\n<p><\/p>\n\n\n\n<p>&nbsp;<\/p>\n\n\n\n<div class=\"wp-block-columns is-layout-flex wp-container-core-columns-is-layout-7 wp-block-columns-is-layout-flex\">\n<div class=\"wp-block-column is-layout-flow wp-block-column-is-layout-flow\">\n<div class=\"wp-block-columns is-layout-flex wp-container-core-columns-is-layout-5 wp-block-columns-is-layout-flex\">\n<div class=\"wp-block-column is-layout-flow wp-block-column-is-layout-flow\">\n<figure class=\"wp-block-image size-full\"><a href=\"https:\/\/agora.xtec.cat\/escolajacharlierivel\/dutilitat\/material-escolar\/\" target=\"_blank\" rel=\" noreferrer noopener\"><img loading=\"lazy\" decoding=\"async\" width=\"512\" height=\"512\" src=\"https:\/\/agora.xtec.cat\/escolajacharlierivel\/wp-content\/uploads\/usu516\/2026\/02\/1470432.png\" alt=\"\" class=\"wp-image-2418\" srcset=\"https:\/\/agora.xtec.cat\/escolajacharlierivel\/wp-content\/uploads\/usu516\/2026\/02\/1470432.png 512w, https:\/\/agora.xtec.cat\/escolajacharlierivel\/wp-content\/uploads\/usu516\/2026\/02\/1470432-300x300.png 300w, https:\/\/agora.xtec.cat\/escolajacharlierivel\/wp-content\/uploads\/usu516\/2026\/02\/1470432-150x150.png 150w\" sizes=\"auto, (max-width: 512px) 100vw, 512px\" \/><\/a><\/figure>\n\n\n\n<p class=\"has-text-align-center\"><a href=\"https:\/\/agora.xtec.cat\/escolajacharlierivel\/dutilitat\/material-escolar\/\" target=\"_blank\" rel=\"noreferrer noopener\">Material<\/a><\/p>\n<\/div>\n\n\n\n<div class=\"wp-block-column is-layout-flow wp-block-column-is-layout-flow\">\n<figure class=\"wp-block-image size-full\"><a href=\"https:\/\/agora.xtec.cat\/escolajacharlierivel\/dutilitat\/llibres\/\" target=\"_blank\" rel=\" noreferrer noopener\"><img loading=\"lazy\" decoding=\"async\" width=\"512\" height=\"512\" src=\"https:\/\/agora.xtec.cat\/escolajacharlierivel\/wp-content\/uploads\/usu516\/2026\/02\/3532127.png\" alt=\"\" class=\"wp-image-2417\" srcset=\"https:\/\/agora.xtec.cat\/escolajacharlierivel\/wp-content\/uploads\/usu516\/2026\/02\/3532127.png 512w, https:\/\/agora.xtec.cat\/escolajacharlierivel\/wp-content\/uploads\/usu516\/2026\/02\/3532127-300x300.png 300w, https:\/\/agora.xtec.cat\/escolajacharlierivel\/wp-content\/uploads\/usu516\/2026\/02\/3532127-150x150.png 150w\" sizes=\"auto, (max-width: 512px) 100vw, 512px\" \/><\/a><\/figure>\n\n\n\n<p class=\"has-text-align-center\">&nbsp;<a href=\"https:\/\/agora.xtec.cat\/escolajacharlierivel\/dutilitat\/llibres\/\" target=\"_blank\" rel=\"noreferrer noopener\">Llibres<\/a><\/p>\n<\/div>\n<\/div>\n<\/div>\n\n\n\n<div class=\"wp-block-column is-layout-flow wp-block-column-is-layout-flow\">\n<div class=\"wp-block-columns is-layout-flex wp-container-core-columns-is-layout-6 wp-block-columns-is-layout-flex\">\n<div class=\"wp-block-column is-layout-flow wp-block-column-is-layout-flow\">\n<figure class=\"wp-block-image size-full\"><a href=\"https:\/\/agora.xtec.cat\/escolajacharlierivel\/dutilitat\/documents-utils\/\" target=\"_blank\" rel=\" noreferrer noopener\"><img loading=\"lazy\" decoding=\"async\" width=\"512\" height=\"512\" src=\"https:\/\/agora.xtec.cat\/escolajacharlierivel\/wp-content\/uploads\/usu516\/2026\/02\/15175641.png\" alt=\"\" class=\"wp-image-2419\" srcset=\"https:\/\/agora.xtec.cat\/escolajacharlierivel\/wp-content\/uploads\/usu516\/2026\/02\/15175641.png 512w, https:\/\/agora.xtec.cat\/escolajacharlierivel\/wp-content\/uploads\/usu516\/2026\/02\/15175641-300x300.png 300w, https:\/\/agora.xtec.cat\/escolajacharlierivel\/wp-content\/uploads\/usu516\/2026\/02\/15175641-150x150.png 150w\" sizes=\"auto, (max-width: 512px) 100vw, 512px\" \/><\/a><\/figure>\n\n\n\n<p class=\"has-text-align-center\"><a href=\"https:\/\/agora.xtec.cat\/escolajacharlierivel\/dutilitat\/documents-utils\/\" target=\"_blank\" rel=\"noreferrer noopener\">Matricula<\/a><\/p>\n<\/div>\n\n\n\n<div class=\"wp-block-column is-layout-flow wp-block-column-is-layout-flow\"><\/div>\n<\/div>\n<\/div>\n<\/div>\n\n\n\n<p>&nbsp;&nbsp;<\/p>\n\n\n\n<p>&nbsp;<\/p>\n\n\n\n<p>&nbsp;<\/p>\n\n\n\n<p>&nbsp;<\/p>\n\n\n\n<p>&nbsp;<\/p>\n\n\n\n<p>&nbsp;<\/p>\n\n\n\n<p>&nbsp;<\/p>\n\n\n\n<p>&nbsp;<\/p>\n\n\n\n<p>&nbsp;<\/p>\n\n\n\n<p>&nbsp;<\/p>\n\n\n\n<p>&nbsp;<\/p>\n\n\n\n<p>&nbsp;<\/p>\n\n\n\n<p>&nbsp;<\/p>\n\n\n\n<p>&nbsp;<\/p>\n\n\n\n<p>&nbsp;<\/p>\n\n\n\n<p>&nbsp;<\/p>\n\n\n\n<p>&nbsp;<\/p>\n\n\n\n<p><a href=\"https:\/\/agora.xtec.cat\/escolajacharlierivel\/dutilitat\/aportacions-families\/\">&#8211; Aportacions fam\u00edlies<\/a><br><a href=\"http:\/\/agora.xtec.cat\/escolajacharlierivel\/dutilitat\/autoritzacions\/\">&#8211; Autoritzacions<\/a><br><a href=\"http:\/\/agora.xtec.cat\/escolajacharlierivel\/dutilitat\/calendari\/\">&#8211; Calendari<\/a><br><a href=\"&quot;https:\/\/agora.xtec.cat\/escolajacharlierivel\/estrategia-digital-de-centre\/\">&#8211; Estrat\u00e8gia digital de centre<\/a><br><a href=\"http:\/\/agora.xtec.cat\/escolajacharlierivel\/dutilitat\/llibres\/\">&#8211; Llibres<\/a><br><a href=\"http:\/\/agora.xtec.cat\/escolajacharlierivel\/dutilitat\/material-escolar\/\" target=\"_blank\" rel=\"noopener noreferrer\">&#8211; Material escolar<\/a><br><a href=\"http:\/\/agora.xtec.cat\/escolajacharlierivel\/dutilitat\/documents-utils\/\">&#8211; Matr\u00edcula<\/a><\/p>\n","protected":false},"excerpt":{"rendered":"<p>&nbsp; Aportacions families Calendari Autoritzacions &nbsp;Estrategia digital &nbsp; &nbsp; Material &nbsp;Llibres Matricula &nbsp;&nbsp; &nbsp; &nbsp; &nbsp; &nbsp; &nbsp; &nbsp; &nbsp; &nbsp; &nbsp; &nbsp; &nbsp; &nbsp; &nbsp; &nbsp; &nbsp; &nbsp; &#8211; Aportacions fam\u00edlies&#8211; Autoritzacions&#8211; Calendari&#8211; Estrat\u00e8gia digital de centre&#8211; Llibres&#8211; Material escolar&#8211; Matr\u00edcula<\/p>\n","protected":false},"author":1,"featured_media":0,"parent":0,"menu_order":0,"comment_status":"closed","ping_status":"closed","template":"","meta":{"_bbp_topic_count":0,"_bbp_reply_count":0,"_bbp_total_topic_count":0,"_bbp_total_reply_count":0,"_bbp_voice_count":0,"_bbp_anonymous_reply_count":0,"_bbp_topic_count_hidden":0,"_bbp_reply_count_hidden":0,"_bbp_forum_subforum_count":0,"site-sidebar-layout":"default","site-content-layout":"","ast-site-content-layout":"default","site-content-style":"default","site-sidebar-style":"default","ast-global-header-display":"","ast-banner-title-visibility":"","ast-main-header-display":"","ast-hfb-above-header-display":"","ast-hfb-below-header-display":"","ast-hfb-mobile-header-display":"","site-post-title":"","ast-breadcrumbs-content":"","ast-featured-img":"","footer-sml-layout":"","theme-transparent-header-meta":"","adv-header-id-meta":"","stick-header-meta":"","header-above-stick-meta":"","header-main-stick-meta":"","header-below-stick-meta":"","astra-migrate-meta-layouts":"set","ast-page-background-enabled":"default","ast-page-background-meta":{"desktop":{"background-color":"var(--ast-global-color-4)","background-image":"","background-repeat":"repeat","background-position":"center center","background-size":"auto","background-attachment":"scroll","background-type":"","background-media":"","overlay-type":"","overlay-color":"","overlay-opacity":"","overlay-gradient":""},"tablet":{"background-color":"","background-image":"","background-repeat":"repeat","background-position":"center center","background-size":"auto","background-attachment":"scroll","background-type":"","background-media":"","overlay-type":"","overlay-color":"","overlay-opacity":"","overlay-gradient":""},"mobile":{"background-color":"","background-image":"","background-repeat":"repeat","background-position":"center center","background-size":"auto","background-attachment":"scroll","background-type":"","background-media":"","overlay-type":"","overlay-color":"","overlay-opacity":"","overlay-gradient":""}},"ast-content-background-meta":{"desktop":{"background-color":"var(--ast-global-color-5)","background-image":"","background-repeat":"repeat","background-position":"center center","background-size":"auto","background-attachment":"scroll","background-type":"","background-media":"","overlay-type":"","overlay-color":"","overlay-opacity":"","overlay-gradient":""},"tablet":{"background-color":"var(--ast-global-color-5)","background-image":"","background-repeat":"repeat","background-position":"center center","background-size":"auto","background-attachment":"scroll","background-type":"","background-media":"","overlay-type":"","overlay-color":"","overlay-opacity":"","overlay-gradient":""},"mobile":{"background-color":"var(--ast-global-color-5)","background-image":"","background-repeat":"repeat","background-position":"center center","background-size":"auto","background-attachment":"scroll","background-type":"","background-media":"","overlay-type":"","overlay-color":"","overlay-opacity":"","overlay-gradient":""}},"footnotes":""},"class_list":["post-648","page","type-page","status-publish","hentry"],"post_mailing_queue_ids":[],"_links":{"self":[{"href":"https:\/\/agora.xtec.cat\/escolajacharlierivel\/wp-json\/wp\/v2\/pages\/648","targetHints":{"allow":["GET"]}}],"collection":[{"href":"https:\/\/agora.xtec.cat\/escolajacharlierivel\/wp-json\/wp\/v2\/pages"}],"about":[{"href":"https:\/\/agora.xtec.cat\/escolajacharlierivel\/wp-json\/wp\/v2\/types\/page"}],"author":[{"embeddable":true,"href":"https:\/\/agora.xtec.cat\/escolajacharlierivel\/wp-json\/wp\/v2\/users\/1"}],"replies":[{"embeddable":true,"href":"https:\/\/agora.xtec.cat\/escolajacharlierivel\/wp-json\/wp\/v2\/comments?post=648"}],"version-history":[{"count":6,"href":"https:\/\/agora.xtec.cat\/escolajacharlierivel\/wp-json\/wp\/v2\/pages\/648\/revisions"}],"predecessor-version":[{"id":2806,"href":"https:\/\/agora.xtec.cat\/escolajacharlierivel\/wp-json\/wp\/v2\/pages\/648\/revisions\/2806"}],"wp:attachment":[{"href":"https:\/\/agora.xtec.cat\/escolajacharlierivel\/wp-json\/wp\/v2\/media?parent=648"}],"curies":[{"name":"wp","href":"https:\/\/api.w.org\/{rel}","templated":true}]}}