{"id":1861,"date":"2025-04-22T15:55:30","date_gmt":"2025-04-22T13:55:30","guid":{"rendered":"https:\/\/agora.xtec.cat\/escolajacharlierivel\/?page_id=1861"},"modified":"2026-03-27T12:02:48","modified_gmt":"2026-03-27T11:02:48","slug":"pes","status":"publish","type":"page","link":"https:\/\/agora.xtec.cat\/escolajacharlierivel\/pes\/","title":{"rendered":"PES (Projecte Esportiu de Centre)"},"content":{"rendered":"\n<div class=\"wp-block-media-text is-stacked-on-mobile\"><figure class=\"wp-block-media-text__media\"><a href=\"https:\/\/agora.xtec.cat\/escolajacharlierivel\/wp-content\/uploads\/usu516\/2026\/03\/PES-Escola-J.A.-Charlie-Rivel-25-26.docx.pdf\" target=\"_blank\" rel=\" noreferrer noopener\"><img loading=\"lazy\" decoding=\"async\" width=\"394\" height=\"596\" src=\"https:\/\/agora.xtec.cat\/escolajacharlierivel\/wp-content\/uploads\/usu516\/2026\/03\/PES.png\" alt=\"\" class=\"wp-image-2656 size-full\" srcset=\"https:\/\/agora.xtec.cat\/escolajacharlierivel\/wp-content\/uploads\/usu516\/2026\/03\/PES.png 394w, https:\/\/agora.xtec.cat\/escolajacharlierivel\/wp-content\/uploads\/usu516\/2026\/03\/PES-198x300.png 198w\" sizes=\"auto, (max-width: 394px) 100vw, 394px\" \/><\/a><\/figure><div class=\"wp-block-media-text__content\">\n<p><\/p>\n\n\n\n<p>El PES \u00e9s una eina imprescindible per estructurar i donar coher\u00e8ncia a la<br \/>pr\u00e0ctica esportiva dins de l\u2019entorn escolar, garantint que aquesta contribueixi de manera efectiva al desenvolupament integral de l\u2019alumnat. En el nostre centre, caracteritzat per una diversitat sociocultural significativa, aquest projecte esdev\u00e9 una oportunitat per fomentar la inclusi\u00f3, la igualtat d\u2019oportunitats i la promoci\u00f3 d\u2019h\u00e0bits saludables entre els infants.<\/p>\n<p>L\u2019actualitzaci\u00f3 es justifica per la necessitat d\u2019adaptar-lo a les noves realitats i necessitats del centre. Els canvis socials, les noves metodologies pedag\u00f2giques i els objectius educatius actuals fan necessari un replantejament de l\u2019estrat\u00e8gia esportiva per garantir que respongui a les necessitats de l\u2019alumnat i afavoreixi la seva participaci\u00f3 activa. A m\u00e9s, permet millorar la coordinaci\u00f3 entre les diferents iniciatives esportives, optimitzar recursos i establir objectius m\u00e9s realistes i alineats amb el projecte educatiu global.<\/p>\n<\/div><\/div>\n","protected":false},"excerpt":{"rendered":"","protected":false},"author":1,"featured_media":0,"parent":0,"menu_order":0,"comment_status":"closed","ping_status":"closed","template":"","meta":{"_bbp_topic_count":0,"_bbp_reply_count":0,"_bbp_total_topic_count":0,"_bbp_total_reply_count":0,"_bbp_voice_count":0,"_bbp_anonymous_reply_count":0,"_bbp_topic_count_hidden":0,"_bbp_reply_count_hidden":0,"_bbp_forum_subforum_count":0,"site-sidebar-layout":"default","site-content-layout":"","ast-site-content-layout":"default","site-content-style":"default","site-sidebar-style":"default","ast-global-header-display":"","ast-banner-title-visibility":"","ast-main-header-display":"","ast-hfb-above-header-display":"","ast-hfb-below-header-display":"","ast-hfb-mobile-header-display":"","site-post-title":"","ast-breadcrumbs-content":"","ast-featured-img":"","footer-sml-layout":"","theme-transparent-header-meta":"","adv-header-id-meta":"","stick-header-meta":"","header-above-stick-meta":"","header-main-stick-meta":"","header-below-stick-meta":"","astra-migrate-meta-layouts":"set","ast-page-background-enabled":"default","ast-page-background-meta":{"desktop":{"background-color":"var(--ast-global-color-4)","background-image":"","background-repeat":"repeat","background-position":"center center","background-size":"auto","background-attachment":"scroll","background-type":"","background-media":"","overlay-type":"","overlay-color":"","overlay-opacity":"","overlay-gradient":""},"tablet":{"background-color":"","background-image":"","background-repeat":"repeat","background-position":"center center","background-size":"auto","background-attachment":"scroll","background-type":"","background-media":"","overlay-type":"","overlay-color":"","overlay-opacity":"","overlay-gradient":""},"mobile":{"background-color":"","background-image":"","background-repeat":"repeat","background-position":"center center","background-size":"auto","background-attachment":"scroll","background-type":"","background-media":"","overlay-type":"","overlay-color":"","overlay-opacity":"","overlay-gradient":""}},"ast-content-background-meta":{"desktop":{"background-color":"var(--ast-global-color-5)","background-image":"","background-repeat":"repeat","background-position":"center center","background-size":"auto","background-attachment":"scroll","background-type":"","background-media":"","overlay-type":"","overlay-color":"","overlay-opacity":"","overlay-gradient":""},"tablet":{"background-color":"var(--ast-global-color-5)","background-image":"","background-repeat":"repeat","background-position":"center center","background-size":"auto","background-attachment":"scroll","background-type":"","background-media":"","overlay-type":"","overlay-color":"","overlay-opacity":"","overlay-gradient":""},"mobile":{"background-color":"var(--ast-global-color-5)","background-image":"","background-repeat":"repeat","background-position":"center center","background-size":"auto","background-attachment":"scroll","background-type":"","background-media":"","overlay-type":"","overlay-color":"","overlay-opacity":"","overlay-gradient":""}},"footnotes":""},"class_list":["post-1861","page","type-page","status-publish","hentry"],"post_mailing_queue_ids":[],"_links":{"self":[{"href":"https:\/\/agora.xtec.cat\/escolajacharlierivel\/wp-json\/wp\/v2\/pages\/1861","targetHints":{"allow":["GET"]}}],"collection":[{"href":"https:\/\/agora.xtec.cat\/escolajacharlierivel\/wp-json\/wp\/v2\/pages"}],"about":[{"href":"https:\/\/agora.xtec.cat\/escolajacharlierivel\/wp-json\/wp\/v2\/types\/page"}],"author":[{"embeddable":true,"href":"https:\/\/agora.xtec.cat\/escolajacharlierivel\/wp-json\/wp\/v2\/users\/1"}],"replies":[{"embeddable":true,"href":"https:\/\/agora.xtec.cat\/escolajacharlierivel\/wp-json\/wp\/v2\/comments?post=1861"}],"version-history":[{"count":6,"href":"https:\/\/agora.xtec.cat\/escolajacharlierivel\/wp-json\/wp\/v2\/pages\/1861\/revisions"}],"predecessor-version":[{"id":2809,"href":"https:\/\/agora.xtec.cat\/escolajacharlierivel\/wp-json\/wp\/v2\/pages\/1861\/revisions\/2809"}],"wp:attachment":[{"href":"https:\/\/agora.xtec.cat\/escolajacharlierivel\/wp-json\/wp\/v2\/media?parent=1861"}],"curies":[{"name":"wp","href":"https:\/\/api.w.org\/{rel}","templated":true}]}}