{"id":73,"date":"2014-09-18T14:01:51","date_gmt":"2014-09-18T12:01:51","guid":{"rendered":"http:\/\/agora.xtec.cat\/escolaisaacperal\/?page_id=73"},"modified":"2025-09-07T19:22:49","modified_gmt":"2025-09-07T17:22:49","slug":"menjador-escolar","status":"publish","type":"page","link":"https:\/\/agora.xtec.cat\/escolaisaacperal\/serveis\/menjador-escolar\/","title":{"rendered":"Menjador escolar"},"content":{"rendered":"\n<figure class=\"wp-block-image aligncenter size-full is-resized\"><a href=\"https:\/\/agora.xtec.cat\/escolaisaacperal\/wp-content\/uploads\/usu959\/2025\/07\/mediterranea.png\"><img loading=\"lazy\" decoding=\"async\" width=\"771\" height=\"206\" src=\"https:\/\/agora.xtec.cat\/escolaisaacperal\/wp-content\/uploads\/usu959\/2025\/07\/mediterranea.png\" alt=\"\" class=\"wp-image-15302\" style=\"width:262px;height:auto\" srcset=\"https:\/\/agora.xtec.cat\/escolaisaacperal\/wp-content\/uploads\/usu959\/2025\/07\/mediterranea.png 771w, https:\/\/agora.xtec.cat\/escolaisaacperal\/wp-content\/uploads\/usu959\/2025\/07\/mediterranea-300x80.png 300w, https:\/\/agora.xtec.cat\/escolaisaacperal\/wp-content\/uploads\/usu959\/2025\/07\/mediterranea-768x205.png 768w\" sizes=\"auto, (max-width: 771px) 100vw, 771px\" \/><\/a><\/figure>\n\n\n\n<figure class=\"wp-block-image aligncenter size-large is-resized is-style-rounded\"><a href=\"https:\/\/agora.xtec.cat\/escolaisaacperal\/wp-content\/uploads\/usu959\/2025\/07\/menjador.jpg\"><img loading=\"lazy\" decoding=\"async\" width=\"1024\" height=\"341\" src=\"https:\/\/agora.xtec.cat\/escolaisaacperal\/wp-content\/uploads\/usu959\/2025\/07\/menjador-1024x341.jpg\" alt=\"\" class=\"wp-image-15307\" style=\"width:658px;height:auto\" srcset=\"https:\/\/agora.xtec.cat\/escolaisaacperal\/wp-content\/uploads\/usu959\/2025\/07\/menjador-1024x341.jpg 1024w, https:\/\/agora.xtec.cat\/escolaisaacperal\/wp-content\/uploads\/usu959\/2025\/07\/menjador-300x100.jpg 300w, https:\/\/agora.xtec.cat\/escolaisaacperal\/wp-content\/uploads\/usu959\/2025\/07\/menjador-768x256.jpg 768w, https:\/\/agora.xtec.cat\/escolaisaacperal\/wp-content\/uploads\/usu959\/2025\/07\/menjador.jpg 1200w\" sizes=\"auto, (max-width: 1024px) 100vw, 1024px\" \/><\/a><\/figure>\n\n\n\n<div class=\"wp-block-getwid-accordion has-icon-left\" data-active-element=\"none\">\n<div class=\"wp-block-getwid-accordion__header-wrapper\"><span class=\"wp-block-getwid-accordion__header\"><a href=\"#\"><span class=\"wp-block-getwid-accordion__header-title\">MEN\u00da<\/span><span class=\"wp-block-getwid-accordion__icon is-active\"><i class=\"fas fa-plus\"><\/i><\/span><span class=\"wp-block-getwid-accordion__icon is-passive\"><i class=\"fas fa-minus\"><\/i><\/span><\/a><\/span><\/div><div class=\"wp-block-getwid-accordion__content-wrapper\"><div class=\"wp-block-getwid-accordion__content\">\n<p><a href=\"https:\/\/drive.google.com\/file\/d\/1b_XCkxzO2ZZMsWKgFrcUWWRzBZXNpj2o\/view?usp=sharing\" data-type=\"link\" data-id=\"https:\/\/drive.google.com\/file\/d\/1b_XCkxzO2ZZMsWKgFrcUWWRzBZXNpj2o\/view?usp=sharing\" target=\"_blank\" rel=\"noreferrer noopener\">Men\u00fa basal<\/a><\/p>\n\n\n\n<p><a href=\"https:\/\/drive.google.com\/file\/d\/1GQ6tO53R-rPcm6z5PrbTnRreK4c1lB8o\/view?usp=sharing\" data-type=\"link\" data-id=\"https:\/\/drive.google.com\/file\/d\/1GQ6tO53R-rPcm6z5PrbTnRreK4c1lB8o\/view?usp=sharing\" target=\"_blank\" rel=\"noreferrer noopener\">Dietes especials<\/a><\/p>\n<\/div><\/div>\n\n\n\n<div class=\"wp-block-getwid-accordion__header-wrapper\"><span class=\"wp-block-getwid-accordion__header\"><a href=\"#\"><span class=\"wp-block-getwid-accordion__header-title\">SERVEI DE MENJADOR<\/span><span class=\"wp-block-getwid-accordion__icon is-active\"><i class=\"fas fa-plus\"><\/i><\/span><span class=\"wp-block-getwid-accordion__icon is-passive\"><i class=\"fas fa-minus\"><\/i><\/span><\/a><\/span><\/div><div class=\"wp-block-getwid-accordion__content-wrapper\"><div class=\"wp-block-getwid-accordion__content\">\n<p><span style=\"font-weight: 400;\">L\u2019escola ofereix un servei de menjador al migdia de 12.30 a 15 h. Durant les jornades intensives l\u2019horari \u00e9s de 13h a 15:30h.<\/span><\/p>\n\n\n\n<p><span style=\"font-weight: 400;\">L\u2019empresa que gestiona aquest servei \u00e9s <\/span><b>Mediterr\u00e1nea de Catering SL. <\/b><span style=\"font-weight: 400;\">L\u2019escola disposa de cuina pr\u00f2pia on s\u2019elaboren els \u00e0pats. La cuinera pertany a la mateixa empresa.<\/span><\/p>\n\n\n\n<p><span style=\"font-weight: 400;\">La comissi\u00f3 de menjador del Consell Escolar vetlla pel seu funcionament i fa un seguiment i supervisi\u00f3 del servei.<\/span><\/p>\n\n\n\n<p><span style=\"font-weight: 400;\">En cas de qualsevol dubte sobre el funcionament podeu adre\u00e7ar-vos directament a l\u2019empresa o a el\/la responsable del centre, en el nostre cas la N\u00faria Mart\u00ednez.<\/span><\/p>\n\n\n\n<p><b>Tl. Coordinador\/a de menjador<\/b><span style=\"font-weight: 400;\"><span style=\"font-weight: 400;\">:&nbsp; 610.615.080 (Arnau) <\/span><\/span><a href=\"mailto:col.isaacperal@mediterranea-group.com\"><span style=\"font-weight: 400;\">col.isaacperal@mediterranea-group.com<\/span><\/a><\/p>\n\n\n\n<p><b>Correu oficina<\/b><span style=\"font-weight: 400;\">: <\/span><span style=\"font-weight: 400;\">oficinaterrassa@mediterranea-group.com&nbsp;<\/span><\/p>\n\n\n\n<p>PER M\u00c9S INFORMACI\u00d3 <a href=\"https:\/\/drive.google.com\/file\/d\/1chrvG6Mi5KU90sl8aCt2rJP-DKlvfxma\/view?usp=sharing\" target=\"_blank\" rel=\"noreferrer noopener\">AQU\u00cd<\/a><\/p>\n<\/div><\/div>\n\n\n\n<div class=\"wp-block-getwid-accordion__header-wrapper\"><span class=\"wp-block-getwid-accordion__header\"><a href=\"#\"><span class=\"wp-block-getwid-accordion__header-title\">PREU I COMPRA DE T\u00cdQUETS<\/span><span class=\"wp-block-getwid-accordion__icon is-active\"><i class=\"fas fa-plus\"><\/i><\/span><span class=\"wp-block-getwid-accordion__icon is-passive\"><i class=\"fas fa-minus\"><\/i><\/span><\/a><\/span><\/div><div class=\"wp-block-getwid-accordion__content-wrapper\"><div class=\"wp-block-getwid-accordion__content\">\n<p><span style=\"font-weight: 400;\">Usuari fix: <\/span><b>6,33\u20ac<\/b><\/p>\n\n\n\n<p><span style=\"font-weight: 400;\">Usuari espor\u00e0dic: <\/span><b>6,96\u20ac<\/b><\/p>\n\n\n\n<p><b>COMPRA DE TIQUETS \/ APP (<a href=\"https:\/\/drive.google.com\/file\/d\/1gRXY0zt3qcaU2-y9G51B5u_L16oac2I-\/view?usp=sharing\" target=\"_blank\" rel=\"noopener\">manual<\/a>)<\/b><\/p>\n<\/div><\/div>\n\n\n\n<div class=\"wp-block-getwid-accordion__header-wrapper\"><span class=\"wp-block-getwid-accordion__header\"><a href=\"#\"><span class=\"wp-block-getwid-accordion__header-title\"><b>JUSTIFICACI\u00d3 DE FALTES D\u2019ASSIST\u00c8NCIA JUSTIFICADES<\/b><\/span><span class=\"wp-block-getwid-accordion__icon is-active\"><i class=\"fas fa-plus\"><\/i><\/span><span class=\"wp-block-getwid-accordion__icon is-passive\"><i class=\"fas fa-minus\"><\/i><\/span><\/a><\/span><\/div><div class=\"wp-block-getwid-accordion__content-wrapper\"><div class=\"wp-block-getwid-accordion__content\">\n<p class=\"has-text-align-left\">Si un alumne falta, s\u2019haur\u00e0 d\u2019avisar la coordinador\/a de menjador mitjan\u00e7ant l\u2019aplicaci\u00f3 o el correu electr\u00f2nic del menjador abans de les 10h en cas de fer-ho, es retornaran al rebut del mes seg\u00fcent 3,34 euros per cada abs\u00e8ncia.<\/p>\n<\/div><\/div>\n\n\n\n<div class=\"wp-block-getwid-accordion__header-wrapper\"><span class=\"wp-block-getwid-accordion__header\"><a href=\"#\"><span class=\"wp-block-getwid-accordion__header-title\">PLANIFICACI\u00d3 D&#8217;ACTIVITATS<\/span><span class=\"wp-block-getwid-accordion__icon is-active\"><i class=\"fas fa-plus\"><\/i><\/span><span class=\"wp-block-getwid-accordion__icon is-passive\"><i class=\"fas fa-minus\"><\/i><\/span><\/a><\/span><\/div><div class=\"wp-block-getwid-accordion__content-wrapper\"><div class=\"wp-block-getwid-accordion__content\">\n<p>Disposem d\u2019una programaci\u00f3 d\u2019activitats per a tots els dies de la setmana on es fan racons de grups internivells. Tamb\u00e9 s\u2019ofereix la possibilitat<br>de joc de lliure elecci\u00f3.<\/p>\n<\/div><\/div>\n<\/div>\n\n\n\n<!--more-->\n\n\n\n<p><\/p>\n","protected":false},"excerpt":{"rendered":"","protected":false},"author":1,"featured_media":0,"parent":66,"menu_order":10,"comment_status":"closed","ping_status":"closed","template":"","meta":{"_bbp_topic_count":0,"_bbp_reply_count":0,"_bbp_total_topic_count":0,"_bbp_total_reply_count":0,"_bbp_voice_count":0,"_bbp_anonymous_reply_count":0,"_bbp_topic_count_hidden":0,"_bbp_reply_count_hidden":0,"_bbp_forum_subforum_count":0,"site-sidebar-layout":"default","site-content-layout":"","ast-site-content-layout":"default","site-content-style":"default","site-sidebar-style":"default","ast-global-header-display":"","ast-banner-title-visibility":"","ast-main-header-display":"","ast-hfb-above-header-display":"","ast-hfb-below-header-display":"","ast-hfb-mobile-header-display":"","site-post-title":"","ast-breadcrumbs-content":"","ast-featured-img":"","footer-sml-layout":"","theme-transparent-header-meta":"","adv-header-id-meta":"","stick-header-meta":"","header-above-stick-meta":"","header-main-stick-meta":"","header-below-stick-meta":"","astra-migrate-meta-layouts":"set","ast-page-background-enabled":"default","ast-page-background-meta":{"desktop":{"background-color":"var(--ast-global-color-4)","background-image":"","background-repeat":"repeat","background-position":"center center","background-size":"auto","background-attachment":"scroll","background-type":"","background-media":"","overlay-type":"","overlay-color":"","overlay-opacity":"","overlay-gradient":""},"tablet":{"background-color":"","background-image":"","background-repeat":"repeat","background-position":"center center","background-size":"auto","background-attachment":"scroll","background-type":"","background-media":"","overlay-type":"","overlay-color":"","overlay-opacity":"","overlay-gradient":""},"mobile":{"background-color":"","background-image":"","background-repeat":"repeat","background-position":"center center","background-size":"auto","background-attachment":"scroll","background-type":"","background-media":"","overlay-type":"","overlay-color":"","overlay-opacity":"","overlay-gradient":""}},"ast-content-background-meta":{"desktop":{"background-color":"var(--ast-global-color-5)","background-image":"","background-repeat":"repeat","background-position":"center center","background-size":"auto","background-attachment":"scroll","background-type":"","background-media":"","overlay-type":"","overlay-color":"","overlay-opacity":"","overlay-gradient":""},"tablet":{"background-color":"var(--ast-global-color-5)","background-image":"","background-repeat":"repeat","background-position":"center center","background-size":"auto","background-attachment":"scroll","background-type":"","background-media":"","overlay-type":"","overlay-color":"","overlay-opacity":"","overlay-gradient":""},"mobile":{"background-color":"var(--ast-global-color-5)","background-image":"","background-repeat":"repeat","background-position":"center center","background-size":"auto","background-attachment":"scroll","background-type":"","background-media":"","overlay-type":"","overlay-color":"","overlay-opacity":"","overlay-gradient":""}},"footnotes":""},"class_list":["post-73","page","type-page","status-publish","hentry"],"post_mailing_queue_ids":[],"_links":{"self":[{"href":"https:\/\/agora.xtec.cat\/escolaisaacperal\/wp-json\/wp\/v2\/pages\/73","targetHints":{"allow":["GET"]}}],"collection":[{"href":"https:\/\/agora.xtec.cat\/escolaisaacperal\/wp-json\/wp\/v2\/pages"}],"about":[{"href":"https:\/\/agora.xtec.cat\/escolaisaacperal\/wp-json\/wp\/v2\/types\/page"}],"author":[{"embeddable":true,"href":"https:\/\/agora.xtec.cat\/escolaisaacperal\/wp-json\/wp\/v2\/users\/1"}],"replies":[{"embeddable":true,"href":"https:\/\/agora.xtec.cat\/escolaisaacperal\/wp-json\/wp\/v2\/comments?post=73"}],"version-history":[{"count":5,"href":"https:\/\/agora.xtec.cat\/escolaisaacperal\/wp-json\/wp\/v2\/pages\/73\/revisions"}],"predecessor-version":[{"id":15472,"href":"https:\/\/agora.xtec.cat\/escolaisaacperal\/wp-json\/wp\/v2\/pages\/73\/revisions\/15472"}],"up":[{"embeddable":true,"href":"https:\/\/agora.xtec.cat\/escolaisaacperal\/wp-json\/wp\/v2\/pages\/66"}],"wp:attachment":[{"href":"https:\/\/agora.xtec.cat\/escolaisaacperal\/wp-json\/wp\/v2\/media?parent=73"}],"curies":[{"name":"wp","href":"https:\/\/api.w.org\/{rel}","templated":true}]}}