{"id":479,"date":"2016-02-18T11:50:42","date_gmt":"2016-02-18T10:50:42","guid":{"rendered":"http:\/\/agora.xtec.cat\/escolaisaacperal\/?page_id=479"},"modified":"2025-09-01T17:14:38","modified_gmt":"2025-09-01T15:14:38","slug":"equip-huma","status":"publish","type":"page","link":"https:\/\/agora.xtec.cat\/escolaisaacperal\/lescola\/equip-huma\/","title":{"rendered":"Equip hum\u00e0"},"content":{"rendered":"<h2 style=\"text-align: center;\">Curs 2025-26<\/h2>\n<h4 style=\"text-align: left;\">Equip Directiu (Cal demanar cita pr\u00e8via)<\/h4>\n<table style=\"height: 203px; width: 59.7471%; border-color: #000000; border-style: solid;\" border=\"1\" width=\"91.0785%\">\n<tbody>\n<tr style=\"height: 31px;\">\n<td style=\"height: 31px; width: 33.0456%; border-style: solid; border-color: #000000;\"><\/td>\n<td style=\"height: 31px; width: 22.35%; border-style: solid; border-color: #000000;\"><\/td>\n<td style=\"height: 31px; width: 91.3915%; border-style: solid; border-color: #000000;\"><strong>HORARI D&#8217;ATENCI\u00d3 A LES FAM\u00cdLIES<\/strong><\/td>\n<\/tr>\n<tr style=\"height: 55px;\">\n<td style=\"height: 38px; width: 33.0456%; border-style: solid; border-color: #000000;\"><strong>Directora<br \/>\n<\/strong><\/td>\n<td style=\"height: 38px; width: 22.35%; border-style: solid; border-color: #000000;\">Amalia Ariza<\/td>\n<td style=\"vertical-align: middle; height: 38px; width: 91.3915%; border-style: solid; border-color: #000000;\">Dimarts de 9:30h a 10:30h<br \/>\nDimecres 15 a 16:30h<\/td>\n<\/tr>\n<tr style=\"height: 55px;\">\n<td style=\"height: 55px; width: 33.0456%; border-style: solid; border-color: #000000;\"><strong>Cap d&#8217;Estudis<br \/>\n<\/strong><\/td>\n<td style=\"height: 55px; width: 22.35%; border-style: solid; border-color: #000000;\">Marta Paz<\/td>\n<td style=\"vertical-align: middle; height: 55px; width: 91.3915%; border-style: solid; border-color: #000000;\">Dijous de 11:30h a 12:30h<\/td>\n<\/tr>\n<tr style=\"height: 60px;\">\n<td style=\"height: 44px; width: 33.0456%; border-style: solid; border-color: #000000;\"><strong>Secretari<\/strong><\/td>\n<td style=\"height: 44px; width: 22.35%; border-style: solid; border-color: #000000;\">Merche Leal<\/td>\n<td style=\"vertical-align: middle; height: 44px; width: 91.3915%; border-style: solid; border-color: #000000;\">Dilluns i dimarts de 11:30h a 12:30h<br \/>\nDimecres de 9h a 11h<\/td>\n<\/tr>\n<tr style=\"height: 47px;\">\n<td style=\"height: 35px; width: 33.0456%; border-style: solid; border-color: #000000;\"><b>Administrativa<\/b><\/td>\n<td style=\"height: 35px; width: 22.35%; border-style: solid; border-color: #000000;\"><span style=\"font-weight: 400;\">S\u00f2nia Ciffone<\/span><\/td>\n<td style=\"vertical-align: middle; height: 35px; width: 91.3915%; border-style: solid; border-color: #000000;\">De dilluns a divendres de 9h a 12:30h i de 15h a 16:30h<\/td>\n<\/tr>\n<\/tbody>\n<\/table>\n<h4><\/h4>\n<h4 style=\"text-align: left;\">TUTORS<\/h4>\n<table style=\"height: 323px; width: 59.069%; border-color: #000000; border-style: solid;\" border=\"1\" width=\"90.5618%\">\n<tbody>\n<tr style=\"height: 32px;\">\n<td style=\"height: 32px; width: 34.3868%; border-color: #000000; border-style: solid;\">\u00a0<strong>NIVELL<\/strong><\/td>\n<td style=\"height: 32px; width: 22.6649%; border-color: #000000; border-style: solid;\"><strong>TUTORA<\/strong><\/td>\n<td style=\"width: 107.565%; height: 32px; border-color: #000000; border-style: solid;\"><strong>HORARI D&#8217;ATENCI\u00d3 A LES FAM\u00cdLIES<\/strong><\/td>\n<\/tr>\n<tr style=\"height: 33px;\">\n<td style=\"height: 33px; width: 34.3868%; border-color: #000000; border-style: solid;\"><strong>I3- ???<\/strong><\/td>\n<td style=\"height: 33px; width: 22.6649%; border-color: #000000; border-style: solid;\">Mariona Colomer<\/td>\n<td style=\"width: 107.565%; height: 291px; border-color: #000000; border-style: solid; text-align: center;\" rowspan=\"9\">dimecres de 12.30 a 13.30 h.<\/td>\n<\/tr>\n<tr style=\"height: 33px;\">\n<td style=\"height: 33px; width: 34.3868%; border-color: #000000; border-style: solid;\"><strong>I4- EL SOL<\/strong><\/td>\n<td style=\"height: 33px; width: 22.6649%; border-color: #000000; border-style: solid;\">Rosa Raya<\/td>\n<\/tr>\n<tr style=\"height: 33px;\">\n<td style=\"height: 33px; width: 34.3868%; border-color: #000000; border-style: solid;\"><strong>I5 &#8211;\u00a0 CASTELLERS\/ES<\/strong><\/td>\n<td style=\"height: 33px; width: 22.6649%; border-color: #000000; border-style: solid;\">Cristina Ruiz<\/td>\n<\/tr>\n<tr style=\"height: 33px;\">\n<td style=\"height: 33px; width: 34.3868%; border-color: #000000; border-style: solid;\"><strong>1r &#8211; VAQUES<\/strong><\/td>\n<td style=\"width: 22.6649%; height: 33px; border-color: #000000; border-style: solid;\">Carmen Boix<\/td>\n<\/tr>\n<tr style=\"height: 31px;\">\n<td style=\"width: 34.3868%; height: 31px; border-color: #000000; border-style: solid;\"><strong>2n- MUSSOLS<\/strong><\/td>\n<td style=\"height: 31px; width: 22.6649%; border-color: #000000; border-style: solid;\">Marta Balaguer<\/td>\n<\/tr>\n<tr style=\"height: 33px;\">\n<td style=\"height: 33px; width: 34.3868%; border-color: #000000; border-style: solid;\"><strong>3r- EL MAR<\/strong><\/td>\n<td style=\"height: 33px; width: 22.6649%; border-color: #000000; border-style: solid;\">Susana Gonz\u00e1lez<\/td>\n<\/tr>\n<tr style=\"height: 33px;\">\n<td style=\"height: 33px; width: 34.3868%; border-color: #000000; border-style: solid;\"><strong>4t- DRACS I DRAGONES<\/strong><\/td>\n<td style=\"height: 33px; width: 22.6649%; border-color: #000000; border-style: solid;\">Mireia Vidal<\/td>\n<\/tr>\n<tr style=\"height: 33px;\">\n<td style=\"height: 33px; width: 34.3868%; border-color: #000000; border-style: solid;\"><strong>5\u00e8- \u00c0LIGUES<\/strong><\/td>\n<td style=\"width: 22.6649%; height: 33px; border-color: #000000; border-style: solid;\">Raquel P\u00e9rez<\/td>\n<\/tr>\n<tr style=\"height: 31px;\">\n<td style=\"width: 34.3868%; height: 29px; border-color: #000000; border-style: solid;\"><strong>6\u00e8- BASTONERS<\/strong><\/td>\n<td style=\"height: 29px; width: 22.6649%; border-color: #000000; border-style: solid;\">Roser Garc\u00eda<\/td>\n<\/tr>\n<\/tbody>\n<\/table>\n<h4><\/h4>\n<h4>ESPECIALISTES<\/h4>\n<table style=\"height: 232px; width: 58.9752%; border-style: solid; border-color: #000000;\" width=\"90.2962%\">\n<tbody>\n<tr style=\"height: 32px;\">\n<td style=\"height: 32px; width: 34.1306%; border-color: #000000; border-style: solid;\"><strong>M\u00fasica<\/strong><\/td>\n<td style=\"height: 32px; width: 136.284%; border-color: #000000; border-style: solid;\">Merche Leal<\/td>\n<\/tr>\n<tr style=\"height: 33px;\">\n<td style=\"height: 33px; width: 34.1306%; border-color: #000000; border-style: solid;\"><strong>Educaci\u00f3 F\u00edsica<\/strong><\/td>\n<td style=\"height: 33px; width: 136.284%; border-color: #000000; border-style: solid;\">Laura Delgado<\/td>\n<\/tr>\n<tr style=\"height: 33px;\">\n<td style=\"height: 33px; width: 34.1306%; border-color: #000000; border-style: solid;\"><strong>Educaci\u00f3 Especial<\/strong><\/td>\n<td style=\"height: 33px; width: 136.284%; border-color: #000000; border-style: solid;\">Cristina Juli\u00e0<\/td>\n<\/tr>\n<tr style=\"height: 33px;\">\n<td style=\"height: 33px; width: 34.1306%; border-color: #000000; border-style: solid;\"><strong>Llengua Anglesa<\/strong><\/td>\n<td style=\"height: 33px; width: 136.284%; border-color: #000000; border-style: solid;\">Laura Marta<\/td>\n<\/tr>\n<tr style=\"height: 33px;\">\n<td style=\"height: 33px; width: 34.1306%; border-color: #000000; border-style: solid;\"><strong>Religi\u00f3 Cat\u00f2lica<\/strong><\/td>\n<td style=\"height: 33px; width: 136.284%; border-color: #000000; border-style: solid;\">Judith Ros<\/td>\n<\/tr>\n<tr style=\"height: 35px;\">\n<td style=\"height: 35px; width: 34.1306%; border-color: #000000; border-style: solid;\"><strong>Metra de refor\u00e7<\/strong><\/td>\n<td style=\"height: 35px; width: 136.284%; border-color: #000000; border-style: solid;\">Dolors Pe\u00f1a<\/td>\n<\/tr>\n<tr style=\"height: 33px;\">\n<td style=\"height: 33px; width: 34.1306%; border-color: #000000; border-style: solid;\"><strong>EAP<\/strong><\/td>\n<td style=\"height: 33px; width: 136.284%; border-color: #000000; border-style: solid;\"><span class=\"gI\"><span data-hovercard-id=\"eache@xtec.cat\">Esther Ache<\/span><\/span><\/td>\n<\/tr>\n<\/tbody>\n<\/table>\n<h4 style=\"text-align: left;\"><\/h4>\n<h4 style=\"text-align: left;\">EQUIP DE COORDINACI\u00d3<\/h4>\n<table style=\"height: 268px; width: 58.2722%; border-style: solid; border-color: #000000;\" width=\"58.2722%\">\n<tbody>\n<tr style=\"height: 23px;\">\n<td style=\"width: 34.7245%; height: 34px; border-color: #000000; border-style: solid;\"><strong>Coordinadora Infantil<br \/>\n<\/strong><\/td>\n<td style=\"width: 100.717%; height: 34px; border-color: #000000; border-style: solid;\">Rosa\u00a0Raya<\/td>\n<\/tr>\n<tr style=\"height: 23px;\">\n<td style=\"width: 34.7245%; height: 37px; border-color: #000000; border-style: solid;\"><strong>Coordinadora Prim\u00e0ria<br \/>\n<\/strong><\/td>\n<td style=\"width: 100.717%; height: 37px; border-color: #000000; border-style: solid;\">Raquel P\u00e9rez<\/td>\n<\/tr>\n<tr style=\"height: 23px;\">\n<td style=\"width: 34.7245%; height: 32px; border-color: #000000; border-style: solid;\"><strong>Pla Catal\u00e0 de l&#8217;Esport<\/strong><\/td>\n<td style=\"width: 100.717%; height: 32px; border-color: #000000; border-style: solid;\">Aleix Montserrat<\/td>\n<\/tr>\n<tr style=\"height: 23px;\">\n<td style=\"width: 34.7245%; height: 32px; border-color: #000000; border-style: solid;\"><strong>Coord. de Riscos Laborals<\/strong><\/td>\n<td style=\"width: 100.717%; height: 32px; border-color: #000000; border-style: solid;\"><\/td>\n<\/tr>\n<tr style=\"height: 23px;\">\n<td style=\"width: 34.7245%; height: 33px; border-color: #000000; border-style: solid;\"><strong>Coordinadora digital<\/strong><strong><br \/>\n<\/strong><\/td>\n<td style=\"width: 100.717%; height: 33px; border-color: #000000; border-style: solid;\">Susana Gonz\u00e1lez<\/td>\n<\/tr>\n<tr style=\"height: 23px;\">\n<td style=\"width: 34.7245%; height: 35px; border-color: #000000; border-style: solid;\"><strong>Coordinadora COCOBE<\/strong><\/td>\n<td style=\"width: 100.717%; height: 35px; border-color: #000000; border-style: solid;\">Cristina Juli\u00e0<\/td>\n<\/tr>\n<tr style=\"height: 23px;\">\n<td style=\"width: 34.7245%; height: 33px; border-color: #000000; border-style: solid;\"><strong>Coordinadora LIC<\/strong><\/td>\n<td style=\"width: 100.717%; height: 33px; border-color: #000000; border-style: solid;\">Laura Marta<\/td>\n<\/tr>\n<tr style=\"height: 23px;\">\n<td style=\"width: 34.7245%; height: 32px; border-color: #000000; border-style: solid;\"><strong>Enlla\u00e7 Sindical<\/strong><\/td>\n<td style=\"width: 100.717%; height: 32px; border-color: #000000; border-style: solid;\">Mireia Vidal<\/td>\n<\/tr>\n<\/tbody>\n<\/table>\n<h4><\/h4>\n<h4 style=\"text-align: left;\">PERSONAL NO DOCENT<\/h4>\n<table style=\"height: 253px; width: 58.0326%; border-color: #000000; border-style: solid;\" width=\"58.0326%\">\n<tbody>\n<tr style=\"height: 32px;\">\n<td style=\"height: 32px; width: 35.367%; border-color: #000000; border-style: solid;\"><span style=\"color: #000000;\"><strong>TEEI (T\u00e8cnica Ed. Infantil)<\/strong><\/span><\/td>\n<td style=\"height: 32px; width: 103.922%; border-color: #000000; border-style: solid;\"><span style=\"color: #000000;\">L\u00eddia L\u00f3pez<\/span><\/td>\n<\/tr>\n<tr style=\"height: 32px;\">\n<td style=\"height: 32px; width: 35.367%; border-color: #000000; border-style: solid;\"><span style=\"color: #000000;\"><strong>Vetlladores<\/strong><\/span><\/td>\n<td style=\"height: 32px; width: 103.922%; border-color: #000000; border-style: solid;\"><\/td>\n<\/tr>\n<tr style=\"height: 31px;\">\n<td style=\"width: 35.367%; height: 31px; border-color: #000000; border-style: solid;\"><span style=\"color: #000000;\"><strong>TIS (T\u00e8cnica Integraci\u00f3 Social)<br \/>\n<\/strong><\/span><\/td>\n<td style=\"width: 103.922%; height: 31px; border-color: #000000; border-style: solid;\"><\/td>\n<\/tr>\n<tr style=\"height: 32px;\">\n<td style=\"height: 32px; width: 35.367%; border-color: #000000; border-style: solid;\"><span style=\"color: #000000;\"><strong>Oficial de serveis<br \/>\n<\/strong><\/span><\/td>\n<td style=\"height: 32px; width: 103.922%; border-color: #000000; border-style: solid;\"><span style=\"color: #000000;\">Carles L\u00f3pez<\/span><\/td>\n<\/tr>\n<tr style=\"height: 32px;\">\n<td style=\"height: 32px; width: 35.367%; border-color: #000000; border-style: solid;\"><span style=\"color: #000000;\"><strong>Administrativa<br \/>\n<\/strong><\/span><\/td>\n<td style=\"height: 32px; width: 103.922%; border-color: #000000; border-style: solid;\"><span style=\"color: #000000;\">S\u00f2nia Ciffone<\/span><\/td>\n<\/tr>\n<tr style=\"height: 32px;\">\n<td style=\"height: 32px; width: 35.367%; border-color: #000000; border-style: solid;\"><span style=\"color: #000000;\"><strong>Cuinera<\/strong><\/span><\/td>\n<td style=\"height: 32px; width: 103.922%; border-color: #000000; border-style: solid;\"><span style=\"color: #000000;\">Iris Espinoza<\/span><\/td>\n<\/tr>\n<tr style=\"height: 32px;\">\n<td style=\"height: 32px; width: 35.367%; border-color: #000000; border-style: solid;\"><span style=\"color: #000000;\"><strong>Coordinadora menjador<\/strong><\/span><\/td>\n<td style=\"height: 32px; width: 103.922%; border-color: #000000; border-style: solid;\"><span style=\"color: #000000;\">Arnau Camps<\/span><\/td>\n<\/tr>\n<tr style=\"height: 47px;\">\n<td style=\"height: 30px; width: 35.367%; border-color: #000000; border-style: solid;\"><span style=\"color: #000000;\"><strong>Personal de neteja<\/strong><\/span><\/td>\n<td style=\"height: 30px; width: 103.922%; border-color: #000000; border-style: solid;\">\n<div data-canvas-width=\"54.8\"><span style=\"color: #000000;\">Assia i Carmen<\/span><\/div>\n<\/td>\n<\/tr>\n<\/tbody>\n<\/table>\n","protected":false},"excerpt":{"rendered":"<p>Curs 2025-26 Equip Directiu (Cal demanar cita pr\u00e8via) HORARI D&#8217;ATENCI\u00d3 A LES FAM\u00cdLIES Directora Amalia Ariza Dimarts de 9:30h a 10:30h Dimecres 15 a 16:30h Cap d&#8217;Estudis Marta Paz Dijous de 11:30h a 12:30h Secretari Merche Leal Dilluns i dimarts de 11:30h a 12:30h Dimecres de 9h a 11h Administrativa S\u00f2nia Ciffone De dilluns a [&hellip;]<\/p>\n","protected":false},"author":1,"featured_media":0,"parent":22,"menu_order":30,"comment_status":"closed","ping_status":"closed","template":"","meta":{"_bbp_topic_count":0,"_bbp_reply_count":0,"_bbp_total_topic_count":0,"_bbp_total_reply_count":0,"_bbp_voice_count":0,"_bbp_anonymous_reply_count":0,"_bbp_topic_count_hidden":0,"_bbp_reply_count_hidden":0,"_bbp_forum_subforum_count":0,"site-sidebar-layout":"default","site-content-layout":"","ast-site-content-layout":"default","site-content-style":"default","site-sidebar-style":"default","ast-global-header-display":"","ast-banner-title-visibility":"","ast-main-header-display":"","ast-hfb-above-header-display":"","ast-hfb-below-header-display":"","ast-hfb-mobile-header-display":"","site-post-title":"","ast-breadcrumbs-content":"","ast-featured-img":"","footer-sml-layout":"","theme-transparent-header-meta":"default","adv-header-id-meta":"","stick-header-meta":"","header-above-stick-meta":"","header-main-stick-meta":"","header-below-stick-meta":"","astra-migrate-meta-layouts":"set","ast-page-background-enabled":"default","ast-page-background-meta":{"desktop":{"background-color":"var(--ast-global-color-4)","background-image":"","background-repeat":"repeat","background-position":"center center","background-size":"auto","background-attachment":"scroll","background-type":"","background-media":"","overlay-type":"","overlay-color":"","overlay-opacity":"","overlay-gradient":""},"tablet":{"background-color":"","background-image":"","background-repeat":"repeat","background-position":"center center","background-size":"auto","background-attachment":"scroll","background-type":"","background-media":"","overlay-type":"","overlay-color":"","overlay-opacity":"","overlay-gradient":""},"mobile":{"background-color":"","background-image":"","background-repeat":"repeat","background-position":"center center","background-size":"auto","background-attachment":"scroll","background-type":"","background-media":"","overlay-type":"","overlay-color":"","overlay-opacity":"","overlay-gradient":""}},"ast-content-background-meta":{"desktop":{"background-color":"var(--ast-global-color-5)","background-image":"","background-repeat":"repeat","background-position":"center center","background-size":"auto","background-attachment":"scroll","background-type":"","background-media":"","overlay-type":"","overlay-color":"","overlay-opacity":"","overlay-gradient":""},"tablet":{"background-color":"var(--ast-global-color-5)","background-image":"","background-repeat":"repeat","background-position":"center center","background-size":"auto","background-attachment":"scroll","background-type":"","background-media":"","overlay-type":"","overlay-color":"","overlay-opacity":"","overlay-gradient":""},"mobile":{"background-color":"var(--ast-global-color-5)","background-image":"","background-repeat":"repeat","background-position":"center center","background-size":"auto","background-attachment":"scroll","background-type":"","background-media":"","overlay-type":"","overlay-color":"","overlay-opacity":"","overlay-gradient":""}},"footnotes":""},"class_list":["post-479","page","type-page","status-publish","hentry"],"post_mailing_queue_ids":[],"_links":{"self":[{"href":"https:\/\/agora.xtec.cat\/escolaisaacperal\/wp-json\/wp\/v2\/pages\/479","targetHints":{"allow":["GET"]}}],"collection":[{"href":"https:\/\/agora.xtec.cat\/escolaisaacperal\/wp-json\/wp\/v2\/pages"}],"about":[{"href":"https:\/\/agora.xtec.cat\/escolaisaacperal\/wp-json\/wp\/v2\/types\/page"}],"author":[{"embeddable":true,"href":"https:\/\/agora.xtec.cat\/escolaisaacperal\/wp-json\/wp\/v2\/users\/1"}],"replies":[{"embeddable":true,"href":"https:\/\/agora.xtec.cat\/escolaisaacperal\/wp-json\/wp\/v2\/comments?post=479"}],"version-history":[{"count":6,"href":"https:\/\/agora.xtec.cat\/escolaisaacperal\/wp-json\/wp\/v2\/pages\/479\/revisions"}],"predecessor-version":[{"id":15469,"href":"https:\/\/agora.xtec.cat\/escolaisaacperal\/wp-json\/wp\/v2\/pages\/479\/revisions\/15469"}],"up":[{"embeddable":true,"href":"https:\/\/agora.xtec.cat\/escolaisaacperal\/wp-json\/wp\/v2\/pages\/22"}],"wp:attachment":[{"href":"https:\/\/agora.xtec.cat\/escolaisaacperal\/wp-json\/wp\/v2\/media?parent=479"}],"curies":[{"name":"wp","href":"https:\/\/api.w.org\/{rel}","templated":true}]}}