{"id":36,"date":"2014-09-18T12:33:11","date_gmt":"2014-09-18T10:33:11","guid":{"rendered":"http:\/\/agora.xtec.cat\/escolaisaacperal\/?page_id=36"},"modified":"2025-09-07T19:32:48","modified_gmt":"2025-09-07T17:32:48","slug":"material-escolar","status":"publish","type":"page","link":"https:\/\/agora.xtec.cat\/escolaisaacperal\/material-escolar\/","title":{"rendered":"Autoritzacions"},"content":{"rendered":"\n<figure class=\"wp-block-table alignleft\"><table class=\"has-fixed-layout\"><tbody><tr><td class=\"has-text-align-center\" data-align=\"center\"><img loading=\"lazy\" decoding=\"async\" width=\"150\" height=\"142\" class=\"wp-image-15353\" style=\"width: 150px;\" src=\"https:\/\/agora.xtec.cat\/escolaisaacperal\/wp-content\/uploads\/usu959\/2025\/07\/recollida-infants.jpg\" alt=\"\" srcset=\"https:\/\/agora.xtec.cat\/escolaisaacperal\/wp-content\/uploads\/usu959\/2025\/07\/recollida-infants.jpg 385w, https:\/\/agora.xtec.cat\/escolaisaacperal\/wp-content\/uploads\/usu959\/2025\/07\/recollida-infants-300x284.jpg 300w\" sizes=\"auto, (max-width: 150px) 100vw, 150px\" \/><\/td><td class=\"has-text-align-center\" data-align=\"center\"><img loading=\"lazy\" decoding=\"async\" width=\"150\" height=\"150\" class=\"wp-image-15354\" style=\"width: 150px;\" src=\"https:\/\/agora.xtec.cat\/escolaisaacperal\/wp-content\/uploads\/usu959\/2025\/07\/recollida-menor.jpg\" alt=\"\" srcset=\"https:\/\/agora.xtec.cat\/escolaisaacperal\/wp-content\/uploads\/usu959\/2025\/07\/recollida-menor.jpg 331w, https:\/\/agora.xtec.cat\/escolaisaacperal\/wp-content\/uploads\/usu959\/2025\/07\/recollida-menor-300x300.jpg 300w, https:\/\/agora.xtec.cat\/escolaisaacperal\/wp-content\/uploads\/usu959\/2025\/07\/recollida-menor-150x150.jpg 150w\" sizes=\"auto, (max-width: 150px) 100vw, 150px\" \/><\/td><td class=\"has-text-align-center\" data-align=\"center\">\u00a0<img loading=\"lazy\" decoding=\"async\" width=\"150\" height=\"141\" class=\"wp-image-15357\" style=\"width: 150px;\" src=\"https:\/\/agora.xtec.cat\/escolaisaacperal\/wp-content\/uploads\/usu959\/2025\/07\/sortir-sols.jpg\" alt=\"\" srcset=\"https:\/\/agora.xtec.cat\/escolaisaacperal\/wp-content\/uploads\/usu959\/2025\/07\/sortir-sols.jpg 336w, https:\/\/agora.xtec.cat\/escolaisaacperal\/wp-content\/uploads\/usu959\/2025\/07\/sortir-sols-300x282.jpg 300w\" sizes=\"auto, (max-width: 150px) 100vw, 150px\" \/><\/td><td class=\"has-text-align-center\" data-align=\"center\">\u00a0 <img loading=\"lazy\" decoding=\"async\" width=\"150\" height=\"115\" class=\"wp-image-15347\" style=\"width: 150px;\" src=\"https:\/\/agora.xtec.cat\/escolaisaacperal\/wp-content\/uploads\/usu959\/2025\/07\/carta-compromis.jpg\" alt=\"\" srcset=\"https:\/\/agora.xtec.cat\/escolaisaacperal\/wp-content\/uploads\/usu959\/2025\/07\/carta-compromis.jpg 432w, https:\/\/agora.xtec.cat\/escolaisaacperal\/wp-content\/uploads\/usu959\/2025\/07\/carta-compromis-300x231.jpg 300w\" sizes=\"auto, (max-width: 150px) 100vw, 150px\" \/><\/td><\/tr><tr><td class=\"has-text-align-center\" data-align=\"center\"><span style=\"font-family: Comic Sans MS;\">Recollida de l&#8217;alumne\/a per altres persones &nbsp; &nbsp; &nbsp; &nbsp; &nbsp; &nbsp; &nbsp; &nbsp; &nbsp; &nbsp;&nbsp;<\/span><\/td><td class=\"has-text-align-center\" data-align=\"center\"><span style=\"font-family: Comic Sans MS;\">Recollida de l&#8217;alumne\/a&nbsp; &nbsp;per un menor del centre (germ\u00e0\/cos\u00ed)&nbsp; &nbsp; &nbsp;&nbsp;<\/span><\/td><td class=\"has-text-align-center\" data-align=\"center\">&nbsp;Sortida dels alumnes sols a partir de 3r PRI<\/td><td class=\"has-text-align-center\" data-align=\"center\">&nbsp;Carta de comprom\u00eds<\/td><\/tr><tr><td class=\"has-text-align-center\" data-align=\"center\"><img loading=\"lazy\" decoding=\"async\" width=\"150\" height=\"139\" class=\"wp-image-15355\" style=\"width: 150px;\" src=\"https:\/\/agora.xtec.cat\/escolaisaacperal\/wp-content\/uploads\/usu959\/2025\/07\/religio.jpg\" alt=\"\"><\/td><td class=\"has-text-align-center\" data-align=\"center\">\u00a0<img loading=\"lazy\" decoding=\"async\" width=\"169\" height=\"115\" class=\"wp-image-15356\" style=\"width: 169px;\" src=\"https:\/\/agora.xtec.cat\/escolaisaacperal\/wp-content\/uploads\/usu959\/2025\/07\/sortides.jpg\" alt=\"\"><\/td><td class=\"has-text-align-center\" data-align=\"center\">\u00a0<img loading=\"lazy\" decoding=\"async\" width=\"150\" height=\"119\" class=\"wp-image-15350\" style=\"width: 150px;\" src=\"https:\/\/agora.xtec.cat\/escolaisaacperal\/wp-content\/uploads\/usu959\/2025\/07\/dret-imatge.jpg\" alt=\"\"><\/td><td class=\"has-text-align-center\" data-align=\"center\"><img loading=\"lazy\" decoding=\"async\" width=\"140\" height=\"128\" class=\"wp-image-15349\" style=\"width: 140px;\" src=\"https:\/\/agora.xtec.cat\/escolaisaacperal\/wp-content\/uploads\/usu959\/2025\/07\/digital.jpg\" alt=\"\"><\/td><\/tr><tr><td class=\"has-text-align-center\" data-align=\"center\">&nbsp;Declaraci\u00f3 opci\u00f3 de religi\u00f3<\/td><td class=\"has-text-align-center\" data-align=\"center\">Autoritzaci\u00f3 a les sortides i\/o activitats<\/td><td class=\"has-text-align-center\" data-align=\"center\">Dret d&#8217;imatge<\/td><td class=\"has-text-align-center\" data-align=\"center\">\u00das recursos i serveis digitals&nbsp; (menors de 14 anys)<\/td><\/tr><tr><td class=\"has-text-align-center\" data-align=\"center\"><img loading=\"lazy\" decoding=\"async\" width=\"170\" height=\"139\" class=\"wp-image-15348\" style=\"width: 170px;\" src=\"https:\/\/agora.xtec.cat\/escolaisaacperal\/wp-content\/uploads\/usu959\/2025\/07\/diabetes.jpg\" alt=\"\"><\/td><td class=\"has-text-align-center\" data-align=\"center\">\u00a0<img loading=\"lazy\" decoding=\"async\" width=\"180\" height=\"107\" class=\"wp-image-15352\" style=\"width: 180px;\" src=\"https:\/\/agora.xtec.cat\/escolaisaacperal\/wp-content\/uploads\/usu959\/2025\/07\/paracetamol.jpg\" alt=\"\"><\/td><td class=\"has-text-align-center\" data-align=\"center\">\u00a0<img loading=\"lazy\" decoding=\"async\" width=\"150\" height=\"145\" class=\"wp-image-15351\" style=\"width: 150px;\" src=\"https:\/\/agora.xtec.cat\/escolaisaacperal\/wp-content\/uploads\/usu959\/2025\/07\/medicaments.jpg\" alt=\"\"><\/td><td class=\"has-text-align-center\" data-align=\"center\"><figure><a href=\"https:\/\/drive.google.com\/file\/d\/1sW9WDr9tkRw8jK_T1OooOSLRP_QAKotp\/view?usp=sharing\" target=\"_blank\" rel=\"noopener noreferrer\"><img loading=\"lazy\" decoding=\"async\" class=\"aligncenter wp-image-11236 size-medium\" src=\"https:\/\/agora.xtec.cat\/escolaisaacperal\/wp-content\/uploads\/usu959\/2021\/03\/NO-comedor-centro-escolar-copia-300x206.jpg\" alt=\"\" width=\"300\" height=\"206\"><\/a><\/figure><\/td><\/tr><tr><td class=\"has-text-align-center\" data-align=\"center\">Comunicaci\u00f3 de l&#8217;escolaritzaci\u00f3 d&#8217;un\/a nen\/a amb diabetes<\/td><td class=\"has-text-align-center\" data-align=\"center\">Administraci\u00f3 de Paracetamol<\/td><td class=\"has-text-align-center\" data-align=\"center\">&nbsp;Autoritzaci\u00f3 per administrar medicaments<\/td><td class=\"has-text-align-center\" data-align=\"center\">&nbsp;Autoritzaci\u00f3 per no quedar-se a menjador i sortir sol\/a a les 12.30h (alumnat fixe)<\/td><\/tr><\/tbody><\/table><\/figure>\n\n\n\n<p>&nbsp;<\/p>\n\n\n\n<p><\/p>\n","protected":false},"excerpt":{"rendered":"<p>\u00a0 \u00a0 Recollida de l&#8217;alumne\/a per altres persones &nbsp; &nbsp; &nbsp; &nbsp; &nbsp; &nbsp; &nbsp; &nbsp; &nbsp; &nbsp;&nbsp; Recollida de l&#8217;alumne\/a&nbsp; &nbsp;per un menor del centre (germ\u00e0\/cos\u00ed)&nbsp; &nbsp; &nbsp;&nbsp; &nbsp;Sortida dels alumnes sols a partir de 3r PRI &nbsp;Carta de comprom\u00eds \u00a0 \u00a0 &nbsp;Declaraci\u00f3 opci\u00f3 de religi\u00f3 Autoritzaci\u00f3 a les sortides i\/o activitats Dret d&#8217;imatge [&hellip;]<\/p>\n","protected":false},"author":1,"featured_media":0,"parent":0,"menu_order":70,"comment_status":"closed","ping_status":"closed","template":"","meta":{"_bbp_topic_count":0,"_bbp_reply_count":0,"_bbp_total_topic_count":0,"_bbp_total_reply_count":0,"_bbp_voice_count":0,"_bbp_anonymous_reply_count":0,"_bbp_topic_count_hidden":0,"_bbp_reply_count_hidden":0,"_bbp_forum_subforum_count":0,"site-sidebar-layout":"default","site-content-layout":"","ast-site-content-layout":"default","site-content-style":"default","site-sidebar-style":"default","ast-global-header-display":"","ast-banner-title-visibility":"","ast-main-header-display":"","ast-hfb-above-header-display":"","ast-hfb-below-header-display":"","ast-hfb-mobile-header-display":"","site-post-title":"","ast-breadcrumbs-content":"","ast-featured-img":"","footer-sml-layout":"","theme-transparent-header-meta":"default","adv-header-id-meta":"","stick-header-meta":"","header-above-stick-meta":"","header-main-stick-meta":"","header-below-stick-meta":"","astra-migrate-meta-layouts":"set","ast-page-background-enabled":"default","ast-page-background-meta":{"desktop":{"background-color":"var(--ast-global-color-4)","background-image":"","background-repeat":"repeat","background-position":"center center","background-size":"auto","background-attachment":"scroll","background-type":"","background-media":"","overlay-type":"","overlay-color":"","overlay-opacity":"","overlay-gradient":""},"tablet":{"background-color":"","background-image":"","background-repeat":"repeat","background-position":"center center","background-size":"auto","background-attachment":"scroll","background-type":"","background-media":"","overlay-type":"","overlay-color":"","overlay-opacity":"","overlay-gradient":""},"mobile":{"background-color":"","background-image":"","background-repeat":"repeat","background-position":"center center","background-size":"auto","background-attachment":"scroll","background-type":"","background-media":"","overlay-type":"","overlay-color":"","overlay-opacity":"","overlay-gradient":""}},"ast-content-background-meta":{"desktop":{"background-color":"var(--ast-global-color-5)","background-image":"","background-repeat":"repeat","background-position":"center center","background-size":"auto","background-attachment":"scroll","background-type":"","background-media":"","overlay-type":"","overlay-color":"","overlay-opacity":"","overlay-gradient":""},"tablet":{"background-color":"var(--ast-global-color-5)","background-image":"","background-repeat":"repeat","background-position":"center center","background-size":"auto","background-attachment":"scroll","background-type":"","background-media":"","overlay-type":"","overlay-color":"","overlay-opacity":"","overlay-gradient":""},"mobile":{"background-color":"var(--ast-global-color-5)","background-image":"","background-repeat":"repeat","background-position":"center center","background-size":"auto","background-attachment":"scroll","background-type":"","background-media":"","overlay-type":"","overlay-color":"","overlay-opacity":"","overlay-gradient":""}},"footnotes":""},"class_list":["post-36","page","type-page","status-publish","hentry"],"post_mailing_queue_ids":[],"_links":{"self":[{"href":"https:\/\/agora.xtec.cat\/escolaisaacperal\/wp-json\/wp\/v2\/pages\/36","targetHints":{"allow":["GET"]}}],"collection":[{"href":"https:\/\/agora.xtec.cat\/escolaisaacperal\/wp-json\/wp\/v2\/pages"}],"about":[{"href":"https:\/\/agora.xtec.cat\/escolaisaacperal\/wp-json\/wp\/v2\/types\/page"}],"author":[{"embeddable":true,"href":"https:\/\/agora.xtec.cat\/escolaisaacperal\/wp-json\/wp\/v2\/users\/1"}],"replies":[{"embeddable":true,"href":"https:\/\/agora.xtec.cat\/escolaisaacperal\/wp-json\/wp\/v2\/comments?post=36"}],"version-history":[{"count":6,"href":"https:\/\/agora.xtec.cat\/escolaisaacperal\/wp-json\/wp\/v2\/pages\/36\/revisions"}],"predecessor-version":[{"id":15362,"href":"https:\/\/agora.xtec.cat\/escolaisaacperal\/wp-json\/wp\/v2\/pages\/36\/revisions\/15362"}],"wp:attachment":[{"href":"https:\/\/agora.xtec.cat\/escolaisaacperal\/wp-json\/wp\/v2\/media?parent=36"}],"curies":[{"name":"wp","href":"https:\/\/api.w.org\/{rel}","templated":true}]}}