{"id":26,"date":"2014-09-18T12:24:32","date_gmt":"2014-09-18T11:24:32","guid":{"rendered":"http:\/\/agora.xtec.cat\/escolaisaacperal\/?page_id=26"},"modified":"2025-07-11T17:24:50","modified_gmt":"2025-07-11T15:24:50","slug":"historia","status":"publish","type":"page","link":"https:\/\/agora.xtec.cat\/escolaisaacperal\/lescola\/historia\/","title":{"rendered":"El nom de la nostra Escola"},"content":{"rendered":"<p><span style=\"font-weight: 400;\">El curs 1970-1971 es va crear la nostra escola, en aquell moment l\u2019acc\u00e9s principal estava situat al c\/ Isaac Peral, de qui va rebre el nom.<\/span><\/p>\n<p><span style=\"font-weight: 400;\">Isaac Peral va ser el dissenyador del primer submar\u00ed propulsat el\u00e8ctricament, per aquest motiu el logo del nostre centre \u00e9s un submar\u00ed.<\/span><\/p>\n<p><span style=\"font-weight: 400;\">L\u2019escola va triar com a s\u00edmbol el submar\u00ed Ictineu, nau d\u2019origen catal\u00e0 dissenyada per a la investigaci\u00f3 cient\u00edfica del fons mar\u00ed.<\/span><\/p>\n<p><img loading=\"lazy\" decoding=\"async\" class=\"aligncenter size-full wp-image-15125\" src=\"https:\/\/agora.xtec.cat\/escolaisaacperal\/wp-content\/uploads\/usu959\/2025\/07\/logo.png\" alt=\"\" width=\"300\" height=\"200\" srcset=\"https:\/\/agora.xtec.cat\/escolaisaacperal\/wp-content\/uploads\/usu959\/2025\/07\/logo.png 300w, https:\/\/agora.xtec.cat\/escolaisaacperal\/wp-content\/uploads\/usu959\/2025\/07\/logo-200x133.png 200w\" sizes=\"auto, (max-width: 300px) 100vw, 300px\" \/><\/p>\n","protected":false},"excerpt":{"rendered":"<p>El curs 1970-1971 es va crear la nostra escola, en aquell moment l\u2019acc\u00e9s principal estava situat al c\/ Isaac Peral, de qui va rebre el nom. Isaac Peral va ser el dissenyador del primer submar\u00ed propulsat el\u00e8ctricament, per aquest motiu el logo del nostre centre \u00e9s un submar\u00ed. L\u2019escola va triar com a s\u00edmbol el [&hellip;]<\/p>\n","protected":false},"author":1,"featured_media":0,"parent":22,"menu_order":20,"comment_status":"closed","ping_status":"closed","template":"","meta":{"_bbp_topic_count":0,"_bbp_reply_count":0,"_bbp_total_topic_count":0,"_bbp_total_reply_count":0,"_bbp_voice_count":0,"_bbp_anonymous_reply_count":0,"_bbp_topic_count_hidden":0,"_bbp_reply_count_hidden":0,"_bbp_forum_subforum_count":0,"site-sidebar-layout":"default","site-content-layout":"","ast-site-content-layout":"default","site-content-style":"default","site-sidebar-style":"default","ast-global-header-display":"","ast-banner-title-visibility":"","ast-main-header-display":"","ast-hfb-above-header-display":"","ast-hfb-below-header-display":"","ast-hfb-mobile-header-display":"","site-post-title":"","ast-breadcrumbs-content":"","ast-featured-img":"","footer-sml-layout":"","theme-transparent-header-meta":"default","adv-header-id-meta":"","stick-header-meta":"","header-above-stick-meta":"","header-main-stick-meta":"","header-below-stick-meta":"","astra-migrate-meta-layouts":"set","ast-page-background-enabled":"default","ast-page-background-meta":{"desktop":{"background-color":"var(--ast-global-color-4)","background-image":"","background-repeat":"repeat","background-position":"center center","background-size":"auto","background-attachment":"scroll","background-type":"","background-media":"","overlay-type":"","overlay-color":"","overlay-opacity":"","overlay-gradient":""},"tablet":{"background-color":"","background-image":"","background-repeat":"repeat","background-position":"center center","background-size":"auto","background-attachment":"scroll","background-type":"","background-media":"","overlay-type":"","overlay-color":"","overlay-opacity":"","overlay-gradient":""},"mobile":{"background-color":"","background-image":"","background-repeat":"repeat","background-position":"center center","background-size":"auto","background-attachment":"scroll","background-type":"","background-media":"","overlay-type":"","overlay-color":"","overlay-opacity":"","overlay-gradient":""}},"ast-content-background-meta":{"desktop":{"background-color":"var(--ast-global-color-5)","background-image":"","background-repeat":"repeat","background-position":"center center","background-size":"auto","background-attachment":"scroll","background-type":"","background-media":"","overlay-type":"","overlay-color":"","overlay-opacity":"","overlay-gradient":""},"tablet":{"background-color":"var(--ast-global-color-5)","background-image":"","background-repeat":"repeat","background-position":"center center","background-size":"auto","background-attachment":"scroll","background-type":"","background-media":"","overlay-type":"","overlay-color":"","overlay-opacity":"","overlay-gradient":""},"mobile":{"background-color":"var(--ast-global-color-5)","background-image":"","background-repeat":"repeat","background-position":"center center","background-size":"auto","background-attachment":"scroll","background-type":"","background-media":"","overlay-type":"","overlay-color":"","overlay-opacity":"","overlay-gradient":""}},"footnotes":""},"class_list":["post-26","page","type-page","status-publish","hentry"],"post_mailing_queue_ids":[],"_links":{"self":[{"href":"https:\/\/agora.xtec.cat\/escolaisaacperal\/wp-json\/wp\/v2\/pages\/26","targetHints":{"allow":["GET"]}}],"collection":[{"href":"https:\/\/agora.xtec.cat\/escolaisaacperal\/wp-json\/wp\/v2\/pages"}],"about":[{"href":"https:\/\/agora.xtec.cat\/escolaisaacperal\/wp-json\/wp\/v2\/types\/page"}],"author":[{"embeddable":true,"href":"https:\/\/agora.xtec.cat\/escolaisaacperal\/wp-json\/wp\/v2\/users\/1"}],"replies":[{"embeddable":true,"href":"https:\/\/agora.xtec.cat\/escolaisaacperal\/wp-json\/wp\/v2\/comments?post=26"}],"version-history":[{"count":4,"href":"https:\/\/agora.xtec.cat\/escolaisaacperal\/wp-json\/wp\/v2\/pages\/26\/revisions"}],"predecessor-version":[{"id":15259,"href":"https:\/\/agora.xtec.cat\/escolaisaacperal\/wp-json\/wp\/v2\/pages\/26\/revisions\/15259"}],"up":[{"embeddable":true,"href":"https:\/\/agora.xtec.cat\/escolaisaacperal\/wp-json\/wp\/v2\/pages\/22"}],"wp:attachment":[{"href":"https:\/\/agora.xtec.cat\/escolaisaacperal\/wp-json\/wp\/v2\/media?parent=26"}],"curies":[{"name":"wp","href":"https:\/\/api.w.org\/{rel}","templated":true}]}}