{"id":22,"date":"2014-09-18T12:19:57","date_gmt":"2014-09-18T11:19:57","guid":{"rendered":"http:\/\/agora.xtec.cat\/escolaisaacperal\/?page_id=22"},"modified":"2025-07-14T10:16:31","modified_gmt":"2025-07-14T08:16:31","slug":"lescola","status":"publish","type":"page","link":"https:\/\/agora.xtec.cat\/escolaisaacperal\/lescola\/","title":{"rendered":"L&#8217;escola"},"content":{"rendered":"<p style=\"text-align: center;\" align=\"justify\"><span style=\"text-decoration: underline;\"><strong>TRETS D&#8217;IDENTITAT<\/strong><\/span><\/p>\n<p align=\"justify\">Som una escola p\u00fablica catalana, arrelada al barri, a la ciutat i a l&#8217;entorn m\u00e9s proper que s&#8217;inspira en els valors democr\u00e0tics de la llibertat, la just\u00edcia, la conviv\u00e8ncia i la solidaritat. Volem educar els alumnes per ajudar-los a construir-se un pensament racional que els capaciti per formar-se un criteri propi i la seva escala de valors. Els eduquem en la responsabilitat, volem que siguin conscients de la dimensi\u00f3 social de les persones i de la necessitat d&#8217;esfor\u00e7ar-se per millorar la conviv\u00e8ncia i que valorin les conseq\u00fc\u00e8ncies de les seves pr\u00f2pies decisions.<\/p>\n<p align=\"justify\">Aquests aspectes els compartim des de la pluralitat i partim de maneres de fer i pensar diverses i amb la voluntat de consens i de funcionament democr\u00e0tic. Sempre es respecten les difer\u00e8ncies individuals i metodol\u00f2gicament es respecten els diferents ritmes, estils i estrat\u00e8gies d&#8217;aprenentatge de cada alumne i es vetlla perqu\u00e8 sigui ell, el subjecte actiu del seu propi aprenentatge.<\/p>\n<p align=\"justify\">L&#8217;escola \u00e9s una comunitat educativa, una labor d&#8217;equip i el contacte amb la fam\u00edlia \u00e9s un element fonamental de la tasca educativa.<\/p>\n<p style=\"text-align: center;\" align=\"justify\"><span style=\"text-decoration: underline;\"><strong>EL CENTRE OFEREIX<\/strong><\/span><\/p>\n<p>&#8211; Una educaci\u00f3 integral dels alumnes, tant en l&#8217;aspecte individual com emocional, amb atenci\u00f3 personalitzada.<\/p>\n<p>&#8211; Un ensenyament basat en l&#8217;observaci\u00f3, l&#8217;experimentaci\u00f3, l&#8217;activitat i l&#8217;esfor\u00e7 personal.<\/p>\n<p>&#8211; Una educaci\u00f3 musical, psicomotriu i de noves tecnologies des dels tres anys.<\/p>\n<p>&#8211; Un aprenentatge de l&#8217;angl\u00e8s a tota l&#8217;Educaci\u00f3 Prim\u00e0ria i Educaci\u00f3 Infantil.<\/p>\n<p style=\"text-align: center;\"><span style=\"text-decoration: underline;\"><strong>L&#8217;AMPA DE L&#8217;ESCOLA GESTIONA<\/strong><\/span><\/p>\n<p>&#8211; El servei d&#8217;acollida de 8 a 9 del mat\u00ed.<\/p>\n<p>&#8211; Les activitats extraescolars de 16.30 a 18 de la tarda.<\/p>\n<p align=\"center\"><span style=\"text-decoration: underline;\"><b>PARTICIPEM EN<\/b><\/span><\/p>\n<p>&#8211; Programes organitzats per l&#8217;Ajuntament.<\/p>\n<p>&#8211; Projectes educatius que aposten per metodologies noves.<\/p>\n<p>&#8211; Activitats culturals i esportives de la ciutat.<\/p>\n<p align=\"center\"><span style=\"text-decoration: underline;\"><b>ESTRETAMENT RELACIONATS AMB<\/b><\/span><\/p>\n<p>&#8211; Les escoles bressol del barri.<\/p>\n<p>&#8211; Els instituts d&#8217;Educaci\u00f3 Secund\u00e0ria i batxillerat de la zona on continuen els nostres alumnes (IES Nicolau Cop\u00e8rnic, IES Terrassa i IES Aimerigues).<\/p>\n\n\n<p><\/p>\n","protected":false},"excerpt":{"rendered":"<p>TRETS D&#8217;IDENTITAT Som una escola p\u00fablica catalana, arrelada al barri, a la ciutat i a l&#8217;entorn m\u00e9s proper que s&#8217;inspira en els valors democr\u00e0tics de la llibertat, la just\u00edcia, la conviv\u00e8ncia i la solidaritat. Volem educar els alumnes per ajudar-los a construir-se un pensament racional que els capaciti per formar-se un criteri propi i la [&hellip;]<\/p>\n","protected":false},"author":1,"featured_media":0,"parent":0,"menu_order":0,"comment_status":"closed","ping_status":"closed","template":"","meta":{"_bbp_topic_count":0,"_bbp_reply_count":0,"_bbp_total_topic_count":0,"_bbp_total_reply_count":0,"_bbp_voice_count":0,"_bbp_anonymous_reply_count":0,"_bbp_topic_count_hidden":0,"_bbp_reply_count_hidden":0,"_bbp_forum_subforum_count":0,"site-sidebar-layout":"default","site-content-layout":"","ast-site-content-layout":"default","site-content-style":"default","site-sidebar-style":"default","ast-global-header-display":"","ast-banner-title-visibility":"","ast-main-header-display":"","ast-hfb-above-header-display":"","ast-hfb-below-header-display":"","ast-hfb-mobile-header-display":"","site-post-title":"","ast-breadcrumbs-content":"","ast-featured-img":"","footer-sml-layout":"","theme-transparent-header-meta":"","adv-header-id-meta":"","stick-header-meta":"","header-above-stick-meta":"","header-main-stick-meta":"","header-below-stick-meta":"","astra-migrate-meta-layouts":"set","ast-page-background-enabled":"default","ast-page-background-meta":{"desktop":{"background-color":"var(--ast-global-color-4)","background-image":"","background-repeat":"repeat","background-position":"center center","background-size":"auto","background-attachment":"scroll","background-type":"","background-media":"","overlay-type":"","overlay-color":"","overlay-opacity":"","overlay-gradient":""},"tablet":{"background-color":"","background-image":"","background-repeat":"repeat","background-position":"center center","background-size":"auto","background-attachment":"scroll","background-type":"","background-media":"","overlay-type":"","overlay-color":"","overlay-opacity":"","overlay-gradient":""},"mobile":{"background-color":"","background-image":"","background-repeat":"repeat","background-position":"center center","background-size":"auto","background-attachment":"scroll","background-type":"","background-media":"","overlay-type":"","overlay-color":"","overlay-opacity":"","overlay-gradient":""}},"ast-content-background-meta":{"desktop":{"background-color":"var(--ast-global-color-5)","background-image":"","background-repeat":"repeat","background-position":"center center","background-size":"auto","background-attachment":"scroll","background-type":"","background-media":"","overlay-type":"","overlay-color":"","overlay-opacity":"","overlay-gradient":""},"tablet":{"background-color":"var(--ast-global-color-5)","background-image":"","background-repeat":"repeat","background-position":"center center","background-size":"auto","background-attachment":"scroll","background-type":"","background-media":"","overlay-type":"","overlay-color":"","overlay-opacity":"","overlay-gradient":""},"mobile":{"background-color":"var(--ast-global-color-5)","background-image":"","background-repeat":"repeat","background-position":"center center","background-size":"auto","background-attachment":"scroll","background-type":"","background-media":"","overlay-type":"","overlay-color":"","overlay-opacity":"","overlay-gradient":""}},"footnotes":""},"class_list":["post-22","page","type-page","status-publish","hentry"],"post_mailing_queue_ids":[],"_links":{"self":[{"href":"https:\/\/agora.xtec.cat\/escolaisaacperal\/wp-json\/wp\/v2\/pages\/22","targetHints":{"allow":["GET"]}}],"collection":[{"href":"https:\/\/agora.xtec.cat\/escolaisaacperal\/wp-json\/wp\/v2\/pages"}],"about":[{"href":"https:\/\/agora.xtec.cat\/escolaisaacperal\/wp-json\/wp\/v2\/types\/page"}],"author":[{"embeddable":true,"href":"https:\/\/agora.xtec.cat\/escolaisaacperal\/wp-json\/wp\/v2\/users\/1"}],"replies":[{"embeddable":true,"href":"https:\/\/agora.xtec.cat\/escolaisaacperal\/wp-json\/wp\/v2\/comments?post=22"}],"version-history":[{"count":6,"href":"https:\/\/agora.xtec.cat\/escolaisaacperal\/wp-json\/wp\/v2\/pages\/22\/revisions"}],"predecessor-version":[{"id":15422,"href":"https:\/\/agora.xtec.cat\/escolaisaacperal\/wp-json\/wp\/v2\/pages\/22\/revisions\/15422"}],"wp:attachment":[{"href":"https:\/\/agora.xtec.cat\/escolaisaacperal\/wp-json\/wp\/v2\/media?parent=22"}],"curies":[{"name":"wp","href":"https:\/\/api.w.org\/{rel}","templated":true}]}}