{"id":11873,"date":"2021-07-07T14:27:33","date_gmt":"2021-07-07T12:27:33","guid":{"rendered":"http:\/\/agora.xtec.cat\/escolaisaacperal\/?page_id=11873"},"modified":"2025-07-14T17:29:41","modified_gmt":"2025-07-14T15:29:41","slug":"projecte-educatiu","status":"publish","type":"page","link":"https:\/\/agora.xtec.cat\/escolaisaacperal\/projecte-educatiu\/","title":{"rendered":"Projecte Educatiu"},"content":{"rendered":"<p>Recull la documentaci\u00f3 del centre i projectes que es duen a terme al centre.<\/p>\n<p>DOCUMENTACI\u00d3:<\/p>\n<ul>\n<li><a href=\"https:\/\/drive.google.com\/file\/d\/1tjYO8j6LyL4hLtdF86--Z-gPnbiqTFZ-\/view\" target=\"_blank\" rel=\"noopener\">Projecte Educatiu de Centre (PEC)<\/a><\/li>\n<li><a href=\"https:\/\/drive.google.com\/file\/d\/1tPwOGyuGxFsOVx44mxHQt2zFkoIfYVZc\/view?usp=drive_link\" target=\"_blank\" rel=\"noopener\">Normes d&#8217;Organitzaci\u00f3 i Funcionament de Centre (NOFC).<\/a><\/li>\n<li><a href=\"https:\/\/drive.google.com\/file\/d\/1YHZApI8HJhAwPLYhko0x3v0ppUSQqc8G\/view?usp=drive_link\" target=\"_blank\" rel=\"noopener\">Normes de conviv\u00e8ncia.<\/a><\/li>\n<li><a href=\"https:\/\/drive.google.com\/file\/d\/1PX-_I6YEJ03fhv7qK-o9c3R47n4XrLA4\/view?usp=drive_link\" target=\"_blank\" rel=\"noopener\">Projecte Ling\u00fc\u00edstic (PLC).<\/a><\/li>\n<li><a href=\"https:\/\/drive.google.com\/file\/d\/1rO4EfOpiA-FKo5ttaXTg2zqqNbPo8kdI\/view\" target=\"_blank\" rel=\"noopener\">Pla d&#8217;acompanyament al practicum<\/a><\/li>\n<\/ul>\n<p>ALTRES PROJECTES:<\/p>\n<ul>\n<li><a href=\"http:\/\/agora.xtec.cat\/escolaisaacperal\/categoria\/english\/\">The English Corner<\/a><\/li>\n<li><a href=\"https:\/\/agora.xtec.cat\/escolaisaacperal\/categoria\/mediacio\/\" target=\"_blank\" rel=\"noopener\">COCOBE<\/a><\/li>\n<li><a href=\"http:\/\/agora.xtec.cat\/escolaisaacperal\/categoria\/biblioteca\/\">Biblioteca puntEdu<\/a><\/li>\n<li><a href=\"http:\/\/agora.xtec.cat\/escolaisaacperal\/categoria\/esport\/\">Pla Catal\u00e0 de l\u2019Esport<\/a><\/li>\n<li><a href=\"http:\/\/agora.xtec.cat\/escolaisaacperal\/categoria\/coordinacions\/\">Coordinacions amb Instituds adscrits.<\/a><\/li>\n<li><a href=\"https:\/\/agora.xtec.cat\/escolaisaacperal\/categoria\/svb\/\" target=\"_blank\" rel=\"noopener\">Suport Vital B\u00e0sic.<\/a><\/li>\n<\/ul>\n","protected":false},"excerpt":{"rendered":"<p>Recull la documentaci\u00f3 del centre i projectes que es duen a terme al centre. DOCUMENTACI\u00d3: Projecte Educatiu de Centre (PEC) Normes d&#8217;Organitzaci\u00f3 i Funcionament de Centre (NOFC). Normes de conviv\u00e8ncia. Projecte Ling\u00fc\u00edstic (PLC). Pla d&#8217;acompanyament al practicum ALTRES PROJECTES: The English Corner COCOBE Biblioteca puntEdu Pla Catal\u00e0 de l\u2019Esport Coordinacions amb Instituds adscrits. Suport Vital [&hellip;]<\/p>\n","protected":false},"author":1,"featured_media":0,"parent":0,"menu_order":0,"comment_status":"closed","ping_status":"closed","template":"","meta":{"_bbp_topic_count":0,"_bbp_reply_count":0,"_bbp_total_topic_count":0,"_bbp_total_reply_count":0,"_bbp_voice_count":0,"_bbp_anonymous_reply_count":0,"_bbp_topic_count_hidden":0,"_bbp_reply_count_hidden":0,"_bbp_forum_subforum_count":0,"site-sidebar-layout":"default","site-content-layout":"","ast-site-content-layout":"default","site-content-style":"default","site-sidebar-style":"default","ast-global-header-display":"","ast-banner-title-visibility":"","ast-main-header-display":"","ast-hfb-above-header-display":"","ast-hfb-below-header-display":"","ast-hfb-mobile-header-display":"","site-post-title":"","ast-breadcrumbs-content":"","ast-featured-img":"","footer-sml-layout":"","theme-transparent-header-meta":"default","adv-header-id-meta":"","stick-header-meta":"","header-above-stick-meta":"","header-main-stick-meta":"","header-below-stick-meta":"","astra-migrate-meta-layouts":"set","ast-page-background-enabled":"default","ast-page-background-meta":{"desktop":{"background-color":"var(--ast-global-color-4)","background-image":"","background-repeat":"repeat","background-position":"center center","background-size":"auto","background-attachment":"scroll","background-type":"","background-media":"","overlay-type":"","overlay-color":"","overlay-opacity":"","overlay-gradient":""},"tablet":{"background-color":"","background-image":"","background-repeat":"repeat","background-position":"center center","background-size":"auto","background-attachment":"scroll","background-type":"","background-media":"","overlay-type":"","overlay-color":"","overlay-opacity":"","overlay-gradient":""},"mobile":{"background-color":"","background-image":"","background-repeat":"repeat","background-position":"center center","background-size":"auto","background-attachment":"scroll","background-type":"","background-media":"","overlay-type":"","overlay-color":"","overlay-opacity":"","overlay-gradient":""}},"ast-content-background-meta":{"desktop":{"background-color":"var(--ast-global-color-5)","background-image":"","background-repeat":"repeat","background-position":"center center","background-size":"auto","background-attachment":"scroll","background-type":"","background-media":"","overlay-type":"","overlay-color":"","overlay-opacity":"","overlay-gradient":""},"tablet":{"background-color":"var(--ast-global-color-5)","background-image":"","background-repeat":"repeat","background-position":"center center","background-size":"auto","background-attachment":"scroll","background-type":"","background-media":"","overlay-type":"","overlay-color":"","overlay-opacity":"","overlay-gradient":""},"mobile":{"background-color":"var(--ast-global-color-5)","background-image":"","background-repeat":"repeat","background-position":"center center","background-size":"auto","background-attachment":"scroll","background-type":"","background-media":"","overlay-type":"","overlay-color":"","overlay-opacity":"","overlay-gradient":""}},"footnotes":""},"class_list":["post-11873","page","type-page","status-publish","hentry"],"post_mailing_queue_ids":[],"_links":{"self":[{"href":"https:\/\/agora.xtec.cat\/escolaisaacperal\/wp-json\/wp\/v2\/pages\/11873","targetHints":{"allow":["GET"]}}],"collection":[{"href":"https:\/\/agora.xtec.cat\/escolaisaacperal\/wp-json\/wp\/v2\/pages"}],"about":[{"href":"https:\/\/agora.xtec.cat\/escolaisaacperal\/wp-json\/wp\/v2\/types\/page"}],"author":[{"embeddable":true,"href":"https:\/\/agora.xtec.cat\/escolaisaacperal\/wp-json\/wp\/v2\/users\/1"}],"replies":[{"embeddable":true,"href":"https:\/\/agora.xtec.cat\/escolaisaacperal\/wp-json\/wp\/v2\/comments?post=11873"}],"version-history":[{"count":5,"href":"https:\/\/agora.xtec.cat\/escolaisaacperal\/wp-json\/wp\/v2\/pages\/11873\/revisions"}],"predecessor-version":[{"id":15425,"href":"https:\/\/agora.xtec.cat\/escolaisaacperal\/wp-json\/wp\/v2\/pages\/11873\/revisions\/15425"}],"wp:attachment":[{"href":"https:\/\/agora.xtec.cat\/escolaisaacperal\/wp-json\/wp\/v2\/media?parent=11873"}],"curies":[{"name":"wp","href":"https:\/\/api.w.org\/{rel}","templated":true}]}}