{"id":580,"date":"2015-11-04T16:17:36","date_gmt":"2015-11-04T15:17:36","guid":{"rendered":"http:\/\/agora.xtec.cat\/escolaildefonscerda\/?page_id=580"},"modified":"2025-01-22T10:56:01","modified_gmt":"2025-01-22T09:56:01","slug":"consell-escolar","status":"publish","type":"page","link":"https:\/\/agora.xtec.cat\/escolaildefonscerda\/consell-escolar\/","title":{"rendered":"Consell escolar"},"content":{"rendered":"<p>\u00c9s l&#8217;\u00f2rgan que supervisa i avalua el desenvolupament de la programaci\u00f3 anual en l&#8217;\u00e0mbit docent i en l&#8217;administratiu, i dels resultats que se n&#8217;obtenen, que seran recollits en la mem\u00f2ria anual. Hi estan representats els diferents sectors de la comunitat educativa.<\/p>\n<p>La composici\u00f3 del consell escolar:<\/p>\n<table style=\"width: 100%; height: 296px;\">\n<tbody>\n<tr style=\"height: 33px;\">\n<td style=\"background-color: #3aa9cf; height: 33px;\"><strong>Presidenta<\/strong><\/td>\n<td style=\"height: 33px; background-color: #9ce6ff;\">Mariona Valero<\/td>\n<\/tr>\n<tr style=\"height: 33px;\">\n<td style=\"background-color: #3aa9cf; height: 33px;\"><strong>Cap d&#8217;estudis<\/strong><\/td>\n<td style=\"height: 33px; background-color: #9ce6ff;\">Susanna Mart\u00edn<\/td>\n<\/tr>\n<tr style=\"height: 33px;\">\n<td style=\"background-color: #3aa9cf; height: 33px;\"><strong>Secret\u00e0ria<\/strong><\/td>\n<td style=\"height: 33px; background-color: #9ce6ff;\">Miriam Ortiz<\/td>\n<\/tr>\n<tr style=\"height: 49px;\">\n<td style=\"background-color: #3aa9cf; height: 49px;\"><strong>Representants claustres mestres<\/strong><\/td>\n<td style=\"height: 49px; background-color: #9ce6ff;\">Anna Rovira, Balma Mart\u00ed, Ber Currius, Elisenda Ninot, Patr\u00edcia Salmeron i Jordi Boixeda<\/td>\n<\/tr>\n<tr style=\"height: 49px;\">\n<td style=\"background-color: #3aa9cf; height: 49px;\"><strong>Representants de pares i mares<\/strong><\/td>\n<td style=\"height: 49px; background-color: #9ce6ff;\">Blanca Arany\u00f3, Mariona Fern\u00e1ndez, Marta Par\u00e9, Anna G\u00f3mez i N\u00faria Vila<\/td>\n<\/tr>\n<tr style=\"height: 33px;\">\n<td style=\"background-color: #3aa9cf; height: 33px;\"><strong>Representants AMPA<\/strong><\/td>\n<td style=\"height: 33px; background-color: #9ce6ff;\">Rosa Puig<\/td>\n<\/tr>\n<tr style=\"height: 33px;\">\n<td style=\"background-color: #3aa9cf; height: 33px;\"><strong>Representant Ajuntament<\/strong><\/td>\n<td style=\"height: 33px; background-color: #9ce6ff;\">V\u00edctor L\u00f3pez<\/td>\n<\/tr>\n<tr style=\"height: 33px;\">\n<td style=\"background-color: #3aa9cf; height: 33px;\"><strong>Representant PAS<\/strong><\/td>\n<td style=\"height: 33px; background-color: #9ce6ff;\">Tina Falgueras i Carri Plancha<\/td>\n<\/tr>\n<\/tbody>\n<\/table>\n<p>&nbsp;<\/p>\n","protected":false},"excerpt":{"rendered":"<p>\u00c9s l&#8217;\u00f2rgan que supervisa i avalua el desenvolupament de la programaci\u00f3 anual en l&#8217;\u00e0mbit docent i en l&#8217;administratiu, i dels resultats que se n&#8217;obtenen, que seran recollits en la mem\u00f2ria anual. Hi estan representats els diferents sectors de la comunitat educativa.<br \/>\nLa composici\u00f3 del consell escolar:<\/p>\n<p>Presidenta<br \/>\nMariona&hellip;  <a href=\"https:\/\/agora.xtec.cat\/escolaildefonscerda\/consell-escolar\/\" title=\"Read Consell escolar\">Llegeix m\u00e9s\u00bb<\/a><\/p>\n","protected":false},"author":1,"featured_media":0,"parent":0,"menu_order":0,"comment_status":"closed","ping_status":"closed","template":"","meta":{"_bbp_topic_count":0,"_bbp_reply_count":0,"_bbp_total_topic_count":0,"_bbp_total_reply_count":0,"_bbp_voice_count":0,"_bbp_anonymous_reply_count":0,"_bbp_topic_count_hidden":0,"_bbp_reply_count_hidden":0,"_bbp_forum_subforum_count":0,"footnotes":""},"class_list":["post-580","page","type-page","status-publish","hentry"],"post_mailing_queue_ids":[],"_links":{"self":[{"href":"https:\/\/agora.xtec.cat\/escolaildefonscerda\/wp-json\/wp\/v2\/pages\/580","targetHints":{"allow":["GET"]}}],"collection":[{"href":"https:\/\/agora.xtec.cat\/escolaildefonscerda\/wp-json\/wp\/v2\/pages"}],"about":[{"href":"https:\/\/agora.xtec.cat\/escolaildefonscerda\/wp-json\/wp\/v2\/types\/page"}],"author":[{"embeddable":true,"href":"https:\/\/agora.xtec.cat\/escolaildefonscerda\/wp-json\/wp\/v2\/users\/1"}],"replies":[{"embeddable":true,"href":"https:\/\/agora.xtec.cat\/escolaildefonscerda\/wp-json\/wp\/v2\/comments?post=580"}],"version-history":[{"count":4,"href":"https:\/\/agora.xtec.cat\/escolaildefonscerda\/wp-json\/wp\/v2\/pages\/580\/revisions"}],"predecessor-version":[{"id":3010,"href":"https:\/\/agora.xtec.cat\/escolaildefonscerda\/wp-json\/wp\/v2\/pages\/580\/revisions\/3010"}],"wp:attachment":[{"href":"https:\/\/agora.xtec.cat\/escolaildefonscerda\/wp-json\/wp\/v2\/media?parent=580"}],"curies":[{"name":"wp","href":"https:\/\/api.w.org\/{rel}","templated":true}]}}