{"id":344,"date":"2015-09-09T09:47:33","date_gmt":"2015-09-09T08:47:33","guid":{"rendered":"http:\/\/agora.xtec.cat\/escolaildefonscerda\/?page_id=344"},"modified":"2024-03-06T13:43:48","modified_gmt":"2024-03-06T12:43:48","slug":"activitats-esportives-en-familia","status":"publish","type":"page","link":"https:\/\/agora.xtec.cat\/escolaildefonscerda\/activitats-esportives-en-familia\/","title":{"rendered":"Activitats esportives en fam\u00edlia"},"content":{"rendered":"<p>Els alumnes de 6\u00e8 i el mestre d&#8217;educaci\u00f3 f\u00edsica amb col\u00b7laboraci\u00f3 de l&#8217;AFA, organitzen dues activitats esportives, una inici i una a final de curs, amb l&#8217;objectiu que els alumnes i les seves\u00a0 fam\u00edlies puguin passar una tarda compartint diversi\u00f3, activitat f\u00edsica i bona companyia.<\/p>\n<p>Des de fa catorze anys, a l&#8217;inici de curs, es realitza el cros escolar, on des del m\u00e9s petit al m\u00e9s gran pot realitzar una cursa pel pati de l&#8217;edifici de dalt.<\/p>\n<p>A final de curs es realitza una segona activitat que varia any rere any, per\u00f2 que mant\u00e9 l&#8217;esperit de convertir el pati de l&#8217;escola en un immens espai de joc que gira al voltant d&#8217;un tema en concret, on les fam\u00edlies poden gaudir de diverses activitats.<\/p>\n<p>Les activitats que s&#8217;han realitzat durant tots aquests anys:<\/p>\n<p><strong>Curs 2009 &#8211; 2010:<\/strong><\/p>\n<ul>\n<li>1r Cross Escolar<\/li>\n<\/ul>\n<p><strong>Curs 2010 &#8211; 2011:<\/strong><\/p>\n<ul>\n<li>2n Cross Escolar<\/li>\n<li>Rodolem per l&#8217;escola<\/li>\n<\/ul>\n<p><strong>Curs 2011 &#8211; 2012:<\/strong><\/p>\n<ul>\n<li>3r Cross Escolar<\/li>\n<li>Jocs ol\u00edmpics<\/li>\n<\/ul>\n<p><strong>Curs 2012 &#8211; 2013:<\/strong><\/p>\n<ul>\n<li>4t Cross Escolar<\/li>\n<li>Cursa d&#8217;orientaci\u00f3<\/li>\n<\/ul>\n<p><strong>Curs 2013 &#8211; 2014:<\/strong><\/p>\n<ul>\n<li>5\u00e8 Cross Escolar<\/li>\n<li>Jocs amb hist\u00f2ria<\/li>\n<\/ul>\n<p><strong>Curs 2014 &#8211; 2015:<\/strong><\/p>\n<ul>\n<li>6\u00e8 Cross Escolar<\/li>\n<li>Les dones tamb\u00e9 juguen<\/li>\n<\/ul>\n<p><strong>Curs 2015 &#8211; 2016:<\/strong><\/p>\n<ul>\n<li>7\u00e8 Cross Escolar<\/li>\n<li>Olimp\u00edada matem\u00e0tica<\/li>\n<\/ul>\n<p><strong>Curs 2016 &#8211; 2017:<\/strong><\/p>\n<ul>\n<li>8\u00e8 Cross Escolar<\/li>\n<li>La mat\u00e8ria del joc<\/li>\n<\/ul>\n<p><strong>Curs 2017 &#8211; 2018:<\/strong><\/p>\n<ul>\n<li>9\u00e8 Cross escolar<\/li>\n<li>Eurojocs<\/li>\n<\/ul>\n<p><strong>Curs 2018 &#8211; 2019:<\/strong><\/p>\n<ul>\n<li>10\u00e8 Cross Escolar<\/li>\n<li>10\u00e8 aniversari<\/li>\n<\/ul>\n<p><strong>Curs 2019 &#8211; 2020:<\/strong><\/p>\n<ul>\n<li>11\u00e8 Cross Escolar<\/li>\n<li>COVID<\/li>\n<\/ul>\n<p><strong>Curs 2020 &#8211; 2021:<\/strong><\/p>\n<ul>\n<li>COVID<\/li>\n<\/ul>\n<p><strong>Curs 2021 &#8211; 2022:<\/strong><\/p>\n<ul>\n<li>12\u00e8 Cross Escolar<\/li>\n<\/ul>\n<p><strong>Curs 2022 &#8211; 2023:<\/strong><\/p>\n<ul>\n<li>13\u00e8 Cross Escolar<\/li>\n<li>Lectojocs<\/li>\n<\/ul>\n<p><strong>Curs 2023-2024:<\/strong><\/p>\n<ul style=\"list-style-type: disc;\">\n<li>\u00a014\u00e8 Cross Escolar<\/li>\n<\/ul>\n<p><a href=\"https:\/\/agora.xtec.cat\/escolaildefonscerda\/wp-content\/uploads\/usu1044\/2024\/03\/1.jpg\"><img loading=\"lazy\" decoding=\"async\" class=\"size-full wp-image-2924 alignleft\" src=\"https:\/\/agora.xtec.cat\/escolaildefonscerda\/wp-content\/uploads\/usu1044\/2024\/03\/1.jpg\" alt=\"\" width=\"300\" height=\"400\" srcset=\"https:\/\/agora.xtec.cat\/escolaildefonscerda\/wp-content\/uploads\/usu1044\/2024\/03\/1.jpg 300w, https:\/\/agora.xtec.cat\/escolaildefonscerda\/wp-content\/uploads\/usu1044\/2024\/03\/1-225x300.jpg 225w\" sizes=\"auto, (max-width: 300px) 100vw, 300px\" \/><\/a> <a href=\"https:\/\/agora.xtec.cat\/escolaildefonscerda\/wp-content\/uploads\/usu1044\/2024\/03\/2.jpg\"><img loading=\"lazy\" decoding=\"async\" class=\"size-full wp-image-2925 alignnone\" src=\"https:\/\/agora.xtec.cat\/escolaildefonscerda\/wp-content\/uploads\/usu1044\/2024\/03\/2.jpg\" alt=\"\" width=\"400\" height=\"300\" srcset=\"https:\/\/agora.xtec.cat\/escolaildefonscerda\/wp-content\/uploads\/usu1044\/2024\/03\/2.jpg 400w, https:\/\/agora.xtec.cat\/escolaildefonscerda\/wp-content\/uploads\/usu1044\/2024\/03\/2-300x225.jpg 300w, https:\/\/agora.xtec.cat\/escolaildefonscerda\/wp-content\/uploads\/usu1044\/2024\/03\/2-200x150.jpg 200w\" sizes=\"auto, (max-width: 400px) 100vw, 400px\" \/><\/a> <a href=\"https:\/\/agora.xtec.cat\/escolaildefonscerda\/wp-content\/uploads\/usu1044\/2024\/03\/3.jpg\"><img loading=\"lazy\" decoding=\"async\" class=\"size-full wp-image-2926 alignleft\" src=\"https:\/\/agora.xtec.cat\/escolaildefonscerda\/wp-content\/uploads\/usu1044\/2024\/03\/3.jpg\" alt=\"\" width=\"400\" height=\"300\" srcset=\"https:\/\/agora.xtec.cat\/escolaildefonscerda\/wp-content\/uploads\/usu1044\/2024\/03\/3.jpg 400w, https:\/\/agora.xtec.cat\/escolaildefonscerda\/wp-content\/uploads\/usu1044\/2024\/03\/3-300x225.jpg 300w, https:\/\/agora.xtec.cat\/escolaildefonscerda\/wp-content\/uploads\/usu1044\/2024\/03\/3-200x150.jpg 200w\" sizes=\"auto, (max-width: 400px) 100vw, 400px\" \/><\/a><\/p>\n","protected":false},"excerpt":{"rendered":"<p>Els alumnes de 6\u00e8 i el mestre d&#8217;educaci\u00f3 f\u00edsica amb col\u00b7laboraci\u00f3 de l&#8217;AFA, organitzen dues activitats esportives, una inici i una a final de curs, amb l&#8217;objectiu que els alumnes i les seves\u00a0 fam\u00edlies puguin passar una tarda compartint diversi\u00f3, activitat f\u00edsica i bona companyia.<br \/>\nDes&hellip;  <a href=\"https:\/\/agora.xtec.cat\/escolaildefonscerda\/activitats-esportives-en-familia\/\" title=\"Read Activitats esportives en fam\u00edlia\">Llegeix m\u00e9s\u00bb<\/a><\/p>\n","protected":false},"author":1,"featured_media":0,"parent":0,"menu_order":0,"comment_status":"closed","ping_status":"closed","template":"","meta":{"_bbp_topic_count":0,"_bbp_reply_count":0,"_bbp_total_topic_count":0,"_bbp_total_reply_count":0,"_bbp_voice_count":0,"_bbp_anonymous_reply_count":0,"_bbp_topic_count_hidden":0,"_bbp_reply_count_hidden":0,"_bbp_forum_subforum_count":0,"footnotes":""},"class_list":["post-344","page","type-page","status-publish","hentry"],"post_mailing_queue_ids":[],"_links":{"self":[{"href":"https:\/\/agora.xtec.cat\/escolaildefonscerda\/wp-json\/wp\/v2\/pages\/344","targetHints":{"allow":["GET"]}}],"collection":[{"href":"https:\/\/agora.xtec.cat\/escolaildefonscerda\/wp-json\/wp\/v2\/pages"}],"about":[{"href":"https:\/\/agora.xtec.cat\/escolaildefonscerda\/wp-json\/wp\/v2\/types\/page"}],"author":[{"embeddable":true,"href":"https:\/\/agora.xtec.cat\/escolaildefonscerda\/wp-json\/wp\/v2\/users\/1"}],"replies":[{"embeddable":true,"href":"https:\/\/agora.xtec.cat\/escolaildefonscerda\/wp-json\/wp\/v2\/comments?post=344"}],"version-history":[{"count":6,"href":"https:\/\/agora.xtec.cat\/escolaildefonscerda\/wp-json\/wp\/v2\/pages\/344\/revisions"}],"predecessor-version":[{"id":2927,"href":"https:\/\/agora.xtec.cat\/escolaildefonscerda\/wp-json\/wp\/v2\/pages\/344\/revisions\/2927"}],"wp:attachment":[{"href":"https:\/\/agora.xtec.cat\/escolaildefonscerda\/wp-json\/wp\/v2\/media?parent=344"}],"curies":[{"name":"wp","href":"https:\/\/api.w.org\/{rel}","templated":true}]}}