{"id":340,"date":"2015-09-09T09:47:10","date_gmt":"2015-09-09T08:47:10","guid":{"rendered":"http:\/\/agora.xtec.cat\/escolaildefonscerda\/?page_id=340"},"modified":"2023-01-26T09:37:13","modified_gmt":"2023-01-26T08:37:13","slug":"pla-de-convivencia","status":"publish","type":"page","link":"https:\/\/agora.xtec.cat\/escolaildefonscerda\/pla-de-convivencia\/","title":{"rendered":"Pla de conviv\u00e8ncia"},"content":{"rendered":"<p>\u00c9s el conjunt d\u2019estrat\u00e8gies i pautes d\u2019actuaci\u00f3 adre\u00e7ades a la comunitat educativa per fomentar la conviv\u00e8ncia escolar i garantir un entorn segur per al ple desenvolupament de la personalitat, facilitant la prevenci\u00f3 de conductes contr\u00e0ries a aquesta conviv\u00e8ncia i la resoluci\u00f3 de les diferents situacions.<\/p>\n<p><a href=\"https:\/\/agora.xtec.cat\/escolaildefonscerda\/wp-content\/uploads\/usu1044\/2023\/01\/IMG-20230120-WA0024.jpg\"><img loading=\"lazy\" decoding=\"async\" class=\"aligncenter size-large wp-image-2707\" src=\"https:\/\/agora.xtec.cat\/escolaildefonscerda\/wp-content\/uploads\/usu1044\/2023\/01\/IMG-20230120-WA0024-1024x576.jpg\" alt=\"\" width=\"1024\" height=\"576\" srcset=\"https:\/\/agora.xtec.cat\/escolaildefonscerda\/wp-content\/uploads\/usu1044\/2023\/01\/IMG-20230120-WA0024-1024x576.jpg 1024w, https:\/\/agora.xtec.cat\/escolaildefonscerda\/wp-content\/uploads\/usu1044\/2023\/01\/IMG-20230120-WA0024-300x169.jpg 300w, https:\/\/agora.xtec.cat\/escolaildefonscerda\/wp-content\/uploads\/usu1044\/2023\/01\/IMG-20230120-WA0024-768x432.jpg 768w, https:\/\/agora.xtec.cat\/escolaildefonscerda\/wp-content\/uploads\/usu1044\/2023\/01\/IMG-20230120-WA0024-1536x864.jpg 1536w, https:\/\/agora.xtec.cat\/escolaildefonscerda\/wp-content\/uploads\/usu1044\/2023\/01\/IMG-20230120-WA0024.jpg 1600w\" sizes=\"auto, (max-width: 1024px) 100vw, 1024px\" \/><\/a><\/p>\n<h2><span style=\"color: #99ccff;\">Estrat\u00e8gies d&#8217;actuaci\u00f3:<\/span><\/h2>\n<ul>\n<li>Din\u00e0miques de grup.<\/li>\n<li>Jocs de rol.<\/li>\n<li>Assemblees.<\/li>\n<li>Tutories grupals i individualitzades.<\/li>\n<li>Manual de butxaca converses i reunions restauratives.<\/li>\n<li>Sociograma CESC<\/li>\n<li>Fulls de reflexi\u00f3<\/li>\n<li>Tractem-nos b\u00e9.<\/li>\n<li>Equips per la conviv\u00e8ncia.<\/li>\n<li>Mediaci\u00f3 escolar.<\/li>\n<li>M\u00e8tode Pikas.<\/li>\n<\/ul>\n","protected":false},"excerpt":{"rendered":"<p>\u00c9s el conjunt d\u2019estrat\u00e8gies i pautes d\u2019actuaci\u00f3 adre\u00e7ades a la comunitat educativa per fomentar la conviv\u00e8ncia escolar i garantir un entorn segur per al ple desenvolupament de la personalitat, facilitant la prevenci\u00f3 de conductes contr\u00e0ries a aquesta conviv\u00e8ncia i la resoluci\u00f3 de les diferents situacions.<br \/>\n<a&hellip;  <a href=\"https:\/\/agora.xtec.cat\/escolaildefonscerda\/pla-de-convivencia\/\" title=\"Read Pla de conviv\u00e8ncia\">Llegeix m\u00e9s\u00bb<\/a><\/p>\n","protected":false},"author":1,"featured_media":0,"parent":0,"menu_order":0,"comment_status":"closed","ping_status":"closed","template":"","meta":{"_bbp_topic_count":0,"_bbp_reply_count":0,"_bbp_total_topic_count":0,"_bbp_total_reply_count":0,"_bbp_voice_count":0,"_bbp_anonymous_reply_count":0,"_bbp_topic_count_hidden":0,"_bbp_reply_count_hidden":0,"_bbp_forum_subforum_count":0,"footnotes":""},"class_list":["post-340","page","type-page","status-publish","hentry"],"post_mailing_queue_ids":[],"_links":{"self":[{"href":"https:\/\/agora.xtec.cat\/escolaildefonscerda\/wp-json\/wp\/v2\/pages\/340","targetHints":{"allow":["GET"]}}],"collection":[{"href":"https:\/\/agora.xtec.cat\/escolaildefonscerda\/wp-json\/wp\/v2\/pages"}],"about":[{"href":"https:\/\/agora.xtec.cat\/escolaildefonscerda\/wp-json\/wp\/v2\/types\/page"}],"author":[{"embeddable":true,"href":"https:\/\/agora.xtec.cat\/escolaildefonscerda\/wp-json\/wp\/v2\/users\/1"}],"replies":[{"embeddable":true,"href":"https:\/\/agora.xtec.cat\/escolaildefonscerda\/wp-json\/wp\/v2\/comments?post=340"}],"version-history":[{"count":3,"href":"https:\/\/agora.xtec.cat\/escolaildefonscerda\/wp-json\/wp\/v2\/pages\/340\/revisions"}],"predecessor-version":[{"id":2708,"href":"https:\/\/agora.xtec.cat\/escolaildefonscerda\/wp-json\/wp\/v2\/pages\/340\/revisions\/2708"}],"wp:attachment":[{"href":"https:\/\/agora.xtec.cat\/escolaildefonscerda\/wp-json\/wp\/v2\/media?parent=340"}],"curies":[{"name":"wp","href":"https:\/\/api.w.org\/{rel}","templated":true}]}}