{"id":336,"date":"2015-09-09T09:46:47","date_gmt":"2015-09-09T08:46:47","guid":{"rendered":"http:\/\/agora.xtec.cat\/escolaildefonscerda\/?page_id=336"},"modified":"2023-01-26T09:45:09","modified_gmt":"2023-01-26T08:45:09","slug":"tallers-dart","status":"publish","type":"page","link":"https:\/\/agora.xtec.cat\/escolaildefonscerda\/tallers-dart\/","title":{"rendered":"Tallers d&#8217;art"},"content":{"rendered":"<p>S\u00f3n tallers dirigits als infants de cicle mitj\u00e0 per fomentar la sensibilitat art\u00edstica i desenvolupar actituds creatives mitjan\u00e7ant les diferents t\u00e8cniques de creaci\u00f3.<\/p>\n<p>Aquests tallers estan subvencionats per l&#8217;AFA\u00a0 i ens els fan el grup de Tallers d&#8217;Art de Centelles.<\/p>\n<h2><span style=\"color: #99ccff;\">Objectius:<\/span><\/h2>\n<ul>\n<li>Aprendre a expressar-se pl\u00e0sticament tot potenciant la creativitat, la sensibilitat i la capacitat de reflexi\u00f3 i observaci\u00f3. Con\u00e8ixer i aprendre t\u00e8cniques art\u00edstiques.<\/li>\n<li>Adquirir cultura art\u00edstica observant obres d&#8217;art.<\/li>\n<\/ul>\n<h2><span style=\"color: #99ccff;\">Les activitats que es realitzen es treballen en dos \u00e0mbits:<\/span><\/h2>\n<ul>\n<li>Representaci\u00f3 en el pla: dibuix, collage, aquarel\u00b7la, gouache, llapis de colors, rotuladors, gravat, fotografia&#8230;<\/li>\n<li>Volum: modelat de fang, cer\u00e0mica, construccions amb material reciclat&#8230;<\/li>\n<\/ul>\n<p><a href=\"https:\/\/agora.xtec.cat\/escolaildefonscerda\/wp-content\/uploads\/usu1044\/2023\/01\/TALLERS.jpg\"><img loading=\"lazy\" decoding=\"async\" class=\"aligncenter size-large wp-image-2719\" src=\"https:\/\/agora.xtec.cat\/escolaildefonscerda\/wp-content\/uploads\/usu1044\/2023\/01\/TALLERS-1024x789.jpg\" alt=\"\" width=\"1024\" height=\"789\" srcset=\"https:\/\/agora.xtec.cat\/escolaildefonscerda\/wp-content\/uploads\/usu1044\/2023\/01\/TALLERS-1024x789.jpg 1024w, https:\/\/agora.xtec.cat\/escolaildefonscerda\/wp-content\/uploads\/usu1044\/2023\/01\/TALLERS-300x231.jpg 300w, https:\/\/agora.xtec.cat\/escolaildefonscerda\/wp-content\/uploads\/usu1044\/2023\/01\/TALLERS-768x592.jpg 768w, https:\/\/agora.xtec.cat\/escolaildefonscerda\/wp-content\/uploads\/usu1044\/2023\/01\/TALLERS.jpg 1220w\" sizes=\"auto, (max-width: 1024px) 100vw, 1024px\" \/><\/a><\/p>\n","protected":false},"excerpt":{"rendered":"<p>S\u00f3n tallers dirigits als infants de cicle mitj\u00e0 per fomentar la sensibilitat art\u00edstica i desenvolupar actituds creatives mitjan\u00e7ant les diferents t\u00e8cniques de creaci\u00f3.<br \/>\nAquests tallers estan subvencionats per l&#8217;AFA\u00a0 i ens els fan el grup de Tallers d&#8217;Art de Centelles.<br \/>\nObjectius:<\/p>\n<ul>\n<li>Aprendre a expressar-se pl\u00e0sticament tot potenciant la&hellip;  <a href=\"https:\/\/agora.xtec.cat\/escolaildefonscerda\/tallers-dart\/\" title=\"Read Tallers d&#8217;art\">Llegeix m\u00e9s\u00bb<\/a><br \/>\n","protected":false},"author":1,"featured_media":0,"parent":0,"menu_order":0,"comment_status":"closed","ping_status":"closed","template":"","meta":{"_bbp_topic_count":0,"_bbp_reply_count":0,"_bbp_total_topic_count":0,"_bbp_total_reply_count":0,"_bbp_voice_count":0,"_bbp_anonymous_reply_count":0,"_bbp_topic_count_hidden":0,"_bbp_reply_count_hidden":0,"_bbp_forum_subforum_count":0,"footnotes":""},"class_list":["post-336","page","type-page","status-publish","hentry"],"post_mailing_queue_ids":[],"_links":{"self":[{"href":"https:\/\/agora.xtec.cat\/escolaildefonscerda\/wp-json\/wp\/v2\/pages\/336","targetHints":{"allow":["GET"]}}],"collection":[{"href":"https:\/\/agora.xtec.cat\/escolaildefonscerda\/wp-json\/wp\/v2\/pages"}],"about":[{"href":"https:\/\/agora.xtec.cat\/escolaildefonscerda\/wp-json\/wp\/v2\/types\/page"}],"author":[{"embeddable":true,"href":"https:\/\/agora.xtec.cat\/escolaildefonscerda\/wp-json\/wp\/v2\/users\/1"}],"replies":[{"embeddable":true,"href":"https:\/\/agora.xtec.cat\/escolaildefonscerda\/wp-json\/wp\/v2\/comments?post=336"}],"version-history":[{"count":4,"href":"https:\/\/agora.xtec.cat\/escolaildefonscerda\/wp-json\/wp\/v2\/pages\/336\/revisions"}],"predecessor-version":[{"id":2720,"href":"https:\/\/agora.xtec.cat\/escolaildefonscerda\/wp-json\/wp\/v2\/pages\/336\/revisions\/2720"}],"wp:attachment":[{"href":"https:\/\/agora.xtec.cat\/escolaildefonscerda\/wp-json\/wp\/v2\/media?parent=336"}],"curies":[{"name":"wp","href":"https:\/\/api.w.org\/{rel}","templated":true}]}}