{"id":334,"date":"2015-09-09T09:46:33","date_gmt":"2015-09-09T08:46:33","guid":{"rendered":"http:\/\/agora.xtec.cat\/escolaildefonscerda\/?page_id=334"},"modified":"2015-11-04T15:24:46","modified_gmt":"2015-11-04T14:24:46","slug":"centre-formador-de-practiques","status":"publish","type":"page","link":"https:\/\/agora.xtec.cat\/escolaildefonscerda\/centre-formador-de-practiques\/","title":{"rendered":"Centre formador de pr\u00e0ctiques"},"content":{"rendered":"<p>El Departament d&#8217;Ensenyament considera fonamental que els futurs mestres i professors facin les pr\u00e0ctiques en centres educatius sostinguts amb fons p\u00fablics, per tal que puguin assolir les compet\u00e8ncies necess\u00e0ries per exercir una doc\u00e8ncia de qualitat. L&#8217;organitzaci\u00f3 de les pr\u00e0ctiques en centres formadors ha de permetre la simultane\u00eftat entre la teoria i la pr\u00e0ctica, i ha de facilitar l&#8217;acompanyament professional des de la universitat i des del centre educatiu.<\/p>\n<p>Des de fa molts anys l&#8217;escola acull futurs mestres perqu\u00e8 puguin formar-se. Nosaltres els convidem a participar activament en totes les activitats que es fan a l&#8217;escola.<\/p>\n","protected":false},"excerpt":{"rendered":"<p>El Departament d&#8217;Ensenyament considera fonamental que els futurs mestres i professors facin les pr\u00e0ctiques en centres educatius sostinguts amb fons p\u00fablics, per tal que puguin assolir les compet\u00e8ncies necess\u00e0ries per exercir una doc\u00e8ncia de qualitat. L&#8217;organitzaci\u00f3 de les pr\u00e0ctiques en centres formadors ha de permetre&hellip;  <a href=\"https:\/\/agora.xtec.cat\/escolaildefonscerda\/centre-formador-de-practiques\/\" title=\"Read Centre formador de pr\u00e0ctiques\">Llegeix m\u00e9s\u00bb<\/a><\/p>\n","protected":false},"author":1,"featured_media":0,"parent":0,"menu_order":0,"comment_status":"closed","ping_status":"closed","template":"","meta":{"_bbp_topic_count":0,"_bbp_reply_count":0,"_bbp_total_topic_count":0,"_bbp_total_reply_count":0,"_bbp_voice_count":0,"_bbp_anonymous_reply_count":0,"_bbp_topic_count_hidden":0,"_bbp_reply_count_hidden":0,"_bbp_forum_subforum_count":0,"footnotes":""},"class_list":["post-334","page","type-page","status-publish","hentry"],"post_mailing_queue_ids":[],"_links":{"self":[{"href":"https:\/\/agora.xtec.cat\/escolaildefonscerda\/wp-json\/wp\/v2\/pages\/334","targetHints":{"allow":["GET"]}}],"collection":[{"href":"https:\/\/agora.xtec.cat\/escolaildefonscerda\/wp-json\/wp\/v2\/pages"}],"about":[{"href":"https:\/\/agora.xtec.cat\/escolaildefonscerda\/wp-json\/wp\/v2\/types\/page"}],"author":[{"embeddable":true,"href":"https:\/\/agora.xtec.cat\/escolaildefonscerda\/wp-json\/wp\/v2\/users\/1"}],"replies":[{"embeddable":true,"href":"https:\/\/agora.xtec.cat\/escolaildefonscerda\/wp-json\/wp\/v2\/comments?post=334"}],"version-history":[{"count":3,"href":"https:\/\/agora.xtec.cat\/escolaildefonscerda\/wp-json\/wp\/v2\/pages\/334\/revisions"}],"predecessor-version":[{"id":508,"href":"https:\/\/agora.xtec.cat\/escolaildefonscerda\/wp-json\/wp\/v2\/pages\/334\/revisions\/508"}],"wp:attachment":[{"href":"https:\/\/agora.xtec.cat\/escolaildefonscerda\/wp-json\/wp\/v2\/media?parent=334"}],"curies":[{"name":"wp","href":"https:\/\/api.w.org\/{rel}","templated":true}]}}