{"id":317,"date":"2015-09-09T09:25:55","date_gmt":"2015-09-09T08:25:55","guid":{"rendered":"http:\/\/agora.xtec.cat\/escolaildefonscerda\/?page_id=317"},"modified":"2023-01-26T08:57:12","modified_gmt":"2023-01-26T07:57:12","slug":"ildefons-verd","status":"publish","type":"page","link":"https:\/\/agora.xtec.cat\/escolaildefonscerda\/ildefons-verd\/","title":{"rendered":"Ildefons Verd"},"content":{"rendered":"<p>L&#8217;Escola t\u00e9 cura pel medi ambient i es porten a terme diferents actuacions i projectes<\/p>\n<h2><span style=\"color: #99ccff;\"><strong>Projecte DESENDOLLA&#8217;T<\/strong><\/span><\/h2>\n<p>Consisteix en promoure un consum energ\u00e8tic responsable mitjan\u00e7ant la telemesura i la telegesti\u00f3. A l&#8217;escola s&#8217;aplica el programa i s&#8217;acompanya de formaci\u00f3 pedag\u00f2gica i educativa.<\/p>\n<p style=\"text-align: justify;\"><a href=\"http:\/\/agora.xtec.cat\/escolaildefonscerda\/wp-content\/uploads\/usu1044\/2015\/09\/desendollat.jpg\"><img loading=\"lazy\" decoding=\"async\" class=\"wp-image-441 size-full aligncenter\" src=\"http:\/\/agora.xtec.cat\/escolaildefonscerda\/wp-content\/uploads\/usu1044\/2015\/09\/desendollat-e1445501959627.jpg\" alt=\"desendollat\" width=\"150\" height=\"101\" \/><\/a><\/p>\n<h2><span style=\"color: #99ccff;\"><strong>\u00das d&#8217;embolcalls reutilitzables per l&#8217;esmorzar<\/strong><\/span><\/h2>\n<p>Els nens i nenes d&#8217;educaci\u00f3 infantil porten l&#8217;esmorzar dins la carmanyola. A prim\u00e0ria es promou l&#8217;\u00fas de la carmanyola i del bock&#8217;n&#8217;roll.<\/p>\n<p><a href=\"http:\/\/agora.xtec.cat\/escolaildefonscerda\/wp-content\/uploads\/usu1044\/2015\/09\/boc-n-roll-carmanyola.jpg\"><img loading=\"lazy\" decoding=\"async\" class=\"wp-image-443 size-full aligncenter\" src=\"http:\/\/agora.xtec.cat\/escolaildefonscerda\/wp-content\/uploads\/usu1044\/2015\/09\/boc-n-roll-carmanyola-e1445502917218.jpg\" alt=\"boc-n-roll+carmanyola\" width=\"150\" height=\"150\" \/><\/a><\/p>\n<h2><span style=\"color: #99ccff;\"><strong>Recollida selectiva de deixalles, t\u00f3ners, piles, etc.<\/strong><\/span><\/h2>\n<p><a href=\"http:\/\/agora.xtec.cat\/escolaildefonscerda\/wp-content\/uploads\/usu1044\/2015\/09\/IMG_6704.jpg\"><img loading=\"lazy\" decoding=\"async\" class=\"wp-image-444 size-full aligncenter\" src=\"http:\/\/agora.xtec.cat\/escolaildefonscerda\/wp-content\/uploads\/usu1044\/2015\/09\/IMG_6704-e1445503290986.jpg\" alt=\"IMG_6704\" width=\"150\" height=\"100\" \/><\/a><\/p>\n<h2><span style=\"color: #99ccff;\"><strong>Recollida d&#8217;oli usat<\/strong><\/span><\/h2>\n<p>Cada divendres a les 9:00 es recull l&#8217;oli usat i es d\u00f3na un recipient nou.<\/p>\n<p><a href=\"http:\/\/agora.xtec.cat\/escolaildefonscerda\/wp-content\/uploads\/usu1044\/2015\/09\/IMG_6709.jpg\"><img loading=\"lazy\" decoding=\"async\" class=\"wp-image-445 size-thumbnail aligncenter\" src=\"http:\/\/agora.xtec.cat\/escolaildefonscerda\/wp-content\/uploads\/usu1044\/2015\/09\/IMG_6709-150x150.jpg\" alt=\"IMG_6709\" width=\"150\" height=\"150\" \/><\/a><\/p>\n","protected":false},"excerpt":{"rendered":"<p>L&#8217;Escola t\u00e9 cura pel medi ambient i es porten a terme diferents actuacions i projectes<br \/>\nProjecte DESENDOLLA&#8217;T<br \/>\nConsisteix en promoure un consum energ\u00e8tic responsable mitjan\u00e7ant la telemesura i la telegesti\u00f3. A l&#8217;escola s&#8217;aplica el programa i s&#8217;acompanya de formaci\u00f3 pedag\u00f2gica i educativa.<br \/>\n<a href=\"http:\/\/agora.xtec.cat\/escolaildefonscerda\/wp-content\/uploads\/usu1044\/2015\/09\/desendollat.jpg\"><\/a><br \/>\n\u00das d&#8217;embolcalls reutilitzables per l&#8217;esmorzar<br \/>\nEls&hellip;  <a href=\"https:\/\/agora.xtec.cat\/escolaildefonscerda\/ildefons-verd\/\" title=\"Read Ildefons Verd\">Llegeix m\u00e9s\u00bb<\/a><\/p>\n","protected":false},"author":1,"featured_media":0,"parent":0,"menu_order":0,"comment_status":"closed","ping_status":"closed","template":"","meta":{"_bbp_topic_count":0,"_bbp_reply_count":0,"_bbp_total_topic_count":0,"_bbp_total_reply_count":0,"_bbp_voice_count":0,"_bbp_anonymous_reply_count":0,"_bbp_topic_count_hidden":0,"_bbp_reply_count_hidden":0,"_bbp_forum_subforum_count":0,"footnotes":""},"class_list":["post-317","page","type-page","status-publish","hentry"],"post_mailing_queue_ids":[],"_links":{"self":[{"href":"https:\/\/agora.xtec.cat\/escolaildefonscerda\/wp-json\/wp\/v2\/pages\/317","targetHints":{"allow":["GET"]}}],"collection":[{"href":"https:\/\/agora.xtec.cat\/escolaildefonscerda\/wp-json\/wp\/v2\/pages"}],"about":[{"href":"https:\/\/agora.xtec.cat\/escolaildefonscerda\/wp-json\/wp\/v2\/types\/page"}],"author":[{"embeddable":true,"href":"https:\/\/agora.xtec.cat\/escolaildefonscerda\/wp-json\/wp\/v2\/users\/1"}],"replies":[{"embeddable":true,"href":"https:\/\/agora.xtec.cat\/escolaildefonscerda\/wp-json\/wp\/v2\/comments?post=317"}],"version-history":[{"count":4,"href":"https:\/\/agora.xtec.cat\/escolaildefonscerda\/wp-json\/wp\/v2\/pages\/317\/revisions"}],"predecessor-version":[{"id":2693,"href":"https:\/\/agora.xtec.cat\/escolaildefonscerda\/wp-json\/wp\/v2\/pages\/317\/revisions\/2693"}],"wp:attachment":[{"href":"https:\/\/agora.xtec.cat\/escolaildefonscerda\/wp-json\/wp\/v2\/media?parent=317"}],"curies":[{"name":"wp","href":"https:\/\/api.w.org\/{rel}","templated":true}]}}