{"id":315,"date":"2015-09-09T09:25:43","date_gmt":"2015-09-09T08:25:43","guid":{"rendered":"http:\/\/agora.xtec.cat\/escolaildefonscerda\/?page_id=315"},"modified":"2023-01-26T08:48:09","modified_gmt":"2023-01-26T07:48:09","slug":"relacio-familia-i-escola","status":"publish","type":"page","link":"https:\/\/agora.xtec.cat\/escolaildefonscerda\/relacio-familia-i-escola\/","title":{"rendered":"Relaci\u00f3 fam\u00edlia i escola"},"content":{"rendered":"<h2><span style=\"color: #99ccff;\"><strong>Reunions de pares<\/strong><\/span><\/h2>\n<p>Les reunions de fam\u00edlies\u00a0 es fan presencialment durant el mes de setembre.<\/p>\n<h2><span style=\"color: #99ccff;\"><strong>Atenci\u00f3 a les fam\u00edlies<\/strong><\/span><\/h2>\n<p>Pels alumnes que s\u2019han d\u2019incorporar a P3, a comen\u00e7ament de juliol es fa una reuni\u00f3 per donar la benvinguda a l&#8217;escola i es presenta l&#8217;AFA i l&#8217;empresa del menjador. L&#8217;equip d&#8217;infantil explica qu\u00e8 han de tenir en compte durant l&#8217;estiu per fer una bona entrada a l&#8217;escola i explica l&#8217;organitzaci\u00f3 del curs i el seu funcionament. Al setembre, abans de comen\u00e7ar l&#8217;escola, es fa un mat\u00ed de portes obertes per tal de con\u00e8ixer el seu referent i l&#8217;entorn m\u00e9s proper<\/p>\n<p>El mateix dia tamb\u00e9 es conviden els alumnes nous a les 12 del migdia per tal de con\u00e8ixer el tutor i els espais. I tamb\u00e9 es convida als alumnes de tercer que pugen a l&#8217;edifici de dalt aquest curs.<\/p>\n<p>Cada tutor o tutora explica a la reuni\u00f3 de fam\u00edlies l&#8217;horari que disposa per atendre-les.<\/p>\n<p>Al centre queda const\u00e0ncia escrita del resum de l\u2019entrevista.<\/p>\n<p>Les fam\u00edlies es poden comunicar amb el tutor i amb la direcci\u00f3 a trav\u00e9s de l&#8217;aplicaci\u00f3 DINANTIA.<\/p>\n<h2><span style=\"color: #99ccff;\"><strong>Informes\u00a0<\/strong><\/span><\/h2>\n<p>A <strong>educaci\u00f3 infantil<\/strong> s&#8217;enviaran per Dinantia <strong>dos informes<\/strong> a les fam\u00edlies al llarg del curs: un al final del primer trimestre i l\u2019altre a final de curs.<\/p>\n<p>A <strong>prim\u00e0ria<\/strong> s&#8217;envien per Dinantia, tres informes: un informe escrit pel desembre, un altre pel febrer i un altre a final de curs.<\/p>\n<p>Les fam\u00edlies i els alumnes de prim\u00e0ria <strong>participaran de l&#8217;informe del segon trimestre.<\/strong><\/p>\n","protected":false},"excerpt":{"rendered":"<p>Reunions de pares<br \/>\nLes reunions de fam\u00edlies\u00a0 es fan presencialment durant el mes de setembre.<br \/>\nAtenci\u00f3 a les fam\u00edlies<br \/>\nPels alumnes que s\u2019han d\u2019incorporar a P3, a comen\u00e7ament de juliol es fa una reuni\u00f3 per donar la benvinguda a l&#8217;escola i es presenta l&#8217;AFA i l&#8217;empresa del menjador.&hellip;  <a href=\"https:\/\/agora.xtec.cat\/escolaildefonscerda\/relacio-familia-i-escola\/\" title=\"Read Relaci\u00f3 fam\u00edlia i escola\">Llegeix m\u00e9s\u00bb<\/a><\/p>\n","protected":false},"author":1,"featured_media":0,"parent":0,"menu_order":0,"comment_status":"closed","ping_status":"closed","template":"","meta":{"_bbp_topic_count":0,"_bbp_reply_count":0,"_bbp_total_topic_count":0,"_bbp_total_reply_count":0,"_bbp_voice_count":0,"_bbp_anonymous_reply_count":0,"_bbp_topic_count_hidden":0,"_bbp_reply_count_hidden":0,"_bbp_forum_subforum_count":0,"footnotes":""},"class_list":["post-315","page","type-page","status-publish","hentry"],"post_mailing_queue_ids":[],"_links":{"self":[{"href":"https:\/\/agora.xtec.cat\/escolaildefonscerda\/wp-json\/wp\/v2\/pages\/315","targetHints":{"allow":["GET"]}}],"collection":[{"href":"https:\/\/agora.xtec.cat\/escolaildefonscerda\/wp-json\/wp\/v2\/pages"}],"about":[{"href":"https:\/\/agora.xtec.cat\/escolaildefonscerda\/wp-json\/wp\/v2\/types\/page"}],"author":[{"embeddable":true,"href":"https:\/\/agora.xtec.cat\/escolaildefonscerda\/wp-json\/wp\/v2\/users\/1"}],"replies":[{"embeddable":true,"href":"https:\/\/agora.xtec.cat\/escolaildefonscerda\/wp-json\/wp\/v2\/comments?post=315"}],"version-history":[{"count":5,"href":"https:\/\/agora.xtec.cat\/escolaildefonscerda\/wp-json\/wp\/v2\/pages\/315\/revisions"}],"predecessor-version":[{"id":2691,"href":"https:\/\/agora.xtec.cat\/escolaildefonscerda\/wp-json\/wp\/v2\/pages\/315\/revisions\/2691"}],"wp:attachment":[{"href":"https:\/\/agora.xtec.cat\/escolaildefonscerda\/wp-json\/wp\/v2\/media?parent=315"}],"curies":[{"name":"wp","href":"https:\/\/api.w.org\/{rel}","templated":true}]}}