{"id":309,"date":"2015-09-09T09:24:58","date_gmt":"2015-09-09T08:24:58","guid":{"rendered":"http:\/\/agora.xtec.cat\/escolaildefonscerda\/?page_id=309"},"modified":"2023-01-26T08:38:49","modified_gmt":"2023-01-26T07:38:49","slug":"qui-som","status":"publish","type":"page","link":"https:\/\/agora.xtec.cat\/escolaildefonscerda\/qui-som\/","title":{"rendered":"."},"content":{"rendered":"<h2>L&#8217;Escola Ildefons Cerd\u00e0 \u00e9s una\u00a0<span style=\"color: #99ccff;\">escola p\u00fablica, catalana, integradora i inclusiva, laica i participativa.<\/span><\/h2>\n<p>Est\u00e0 inserida i arrelada al medi i a la societat de la qual en forma part.<\/p>\n<p>L&#8217;escola estimula els valors democr\u00e0tics, de respecte, de conviv\u00e8ncia i de pau.<\/p>\n<p>\u00c9s l&#8217;espai on la comunitat educativa i altres entitats vinculades al m\u00f3n educatiu treballen conjuntament per aconseguir persones actives davant la societat, compromeses amb ella.<\/p>\n<h2>La nostra <span style=\"color: #99ccff;\">escola<\/span> ofereix:<\/h2>\n<ul>\n<li>El segon cicle d&#8217;Educaci\u00f3 Infantil: I3, I4 i I5.<\/li>\n<li>Educaci\u00f3 Prim\u00e0ria: de 1r a 6\u00e8.<\/li>\n<li>Tractament de la diversitat: atenci\u00f3 individual, agrupaments flexibles, refor\u00e7os i tallers, espais transversals i tem\u00e0tics.<\/li>\n<li>Atenci\u00f3 a les necessitats educatives especials i aula de suport a l&#8217;educaci\u00f3 especial (Aula SIEI).<\/li>\n<li>Especialista en audici\u00f3 i llenguatge (MALL).<\/li>\n<li>Angl\u00e8s a partir d&#8217;educaci\u00f3 infantil.<\/li>\n<\/ul>\n<p>El nostre centre est\u00e0 adscrit a l&#8217;institut Pere Barnils (avinguda Pere Barnils S\/N, Centelles)<\/p>\n","protected":false},"excerpt":{"rendered":"<p>L&#8217;Escola Ildefons Cerd\u00e0 \u00e9s una\u00a0escola p\u00fablica, catalana, integradora i inclusiva, laica i participativa.<br \/>\nEst\u00e0 inserida i arrelada al medi i a la societat de la qual en forma part.<br \/>\nL&#8217;escola estimula els valors democr\u00e0tics, de respecte, de conviv\u00e8ncia i de pau.<br \/>\n\u00c9s l&#8217;espai on la comunitat educativa i&hellip;  <a href=\"https:\/\/agora.xtec.cat\/escolaildefonscerda\/qui-som\/\" title=\"Read .\">Llegeix m\u00e9s\u00bb<\/a><\/p>\n","protected":false},"author":1,"featured_media":0,"parent":0,"menu_order":0,"comment_status":"closed","ping_status":"closed","template":"","meta":{"_bbp_topic_count":0,"_bbp_reply_count":0,"_bbp_total_topic_count":0,"_bbp_total_reply_count":0,"_bbp_voice_count":0,"_bbp_anonymous_reply_count":0,"_bbp_topic_count_hidden":0,"_bbp_reply_count_hidden":0,"_bbp_forum_subforum_count":0,"footnotes":""},"class_list":["post-309","page","type-page","status-publish","hentry"],"post_mailing_queue_ids":[],"_links":{"self":[{"href":"https:\/\/agora.xtec.cat\/escolaildefonscerda\/wp-json\/wp\/v2\/pages\/309","targetHints":{"allow":["GET"]}}],"collection":[{"href":"https:\/\/agora.xtec.cat\/escolaildefonscerda\/wp-json\/wp\/v2\/pages"}],"about":[{"href":"https:\/\/agora.xtec.cat\/escolaildefonscerda\/wp-json\/wp\/v2\/types\/page"}],"author":[{"embeddable":true,"href":"https:\/\/agora.xtec.cat\/escolaildefonscerda\/wp-json\/wp\/v2\/users\/1"}],"replies":[{"embeddable":true,"href":"https:\/\/agora.xtec.cat\/escolaildefonscerda\/wp-json\/wp\/v2\/comments?post=309"}],"version-history":[{"count":3,"href":"https:\/\/agora.xtec.cat\/escolaildefonscerda\/wp-json\/wp\/v2\/pages\/309\/revisions"}],"predecessor-version":[{"id":2688,"href":"https:\/\/agora.xtec.cat\/escolaildefonscerda\/wp-json\/wp\/v2\/pages\/309\/revisions\/2688"}],"wp:attachment":[{"href":"https:\/\/agora.xtec.cat\/escolaildefonscerda\/wp-json\/wp\/v2\/media?parent=309"}],"curies":[{"name":"wp","href":"https:\/\/api.w.org\/{rel}","templated":true}]}}