{"id":307,"date":"2015-09-09T09:24:48","date_gmt":"2015-09-09T08:24:48","guid":{"rendered":"http:\/\/agora.xtec.cat\/escolaildefonscerda\/?page_id=307"},"modified":"2023-01-26T08:33:41","modified_gmt":"2023-01-26T07:33:41","slug":"trets-didentitat","status":"publish","type":"page","link":"https:\/\/agora.xtec.cat\/escolaildefonscerda\/trets-didentitat\/","title":{"rendered":"."},"content":{"rendered":"<h1>Una escola <span style=\"color: #99ccff;\">oberta al m\u00f3n amb una mirada atenta<\/span><\/h1>\n<p>Una escola que t\u00e9 en compte el benestar emocional i personal de cada una de les persones que formen part de la comunitat educativa. Amb una mirada inclusiva i coeducativa, amb un projecte propi que s&#8217;ha anat creant amb la complicitat, la dedicaci\u00f3 i la reflexi\u00f3 de totes les persones que han format i formen part de l&#8217;escola.<\/p>\n<p>&nbsp;<\/p>\n<h1>Mirada <span style=\"color: #99ccff;\">d&#8217;infant<\/span><\/h1>\n<p>Des de l&#8217;escola Ildefons Cerd\u00e0 ajudem a construir els fonaments perqu\u00e8 l&#8217;infant esdevingui aut\u00f2nom, desenvolupi coneixement personal i consci\u00e8ncia social i ecol\u00f2gica. Una persona compromesa que tingui curiositat per con\u00e8ixer-se a si mateix i l&#8217;entorn que l&#8217;envolta i adopti una actitud cr\u00edtica, creativa, respectuosa i responsable davant el seu present i futur.<\/p>\n<p>&nbsp;<\/p>\n<h1><span style=\"color: #99ccff;\">Benestar<\/span><\/h1>\n<p>Som una escola que parteix de la mirada atenta cap als infants, creant un entorn coherent que respecta els processos de vida i l&#8217;etapa evolutiva. Fomenta l&#8217;autonomia, autoregulaci\u00f3 i autoestima dels infants. Ent\u00e9n els l\u00edmits de l&#8217;amor i del respecte, com a base de la seguretat emocional i la bona conviv\u00e8ncia.<\/p>\n<p>&nbsp;<\/p>\n<h1><span style=\"color: #99ccff;\">Inclusi\u00f3<\/span><\/h1>\n<p>Participativa i comunit\u00e0ria, una escola de totes i per a totes, on totes les persones que formen la comunitat educativa participen i s&#8217;impliquen, tothom hi t\u00e9 un lloc, i hi ha un lloc per a tothom. Valora i accepta la diversitat com un fet natural que aporta riquesa.<\/p>\n<p>&nbsp;<\/p>\n<h1>Arrelada <span style=\"color: #99ccff;\">a l&#8217;entorn<\/span><\/h1>\n<p>Viu l&#8217;entorn com a propi, un espai m\u00e9s per cuidar i ric en aprenentatges per descobrir i aprofitar. Cerca la qualitat dels espais, ambients i materials.<\/p>\n<p>&nbsp;<\/p>\n<h1><span style=\"color: #99ccff;\">Emprenedora<\/span><\/h1>\n<p>Amb un espai equilibrat per la pedagogia de les emocions i aprenentatges basats en la quotidianitat. Acompanya els infants a ser cr\u00edtics, respectuosos de si mateixos i conscients del seu aprenentatge. Que parteix de metodologies actives globals i significatives i t\u00e9 en compte els interessos i les necessitats dels infants.<\/p>\n","protected":false},"excerpt":{"rendered":"<p>Una escola oberta al m\u00f3n amb una mirada atenta<br \/>\nUna escola que t\u00e9 en compte el benestar emocional i personal de cada una de les persones que formen part de la comunitat educativa. Amb una mirada inclusiva i coeducativa, amb un projecte propi que s&#8217;ha anat&hellip;  <a href=\"https:\/\/agora.xtec.cat\/escolaildefonscerda\/trets-didentitat\/\" title=\"Read .\">Llegeix m\u00e9s\u00bb<\/a><\/p>\n","protected":false},"author":1,"featured_media":0,"parent":0,"menu_order":0,"comment_status":"closed","ping_status":"closed","template":"","meta":{"_bbp_topic_count":0,"_bbp_reply_count":0,"_bbp_total_topic_count":0,"_bbp_total_reply_count":0,"_bbp_voice_count":0,"_bbp_anonymous_reply_count":0,"_bbp_topic_count_hidden":0,"_bbp_reply_count_hidden":0,"_bbp_forum_subforum_count":0,"footnotes":""},"class_list":["post-307","page","type-page","status-publish","hentry"],"post_mailing_queue_ids":[],"_links":{"self":[{"href":"https:\/\/agora.xtec.cat\/escolaildefonscerda\/wp-json\/wp\/v2\/pages\/307","targetHints":{"allow":["GET"]}}],"collection":[{"href":"https:\/\/agora.xtec.cat\/escolaildefonscerda\/wp-json\/wp\/v2\/pages"}],"about":[{"href":"https:\/\/agora.xtec.cat\/escolaildefonscerda\/wp-json\/wp\/v2\/types\/page"}],"author":[{"embeddable":true,"href":"https:\/\/agora.xtec.cat\/escolaildefonscerda\/wp-json\/wp\/v2\/users\/1"}],"replies":[{"embeddable":true,"href":"https:\/\/agora.xtec.cat\/escolaildefonscerda\/wp-json\/wp\/v2\/comments?post=307"}],"version-history":[{"count":4,"href":"https:\/\/agora.xtec.cat\/escolaildefonscerda\/wp-json\/wp\/v2\/pages\/307\/revisions"}],"predecessor-version":[{"id":2682,"href":"https:\/\/agora.xtec.cat\/escolaildefonscerda\/wp-json\/wp\/v2\/pages\/307\/revisions\/2682"}],"wp:attachment":[{"href":"https:\/\/agora.xtec.cat\/escolaildefonscerda\/wp-json\/wp\/v2\/media?parent=307"}],"curies":[{"name":"wp","href":"https:\/\/api.w.org\/{rel}","templated":true}]}}