{"id":1670,"date":"2019-07-02T13:47:29","date_gmt":"2019-07-02T11:47:29","guid":{"rendered":"http:\/\/agora.xtec.cat\/escolaildefonscerda\/?page_id=1670"},"modified":"2023-01-26T09:31:34","modified_gmt":"2023-01-26T08:31:34","slug":"projecte-aquiproubullying","status":"publish","type":"page","link":"https:\/\/agora.xtec.cat\/escolaildefonscerda\/la-nostra-escola\/projecte-aquiproubullying\/","title":{"rendered":"Projecte: equips per la conviv\u00e8ncia"},"content":{"rendered":"<p>El programa posa a l\u2019abast dels centres la formaci\u00f3, estrat\u00e8gies i recursos necessaris per elaborar un projecte de prevenci\u00f3, detecci\u00f3 i intervenci\u00f3 davant l\u2019assetjament amb la participaci\u00f3 de tota la comunitat educativa, especialment de l\u2019alumnat qui actuar\u00e0 com observador comprom\u00e8s\u00a0 en la millora de la conviv\u00e8ncia i el benestar en el centre escolar i alhora que adquirir\u00e0 les actituds i els valors propis de la compet\u00e8ncia social i ciutadana.<\/p>\n<p>Al llarg del curs 2017-2018 un equip de mestres del centre van rebre una formaci\u00f3, i a partir del curs 2018-2019 s&#8217;ha comen\u00e7at la seva aplicaci\u00f3.<\/p>\n<p>&nbsp;<\/p>\n","protected":false},"excerpt":{"rendered":"<p>El programa posa a l\u2019abast dels centres la formaci\u00f3, estrat\u00e8gies i recursos necessaris per elaborar un projecte de prevenci\u00f3, detecci\u00f3 i intervenci\u00f3 davant l\u2019assetjament amb la participaci\u00f3 de tota la comunitat educativa, especialment de l\u2019alumnat qui actuar\u00e0 com observador comprom\u00e8s\u00a0 en la millora de la&hellip;  <a href=\"https:\/\/agora.xtec.cat\/escolaildefonscerda\/la-nostra-escola\/projecte-aquiproubullying\/\" title=\"Read Projecte: equips per la conviv\u00e8ncia\">Llegeix m\u00e9s\u00bb<\/a><\/p>\n","protected":false},"author":1,"featured_media":0,"parent":305,"menu_order":0,"comment_status":"closed","ping_status":"closed","template":"","meta":{"_bbp_topic_count":0,"_bbp_reply_count":0,"_bbp_total_topic_count":0,"_bbp_total_reply_count":0,"_bbp_voice_count":0,"_bbp_anonymous_reply_count":0,"_bbp_topic_count_hidden":0,"_bbp_reply_count_hidden":0,"_bbp_forum_subforum_count":0,"footnotes":""},"class_list":["post-1670","page","type-page","status-publish","hentry"],"post_mailing_queue_ids":[],"_links":{"self":[{"href":"https:\/\/agora.xtec.cat\/escolaildefonscerda\/wp-json\/wp\/v2\/pages\/1670","targetHints":{"allow":["GET"]}}],"collection":[{"href":"https:\/\/agora.xtec.cat\/escolaildefonscerda\/wp-json\/wp\/v2\/pages"}],"about":[{"href":"https:\/\/agora.xtec.cat\/escolaildefonscerda\/wp-json\/wp\/v2\/types\/page"}],"author":[{"embeddable":true,"href":"https:\/\/agora.xtec.cat\/escolaildefonscerda\/wp-json\/wp\/v2\/users\/1"}],"replies":[{"embeddable":true,"href":"https:\/\/agora.xtec.cat\/escolaildefonscerda\/wp-json\/wp\/v2\/comments?post=1670"}],"version-history":[{"count":3,"href":"https:\/\/agora.xtec.cat\/escolaildefonscerda\/wp-json\/wp\/v2\/pages\/1670\/revisions"}],"predecessor-version":[{"id":2704,"href":"https:\/\/agora.xtec.cat\/escolaildefonscerda\/wp-json\/wp\/v2\/pages\/1670\/revisions\/2704"}],"up":[{"embeddable":true,"href":"https:\/\/agora.xtec.cat\/escolaildefonscerda\/wp-json\/wp\/v2\/pages\/305"}],"wp:attachment":[{"href":"https:\/\/agora.xtec.cat\/escolaildefonscerda\/wp-json\/wp\/v2\/media?parent=1670"}],"curies":[{"name":"wp","href":"https:\/\/api.w.org\/{rel}","templated":true}]}}