{"id":1145,"date":"2017-10-04T13:22:33","date_gmt":"2017-10-04T11:22:33","guid":{"rendered":"http:\/\/agora.xtec.cat\/escolaildefonscerda\/?page_id=1145"},"modified":"2025-01-22T11:06:38","modified_gmt":"2025-01-22T10:06:38","slug":"mares-i-pares-delegats","status":"publish","type":"page","link":"https:\/\/agora.xtec.cat\/escolaildefonscerda\/mares-i-pares-delegats\/","title":{"rendered":"REPRESENTANTS DE CLASSE"},"content":{"rendered":"<p><strong>El delegat\/da \u00e9s la persona encarregada de rebre, qualsevol proposta, dubte o suggeriment de la major part dels pares i mares del grup classe en relaci\u00f3 al normal funcionament de la vida escolar i transmetre-ho al tutor\/a. En resum \u00e9s el canal de comunicaci\u00f3 i aglutinador m\u00e9s directe entre les fam\u00edlies d\u2019un grup classe i el tutor\/a.<\/strong><\/p>\n<ul>\n<li>Col\u00b7laborar amb els tutors quan el mestre ho cregui convenient, en el desenvolupament de les activitats.<\/li>\n<li>Motivar i dinamitzar als pares i mares del seu curs per integrar-los en la din\u00e0mica del centre: reunions, festes&#8230; aix\u00ed com per afavorir el major coneixement entre les fam\u00edlies i la cohesi\u00f3 del grup. Es crear\u00e0 un grup de Dinantia per a representants de delegats i delegades de fam\u00edlies.<\/li>\n<li>Acompanyar les fam\u00edlies nouvingudes a l\u2019escola, un cop l\u2019equip directiu els hi hagi notificat per Dinantia.<\/li>\n<li>Sempre que sigui necessari ajudar a difondre les activitats organitzades per l\u2019escola que interessen que arribin a les fam\u00edlies.<\/li>\n<li>Resoldre dubtes puntuals.<\/li>\n<li>A trav\u00e9s del Dinantia les delegades i delegats ens enviaran les preocupacions que puguin sorgir a nivell de fam\u00edlies.<\/li>\n<li>Els delegats\/des de 2n, han de dinamitzar el comiat de l\u2019edifici de baix.<\/li>\n<li>Els delegats\/des de 6\u00e8, han de dinamitzar el comiat de sis\u00e8.<\/li>\n<li>Difusi\u00f3 d\u2019actes del poble.<\/li>\n<\/ul>\n<p><strong>MARES I PARES REPRESENTANTS DEL CURS 2024-2025<\/strong><\/p>\n<p>I3A: Alba Valencia<\/p>\n<p>I3B: J\u00e8ssica Bigas<\/p>\n<p>I4A: Magda Teixidor<\/p>\n<p>I4B:Anna Llavina<\/p>\n<p>I5A: Laura Costa<\/p>\n<p>I5B: Susanna Su\u00e1rez<\/p>\n<p>1A: Andrea Guti\u00e9rrez<\/p>\n<p>1B: Berta Granyena<\/p>\n<p>2A: L\u00eddia Ciudad i\u00a0Aida L\u00f3pez<\/p>\n<p>2B: Jordi Oms<\/p>\n<p>3A: Maria Garc\u00eda<\/p>\n<p>3B: Raquel Romero<\/p>\n<p>4A: Alba Garc\u00eda<\/p>\n<p>4B: Anna G\u00f3mez<\/p>\n<p><span style=\"font-family: inherit; font-size: 1em;\">5A: S\u00edlvia Hern\u00e1ndez<\/span><\/p>\n<p>5B: Mireia Almena<\/p>\n<p>6A: L\u00eddia Ciudad<\/p>\n<p>6B: M\u00f2nica Colomera<\/p>\n<p><span style=\"font-family: inherit; font-size: 1em;\">Moltes gr\u00e0cies a tots i totes per col\u00b7laborar en el bon funcionament de l\u2019escola!<\/span><\/p>\n<p>&nbsp;<\/p>\n","protected":false},"excerpt":{"rendered":"<p>El delegat\/da \u00e9s la persona encarregada de rebre, qualsevol proposta, dubte o suggeriment de la major part dels pares i mares del grup classe en relaci\u00f3 al normal funcionament de la vida escolar i transmetre-ho al tutor\/a. En resum \u00e9s el canal de comunicaci\u00f3 i&hellip;  <a href=\"https:\/\/agora.xtec.cat\/escolaildefonscerda\/mares-i-pares-delegats\/\" title=\"Read REPRESENTANTS DE CLASSE\">Llegeix m\u00e9s\u00bb<\/a><\/p>\n","protected":false},"author":4,"featured_media":0,"parent":0,"menu_order":0,"comment_status":"closed","ping_status":"closed","template":"","meta":{"_bbp_topic_count":0,"_bbp_reply_count":0,"_bbp_total_topic_count":0,"_bbp_total_reply_count":0,"_bbp_voice_count":0,"_bbp_anonymous_reply_count":0,"_bbp_topic_count_hidden":0,"_bbp_reply_count_hidden":0,"_bbp_forum_subforum_count":0,"footnotes":""},"class_list":["post-1145","page","type-page","status-publish","hentry"],"post_mailing_queue_ids":[],"_links":{"self":[{"href":"https:\/\/agora.xtec.cat\/escolaildefonscerda\/wp-json\/wp\/v2\/pages\/1145","targetHints":{"allow":["GET"]}}],"collection":[{"href":"https:\/\/agora.xtec.cat\/escolaildefonscerda\/wp-json\/wp\/v2\/pages"}],"about":[{"href":"https:\/\/agora.xtec.cat\/escolaildefonscerda\/wp-json\/wp\/v2\/types\/page"}],"author":[{"embeddable":true,"href":"https:\/\/agora.xtec.cat\/escolaildefonscerda\/wp-json\/wp\/v2\/users\/4"}],"replies":[{"embeddable":true,"href":"https:\/\/agora.xtec.cat\/escolaildefonscerda\/wp-json\/wp\/v2\/comments?post=1145"}],"version-history":[{"count":6,"href":"https:\/\/agora.xtec.cat\/escolaildefonscerda\/wp-json\/wp\/v2\/pages\/1145\/revisions"}],"predecessor-version":[{"id":3011,"href":"https:\/\/agora.xtec.cat\/escolaildefonscerda\/wp-json\/wp\/v2\/pages\/1145\/revisions\/3011"}],"wp:attachment":[{"href":"https:\/\/agora.xtec.cat\/escolaildefonscerda\/wp-json\/wp\/v2\/media?parent=1145"}],"curies":[{"name":"wp","href":"https:\/\/api.w.org\/{rel}","templated":true}]}}