{"id":24,"date":"2014-09-18T12:23:15","date_gmt":"2014-09-18T11:23:15","guid":{"rendered":"http:\/\/agora.xtec.cat\/escolaignasiiglesias\/?page_id=24"},"modified":"2020-05-09T01:22:34","modified_gmt":"2020-05-08T23:22:34","slug":"on-som","status":"publish","type":"page","link":"https:\/\/agora.xtec.cat\/escolaignasiiglesias\/lescola\/on-som\/","title":{"rendered":"On som"},"content":{"rendered":"<p style=\"color: #666666;\"><strong>Escola Ignasi Iglesias<\/strong><br \/>\nAvinguda Pa\u00efsos Catalans, 3<br \/>\n08490 Tordera<\/p>\n<p>Tel. 93 764 54 80<br \/>\na8030467@xtec.cat<br \/>\nescolaignasiiglesias<span class=\"atwho-query\">@xtec.cat<\/span><\/p>\n<p><iframe loading=\"lazy\" src=\"https:\/\/www.google.com\/maps\/embed?pb=!1m14!1m12!1m3!1d2106.639266310621!2d2.71971878394419!3d41.69380142374107!2m3!1f0!2f0!3f0!3m2!1i1024!2i768!4f13.1!5e0!3m2!1sca!2sus!4v1448698340137\" width=\"600\" height=\"450\" frameborder=\"0\"><\/iframe><\/p>\n<p>Tordera \u00e9s un municipi de l&#8217;Alt Maresme, situat al nord-est de la prov\u00edncia de Barcelona. T\u00e9, aproximadament, 84 Km<sup>2<\/sup> i \u00e9s el terme m\u00e9s gran de la comarca del Maresme. Dos ter\u00e7os del municipi s\u00f3n muntanya i la resta \u00e9s pla.<\/p>\n<p>El territori destaca per la seva import\u00e0ncia natural i paisatg\u00edstica. Compr\u00e8n el nucli urb\u00e0, a la riba de la Tordera, diverses masies agrupades en ve\u00efnats i urbanitzacions. En l\u2019actualitat, compta amb m\u00e9s de 16.000 habitants.<\/p>\n<p>Tordera rep el nom del riu Tordera que passa per l\u2019esquerra del nucli urb\u00e0. A l&#8217;Edat Mitjana l&#8217;anomenaven Tordaria, la qual cosa ha fet pensar que podia fer refer\u00e8ncia a &#8220;terra de tords&#8221;. Aix\u00ed, fins i tot, en l&#8217;escut her\u00e0ldic de Tordera hi figura un tord.<br \/>\nCada diumenge el mercat setmanal omple els carrers del nucli urb\u00e0 i els marges del riu. Actualment, Tordera compta amb la planta log\u00edstica del grup t\u00e8xtil Inditex, una de les instal\u00b7lacions t\u00e8xtils m\u00e9s avan\u00e7ades d\u2019Europa.<\/p>\n","protected":false},"excerpt":{"rendered":"<p>Escola Ignasi Iglesias<br \/>\nAvinguda Pa\u00efsos Catalans, 3<br \/>\n08490 Tordera<br \/>\nTel. 93 764 54 80<br \/>\na8030467@xtec.cat<br \/>\nescolaignasiiglesias@xtec.cat<\/p>\n<p>Tordera \u00e9s un municipi de l&#8217;Alt Maresme, situat al nord-est de la prov\u00edncia de Barcelona. T\u00e9, aproximadament, 84 Km2 i \u00e9s el terme m\u00e9s gran de la comarca del Maresme. Dos ter\u00e7os del municipi s\u00f3n&hellip;  <a href=\"https:\/\/agora.xtec.cat\/escolaignasiiglesias\/lescola\/on-som\/\" title=\"Read On som\">Llegeix m\u00e9s\u00bb<\/a><\/p>\n","protected":false},"author":1,"featured_media":0,"parent":22,"menu_order":1,"comment_status":"closed","ping_status":"closed","template":"page-templates\/side-menu.php","meta":{"_bbp_topic_count":0,"_bbp_reply_count":0,"_bbp_total_topic_count":0,"_bbp_total_reply_count":0,"_bbp_voice_count":0,"_bbp_anonymous_reply_count":0,"_bbp_topic_count_hidden":0,"_bbp_reply_count_hidden":0,"_bbp_forum_subforum_count":0,"footnotes":""},"class_list":["post-24","page","type-page","status-publish","hentry"],"post_mailing_queue_ids":[],"_links":{"self":[{"href":"https:\/\/agora.xtec.cat\/escolaignasiiglesias\/wp-json\/wp\/v2\/pages\/24","targetHints":{"allow":["GET"]}}],"collection":[{"href":"https:\/\/agora.xtec.cat\/escolaignasiiglesias\/wp-json\/wp\/v2\/pages"}],"about":[{"href":"https:\/\/agora.xtec.cat\/escolaignasiiglesias\/wp-json\/wp\/v2\/types\/page"}],"author":[{"embeddable":true,"href":"https:\/\/agora.xtec.cat\/escolaignasiiglesias\/wp-json\/wp\/v2\/users\/1"}],"replies":[{"embeddable":true,"href":"https:\/\/agora.xtec.cat\/escolaignasiiglesias\/wp-json\/wp\/v2\/comments?post=24"}],"version-history":[{"count":3,"href":"https:\/\/agora.xtec.cat\/escolaignasiiglesias\/wp-json\/wp\/v2\/pages\/24\/revisions"}],"predecessor-version":[{"id":3445,"href":"https:\/\/agora.xtec.cat\/escolaignasiiglesias\/wp-json\/wp\/v2\/pages\/24\/revisions\/3445"}],"up":[{"embeddable":true,"href":"https:\/\/agora.xtec.cat\/escolaignasiiglesias\/wp-json\/wp\/v2\/pages\/22"}],"wp:attachment":[{"href":"https:\/\/agora.xtec.cat\/escolaignasiiglesias\/wp-json\/wp\/v2\/media?parent=24"}],"curies":[{"name":"wp","href":"https:\/\/api.w.org\/{rel}","templated":true}]}}