{"id":2244,"date":"2019-02-01T00:00:06","date_gmt":"2019-01-31T23:00:06","guid":{"rendered":"http:\/\/agora.xtec.cat\/escolaignasiiglesias\/?page_id=2244"},"modified":"2026-03-16T08:12:22","modified_gmt":"2026-03-16T07:12:22","slug":"documents-del-centre","status":"publish","type":"page","link":"https:\/\/agora.xtec.cat\/escolaignasiiglesias\/lescola\/documents-del-centre\/","title":{"rendered":"Documents del centre"},"content":{"rendered":"<p><a href=\"https:\/\/agora.xtec.cat\/escolaignasiiglesias\/wp-content\/uploads\/usu712\/2019\/03\/PEC-principis-en-revisi\u00f3.pdf\" target=\"_blank\" rel=\"noopener noreferrer\">Projecte Educatiu de Centre<\/a><\/p>\n<p><a href=\"https:\/\/agora.xtec.cat\/escolaignasiiglesias\/wp-content\/uploads\/usu712\/2023\/04\/PROJECTE-LINGUISTIC-DE-CENTRE-act-060722-WEB.pdf\" target=\"_blank\" rel=\"noopener\">Projecte Ling\u00fc\u00edstic de Centre<\/a><\/p>\n<p><a href=\"https:\/\/agora.xtec.cat\/escolaignasiiglesias\/wp-content\/uploads\/usu712\/2025\/11\/PLA-FUNCIONAMENT-MENJADOR-ESCOLAR.pdf\" target=\"_blank\" rel=\"noopener\">Pla de funcionament del servei de menjador escolar<\/a><\/p>\n<p><a href=\"https:\/\/sites.google.com\/xtec.cat\/edc-ignasiiglesias\/presentaci%C3%B3\" target=\"_blank\" rel=\"noopener\">Estrat\u00e8gia Digital de Centre<\/a><\/p>\n<p><a href=\"https:\/\/agora.xtec.cat\/escolaignasiiglesias\/wp-content\/uploads\/usu712\/2019\/02\/CARTA-DE-COMPROMIS-EDUCATIU.pdf\" target=\"_blank\" rel=\"noopener noreferrer\">Carta de comprom\u00eds educatiu<\/a><\/p>\n<p><a href=\"https:\/\/agora.xtec.cat\/escolaignasiiglesias\/wp-content\/uploads\/usu712\/2026\/03\/Pressupost-liquidacio-exercici-2025.pdf\" target=\"_blank\" rel=\"noopener\">Pressupost: liquidaci\u00f3 exercici 2025<\/a><\/p>\n<p><a href=\"https:\/\/agora.xtec.cat\/escolaignasiiglesias\/wp-content\/uploads\/usu712\/2026\/03\/Pressupost-2026.pdf\" target=\"_blank\" rel=\"noopener\">Pressupost 2026<\/a><\/p>\n<p>&nbsp;<\/p>\n<p><strong>Autoritzacions:<\/strong><\/p>\n<p><a href=\"https:\/\/agora.xtec.cat\/escolaignasiiglesias\/wp-content\/uploads\/usu712\/2025\/10\/AUTORITZACIO-ADMINISTRACIO-MEDICACIO.pdf\" target=\"_blank\" rel=\"noopener\">Autoritzaci\u00f3 administraci\u00f3 medicaci\u00f3<\/a><\/p>\n<p><a href=\"https:\/\/agora.xtec.cat\/escolaignasiiglesias\/wp-content\/uploads\/usu712\/2025\/09\/AUTORITZACIO-RECOLLIDA-ALUMNAT-25-26.pdf\" target=\"_blank\" rel=\"noopener\">Autoritzaci\u00f3 recollida alumnat<\/a><\/p>\n<p><a href=\"https:\/\/agora.xtec.cat\/escolaignasiiglesias\/wp-content\/uploads\/usu712\/2025\/09\/AUTORITZACIO-SORTIDA-ALUMNES-SOLS.pdf\" target=\"_blank\" rel=\"noopener\">Autoritzaci\u00f3 sortida alumnes sols\/soles<\/a><\/p>\n<p><a href=\"https:\/\/agora.xtec.cat\/escolaignasiiglesias\/wp-content\/uploads\/usu712\/2025\/09\/AUTORITZACIO-RECOLLIDA-GERMANS.pdf\" target=\"_blank\" rel=\"noopener\">Autoritzaci\u00f3 recollida germans\/germans<\/a><\/p>\n","protected":false},"excerpt":{"rendered":"<p><a href=\"https:\/\/agora.xtec.cat\/escolaignasiiglesias\/wp-content\/uploads\/usu712\/2019\/03\/PEC-principis-en-revisi\u00f3.pdf\" target=\"_blank\" rel=\"noopener noreferrer\">Projecte Educatiu de Centre<\/a><br \/>\n<a href=\"https:\/\/agora.xtec.cat\/escolaignasiiglesias\/wp-content\/uploads\/usu712\/2023\/04\/PROJECTE-LINGUISTIC-DE-CENTRE-act-060722-WEB.pdf\" target=\"_blank\" rel=\"noopener\">Projecte Ling\u00fc\u00edstic de Centre<\/a><br \/>\n<a href=\"https:\/\/agora.xtec.cat\/escolaignasiiglesias\/wp-content\/uploads\/usu712\/2025\/11\/PLA-FUNCIONAMENT-MENJADOR-ESCOLAR.pdf\" target=\"_blank\" rel=\"noopener\">Pla de funcionament del servei de menjador escolar<\/a><br \/>\n<a href=\"https:\/\/sites.google.com\/xtec.cat\/edc-ignasiiglesias\/presentaci%C3%B3\" target=\"_blank\" rel=\"noopener\">Estrat\u00e8gia Digital de Centre<\/a><br \/>\n<a href=\"https:\/\/agora.xtec.cat\/escolaignasiiglesias\/wp-content\/uploads\/usu712\/2019\/02\/CARTA-DE-COMPROMIS-EDUCATIU.pdf\" target=\"_blank\" rel=\"noopener noreferrer\">Carta de comprom\u00eds educatiu<\/a><br \/>\n<a href=\"https:\/\/agora.xtec.cat\/escolaignasiiglesias\/wp-content\/uploads\/usu712\/2026\/03\/Pressupost-liquidacio-exercici-2025.pdf\" target=\"_blank\" rel=\"noopener\">Pressupost: liquidaci\u00f3 exercici 2025<\/a><br \/>\n<a href=\"https:\/\/agora.xtec.cat\/escolaignasiiglesias\/wp-content\/uploads\/usu712\/2026\/03\/Pressupost-2026.pdf\" target=\"_blank\"&hellip;  <a href=\"https:\/\/agora.xtec.cat\/escolaignasiiglesias\/lescola\/documents-del-centre\/\" title=\"Read Documents del centre\">Llegeix m\u00e9s\u00bb<\/a><\/p>\n","protected":false},"author":1,"featured_media":0,"parent":22,"menu_order":6,"comment_status":"closed","ping_status":"closed","template":"page-templates\/side-menu.php","meta":{"_bbp_topic_count":0,"_bbp_reply_count":0,"_bbp_total_topic_count":0,"_bbp_total_reply_count":0,"_bbp_voice_count":0,"_bbp_anonymous_reply_count":0,"_bbp_topic_count_hidden":0,"_bbp_reply_count_hidden":0,"_bbp_forum_subforum_count":0,"footnotes":""},"class_list":["post-2244","page","type-page","status-publish","hentry"],"post_mailing_queue_ids":[],"_links":{"self":[{"href":"https:\/\/agora.xtec.cat\/escolaignasiiglesias\/wp-json\/wp\/v2\/pages\/2244","targetHints":{"allow":["GET"]}}],"collection":[{"href":"https:\/\/agora.xtec.cat\/escolaignasiiglesias\/wp-json\/wp\/v2\/pages"}],"about":[{"href":"https:\/\/agora.xtec.cat\/escolaignasiiglesias\/wp-json\/wp\/v2\/types\/page"}],"author":[{"embeddable":true,"href":"https:\/\/agora.xtec.cat\/escolaignasiiglesias\/wp-json\/wp\/v2\/users\/1"}],"replies":[{"embeddable":true,"href":"https:\/\/agora.xtec.cat\/escolaignasiiglesias\/wp-json\/wp\/v2\/comments?post=2244"}],"version-history":[{"count":7,"href":"https:\/\/agora.xtec.cat\/escolaignasiiglesias\/wp-json\/wp\/v2\/pages\/2244\/revisions"}],"predecessor-version":[{"id":8154,"href":"https:\/\/agora.xtec.cat\/escolaignasiiglesias\/wp-json\/wp\/v2\/pages\/2244\/revisions\/8154"}],"up":[{"embeddable":true,"href":"https:\/\/agora.xtec.cat\/escolaignasiiglesias\/wp-json\/wp\/v2\/pages\/22"}],"wp:attachment":[{"href":"https:\/\/agora.xtec.cat\/escolaignasiiglesias\/wp-json\/wp\/v2\/media?parent=2244"}],"curies":[{"name":"wp","href":"https:\/\/api.w.org\/{rel}","templated":true}]}}