{"id":715,"date":"2017-01-30T16:29:57","date_gmt":"2017-01-30T15:29:57","guid":{"rendered":"http:\/\/agora.xtec.cat\/escolaignasiiglesias-bcn\/?page_id=715"},"modified":"2023-09-04T19:20:28","modified_gmt":"2023-09-04T17:20:28","slug":"secretaria","status":"publish","type":"page","link":"https:\/\/agora.xtec.cat\/escolaignasiiglesias-bcn\/secretaria\/","title":{"rendered":"HORARIS"},"content":{"rendered":"<p>SECRETARIA\u00a0\u00a0 \u00a0\u00a0\u00a0\u00a0 \u00a0\u00a0\u00a0\u00a0\u00a0\u00a0\u00a0\u00a0\u00a0 \u00a0\u00a0\u00a0\u00a0\u00a0\u00a0\u00a0\u00a0\u00a0 de dilluns \u00a0a divendres de 9 a 14h i de 15 a 16:30 h<\/p>\n<p>DIRECCI\u00d3\u00a0 \u00a0 \u00a0 \u00a0 \u00a0 \u00a0 \u00a0 \u00a0 \u00a0 \u00a0 \u00a0 \u00a0 \u00a0 \u00a0 \u00a0 \u00a0 concretar per tel\u00e8fon\u00a0 tel. 933 451 820<\/p>\n<p>CAP D&#8217;ESTUDIS\u00a0 \u00a0 \u00a0 \u00a0 \u00a0 \u00a0 \u00a0 \u00a0 \u00a0 \u00a0 \u00a0 \u00a0concretar per tel\u00e8fon\u00a0 tel. 933 451 820<\/p>\n<p>SECRET\u00c0RIA ACAD\u00c8MICA\u00a0 \u00a0 \u00a0 concretar per tel\u00e8fon tel. 933 451 820<\/p>\n<p>GESTI\u00d3 MENJADOR\u00a0 \u00a0 \u00a0 \u00a0 \u00a0 \u00a0 \u00a0 \u00a0 de dilluns a divendres de 9 a 10 h <em>Coordinadora\u00a0 Charo tel 685 189 822,\u00a0 tamb\u00e9 WhatsApp(abs\u00e8ncies, retards, r\u00e8gims&#8230;)<\/em><\/p>\n<p>SERVEI ACOLLIDA (AFA)\u00a0\u00a0 \u00a0\u00a0\u00a0\u00a0\u00a0\u00a0 de dilluns a divendres \u00a0de 7:30 a 9 h<\/p>\n<p>SERVEI LUDOTECA (AFA)\u00a0\u00a0\u00a0\u00a0\u00a0\u00a0\u00a0 de dilluns a divendres \u00a0de 16:30 a 17:30 h<\/p>\n<p>EXTRAESCOLARS (AFA)\u00a0\u00a0\u00a0\u00a0\u00a0\u00a0\u00a0\u00a0\u00a0 Conserge\u00a0 Mari Carmen \u00a0\u00a0tel. 608 163 143<\/p>\n<p><sup><em>Per encarregar el xandall\u00a0 de l&#8217;escola:\u00a0<\/em> <a href=\"http:\/\/www.labotiga.org\">www.labotiga.org<\/a>\u00a0 \u00a0 \u00a0correu: <a href=\"mailto:ventas@global-ss.org\">ventas@global-ss.org<\/a> \u00a0 \u00a0tel.\u00a0 674158000\u00a0 vendes a l&#8217;escola els 1rs dimecres de cada mes.\u00a0<\/sup><\/p>\n<p>AFA: \u00a0 \u00a0\u00a0\u00a0\u00a0\u00a0\u00a0\u00a0\u00a0\u00a0 Per qualsevol informaci\u00f3 podeu enviar un correu a: <a href=\"mailto:afa.iiglesias@gmail.com\">afaignasiiglesias@gmail.com<\/a> o consultar <a href=\"http:\/\/www.afaiiglesias.cat\">www.afaiiglesias.cat<\/a><\/p>\n","protected":false},"excerpt":{"rendered":"<p>SECRETARIA\u00a0\u00a0 \u00a0\u00a0\u00a0\u00a0 \u00a0\u00a0\u00a0\u00a0\u00a0\u00a0\u00a0\u00a0\u00a0 \u00a0\u00a0\u00a0\u00a0\u00a0\u00a0\u00a0\u00a0\u00a0 de dilluns \u00a0a divendres de 9 a 14h i de 15 a 16:30 h<br \/>\nDIRECCI\u00d3\u00a0 \u00a0 \u00a0 \u00a0 \u00a0 \u00a0 \u00a0 \u00a0 \u00a0 \u00a0 \u00a0 \u00a0 \u00a0 \u00a0 \u00a0 \u00a0 concretar per tel\u00e8fon\u00a0 tel. 933 451 820<br \/>\nCAP D&#8217;ESTUDIS\u00a0 \u00a0 \u00a0 \u00a0 \u00a0&hellip;  <a href=\"https:\/\/agora.xtec.cat\/escolaignasiiglesias-bcn\/secretaria\/\" title=\"Read HORARIS\">Llegeix m\u00e9s\u00bb<\/a><\/p>\n","protected":false},"author":1,"featured_media":0,"parent":0,"menu_order":0,"comment_status":"closed","ping_status":"closed","template":"","meta":{"_bbp_topic_count":0,"_bbp_reply_count":0,"_bbp_total_topic_count":0,"_bbp_total_reply_count":0,"_bbp_voice_count":0,"_bbp_anonymous_reply_count":0,"_bbp_topic_count_hidden":0,"_bbp_reply_count_hidden":0,"_bbp_forum_subforum_count":0,"footnotes":""},"class_list":["post-715","page","type-page","status-publish","hentry"],"post_mailing_queue_ids":[],"_links":{"self":[{"href":"https:\/\/agora.xtec.cat\/escolaignasiiglesias-bcn\/wp-json\/wp\/v2\/pages\/715","targetHints":{"allow":["GET"]}}],"collection":[{"href":"https:\/\/agora.xtec.cat\/escolaignasiiglesias-bcn\/wp-json\/wp\/v2\/pages"}],"about":[{"href":"https:\/\/agora.xtec.cat\/escolaignasiiglesias-bcn\/wp-json\/wp\/v2\/types\/page"}],"author":[{"embeddable":true,"href":"https:\/\/agora.xtec.cat\/escolaignasiiglesias-bcn\/wp-json\/wp\/v2\/users\/1"}],"replies":[{"embeddable":true,"href":"https:\/\/agora.xtec.cat\/escolaignasiiglesias-bcn\/wp-json\/wp\/v2\/comments?post=715"}],"version-history":[{"count":4,"href":"https:\/\/agora.xtec.cat\/escolaignasiiglesias-bcn\/wp-json\/wp\/v2\/pages\/715\/revisions"}],"predecessor-version":[{"id":4460,"href":"https:\/\/agora.xtec.cat\/escolaignasiiglesias-bcn\/wp-json\/wp\/v2\/pages\/715\/revisions\/4460"}],"wp:attachment":[{"href":"https:\/\/agora.xtec.cat\/escolaignasiiglesias-bcn\/wp-json\/wp\/v2\/media?parent=715"}],"curies":[{"name":"wp","href":"https:\/\/api.w.org\/{rel}","templated":true}]}}