{"id":38,"date":"2014-09-18T12:34:08","date_gmt":"2014-09-18T11:34:08","guid":{"rendered":"http:\/\/agora.xtec.cat\/escolaignasiiglesias-bcn\/?page_id=38"},"modified":"2017-03-20T15:44:35","modified_gmt":"2017-03-20T14:44:35","slug":"salut","status":"publish","type":"page","link":"https:\/\/agora.xtec.cat\/escolaignasiiglesias-bcn\/lescola\/salut\/","title":{"rendered":"Salut"},"content":{"rendered":"<p><span style=\"color: #000066; font-family: Arial, Helvetica, sans-serif; font-size: small;\">Segons estableix el Departament de Sanitat i el Departament d&#8217;Educaci\u00f3 de la Generalitat de Catalunya, us volem informar del <b>PROTOCOL<\/b> que seguir\u00e0 l&#8217;Escola pel que fa a l&#8217;<b>ADMINISTRACI\u00d3 DE MEDICAMENTS I PRIMERES CURES<\/b><\/span><\/p>\n<p><span style=\"color: #000066; font-family: Arial, Helvetica, sans-serif; font-size: small;\"><b>Administraci\u00f3 de medicaments<\/b><br \/>\n&#8211; Cal que el pare, mare o tutor legal porti una recepta o informe del metge en qu\u00e8 hi consti la pauta i el nom del medicament que ha de prendre.<br \/>\n&#8211; <a href=\"https:\/\/sites.google.com\/site\/documentspares\/home\/models-de-fulls\/autoritzaciomedicaments.pdf?attredirects=0&amp;d=1\">El pare, mare o tutor legal, ha de portar un escrit en qu\u00e8 demani i autoritzi que el personal del centre docent administri al fill\/a la medicaci\u00f3 prescrita <em><strong>(cliqueu a sobre)<\/strong><\/em>.<\/a><br \/>\n&#8211; L&#8217;administraci\u00f3 de medicaments es far\u00e0 a casa sempre que sigui possible, fins i tot en el cas d&#8217;antibi\u00f2tics.<\/span><\/p>\n<p><span style=\"color: #000066; font-family: Arial, Helvetica, sans-serif; font-size: small;\"><b>Polls<\/b><br \/>\nCal que els pares vigilin la possible aparici\u00f3 d&#8217;ous.<br \/>\nPrevenci\u00f3 (per a no contaminar els altres). S&#8217;haur\u00e0 de comunicar a l&#8217;escola quan en tinguin i a m\u00e9s a m\u00e9s seguir unes mesures higi\u00e8niques a casa:<br \/>\n&#8211; Revisar el cap, sobretot darrere de les orelles, el clatell i el serrell.<br \/>\n&#8211; Rentar-se amb freq\u00fc\u00e8ncia els cabells: dues o tres vegades per setmana.<br \/>\n&#8211; Pentinar-se di\u00e0riament els cabells.<br \/>\n&#8211; Netejar les pintes i els raspalls sovint.<br \/>\n&#8211; No deixar els estris de neteja als germans o companys de classe.<br \/>\n&#8211; Quan es tenen polls, cal consultar el metge o farmac\u00e8utic i cal seguir el tractament indicat.<br \/>\nTractament (per eliminar-los). Es fan servir insecticides de contacte que produeixen la mort del poll per par\u00e0lisi. El Departament de Sanitat recomana que quan un alumne estigui parasitat no assisteixi a l&#8217;escola fins que no segueixi el tractament.<\/span><\/p>\n<p><span style=\"color: #000066; font-family: Arial, Helvetica, sans-serif; font-size: small;\"><b>Conjuntivitis<\/b><br \/>\nEl Departament de Sanitat recomana no assistir a l&#8217;escola fins tenir una valoraci\u00f3 m\u00e8dica i\/o haver iniciat el tractament si escau. En el cas de la conjuntivitis purulenta el Departament de Sanitat recomana no assistir a l&#8217;escola fins 24 hores despr\u00e9s d&#8217;iniciar el tractament.<\/span><\/p>\n<p><span style=\"color: #000066; font-family: Arial, Helvetica, sans-serif; font-size: small;\"><b>Diarrea<\/b><br \/>\nEs d\u00f3na dieta astringent, quan la fam\u00edlia ho sol\u00b7licita.<br \/>\nSi la dieta ha de ser d&#8217;un per\u00edode llarg es necessita la indicaci\u00f3 m\u00e8dica. Si hi ha sospita de diarrea produ\u00efda per Giardia Lamblia, rotavirus, adenovirus, Campylobacter, el Departament de Sanitat recomana la no assist\u00e8ncia a l&#8217;escola fins que les deposicions es normalitzin. En cas de Salmonella, Shigella, E. Coli, el Departament de Sanitat recomana la no assist\u00e8ncia a l&#8217;escola fins 48 hores despr\u00e9s que les deposicions es normalitzin.<\/span><\/p>\n<p><span style=\"color: #000066; font-family: Arial, Helvetica, sans-serif; font-size: small;\"><b>Aftes<\/b><br \/>\nEn el cas d&#8217;aftes per herpes simple el Departament de Sanitat recomana no assistir a l&#8217;escola fins que les lesions estiguin seques i amb crosta.<\/span><\/p>\n<h2><span style=\"text-decoration: underline;\"><span style=\"color: #000000; font-family: Arial, Helvetica, sans-serif; font-size: small;\"><b>Actuaci\u00f3 a l&#8217;escola davant d&#8217;una ferida lleu<\/b><\/span><\/span><\/h2>\n<p><span style=\"color: #000066; font-family: Arial, Helvetica, sans-serif; font-size: small;\"><br \/>\n1. La persona que realitza la cura s&#8217;ha de rentar les mans amb aigua abans de comen\u00e7ar la cura i utilitzar els guants d&#8217;un sol \u00fas.<br \/>\n2. Netejar abundantment amb aigua i sab\u00f3 la ferida de dins cap a fora.<br \/>\n3. Treure els cossos estranys visibles: estelles, sorra&#8230;<br \/>\n4. Si hi ha hemorr\u00e0gia es prem sobre la ferida amb una gasa durant tres minuts.<br \/>\n5. Aplicaci\u00f3 d&#8217;antis\u00e8ptic iodat.<br \/>\n6. Es protegir\u00e0 la ferida amb una tireta, una bena o esparadrap.<br \/>\nS&#8217;avisar\u00e0 la fam\u00edlia perqu\u00e8 vingui a buscar el seu fill o filla de l&#8217;escola i decideixi el pare, mare o tutor si el porta al centre asistencial<\/span><\/p>\n<p><span style=\"color: #000066; font-family: Arial, Helvetica, sans-serif; font-size: small;\"><b>Cops i caigudes<\/b><br \/>\nEs comprimir\u00e0 la zona amb alguna cosa freda, com ara gel embolicat. Si la lesi\u00f3 \u00e9s en una extremitat, cal evitar el moviment.<br \/>\nS&#8217;avisar\u00e0 la fam\u00edlia perqu\u00e8 vingui a buscar el seu fill o filla a l&#8217;escola i decideixi el pare, mare o tutor si el porta al centre assistencial.<br \/>\nEn cas que la caiguda o el cop sigui important i faci sospitar de gravetat, s&#8217;avisar\u00e0 el servei m\u00e8dic o b\u00e9 es traslladar\u00e0 el nen a un centre m\u00e8dic, avisant simult\u00e0niament la fam\u00edlia<\/span><\/p>\n<p><span style=\"color: #000066; font-family: Arial, Helvetica, sans-serif; font-size: small;\"><b>Picades<\/b><br \/>\n1. Netejar amb aigua i sab\u00f3.<br \/>\n2. Aplicar d&#8217;antis\u00e8ptic iodat.<br \/>\n3. Posar una tireta.<br \/>\nAvisar la fam\u00edlia.<\/span><\/p>\n<p><span style=\"color: #000066; font-family: Arial, Helvetica, sans-serif; font-size: small;\"><b>Febre<\/b><br \/>\nSi la febre \u00e9s moderada, eliminar roba. Oferir aigua sense insistir. Vigilar que la temperatura no superi els 38,5 \u00baC. Si la febre \u00e9s intensa (&gt;38,5\u00ba) eliminar tamb\u00e9 roba. Aplicar tovalloles amb aigua t\u00e8bia. Oferir aigua sense insistir.<br \/>\nS&#8217;avisar\u00e0 la fam\u00edlia perqu\u00e8 vinguin a buscar el seu fill o filla.<\/span><\/p>\n<p><span style=\"color: #000066; font-family: Arial, Helvetica, sans-serif; font-size: small;\"><b>Mal de cap<\/b><br \/>\nComprovar si hi ha febre. Posar un drap mullat al front. Ajeure&#8217;l\/la en un lloc tranquil sense soroll i poca llum.<br \/>\nS&#8217;avisar\u00e0 la fam\u00edlia i s&#8217;intentar\u00e0 tranquilizar-lo\/la.<\/span><\/p>\n<p><span style=\"color: #000066; font-family: Arial, Helvetica, sans-serif; font-size: small;\"><b>Hemorragia<\/b><br \/>\nEs comprimir\u00e0 el costat del nas que sagna i es far\u00e0 inclinar el cap endavant. Al cap d&#8217;una estona es comprovar\u00e0 que hagi deixat de sagnar. Si no ha parat de sagnar, s&#8217;avisar\u00e0 la fam\u00edlia per anar a un servei d&#8217;urg\u00e8ncies mantenint la compressi\u00f3.<\/span><\/p>\n<p><span style=\"color: #000066; font-family: Arial, Helvetica, sans-serif; font-size: small;\"><b>Diarrea<\/b><br \/>\nSi no hi ha v\u00f2mits, se&#8217;l fa beure aigua. Si hi ha v\u00f2mits, l&#8217;aigua es d\u00f3na en quantitats petites i amb freq\u00fc\u00e8ncia. Es comunica a la fam\u00edlia<\/span><\/p>\n<p><span style=\"color: #000066; font-family: Arial, Helvetica, sans-serif; font-size: small;\"><b>V\u00f2mits<\/b><br \/>\nS&#8217;ajuda l&#8217;alumne a relaxar-se. Es subjecta el cap. Si est\u00e0 endormiscat\/a, cal ajeure&#8217;l\/la sobre el costat esquerre. Si t\u00e9 set, se li d\u00f3na aigua amb sucre a petites cullerades i sovint. Es comunica a la fam\u00edlia.<\/span><\/p>\n<p><span style=\"color: #000066; font-family: Arial, Helvetica, sans-serif; font-size: small;\"><b>Actuaci\u00f3 en les sortides<\/b><br \/>\nSe seguiran les mateixes indicacions i protocol que es fan a l&#8217;escola. S&#8217;avisar\u00e0 la fam\u00edlia. En cas d&#8217;urg\u00e8ncia es portar\u00e0 l&#8217;alumne\/a al servei m\u00e8dic de la zona.<\/span><\/p>\n<p><span style=\"font-family: Arial, Helvetica, sans-serif; font-size: small;\"><b><span style=\"color: #000066;\">Al\u00b7l\u00e8rgies i\/ o malalties<br \/>\n<\/span><\/b><\/span><span style=\"color: #000066; font-family: Arial, Helvetica, sans-serif; font-size: small;\">Els pares hauran d&#8217;informar per escrit, al centre escolar d&#8217;aquelles al\u00b7lergies i\/o malalties que pateix el seu fill\/a i en el cassos que es cregui oport\u00fa caldr\u00e0 escriure un protocol d&#8217;actuaci\u00f3, revisat per l&#8217;equip m\u00e8dic corresponent.<\/span><\/p>\n<p><span style=\"color: #000066; font-family: Arial, Helvetica, sans-serif; font-size: small;\">La persona que el centre estableix com a responsable de la farmaciola \u00e9s el conserge.<\/span><\/p>\n<p><span style=\"color: #000066; font-family: Arial, Helvetica, sans-serif; font-size: small;\">Els alumnes que pateixin un accident utilitzaran el servei de la Seguretat Social m\u00e9s proper al centre.<br \/>\nAbans d\u2019anar al centre m\u00e8dic s\u2019intentar\u00e0 localitzar als pares de l\u2019alumne\/a .<\/span><\/p>\n<p><span style=\"color: #000066; font-family: Arial, Helvetica, sans-serif; font-size: small;\">El mestre\/a o responsable de l&#8217;activitat podr\u00e0 prendre la decisi\u00f3 que cregui m\u00e9s adequada en cas d&#8217;urg\u00e8ncia.<\/span><\/p>\n<p>&nbsp;<\/p>\n<p>&nbsp;<\/p>\n<p>&nbsp;<\/p>\n<p>&nbsp;<\/p>\n<p>&nbsp;<\/p>\n","protected":false},"excerpt":{"rendered":"<p>Segons estableix el Departament de Sanitat i el Departament d&#8217;Educaci\u00f3 de la Generalitat de Catalunya, us volem informar del PROTOCOL que seguir\u00e0 l&#8217;Escola pel que fa a l&#8217;ADMINISTRACI\u00d3 DE MEDICAMENTS I PRIMERES CURES<br \/>\nAdministraci\u00f3 de medicaments<br \/>\n&#8211; Cal que el pare, mare o tutor legal porti una&hellip;  <a href=\"https:\/\/agora.xtec.cat\/escolaignasiiglesias-bcn\/lescola\/salut\/\" title=\"Read Salut\">Llegeix m\u00e9s\u00bb<\/a><\/p>\n","protected":false},"author":1,"featured_media":0,"parent":22,"menu_order":80,"comment_status":"closed","ping_status":"closed","template":"","meta":{"_bbp_topic_count":0,"_bbp_reply_count":0,"_bbp_total_topic_count":0,"_bbp_total_reply_count":0,"_bbp_voice_count":0,"_bbp_anonymous_reply_count":0,"_bbp_topic_count_hidden":0,"_bbp_reply_count_hidden":0,"_bbp_forum_subforum_count":0,"footnotes":""},"class_list":["post-38","page","type-page","status-publish","hentry"],"post_mailing_queue_ids":[],"_links":{"self":[{"href":"https:\/\/agora.xtec.cat\/escolaignasiiglesias-bcn\/wp-json\/wp\/v2\/pages\/38","targetHints":{"allow":["GET"]}}],"collection":[{"href":"https:\/\/agora.xtec.cat\/escolaignasiiglesias-bcn\/wp-json\/wp\/v2\/pages"}],"about":[{"href":"https:\/\/agora.xtec.cat\/escolaignasiiglesias-bcn\/wp-json\/wp\/v2\/types\/page"}],"author":[{"embeddable":true,"href":"https:\/\/agora.xtec.cat\/escolaignasiiglesias-bcn\/wp-json\/wp\/v2\/users\/1"}],"replies":[{"embeddable":true,"href":"https:\/\/agora.xtec.cat\/escolaignasiiglesias-bcn\/wp-json\/wp\/v2\/comments?post=38"}],"version-history":[{"count":4,"href":"https:\/\/agora.xtec.cat\/escolaignasiiglesias-bcn\/wp-json\/wp\/v2\/pages\/38\/revisions"}],"predecessor-version":[{"id":712,"href":"https:\/\/agora.xtec.cat\/escolaignasiiglesias-bcn\/wp-json\/wp\/v2\/pages\/38\/revisions\/712"}],"up":[{"embeddable":true,"href":"https:\/\/agora.xtec.cat\/escolaignasiiglesias-bcn\/wp-json\/wp\/v2\/pages\/22"}],"wp:attachment":[{"href":"https:\/\/agora.xtec.cat\/escolaignasiiglesias-bcn\/wp-json\/wp\/v2\/media?parent=38"}],"curies":[{"name":"wp","href":"https:\/\/api.w.org\/{rel}","templated":true}]}}