{"id":26,"date":"2014-09-18T12:24:32","date_gmt":"2014-09-18T11:24:32","guid":{"rendered":"http:\/\/agora.xtec.cat\/escolaignasiiglesias-bcn\/?page_id=26"},"modified":"2023-11-21T10:18:12","modified_gmt":"2023-11-21T09:18:12","slug":"historia","status":"publish","type":"page","link":"https:\/\/agora.xtec.cat\/escolaignasiiglesias-bcn\/lescola\/historia\/","title":{"rendered":"Hist\u00f2ria del centre"},"content":{"rendered":"<p style=\"text-align: justify;\">L&#8217;origen de l&#8217;escola es situa a l&#8217;any 1930, en el qu\u00e8 els &#8220;Amics de l&#8217; <a href=\"http:\/\/agora.xtec.cat\/escolaignasiiglesias-bcn\/lescola\/historia\/ignasi-iglesias\/\">Ignasi Iglesias<\/a>&#8221; recaptaren fons per tal d&#8217;aixecar una font en homenatge al poeta i dramaturg.<br \/>\nTenint en compte, per\u00f2, que l&#8217; Ignasi Iglesias havia fet una aferrissada defensa de les Escoles a l&#8217; Aire Lliure quan form\u00e0 part del consistori barcelon\u00ed, i a petici\u00f3 de l&#8217; Ajuntament, es va decidir destinar aquests diners a la compra de la finca &#8220;Les Carasses&#8221; per crear-hi una escola pel <a href=\"http:\/\/agora.xtec.cat\/escolaignasiiglesias-bcn\/sant-andreu-de-palomar-historia\/\">barri de Sant Andreu<\/a>.<\/p>\n<p style=\"text-align: justify;\"><a href=\"http:\/\/agora.xtec.cat\/escolaignasiiglesias-bcn\/wp-content\/uploads\/usu1561\/2014\/09\/0-ESCOLA.jpg\"><img loading=\"lazy\" decoding=\"async\" class=\" wp-image-542 aligncenter\" src=\"http:\/\/agora.xtec.cat\/escolaignasiiglesias-bcn\/wp-content\/uploads\/usu1561\/2014\/09\/0-ESCOLA.jpg\" alt=\"0-escola\" width=\"394\" height=\"280\" srcset=\"https:\/\/agora.xtec.cat\/escolaignasiiglesias-bcn\/wp-content\/uploads\/usu1561\/2014\/09\/0-ESCOLA.jpg 500w, https:\/\/agora.xtec.cat\/escolaignasiiglesias-bcn\/wp-content\/uploads\/usu1561\/2014\/09\/0-ESCOLA-300x213.jpg 300w\" sizes=\"auto, (max-width: 394px) 100vw, 394px\" \/><\/a><\/p>\n<p style=\"text-align: justify;\">Dia 17 de novembre de 1931. Sant Andreu. Una nova escola, la Ignasi Igl\u00e9sias (Passeig de Torras i Bages, 108) obre les portes al barri. El centre formava part del Patronat d&#8217;Escoles Municipals i va adoptar el model d&#8217;escola activa com a forma d&#8217;ensenyament.<\/p>\n<p>&nbsp;<\/p>\n<p><img loading=\"lazy\" decoding=\"async\" class=\"wp-image-519 alignleft\" src=\"http:\/\/agora.xtec.cat\/escolaignasiiglesias-bcn\/wp-content\/uploads\/usu1561\/2014\/09\/historia1-1.jpg\" alt=\"historia1\" width=\"240\" height=\"174\" \/>M\u00e9s de tres quarts de segle despr\u00e9s, aquest col\u00b7legi municipal pot presumir de ser un dels pilars de la tradici\u00f3 pedag\u00f2gica de la ciutat de Barcelona, tal i com queda reflectit en el llibre L&#8217;escola Ignasi Igl\u00e9sias. 75 anys d&#8217;hist\u00f2ria que l&#8217;Ajuntament va editar.<\/p>\n<p style=\"text-align: justify;\">Les aules d&#8217;aquest centre, per on han passat nens i nenes de diverses generacions, han estat testimoni no nom\u00e9s dels canvis que ha patit l&#8217;educaci\u00f3 amb el pas dels anys, sin\u00f3 tamb\u00e9 dels fets hist\u00f2rics m\u00e9s rellevants que ha viscut la capital catalana.<img loading=\"lazy\" decoding=\"async\" class=\"wp-image-520 alignleft\" src=\"http:\/\/agora.xtec.cat\/escolaignasiiglesias-bcn\/wp-content\/uploads\/usu1561\/2014\/09\/historia2.jpg\" alt=\"historia2\" width=\"239\" height=\"173\" \/><\/p>\n<p style=\"text-align: justify;\">Durant la II Rep\u00fablica, la directora del centre educatiu d&#8217;aleshores, Montserrat Roca i Balt\u00e0, va centrar els seus esfor\u00e7os en dur a terme una renovaci\u00f3 pedag\u00f2gica que va haver de quedar aparcada despr\u00e9s de la Guerra Civil.<\/p>\n<p style=\"text-align: justify;\">Per\u00f2, fins i tot en un context dif\u00edcil per posar en pr\u00e0ctica una metodologia contr\u00e0ria a la marcada des del b\u00e0ndol guanyador, l&#8217;Escola Ignasi Igl\u00e9sias va continuar centrant els esfor\u00e7os per fer que els seus alumnes rebessin una educaci\u00f3 diferent.\u00a0<img loading=\"lazy\" decoding=\"async\" class=\"wp-image-524 alignleft\" src=\"http:\/\/agora.xtec.cat\/escolaignasiiglesias-bcn\/wp-content\/uploads\/usu1561\/2014\/09\/mgibert1933.jpg\" alt=\"mgibert1933\" width=\"240\" height=\"153\" \/>Aix\u00ed, per exemple, tot i que la llengua de l&#8217;ensenyament durant aquesta \u00e8poca havia de ser el castell\u00e0, a l&#8217;Escola Ignasi Igl\u00e9sias &#8220;la llengua vehicular va continuar sent la catalana&#8221;, segons explicava la regidora d&#8217;Educaci\u00f3 de l&#8217;Ajuntament, Montserrat Ballar\u00edn, en el pr\u00f2leg de la publicaci\u00f3.<\/p>\n<p>&nbsp;<\/p>\n<p><strong>Abanderada dels canvis educatius<\/strong><\/p>\n<p style=\"text-align: justify;\"><a href=\"http:\/\/agora.xtec.cat\/escolaignasiiglesias-bcn\/wp-content\/uploads\/usu1561\/2014\/09\/mestres1931.jpg\"><img loading=\"lazy\" decoding=\"async\" class=\" wp-image-543 alignleft\" src=\"http:\/\/agora.xtec.cat\/escolaignasiiglesias-bcn\/wp-content\/uploads\/usu1561\/2014\/09\/mestres1931.jpg\" alt=\"mestres1931\" width=\"157\" height=\"551\" \/><\/a>Als anys setanta les coses van comen\u00e7ar a canviar, i als vuitanta l&#8217;escola va ser una de les abanderades dels canvis educatius, ja que va fer una aposta clara per la qualitat.<\/p>\n<p style=\"text-align: justify;\">Dues d\u00e8cades m\u00e9s tard, la Ignasi Igl\u00e9sias va tornar a guanyar protagonisme perqu\u00e8 va ser una de les escoles pilot de la LOGSE. Mentre el nou sistema educatiu encara no era vigent a tota la xarxa p\u00fablica, els alumnes d&#8217;aquesta escola podien triar entre seguir el vell itinerari o el nou.<\/p>\n<p style=\"text-align: justify;\">L&#8217;any 2004, amb vista a organitzar el 75\u00e8 aniversari de l&#8217;escola, es va crear una comissi\u00f3 formada per un mestre de cada cicle i un membre de l&#8217;equip directiu. Un pare de l&#8217;escola va idear, fins i tot, un logotip per a la commemoraci\u00f3.<\/p>\n<p style=\"text-align: justify;\">A una escola tan representativa de la ciutat no hi podia faltar un s\u00edmbol que la represent\u00e9s. Des de 1992, l&#8217;encarregat d&#8217;aquesta funci\u00f3 \u00e9s el gegant Joanot, i des del 2012 l&#8217;acompanya el Trasto \u00a0i que participen en la Festa Major de Sant Andreu i sempre estan presents en el dia a dia de l&#8217;escola.<\/p>\n<p style=\"text-align: justify;\">Des del curs 2016-17 l&#8217;escola inicia un nou repte per anar-se convertint en una escola de dues l\u00ednies i amb un projecte d&#8217;un <a href=\"https:\/\/contractaciopublica.gencat.cat\/ecofin_pscp\/AppJava\/portalfileretrieving.pscp?reqCode=retrieveFile&amp;docHash=d155c12201cfebe8dc2ac5294876b543&amp;fileId=26778485&amp;capId=203746&amp;idTS=26512933\">nou edifici que comen\u00e7ar\u00e0 la seva construcci\u00f3 el 2018<\/a>, la qual cosa permetr\u00e0 tenir unes molt bones instal\u00b7lacions, preparades pels nous reptes del futur.<\/p>\n<p style=\"text-align: justify;\"><em>El 2007 van rebre la Medalla d&#8217;Honor de Barcelona.<\/em><\/p>\n<p style=\"text-align: justify;\"><em><a href=\"http:\/\/hdl.handle.net\/2099.1\/10171\"><b>M\u00e9s informaci\u00f3 sobre la l&#8217;edifici de la masia Les Carasses i l&#8217;escola <\/b><\/a><\/em><\/p>\n<p style=\"text-align: justify;\"><em><a href=\"http:\/\/hdl.handle.net\/2099.1\/10171\">(<span style=\"font-size: xx-small;\">2010 Arquitectura e historia de la escuela Ignasi Iglesias d&#8217; Alba Montes Cuadrado UPC<\/span>)<\/a><\/em><\/p>\n","protected":false},"excerpt":{"rendered":"<p>L&#8217;origen de l&#8217;escola es situa a l&#8217;any 1930, en el qu\u00e8 els &#8220;Amics de l&#8217; <a href=\"http:\/\/agora.xtec.cat\/escolaignasiiglesias-bcn\/lescola\/historia\/ignasi-iglesias\/\">Ignasi Iglesias<\/a>&#8221; recaptaren fons per tal d&#8217;aixecar una font en homenatge al poeta i dramaturg.<br \/>\nTenint en compte, per\u00f2, que l&#8217; Ignasi Iglesias havia fet una aferrissada defensa de les&hellip;  <a href=\"https:\/\/agora.xtec.cat\/escolaignasiiglesias-bcn\/lescola\/historia\/\" title=\"Read Hist\u00f2ria del centre\">Llegeix m\u00e9s\u00bb<\/a><\/p>\n","protected":false},"author":1,"featured_media":0,"parent":22,"menu_order":20,"comment_status":"closed","ping_status":"closed","template":"","meta":{"_bbp_topic_count":0,"_bbp_reply_count":0,"_bbp_total_topic_count":0,"_bbp_total_reply_count":0,"_bbp_voice_count":0,"_bbp_anonymous_reply_count":0,"_bbp_topic_count_hidden":0,"_bbp_reply_count_hidden":0,"_bbp_forum_subforum_count":0,"footnotes":""},"class_list":["post-26","page","type-page","status-publish","hentry"],"post_mailing_queue_ids":[],"_links":{"self":[{"href":"https:\/\/agora.xtec.cat\/escolaignasiiglesias-bcn\/wp-json\/wp\/v2\/pages\/26","targetHints":{"allow":["GET"]}}],"collection":[{"href":"https:\/\/agora.xtec.cat\/escolaignasiiglesias-bcn\/wp-json\/wp\/v2\/pages"}],"about":[{"href":"https:\/\/agora.xtec.cat\/escolaignasiiglesias-bcn\/wp-json\/wp\/v2\/types\/page"}],"author":[{"embeddable":true,"href":"https:\/\/agora.xtec.cat\/escolaignasiiglesias-bcn\/wp-json\/wp\/v2\/users\/1"}],"replies":[{"embeddable":true,"href":"https:\/\/agora.xtec.cat\/escolaignasiiglesias-bcn\/wp-json\/wp\/v2\/comments?post=26"}],"version-history":[{"count":4,"href":"https:\/\/agora.xtec.cat\/escolaignasiiglesias-bcn\/wp-json\/wp\/v2\/pages\/26\/revisions"}],"predecessor-version":[{"id":4730,"href":"https:\/\/agora.xtec.cat\/escolaignasiiglesias-bcn\/wp-json\/wp\/v2\/pages\/26\/revisions\/4730"}],"up":[{"embeddable":true,"href":"https:\/\/agora.xtec.cat\/escolaignasiiglesias-bcn\/wp-json\/wp\/v2\/pages\/22"}],"wp:attachment":[{"href":"https:\/\/agora.xtec.cat\/escolaignasiiglesias-bcn\/wp-json\/wp\/v2\/media?parent=26"}],"curies":[{"name":"wp","href":"https:\/\/api.w.org\/{rel}","templated":true}]}}