{"id":1014,"date":"2018-04-19T13:58:48","date_gmt":"2018-04-19T11:58:48","guid":{"rendered":"http:\/\/agora.xtec.cat\/escolaignasiiglesias-bcn\/?page_id=1014"},"modified":"2025-09-02T19:32:09","modified_gmt":"2025-09-02T17:32:09","slug":"equip-docent","status":"publish","type":"page","link":"https:\/\/agora.xtec.cat\/escolaignasiiglesias-bcn\/equip-docent\/","title":{"rendered":"El nostre equip 2025-26"},"content":{"rendered":"<table class=\" aligncenter\" style=\"width: 70.7636%; height: 2016px;\">\n<tbody>\n<tr style=\"background-color: #86f0a2;\">\n<td style=\"width: 28.4936%; height: 50px;\" colspan=\"4\">\n<h5><b>ED. INFANTIL &#8211; EDIFICI LA MASIA\u00a0<\/b><\/h5>\n<\/td>\n<\/tr>\n<tr style=\"height: 33px;\">\n<td style=\"width: 9.17327%; height: 33px;\"><span style=\"font-weight: 400;\">Maria Ch.<\/span><\/td>\n<td style=\"width: 9.89305%; height: 33px;\"><span style=\"font-weight: 400;\">Tutora<\/span><\/td>\n<td style=\"width: 2.28545%; height: 33px;\"><span style=\"font-weight: 400;\">I3A<\/span><\/td>\n<td style=\"width: 7.14179%; height: 33px;\"><span style=\"font-weight: 400;\">(Planta baixa)<\/span><\/td>\n<\/tr>\n<tr style=\"height: 33px;\">\n<td style=\"width: 9.17327%; height: 33px;\"><span style=\"font-weight: 400;\">Marian G.<\/span><\/td>\n<td style=\"width: 9.89305%; height: 33px;\"><span style=\"font-weight: 400;\">Tutora<\/span><\/td>\n<td style=\"width: 2.28545%; height: 33px;\"><span style=\"font-weight: 400;\">I3B<\/span><\/td>\n<td style=\"width: 7.14179%; height: 33px;\"><span style=\"font-weight: 400;\">(Planta baixa)<\/span><\/td>\n<\/tr>\n<tr style=\"height: 33px;\">\n<td style=\"width: 9.17327%; height: 33px;\"><span style=\"font-weight: 400;\">Maria V.<\/span><\/td>\n<td style=\"width: 9.89305%; height: 33px;\"><span style=\"font-weight: 400;\">Tutora<\/span><\/td>\n<td style=\"width: 2.28545%; height: 33px;\"><span style=\"font-weight: 400;\">I4A<\/span><\/td>\n<td style=\"width: 7.14179%; height: 33px;\"><span style=\"font-weight: 400;\">(1r Pis)<\/span><\/td>\n<\/tr>\n<tr style=\"height: 33px;\">\n<td style=\"width: 9.17327%; height: 33px;\"><span style=\"font-weight: 400;\">Tania V.<\/span><\/td>\n<td style=\"width: 9.89305%; height: 33px;\"><span style=\"font-weight: 400;\">Tutora<\/span><\/td>\n<td style=\"width: 2.28545%; height: 33px;\"><span style=\"font-weight: 400;\">I4B<\/span><\/td>\n<td style=\"width: 7.14179%; height: 33px;\"><span style=\"font-weight: 400;\">(1r Pis)<\/span><\/td>\n<\/tr>\n<tr style=\"height: 33px;\">\n<td style=\"width: 9.17327%; height: 33px;\"><span style=\"font-weight: 400;\">Nat\u00e0lia de la C.<\/span><\/td>\n<td style=\"width: 9.89305%; height: 33px;\"><span style=\"font-weight: 400;\">Tutora<\/span><\/td>\n<td style=\"width: 2.28545%; height: 33px;\"><span style=\"font-weight: 400;\">I5A<\/span><\/td>\n<td style=\"width: 7.14179%; height: 33px;\"><span style=\"font-weight: 400;\">(2n Pis)<\/span><\/td>\n<\/tr>\n<tr style=\"height: 33px;\">\n<td style=\"width: 9.17327%; height: 33px;\"><span style=\"font-weight: 400;\">Isabel V.<\/span><\/td>\n<td style=\"width: 9.89305%; height: 33px;\"><span style=\"font-weight: 400;\">Tutora<\/span><\/td>\n<td style=\"width: 2.28545%; height: 33px;\"><span style=\"font-weight: 400;\">I5B<\/span><\/td>\n<td style=\"width: 7.14179%; height: 33px;\"><span style=\"font-weight: 400;\">(2n Pis)<\/span><\/td>\n<\/tr>\n<tr style=\"height: 33px;\">\n<td style=\"width: 9.17327%; height: 33px;\"><span style=\"font-weight: 400;\">Cristina C.<\/span><\/td>\n<td style=\"width: 19.3203%; height: 33px;\" colspan=\"3\"><span style=\"font-weight: 400;\">Refor\u00e7, Angl\u00e8s I4, Biblioteca Infantil i Tallers<\/span><\/td>\n<\/tr>\n<tr style=\"height: 33px;\">\n<td style=\"width: 9.17327%; height: 33px;\"><span style=\"font-weight: 400;\">Montse A.<\/span><\/td>\n<td style=\"width: 19.3203%; height: 33px;\" colspan=\"3\"><span style=\"font-weight: 400;\">\u2153 I4B<\/span><\/td>\n<\/tr>\n<tr style=\"height: 33px;\">\n<td style=\"width: 9.17327%; height: 33px;\"><span style=\"font-weight: 400;\">Pilar \u00c0.<\/span><\/td>\n<td style=\"width: 19.3203%; height: 33px;\" colspan=\"3\"><span style=\"font-weight: 400;\">TEI<\/span><\/td>\n<\/tr>\n<tr style=\"height: 33px;\">\n<td style=\"width: 9.17327%; height: 33px;\"><span style=\"font-weight: 400;\">Teresa M.<\/span><\/td>\n<td style=\"width: 19.3203%; height: 33px;\" colspan=\"3\"><span style=\"font-weight: 400;\">TEI<\/span><\/td>\n<\/tr>\n<tr style=\"background-color: #f081c2;\">\n<td style=\"width: 28.4936%; height: 50px;\" colspan=\"4\">\n<h5><b>ED. PRIM\u00c0RIA &#8211; EDIFICI NOU<\/b><b>\u00a0<\/b><\/h5>\n<\/td>\n<\/tr>\n<tr style=\"height: 33px;\">\n<td style=\"width: 9.17327%; height: 33px;\"><span style=\"font-weight: 400;\">Sandra G.<\/span><\/td>\n<td style=\"width: 9.89305%; height: 33px;\"><span style=\"font-weight: 400;\">Tutora<\/span><\/td>\n<td style=\"width: 2.28545%; height: 33px;\"><span style=\"font-weight: 400;\">1rA<\/span><\/td>\n<td style=\"width: 7.14179%; height: 33px;\"><span style=\"font-weight: 400;\">(2n Pis)<\/span><\/td>\n<\/tr>\n<tr style=\"height: 33px;\">\n<td style=\"width: 9.17327%; height: 33px;\"><span style=\"font-weight: 400;\">Andrea A.<\/span><\/td>\n<td style=\"width: 9.89305%; height: 33px;\"><span style=\"font-weight: 400;\">Tutora<\/span><\/td>\n<td style=\"width: 2.28545%; height: 33px;\"><span style=\"font-weight: 400;\">1rB<\/span><\/td>\n<td style=\"width: 7.14179%; height: 33px;\"><span style=\"font-weight: 400;\">(2n Pis)<\/span><\/td>\n<\/tr>\n<tr style=\"height: 33px;\">\n<td style=\"width: 9.17327%; height: 33px;\"><span style=\"font-weight: 400;\">Nerea O.<\/span><\/td>\n<td style=\"width: 9.89305%; height: 33px;\"><span style=\"font-weight: 400;\">Tutora<\/span><\/td>\n<td style=\"width: 2.28545%; height: 33px;\"><span style=\"font-weight: 400;\">2nA<\/span><\/td>\n<td style=\"width: 7.14179%; height: 33px;\"><span style=\"font-weight: 400;\">(2n Pis)<\/span><\/td>\n<\/tr>\n<tr style=\"height: 33px;\">\n<td style=\"width: 9.17327%; height: 33px;\"><span style=\"font-weight: 400;\">Naomi R.<\/span><\/td>\n<td style=\"width: 9.89305%; height: 33px;\"><span style=\"font-weight: 400;\">Tutora<\/span><\/td>\n<td style=\"width: 2.28545%; height: 33px;\"><span style=\"font-weight: 400;\">2nB<\/span><\/td>\n<td style=\"width: 7.14179%; height: 33px;\"><span style=\"font-weight: 400;\">(2n Pis)<\/span><\/td>\n<\/tr>\n<tr style=\"height: 33px;\">\n<td style=\"width: 9.17327%; height: 33px;\"><span style=\"font-weight: 400;\">Laura B.<\/span><\/td>\n<td style=\"width: 9.89305%; height: 33px;\"><span style=\"font-weight: 400;\">Tutora<\/span><\/td>\n<td style=\"width: 2.28545%; height: 33px;\"><span style=\"font-weight: 400;\">3rA<\/span><\/td>\n<td style=\"width: 7.14179%; height: 33px;\"><span style=\"font-weight: 400;\">(3r Pis)<\/span><\/td>\n<\/tr>\n<tr style=\"height: 33px;\">\n<td style=\"width: 9.17327%; height: 33px;\"><span style=\"font-weight: 400;\">Pendent nomenament<\/span><\/td>\n<td style=\"width: 9.89305%; height: 33px;\"><span style=\"font-weight: 400;\">Tutora<\/span><\/td>\n<td style=\"width: 2.28545%; height: 33px;\"><span style=\"font-weight: 400;\">3rB<\/span><\/td>\n<td style=\"width: 7.14179%; height: 33px;\"><span style=\"font-weight: 400;\">(3r Pis)<\/span><\/td>\n<\/tr>\n<tr style=\"height: 33px;\">\n<td style=\"width: 9.17327%; height: 33px;\"><span style=\"font-weight: 400;\">Paqui M.<\/span><\/td>\n<td style=\"width: 9.89305%; height: 33px;\"><span style=\"font-weight: 400;\">Tutora<\/span><\/td>\n<td style=\"width: 2.28545%; height: 33px;\"><span style=\"font-weight: 400;\">4tA<\/span><\/td>\n<td style=\"width: 7.14179%; height: 33px;\"><span style=\"font-weight: 400;\">(3r Pis)<\/span><\/td>\n<\/tr>\n<tr style=\"height: 33px;\">\n<td style=\"width: 9.17327%; height: 33px;\"><span style=\"font-weight: 400;\">Roser S.<\/span><\/td>\n<td style=\"width: 9.89305%; height: 33px;\"><span style=\"font-weight: 400;\">Tutora<\/span><\/td>\n<td style=\"width: 2.28545%; height: 33px;\"><span style=\"font-weight: 400;\">4tB<\/span><\/td>\n<td style=\"width: 7.14179%; height: 33px;\"><span style=\"font-weight: 400;\">(3r Pis)<\/span><\/td>\n<\/tr>\n<tr style=\"height: 33px;\">\n<td style=\"width: 9.17327%; height: 33px;\"><span style=\"font-weight: 400;\">Judit G.<\/span><\/td>\n<td style=\"width: 9.89305%; height: 33px;\"><span style=\"font-weight: 400;\">Tutora<\/span><\/td>\n<td style=\"width: 2.28545%; height: 33px;\"><span style=\"font-weight: 400;\">5\u00e8A<\/span><\/td>\n<td style=\"width: 7.14179%; height: 33px;\"><span style=\"font-weight: 400;\">(2n Pis)<\/span><\/td>\n<\/tr>\n<tr style=\"height: 33px;\">\n<td style=\"width: 9.17327%; height: 33px;\"><span style=\"font-weight: 400;\">N\u00faria V.<\/span><\/td>\n<td style=\"width: 9.89305%; height: 33px;\"><span style=\"font-weight: 400;\">Tutora<\/span><\/td>\n<td style=\"width: 2.28545%; height: 33px;\"><span style=\"font-weight: 400;\">5\u00e8B<\/span><\/td>\n<td style=\"width: 7.14179%; height: 33px;\"><span style=\"font-weight: 400;\">(2n Pis)<\/span><\/td>\n<\/tr>\n<tr style=\"height: 33px;\">\n<td style=\"width: 9.17327%; height: 33px;\"><span style=\"font-weight: 400;\">Iris A.<\/span><\/td>\n<td style=\"width: 9.89305%; height: 33px;\"><span style=\"font-weight: 400;\">Tutora<\/span><\/td>\n<td style=\"width: 2.28545%; height: 33px;\"><span style=\"font-weight: 400;\">6\u00e8A<\/span><\/td>\n<td style=\"width: 7.14179%; height: 33px;\"><span style=\"font-weight: 400;\">(3r Pis)<\/span><\/td>\n<\/tr>\n<tr style=\"height: 33px;\">\n<td style=\"width: 9.17327%; height: 33px;\"><span style=\"font-weight: 400;\">Alba V.<\/span><\/td>\n<td style=\"width: 9.89305%; height: 33px;\"><span style=\"font-weight: 400;\">Tutor<\/span><\/td>\n<td style=\"width: 2.28545%; height: 33px;\"><span style=\"font-weight: 400;\">6\u00e8B<\/span><\/td>\n<td style=\"width: 7.14179%; height: 33px;\"><span style=\"font-weight: 400;\">(3r Pis)<\/span><\/td>\n<\/tr>\n<tr style=\"background-color: #8db7f2;\">\n<td style=\"width: 28.4936%; height: 50px;\" colspan=\"4\">\n<h5><b>ESPECIALISTES \/ ALTRES<\/b><\/h5>\n<\/td>\n<\/tr>\n<tr style=\"height: 33px;\">\n<td style=\"width: 9.17327%; height: 33px;\"><span style=\"font-weight: 400;\">Cristina C.<\/span><\/td>\n<td style=\"width: 19.3203%; height: 33px;\" colspan=\"3\"><span style=\"font-weight: 400;\">Refor\u00e7, Angl\u00e8s I4 + Biblioteca Infantil + Tallers<\/span><\/td>\n<\/tr>\n<tr style=\"height: 33px;\">\n<td style=\"width: 9.17327%; height: 33px;\"><span style=\"font-weight: 400;\">Cristina P.<\/span><\/td>\n<td style=\"width: 19.3203%; height: 33px;\" colspan=\"3\"><span style=\"font-weight: 400;\">M\u00fasica Prim\u00e0ria + Tallers 1r<\/span><\/td>\n<\/tr>\n<tr style=\"height: 33px;\">\n<td style=\"width: 9.17327%; height: 33px;\"><span style=\"font-weight: 400;\">Chelo A.<\/span><\/td>\n<td style=\"width: 19.3203%; height: 33px;\" colspan=\"3\"><span style=\"font-weight: 400;\">Psicomotricitat I3 i I4l +\u00a0 EF ( 6\u00e8) + Lectura 2n<\/span><\/td>\n<\/tr>\n<tr style=\"height: 33px;\">\n<td style=\"width: 9.17327%; height: 33px;\"><span style=\"font-weight: 400;\">Aaron O.<\/span><\/td>\n<td style=\"width: 19.3203%; height: 33px;\" colspan=\"3\"><span style=\"font-weight: 400;\">Psicomotricitat I5 + Ed. F\u00edsica 1r a 5\u00e8<\/span><\/td>\n<\/tr>\n<tr style=\"height: 33px;\">\n<td style=\"width: 9.17327%; height: 33px;\"><span style=\"font-weight: 400;\">Myriam R.<\/span><\/td>\n<td style=\"width: 19.3203%; height: 33px;\" colspan=\"3\"><span style=\"font-weight: 400;\">Angl\u00e8s CS + Tallers 4t a 6\u00e8<\/span><\/td>\n<\/tr>\n<tr style=\"height: 33px;\">\n<td style=\"width: 9.17327%; height: 33px;\"><span style=\"font-weight: 400;\">\u00c8lia N.<\/span><\/td>\n<td style=\"width: 19.3203%; height: 33px;\" colspan=\"3\"><span style=\"font-weight: 400;\">Angl\u00e8s I5 a 4t<\/span><\/td>\n<\/tr>\n<tr style=\"height: 33px;\">\n<td style=\"width: 9.17327%; height: 33px;\"><span style=\"font-weight: 400;\">Carlos F.<\/span><\/td>\n<td style=\"width: 19.3203%; height: 33px;\" colspan=\"3\"><span style=\"font-weight: 400;\">Biblioteca 1r a 6\u00e8 + Lectura 1r + Hort Cicle inicial<\/span><\/td>\n<\/tr>\n<tr style=\"height: 33px;\">\n<td style=\"width: 9.17327%; height: 33px;\"><span style=\"font-weight: 400;\">Bea G.<\/span><\/td>\n<td style=\"width: 19.3203%; height: 33px;\" colspan=\"3\"><span style=\"font-weight: 400;\">Comprensi\u00f3 lectora de CI a CS + castell\u00e0 1rB i 2nB + Tallers de 2n i 3r<\/span><\/td>\n<\/tr>\n<tr style=\"height: 33px;\">\n<td style=\"width: 9.17327%; height: 33px;\"><span style=\"font-weight: 400;\">Silvia C.<\/span><\/td>\n<td style=\"width: 19.3203%; height: 33px;\" colspan=\"3\"><span style=\"font-weight: 400;\">Tutora SIEI petits i mitjans<\/span><\/td>\n<\/tr>\n<tr style=\"height: 33px;\">\n<td style=\"width: 9.17327%; height: 33px;\"><span style=\"font-weight: 400;\">Montse A.<\/span><\/td>\n<td style=\"width: 19.3203%; height: 33px;\" colspan=\"3\"><span style=\"font-weight: 400;\">Tutora SIEI grans + \u2153 I4B<\/span><\/td>\n<\/tr>\n<tr style=\"height: 33px;\">\n<td style=\"width: 9.17327%; height: 33px;\"><span style=\"font-weight: 400;\">Georgina T.<\/span><\/td>\n<td style=\"width: 19.3203%; height: 33px;\" colspan=\"3\"><span style=\"font-weight: 400;\">At. Diversitat I3 i I5 + CI<\/span><\/td>\n<\/tr>\n<tr style=\"height: 33px;\">\n<td style=\"width: 9.17327%; height: 33px;\"><span style=\"font-weight: 400;\">Montse M.<\/span><\/td>\n<td style=\"width: 19.3203%; height: 33px;\" colspan=\"3\"><span style=\"font-weight: 400;\">At. Diversitat CM i CS<\/span><\/td>\n<\/tr>\n<tr style=\"height: 33px;\">\n<td style=\"width: 9.17327%; height: 33px;\"><span style=\"font-weight: 400;\">Arantxa S.<\/span><\/td>\n<td style=\"width: 19.3203%; height: 33px;\" colspan=\"3\"><span style=\"font-weight: 400;\">Educadora SIEI<\/span><\/td>\n<\/tr>\n<tr style=\"background-color: #f2f794;\">\n<td style=\"width: 28.4936%; height: 50px;\" colspan=\"4\">\n<h5><b>EQUIP DIRECTIU<\/b><\/h5>\n<\/td>\n<\/tr>\n<tr style=\"height: 33px;\">\n<td style=\"width: 9.17327%; height: 33px;\"><span style=\"font-weight: 400;\">Maria Andr\u00e9s Alascio<\/span><\/td>\n<td style=\"width: 19.3203%; height: 33px;\" colspan=\"3\"><span style=\"font-weight: 400;\">Directora<\/span><\/td>\n<\/tr>\n<tr style=\"height: 33px;\">\n<td style=\"width: 9.17327%; height: 33px;\"><span style=\"font-weight: 400;\">\u00c8rica Rodr\u00edguez L\u00f3pez\u00a0<\/span><\/td>\n<td style=\"width: 19.3203%; height: 33px;\" colspan=\"3\"><span style=\"font-weight: 400;\">Cap d&#8217;estudis<\/span><\/td>\n<\/tr>\n<tr style=\"height: 33px;\">\n<td style=\"width: 9.17327%; height: 33px;\"><span style=\"font-weight: 400;\">Chelo Aznarez Rivero<\/span><\/td>\n<td style=\"width: 19.3203%; height: 33px;\" colspan=\"3\"><span style=\"font-weight: 400;\">Secret\u00e0ria<\/span><\/td>\n<\/tr>\n<tr style=\"background-color: #edcf74;\">\n<td style=\"width: 28.4936%; height: 50px;\" colspan=\"4\">\n<h5><b>C\u00c0RRECS<\/b><\/h5>\n<\/td>\n<\/tr>\n<tr style=\"height: 33px;\">\n<td style=\"width: 9.17327%; height: 33px;\"><span style=\"font-weight: 400;\">Naomi R.<\/span><\/td>\n<td style=\"width: 19.3203%; height: 33px;\" colspan=\"3\"><span style=\"font-weight: 400;\">Coordinadora Digital<\/span><\/td>\n<\/tr>\n<tr style=\"height: 33px;\">\n<td style=\"width: 9.17327%; height: 33px;\"><span style=\"font-weight: 400;\">Aaron O.<\/span><\/td>\n<td style=\"width: 19.3203%; height: 33px;\" colspan=\"3\"><span style=\"font-weight: 400;\">Coordinador Prevenci\u00f3 Riscos Laborals<\/span><\/td>\n<\/tr>\n<tr style=\"height: 33px;\">\n<td style=\"width: 9.17327%; height: 33px;\"><span style=\"font-weight: 400;\">Judit G.<\/span><\/td>\n<td style=\"width: 19.3203%; height: 33px;\" colspan=\"3\"><span style=\"font-weight: 400;\">Coordinadora CLIC<\/span><\/td>\n<\/tr>\n<tr style=\"height: 33px;\">\n<td style=\"width: 9.17327%; height: 33px;\"><span style=\"font-weight: 400;\">N\u00faria V.<\/span><\/td>\n<td style=\"width: 19.3203%; height: 33px;\" colspan=\"3\"><span style=\"font-weight: 400;\">Coordinadora Coeducaci\u00f3, conviv\u00e8ncia i benestar de l\u2019alumnat<\/span><\/td>\n<\/tr>\n<tr style=\"height: 33px;\">\n<td style=\"width: 9.17327%; height: 33px;\"><span style=\"font-weight: 400;\">Cristina C.<\/span><\/td>\n<td style=\"width: 19.3203%; height: 33px;\" colspan=\"3\"><span style=\"font-weight: 400;\">Coordinadora Ed. Infantil<\/span><\/td>\n<\/tr>\n<tr style=\"height: 33px;\">\n<td style=\"width: 9.17327%; height: 33px;\"><span style=\"font-weight: 400;\">Andrea A.<\/span><\/td>\n<td style=\"width: 19.3203%; height: 33px;\" colspan=\"3\"><span style=\"font-weight: 400;\">Coordinadora Cicle inicial<\/span><\/td>\n<\/tr>\n<tr style=\"height: 33px;\">\n<td style=\"width: 9.17327%; height: 33px;\"><span style=\"font-weight: 400;\">Laura B.<\/span><\/td>\n<td style=\"width: 19.3203%; height: 33px;\" colspan=\"3\"><span style=\"font-weight: 400;\">Coordinadora Cicle mitj\u00e0<\/span><\/td>\n<\/tr>\n<tr style=\"height: 33px;\">\n<td style=\"width: 9.17327%; height: 33px;\"><span style=\"font-weight: 400;\">Myriam R.<\/span><\/td>\n<td style=\"width: 19.3203%; height: 33px;\" colspan=\"3\"><span style=\"font-weight: 400;\">Coordinadora Cicle superior<\/span><\/td>\n<\/tr>\n<tr style=\"height: 33px;\">\n<td style=\"width: 9.17327%; height: 33px;\"><span style=\"font-weight: 400;\">N\u00faria P.<\/span><\/td>\n<td style=\"width: 19.3203%; height: 33px;\" colspan=\"3\"><span style=\"font-weight: 400;\">Equip d\u2019assessorament i orientaci\u00f3 psicopedag\u00f2gica (EAP)<\/span><\/td>\n<\/tr>\n<tr style=\"background-color: #f5abab;\">\n<td style=\"width: 28.4936%; height: 50px;\" colspan=\"4\">\n<h5><b>PERSONAL D&#8217;ADMINISTRACI\u00d3 I SERVEIS<\/b><\/h5>\n<\/td>\n<\/tr>\n<tr style=\"height: 33px;\">\n<td style=\"width: 9.17327%; height: 33px;\"><span style=\"font-weight: 400;\">Elena L.<\/span><\/td>\n<td style=\"width: 19.3203%; height: 33px;\" colspan=\"3\"><span style=\"font-weight: 400;\">Administraci\u00f3\u00a0\u00a0\u00a0\u00a0\u00a0\u00a0\u00a0\u00a0\u00a0\u00a0<\/span><\/td>\n<\/tr>\n<tr style=\"height: 33px;\">\n<td style=\"width: 9.17327%; height: 33px;\"><span style=\"font-weight: 400;\">Gl\u00f2ria T.<\/span><\/td>\n<td style=\"width: 19.3203%; height: 33px;\" colspan=\"3\"><span style=\"font-weight: 400;\">Consergeria<\/span><\/td>\n<\/tr>\n<tr style=\"height: 33px;\">\n<td style=\"width: 9.17327%; height: 33px;\"><span style=\"font-weight: 400;\">Ndavant<\/span><\/td>\n<td style=\"width: 19.3203%; height: 33px;\" colspan=\"3\"><span style=\"font-weight: 400;\">Neteja<\/span><\/td>\n<\/tr>\n<tr style=\"height: 33px;\">\n<td style=\"width: 9.17327%; height: 33px;\"><span style=\"font-weight: 400;\">7 i tria<\/span><\/td>\n<td style=\"width: 19.3203%; height: 33px;\" colspan=\"3\"><span style=\"font-weight: 400;\">Menjador \u00a0 \u00a0 \u00a0 \u00a0 \u00a0 <\/span><a href=\"http:\/\/www.7itria.cat\/\"><span style=\"font-weight: 400;\">\u00a0<\/span><span style=\"font-weight: 400;\">7itria.cat<\/span><\/a><\/td>\n<\/tr>\n<tr style=\"height: 33px;\">\n<td style=\"width: 9.17327%; height: 33px;\"><span style=\"font-weight: 400;\">Bea T.<\/span><\/td>\n<td style=\"width: 19.3203%; height: 33px;\" colspan=\"3\"><span style=\"font-weight: 400;\">Menjador, Acollida, Ludoteca<\/span><\/td>\n<\/tr>\n<\/tbody>\n<\/table>\n<p>&nbsp;<\/p>\n","protected":false},"excerpt":{"rendered":"<p>ED. INFANTIL &#8211; EDIFICI LA MASIA\u00a0<\/p>\n<p>Maria Ch.<br \/>\nTutora<br \/>\nI3A<br \/>\n(Planta baixa)<\/p>\n<p>Marian G.<br \/>\nTutora<br \/>\nI3B<br \/>\n(Planta baixa)<\/p>\n<p>Maria V.<br \/>\nTutora<br \/>\nI4A<br \/>\n(1r Pis)<\/p>\n<p>Tania V.<br \/>\nTutora<br \/>\nI4B<br \/>\n(1r Pis)<\/p>\n<p>Nat\u00e0lia de la C.<br \/>\nTutora<br \/>\nI5A<br \/>\n(2n Pis)<\/p>\n<p>Isabel V.<br \/>\nTutora<br \/>\nI5B<br \/>\n(2n Pis)<\/p>\n<p>Cristina C.<br \/>\nRefor\u00e7, Angl\u00e8s I4, Biblioteca Infantil i Tallers<\/p>\n<p>Montse A.<br \/>\n\u2153 I4B<\/p>\n<p>Pilar \u00c0.<br \/>\nTEI<\/p>\n<p>Teresa M.<br \/>\nTEI<\/p>\n<p>ED. PRIM\u00c0RIA &#8211; EDIFICI NOU\u00a0<\/p>\n<p>Sandra G.<br \/>\nTutora<br \/>\n1rA<br \/>\n(2n Pis)<\/p>\n<p>Andrea A.<br \/>\nTutora<br \/>\n1rB<br \/>\n(2n Pis)<\/p>\n<p>Nerea O.<br \/>\nTutora<br \/>\n2nA<br \/>\n(2n Pis)<\/p>\n<p>Naomi R.<br \/>\nTutora<br \/>\n2nB<br \/>\n(2n Pis)<\/p>\n<p>Laura B.<br \/>\nTutora<br \/>\n3rA<br \/>\n(3r Pis)<\/p>\n<p>Pendent&hellip;  <a href=\"https:\/\/agora.xtec.cat\/escolaignasiiglesias-bcn\/equip-docent\/\" title=\"Read El nostre equip 2025-26\">Llegeix m\u00e9s\u00bb<\/a><\/p>\n","protected":false},"author":1,"featured_media":0,"parent":0,"menu_order":0,"comment_status":"closed","ping_status":"closed","template":"","meta":{"_bbp_topic_count":0,"_bbp_reply_count":0,"_bbp_total_topic_count":0,"_bbp_total_reply_count":0,"_bbp_voice_count":0,"_bbp_anonymous_reply_count":0,"_bbp_topic_count_hidden":0,"_bbp_reply_count_hidden":0,"_bbp_forum_subforum_count":0,"footnotes":""},"class_list":["post-1014","page","type-page","status-publish","hentry"],"post_mailing_queue_ids":[],"_links":{"self":[{"href":"https:\/\/agora.xtec.cat\/escolaignasiiglesias-bcn\/wp-json\/wp\/v2\/pages\/1014","targetHints":{"allow":["GET"]}}],"collection":[{"href":"https:\/\/agora.xtec.cat\/escolaignasiiglesias-bcn\/wp-json\/wp\/v2\/pages"}],"about":[{"href":"https:\/\/agora.xtec.cat\/escolaignasiiglesias-bcn\/wp-json\/wp\/v2\/types\/page"}],"author":[{"embeddable":true,"href":"https:\/\/agora.xtec.cat\/escolaignasiiglesias-bcn\/wp-json\/wp\/v2\/users\/1"}],"replies":[{"embeddable":true,"href":"https:\/\/agora.xtec.cat\/escolaignasiiglesias-bcn\/wp-json\/wp\/v2\/comments?post=1014"}],"version-history":[{"count":6,"href":"https:\/\/agora.xtec.cat\/escolaignasiiglesias-bcn\/wp-json\/wp\/v2\/pages\/1014\/revisions"}],"predecessor-version":[{"id":5803,"href":"https:\/\/agora.xtec.cat\/escolaignasiiglesias-bcn\/wp-json\/wp\/v2\/pages\/1014\/revisions\/5803"}],"wp:attachment":[{"href":"https:\/\/agora.xtec.cat\/escolaignasiiglesias-bcn\/wp-json\/wp\/v2\/media?parent=1014"}],"curies":[{"name":"wp","href":"https:\/\/api.w.org\/{rel}","templated":true}]}}