{"id":7133,"date":"2018-02-06T13:42:48","date_gmt":"2018-02-06T12:42:48","guid":{"rendered":"http:\/\/agora.xtec.cat\/escolaguillemdeclaramunt\/?page_id=7133"},"modified":"2022-03-11T10:51:19","modified_gmt":"2022-03-11T09:51:19","slug":"formacio-families","status":"publish","type":"page","link":"https:\/\/agora.xtec.cat\/escolaguillemdeclaramunt\/el-centre\/formacio-families\/","title":{"rendered":"Formaci\u00f3 fam\u00edlies"},"content":{"rendered":"<p>A continuaci\u00f3 podeu trobar informaci\u00f3 necess\u00e0ria per a poder fer un bon \u00fas de les noves tecnologies amb els vostres fills i filles.<\/p>\n<p>El departament d&#8217;ensenyament \u00a0ens proporciona un <em><a href=\"http:\/\/agora.xtec.cat\/escolaguillemdeclaramunt\/wp-content\/uploads\/usu1751\/2018\/02\/manual_de_bons_usos_digitals_-departament.pdf\">MANUAL DE BONS USOS DIGITALS<\/a><\/em><\/p>\n<p><img loading=\"lazy\" decoding=\"async\" class=\"alignnone size-large wp-image-7143\" src=\"http:\/\/agora.xtec.cat\/escolaguillemdeclaramunt\/wp-content\/uploads\/usu1751\/2018\/02\/DEC\u00c0LEG-BON-\u00daS-TAC-extret-de-QUADERN-FAROS.jpg\" alt=\"\" width=\"605\" height=\"861\" srcset=\"https:\/\/agora.xtec.cat\/escolaguillemdeclaramunt\/wp-content\/uploads\/usu1751\/2018\/02\/DEC\u00c0LEG-BON-\u00daS-TAC-extret-de-QUADERN-FAROS.jpg 605w, https:\/\/agora.xtec.cat\/escolaguillemdeclaramunt\/wp-content\/uploads\/usu1751\/2018\/02\/DEC\u00c0LEG-BON-\u00daS-TAC-extret-de-QUADERN-FAROS-211x300.jpg 211w\" sizes=\"auto, (max-width: 605px) 100vw, 605px\" \/><\/p>\n<p><em>(extret de QUADERN FAROS)<\/em><\/p>\n<p>&nbsp;<\/p>\n<p>Per \u00faltim us afegim el seg\u00fcent enlla\u00e7 d&#8217;inter\u00e8s:<\/p>\n<p><a href=\"https:\/\/icspediatriaaltpenedes.wordpress.com\/2015\/11\/17\/pantalles-electroniques-consells-de-bon-us\/\">https:\/\/icspediatriaaltpenedes.wordpress.com\/2015\/11\/17\/pantalles-electroniques-consells-de-bon-us\/<\/a> (Web de Pediatria de l\u2019Alt Pened\u00e8s)<\/p>\n<p>Tamb\u00e9 podeu consultar aquest <a href=\"https:\/\/agora.xtec.cat\/escolaguillemdeclaramunt\/wp-content\/uploads\/usu1751\/2022\/03\/Escrit-families-noves-tecnologies-1.pdf\" target=\"_blank\" rel=\"noopener\">document<\/a> elaborat per l&#8217;equip docent del nostre centre<\/p>\n","protected":false},"excerpt":{"rendered":"<p>A continuaci\u00f3 podeu trobar informaci\u00f3 necess\u00e0ria per a poder fer un bon \u00fas de les noves tecnologies amb els vostres fills i filles. El departament d&#8217;ensenyament \u00a0ens proporciona un MANUAL DE BONS USOS DIGITALS (extret de QUADERN FAROS) &nbsp; Per \u00faltim us afegim el seg\u00fcent enlla\u00e7 d&#8217;inter\u00e8s: https:\/\/icspediatriaaltpenedes.wordpress.com\/2015\/11\/17\/pantalles-electroniques-consells-de-bon-us\/ (Web de Pediatria de l\u2019Alt Pened\u00e8s) Tamb\u00e9 [&hellip;]<\/p>\n","protected":false},"author":1,"featured_media":0,"parent":471,"menu_order":0,"comment_status":"closed","ping_status":"closed","template":"","meta":{"_bbp_topic_count":0,"_bbp_reply_count":0,"_bbp_total_topic_count":0,"_bbp_total_reply_count":0,"_bbp_voice_count":0,"_bbp_anonymous_reply_count":0,"_bbp_topic_count_hidden":0,"_bbp_reply_count_hidden":0,"_bbp_forum_subforum_count":0,"site-sidebar-layout":"default","site-content-layout":"","ast-site-content-layout":"","site-content-style":"default","site-sidebar-style":"default","ast-global-header-display":"","ast-banner-title-visibility":"","ast-main-header-display":"","ast-hfb-above-header-display":"","ast-hfb-below-header-display":"","ast-hfb-mobile-header-display":"","site-post-title":"","ast-breadcrumbs-content":"","ast-featured-img":"","footer-sml-layout":"","theme-transparent-header-meta":"","adv-header-id-meta":"","stick-header-meta":"","header-above-stick-meta":"","header-main-stick-meta":"","header-below-stick-meta":"","astra-migrate-meta-layouts":"default","ast-page-background-enabled":"default","ast-page-background-meta":{"desktop":{"background-color":"var(--ast-global-color-4)","background-image":"","background-repeat":"repeat","background-position":"center center","background-size":"auto","background-attachment":"scroll","background-type":"","background-media":"","overlay-type":"","overlay-color":"","overlay-opacity":"","overlay-gradient":""},"tablet":{"background-color":"","background-image":"","background-repeat":"repeat","background-position":"center center","background-size":"auto","background-attachment":"scroll","background-type":"","background-media":"","overlay-type":"","overlay-color":"","overlay-opacity":"","overlay-gradient":""},"mobile":{"background-color":"","background-image":"","background-repeat":"repeat","background-position":"center center","background-size":"auto","background-attachment":"scroll","background-type":"","background-media":"","overlay-type":"","overlay-color":"","overlay-opacity":"","overlay-gradient":""}},"ast-content-background-meta":{"desktop":{"background-color":"var(--ast-global-color-5)","background-image":"","background-repeat":"repeat","background-position":"center center","background-size":"auto","background-attachment":"scroll","background-type":"","background-media":"","overlay-type":"","overlay-color":"","overlay-opacity":"","overlay-gradient":""},"tablet":{"background-color":"var(--ast-global-color-5)","background-image":"","background-repeat":"repeat","background-position":"center center","background-size":"auto","background-attachment":"scroll","background-type":"","background-media":"","overlay-type":"","overlay-color":"","overlay-opacity":"","overlay-gradient":""},"mobile":{"background-color":"var(--ast-global-color-5)","background-image":"","background-repeat":"repeat","background-position":"center center","background-size":"auto","background-attachment":"scroll","background-type":"","background-media":"","overlay-type":"","overlay-color":"","overlay-opacity":"","overlay-gradient":""}},"footnotes":""},"class_list":["post-7133","page","type-page","status-publish","hentry"],"post_mailing_queue_ids":[],"_links":{"self":[{"href":"https:\/\/agora.xtec.cat\/escolaguillemdeclaramunt\/wp-json\/wp\/v2\/pages\/7133","targetHints":{"allow":["GET"]}}],"collection":[{"href":"https:\/\/agora.xtec.cat\/escolaguillemdeclaramunt\/wp-json\/wp\/v2\/pages"}],"about":[{"href":"https:\/\/agora.xtec.cat\/escolaguillemdeclaramunt\/wp-json\/wp\/v2\/types\/page"}],"author":[{"embeddable":true,"href":"https:\/\/agora.xtec.cat\/escolaguillemdeclaramunt\/wp-json\/wp\/v2\/users\/1"}],"replies":[{"embeddable":true,"href":"https:\/\/agora.xtec.cat\/escolaguillemdeclaramunt\/wp-json\/wp\/v2\/comments?post=7133"}],"version-history":[{"count":4,"href":"https:\/\/agora.xtec.cat\/escolaguillemdeclaramunt\/wp-json\/wp\/v2\/pages\/7133\/revisions"}],"predecessor-version":[{"id":11188,"href":"https:\/\/agora.xtec.cat\/escolaguillemdeclaramunt\/wp-json\/wp\/v2\/pages\/7133\/revisions\/11188"}],"up":[{"embeddable":true,"href":"https:\/\/agora.xtec.cat\/escolaguillemdeclaramunt\/wp-json\/wp\/v2\/pages\/471"}],"wp:attachment":[{"href":"https:\/\/agora.xtec.cat\/escolaguillemdeclaramunt\/wp-json\/wp\/v2\/media?parent=7133"}],"curies":[{"name":"wp","href":"https:\/\/api.w.org\/{rel}","templated":true}]}}