{"id":472,"date":"2010-09-21T17:15:56","date_gmt":"2010-09-21T15:15:56","guid":{"rendered":"http:\/\/blocs.xtec.cat\/lasecuita\/?page_id=66"},"modified":"2025-12-09T13:57:44","modified_gmt":"2025-12-09T12:57:44","slug":"organitzacio-general-del-centre","status":"publish","type":"page","link":"https:\/\/agora.xtec.cat\/escolaguillemdeclaramunt\/el-centre\/organitzacio-general-del-centre\/","title":{"rendered":"Organitzaci\u00f3 general del centre"},"content":{"rendered":"<p><strong>EQUIP DIRECTIU<\/strong><\/p>\n<p>-Directora: Elisenda Sans Vives<\/p>\n<p>-Cap d&#8217;estudis: Antoni Obis Torruella<\/p>\n<p>-Secret\u00e0ria: Ana Llorens Ramos<\/p>\n<p><strong>PERSONAL D&#8217;ADMINISTRACI\u00d3 I SERVEIS<\/strong><\/p>\n<p>-Lourdes Sabat Ach\u00f3n<\/p>\n<p><strong>SECTOR AJUNTAMENT<\/strong><\/p>\n<p>-Loreto Martorell Mateu<\/p>\n<p><strong>REPRESENTANTS DE PARES AL CONSELL ESCOLAR<\/strong><\/p>\n<p>-Lidia Jim\u00e9nez<\/p>\n<p>&#8211; Laia Saperas<\/p>\n<p>&#8211; Esther Mart\u00ednez<\/p>\n<p>-Cristina Ayala<\/p>\n<p>-Sabrina Tisera<\/p>\n<p><strong>JUNTA DE L&#8217;AMPA\u00a0<\/strong><\/p>\n<p>Alba Jarque (Presidenta)<\/p>\n<p>Noe Pascual (Tresorer)<\/p>\n<p>Rosa Pastor (Secret\u00e0ria)<\/p>\n<p>&nbsp;<\/p>\n<p>&nbsp;<\/p>\n","protected":false},"excerpt":{"rendered":"<p>EQUIP DIRECTIU -Directora: Elisenda Sans Vives -Cap d&#8217;estudis: Antoni Obis Torruella -Secret\u00e0ria: Ana Llorens Ramos PERSONAL D&#8217;ADMINISTRACI\u00d3 I SERVEIS -Lourdes Sabat Ach\u00f3n SECTOR AJUNTAMENT -Loreto Martorell Mateu REPRESENTANTS DE PARES AL CONSELL ESCOLAR -Lidia Jim\u00e9nez &#8211; Laia Saperas &#8211; Esther Mart\u00ednez -Cristina Ayala -Sabrina Tisera JUNTA DE L&#8217;AMPA\u00a0 Alba Jarque (Presidenta) Noe Pascual (Tresorer) Rosa [&hellip;]<\/p>\n","protected":false},"author":3,"featured_media":0,"parent":471,"menu_order":0,"comment_status":"closed","ping_status":"open","template":"","meta":{"_bbp_topic_count":0,"_bbp_reply_count":0,"_bbp_total_topic_count":0,"_bbp_total_reply_count":0,"_bbp_voice_count":0,"_bbp_anonymous_reply_count":0,"_bbp_topic_count_hidden":0,"_bbp_reply_count_hidden":0,"_bbp_forum_subforum_count":0,"site-sidebar-layout":"default","site-content-layout":"","ast-site-content-layout":"default","site-content-style":"default","site-sidebar-style":"default","ast-global-header-display":"","ast-banner-title-visibility":"","ast-main-header-display":"","ast-hfb-above-header-display":"","ast-hfb-below-header-display":"","ast-hfb-mobile-header-display":"","site-post-title":"","ast-breadcrumbs-content":"","ast-featured-img":"","footer-sml-layout":"","theme-transparent-header-meta":"default","adv-header-id-meta":"","stick-header-meta":"","header-above-stick-meta":"","header-main-stick-meta":"","header-below-stick-meta":"","astra-migrate-meta-layouts":"set","ast-page-background-enabled":"default","ast-page-background-meta":{"desktop":{"background-color":"var(--ast-global-color-4)","background-image":"","background-repeat":"repeat","background-position":"center center","background-size":"auto","background-attachment":"scroll","background-type":"","background-media":"","overlay-type":"","overlay-color":"","overlay-opacity":"","overlay-gradient":""},"tablet":{"background-color":"","background-image":"","background-repeat":"repeat","background-position":"center center","background-size":"auto","background-attachment":"scroll","background-type":"","background-media":"","overlay-type":"","overlay-color":"","overlay-opacity":"","overlay-gradient":""},"mobile":{"background-color":"","background-image":"","background-repeat":"repeat","background-position":"center center","background-size":"auto","background-attachment":"scroll","background-type":"","background-media":"","overlay-type":"","overlay-color":"","overlay-opacity":"","overlay-gradient":""}},"ast-content-background-meta":{"desktop":{"background-color":"var(--ast-global-color-5)","background-image":"","background-repeat":"repeat","background-position":"center center","background-size":"auto","background-attachment":"scroll","background-type":"","background-media":"","overlay-type":"","overlay-color":"","overlay-opacity":"","overlay-gradient":""},"tablet":{"background-color":"var(--ast-global-color-5)","background-image":"","background-repeat":"repeat","background-position":"center center","background-size":"auto","background-attachment":"scroll","background-type":"","background-media":"","overlay-type":"","overlay-color":"","overlay-opacity":"","overlay-gradient":""},"mobile":{"background-color":"var(--ast-global-color-5)","background-image":"","background-repeat":"repeat","background-position":"center center","background-size":"auto","background-attachment":"scroll","background-type":"","background-media":"","overlay-type":"","overlay-color":"","overlay-opacity":"","overlay-gradient":""}},"footnotes":""},"class_list":["post-472","page","type-page","status-publish","hentry"],"post_mailing_queue_ids":[],"_links":{"self":[{"href":"https:\/\/agora.xtec.cat\/escolaguillemdeclaramunt\/wp-json\/wp\/v2\/pages\/472","targetHints":{"allow":["GET"]}}],"collection":[{"href":"https:\/\/agora.xtec.cat\/escolaguillemdeclaramunt\/wp-json\/wp\/v2\/pages"}],"about":[{"href":"https:\/\/agora.xtec.cat\/escolaguillemdeclaramunt\/wp-json\/wp\/v2\/types\/page"}],"author":[{"embeddable":true,"href":"https:\/\/agora.xtec.cat\/escolaguillemdeclaramunt\/wp-json\/wp\/v2\/users\/3"}],"replies":[{"embeddable":true,"href":"https:\/\/agora.xtec.cat\/escolaguillemdeclaramunt\/wp-json\/wp\/v2\/comments?post=472"}],"version-history":[{"count":6,"href":"https:\/\/agora.xtec.cat\/escolaguillemdeclaramunt\/wp-json\/wp\/v2\/pages\/472\/revisions"}],"predecessor-version":[{"id":14025,"href":"https:\/\/agora.xtec.cat\/escolaguillemdeclaramunt\/wp-json\/wp\/v2\/pages\/472\/revisions\/14025"}],"up":[{"embeddable":true,"href":"https:\/\/agora.xtec.cat\/escolaguillemdeclaramunt\/wp-json\/wp\/v2\/pages\/471"}],"wp:attachment":[{"href":"https:\/\/agora.xtec.cat\/escolaguillemdeclaramunt\/wp-json\/wp\/v2\/media?parent=472"}],"curies":[{"name":"wp","href":"https:\/\/api.w.org\/{rel}","templated":true}]}}