{"id":14036,"date":"2025-12-17T15:22:17","date_gmt":"2025-12-17T14:22:17","guid":{"rendered":"https:\/\/agora.xtec.cat\/escolaguillemdeclaramunt\/?page_id=14036"},"modified":"2025-12-17T15:22:17","modified_gmt":"2025-12-17T14:22:17","slug":"consell-escolar","status":"publish","type":"page","link":"https:\/\/agora.xtec.cat\/escolaguillemdeclaramunt\/consell-escolar\/","title":{"rendered":"CONSELL ESCOLAR"},"content":{"rendered":"<p><strong>CURS 25-26<\/strong><\/p>\n<p><span style=\"color: #339966;\">1a Convocat\u00f2ria<\/span><\/p>\n<p>Data:<\/p>\n<p>15 d\u2019octubre de 2025 a les 16:45h<\/p>\n<p>Ordre del dia:<\/p>\n<p>Presentaci\u00f3 Mem\u00f2ria 2024-25<br \/>\nAprovaci\u00f3 del Pla Anual 2025-26<\/p>\n<p>&nbsp;<\/p>\n<p><span style=\"color: #339966;\">2a Convocat\u00f2ria Extraordin\u00e0ria<\/span><\/p>\n<p>Data:<\/p>\n<p>5 de desembre de 2025 a les 16:45h<\/p>\n<p>Ordre del dia:<\/p>\n<p>Constituci\u00f3 del nou Consell Escolar<\/p>\n<p>&nbsp;<\/p>\n<p><span style=\"color: #339966;\">3a Convocat\u00f2ria<\/span> <span style=\"color: #339966;\">Extraordin\u00e0ria<\/span><\/p>\n<p>Data:<\/p>\n<p>15 de desembre de 2025 a les 16:45h<\/p>\n<p>Ordre del dia:<\/p>\n<p>Proposta de l&#8217;Ajuntament per a la reestructuraci\u00f3 de la gesti\u00f3 de l&#8217;Escola Bressol.<\/p>\n<p>&nbsp;<\/p>\n","protected":false},"excerpt":{"rendered":"<p>CURS 25-26 1a Convocat\u00f2ria Data: 15 d\u2019octubre de 2025 a les 16:45h Ordre del dia: Presentaci\u00f3 Mem\u00f2ria 2024-25 Aprovaci\u00f3 del Pla Anual 2025-26 &nbsp; 2a Convocat\u00f2ria Extraordin\u00e0ria Data: 5 de desembre de 2025 a les 16:45h Ordre del dia: Constituci\u00f3 del nou Consell Escolar &nbsp; 3a Convocat\u00f2ria Extraordin\u00e0ria Data: 15 de desembre de 2025 a [&hellip;]<\/p>\n","protected":false},"author":1,"featured_media":0,"parent":0,"menu_order":0,"comment_status":"closed","ping_status":"closed","template":"","meta":{"_bbp_topic_count":0,"_bbp_reply_count":0,"_bbp_total_topic_count":0,"_bbp_total_reply_count":0,"_bbp_voice_count":0,"_bbp_anonymous_reply_count":0,"_bbp_topic_count_hidden":0,"_bbp_reply_count_hidden":0,"_bbp_forum_subforum_count":0,"site-sidebar-layout":"default","site-content-layout":"","ast-site-content-layout":"default","site-content-style":"default","site-sidebar-style":"default","ast-global-header-display":"","ast-banner-title-visibility":"","ast-main-header-display":"","ast-hfb-above-header-display":"","ast-hfb-below-header-display":"","ast-hfb-mobile-header-display":"","site-post-title":"","ast-breadcrumbs-content":"","ast-featured-img":"","footer-sml-layout":"","theme-transparent-header-meta":"default","adv-header-id-meta":"","stick-header-meta":"","header-above-stick-meta":"","header-main-stick-meta":"","header-below-stick-meta":"","astra-migrate-meta-layouts":"set","ast-page-background-enabled":"default","ast-page-background-meta":{"desktop":{"background-color":"var(--ast-global-color-4)","background-image":"","background-repeat":"repeat","background-position":"center center","background-size":"auto","background-attachment":"scroll","background-type":"","background-media":"","overlay-type":"","overlay-color":"","overlay-opacity":"","overlay-gradient":""},"tablet":{"background-color":"","background-image":"","background-repeat":"repeat","background-position":"center center","background-size":"auto","background-attachment":"scroll","background-type":"","background-media":"","overlay-type":"","overlay-color":"","overlay-opacity":"","overlay-gradient":""},"mobile":{"background-color":"","background-image":"","background-repeat":"repeat","background-position":"center center","background-size":"auto","background-attachment":"scroll","background-type":"","background-media":"","overlay-type":"","overlay-color":"","overlay-opacity":"","overlay-gradient":""}},"ast-content-background-meta":{"desktop":{"background-color":"var(--ast-global-color-5)","background-image":"","background-repeat":"repeat","background-position":"center center","background-size":"auto","background-attachment":"scroll","background-type":"","background-media":"","overlay-type":"","overlay-color":"","overlay-opacity":"","overlay-gradient":""},"tablet":{"background-color":"var(--ast-global-color-5)","background-image":"","background-repeat":"repeat","background-position":"center center","background-size":"auto","background-attachment":"scroll","background-type":"","background-media":"","overlay-type":"","overlay-color":"","overlay-opacity":"","overlay-gradient":""},"mobile":{"background-color":"var(--ast-global-color-5)","background-image":"","background-repeat":"repeat","background-position":"center center","background-size":"auto","background-attachment":"scroll","background-type":"","background-media":"","overlay-type":"","overlay-color":"","overlay-opacity":"","overlay-gradient":""}},"footnotes":""},"class_list":["post-14036","page","type-page","status-publish","hentry"],"post_mailing_queue_ids":[],"_links":{"self":[{"href":"https:\/\/agora.xtec.cat\/escolaguillemdeclaramunt\/wp-json\/wp\/v2\/pages\/14036","targetHints":{"allow":["GET"]}}],"collection":[{"href":"https:\/\/agora.xtec.cat\/escolaguillemdeclaramunt\/wp-json\/wp\/v2\/pages"}],"about":[{"href":"https:\/\/agora.xtec.cat\/escolaguillemdeclaramunt\/wp-json\/wp\/v2\/types\/page"}],"author":[{"embeddable":true,"href":"https:\/\/agora.xtec.cat\/escolaguillemdeclaramunt\/wp-json\/wp\/v2\/users\/1"}],"replies":[{"embeddable":true,"href":"https:\/\/agora.xtec.cat\/escolaguillemdeclaramunt\/wp-json\/wp\/v2\/comments?post=14036"}],"version-history":[{"count":1,"href":"https:\/\/agora.xtec.cat\/escolaguillemdeclaramunt\/wp-json\/wp\/v2\/pages\/14036\/revisions"}],"predecessor-version":[{"id":14037,"href":"https:\/\/agora.xtec.cat\/escolaguillemdeclaramunt\/wp-json\/wp\/v2\/pages\/14036\/revisions\/14037"}],"wp:attachment":[{"href":"https:\/\/agora.xtec.cat\/escolaguillemdeclaramunt\/wp-json\/wp\/v2\/media?parent=14036"}],"curies":[{"name":"wp","href":"https:\/\/api.w.org\/{rel}","templated":true}]}}