{"id":10779,"date":"2021-09-03T11:34:41","date_gmt":"2021-09-03T09:34:41","guid":{"rendered":"https:\/\/agora.xtec.cat\/escolaguillemdeclaramunt\/?page_id=10779"},"modified":"2023-09-06T10:55:38","modified_gmt":"2023-09-06T08:55:38","slug":"projecte-puyanawa","status":"publish","type":"page","link":"https:\/\/agora.xtec.cat\/escolaguillemdeclaramunt\/projecte-puyanawa\/","title":{"rendered":"PROJECTE PUYANAWA"},"content":{"rendered":"<p>Benvolguda comunitat educativa,<\/p>\n<p>Tot va comen\u00e7ar el curs 2018-2019, a partir d\u2019unes xerrades obertes que es van fer a l\u2019IES Mart\u00ed i Franqu\u00e9s de Tarragona, en les que\u00a0 vam poder establir el primer contacte amb l\u2019Associaci\u00f3 Guardians de l\u2019Amaz\u00f2nies i el seu projecte educatiu. Ha estat any rere any que hem anat fent l\u00ednies d\u2019actuaci\u00f3, intercanvis i cooperaci\u00f3 fins que comencem el curs 2021-22 orgullosos de la nostra placa commemorativa ubicada a la porta de l\u2019escola\u00a0 com a escola inserida en la \u201cXarxa d\u2019 Escoles Guardianes de l\u2019Amaz\u00f2nies\u201d.<\/p>\n<p>Per\u00f2 qu\u00e8 vol dir exactament aix\u00f2?. Aquesta placa posa de manifest la nostra voluntat d\u2019aprendre, comprendre, cooperar, intercanviar i establir vincles emocionals i educatius amb escoles de l\u2019Amaz\u00f2nies que tenen una realitat medio ambiental, social i cultural molt diferenciada. Ens sentim orgullosos de poder participar d\u2019aquest projecte educatiu i de poder posar el nostre granet de sorra per afavorir i potenciar el desenvolupament d\u2019infants i futurs adults amb visi\u00f3 cr\u00edtica i consci\u00e8ncia mediambiental, social i cultural.<\/p>\n<p>Seguim endavant!<\/p>\n<p>Gr\u00e0cies per creure-hi.<\/p>\n<p>&nbsp;<\/p>\n<p><strong><a href=\"https:\/\/agora.xtec.cat\/escolaguillemdeclaramunt\/general\/visita-puyanawa\/\" target=\"_blank\" rel=\"noopener\">FOTOS TROBADA MAIG 2023<\/a><\/strong><\/p>\n<p><img loading=\"lazy\" decoding=\"async\" class=\"alignnone size-large wp-image-10812 aligncenter\" src=\"https:\/\/agora.xtec.cat\/escolaguillemdeclaramunt\/wp-content\/uploads\/usu1751\/2021\/09\/placa-guardians-de-lAmazonies-1024x760.jpg\" alt=\"\" width=\"1024\" height=\"760\" srcset=\"https:\/\/agora.xtec.cat\/escolaguillemdeclaramunt\/wp-content\/uploads\/usu1751\/2021\/09\/placa-guardians-de-lAmazonies-1024x760.jpg 1024w, https:\/\/agora.xtec.cat\/escolaguillemdeclaramunt\/wp-content\/uploads\/usu1751\/2021\/09\/placa-guardians-de-lAmazonies-300x223.jpg 300w, https:\/\/agora.xtec.cat\/escolaguillemdeclaramunt\/wp-content\/uploads\/usu1751\/2021\/09\/placa-guardians-de-lAmazonies-768x570.jpg 768w, https:\/\/agora.xtec.cat\/escolaguillemdeclaramunt\/wp-content\/uploads\/usu1751\/2021\/09\/placa-guardians-de-lAmazonies-1536x1140.jpg 1536w, https:\/\/agora.xtec.cat\/escolaguillemdeclaramunt\/wp-content\/uploads\/usu1751\/2021\/09\/placa-guardians-de-lAmazonies.jpg 1669w\" sizes=\"auto, (max-width: 1024px) 100vw, 1024px\" \/><\/p>\n","protected":false},"excerpt":{"rendered":"<p>Benvolguda comunitat educativa, Tot va comen\u00e7ar el curs 2018-2019, a partir d\u2019unes xerrades obertes que es van fer a l\u2019IES Mart\u00ed i Franqu\u00e9s de Tarragona, en les que\u00a0 vam poder establir el primer contacte amb l\u2019Associaci\u00f3 Guardians de l\u2019Amaz\u00f2nies i el seu projecte educatiu. Ha estat any rere any que hem anat fent l\u00ednies d\u2019actuaci\u00f3, [&hellip;]<\/p>\n","protected":false},"author":1,"featured_media":0,"parent":0,"menu_order":0,"comment_status":"closed","ping_status":"closed","template":"","meta":{"_bbp_topic_count":0,"_bbp_reply_count":0,"_bbp_total_topic_count":0,"_bbp_total_reply_count":0,"_bbp_voice_count":0,"_bbp_anonymous_reply_count":0,"_bbp_topic_count_hidden":0,"_bbp_reply_count_hidden":0,"_bbp_forum_subforum_count":0,"site-sidebar-layout":"default","site-content-layout":"","ast-site-content-layout":"","site-content-style":"default","site-sidebar-style":"default","ast-global-header-display":"","ast-banner-title-visibility":"","ast-main-header-display":"","ast-hfb-above-header-display":"","ast-hfb-below-header-display":"","ast-hfb-mobile-header-display":"","site-post-title":"","ast-breadcrumbs-content":"","ast-featured-img":"","footer-sml-layout":"","theme-transparent-header-meta":"","adv-header-id-meta":"","stick-header-meta":"","header-above-stick-meta":"","header-main-stick-meta":"","header-below-stick-meta":"","astra-migrate-meta-layouts":"default","ast-page-background-enabled":"default","ast-page-background-meta":{"desktop":{"background-color":"var(--ast-global-color-4)","background-image":"","background-repeat":"repeat","background-position":"center center","background-size":"auto","background-attachment":"scroll","background-type":"","background-media":"","overlay-type":"","overlay-color":"","overlay-opacity":"","overlay-gradient":""},"tablet":{"background-color":"","background-image":"","background-repeat":"repeat","background-position":"center center","background-size":"auto","background-attachment":"scroll","background-type":"","background-media":"","overlay-type":"","overlay-color":"","overlay-opacity":"","overlay-gradient":""},"mobile":{"background-color":"","background-image":"","background-repeat":"repeat","background-position":"center center","background-size":"auto","background-attachment":"scroll","background-type":"","background-media":"","overlay-type":"","overlay-color":"","overlay-opacity":"","overlay-gradient":""}},"ast-content-background-meta":{"desktop":{"background-color":"var(--ast-global-color-5)","background-image":"","background-repeat":"repeat","background-position":"center center","background-size":"auto","background-attachment":"scroll","background-type":"","background-media":"","overlay-type":"","overlay-color":"","overlay-opacity":"","overlay-gradient":""},"tablet":{"background-color":"var(--ast-global-color-5)","background-image":"","background-repeat":"repeat","background-position":"center center","background-size":"auto","background-attachment":"scroll","background-type":"","background-media":"","overlay-type":"","overlay-color":"","overlay-opacity":"","overlay-gradient":""},"mobile":{"background-color":"var(--ast-global-color-5)","background-image":"","background-repeat":"repeat","background-position":"center center","background-size":"auto","background-attachment":"scroll","background-type":"","background-media":"","overlay-type":"","overlay-color":"","overlay-opacity":"","overlay-gradient":""}},"footnotes":""},"class_list":["post-10779","page","type-page","status-publish","hentry"],"post_mailing_queue_ids":[],"_links":{"self":[{"href":"https:\/\/agora.xtec.cat\/escolaguillemdeclaramunt\/wp-json\/wp\/v2\/pages\/10779","targetHints":{"allow":["GET"]}}],"collection":[{"href":"https:\/\/agora.xtec.cat\/escolaguillemdeclaramunt\/wp-json\/wp\/v2\/pages"}],"about":[{"href":"https:\/\/agora.xtec.cat\/escolaguillemdeclaramunt\/wp-json\/wp\/v2\/types\/page"}],"author":[{"embeddable":true,"href":"https:\/\/agora.xtec.cat\/escolaguillemdeclaramunt\/wp-json\/wp\/v2\/users\/1"}],"replies":[{"embeddable":true,"href":"https:\/\/agora.xtec.cat\/escolaguillemdeclaramunt\/wp-json\/wp\/v2\/comments?post=10779"}],"version-history":[{"count":4,"href":"https:\/\/agora.xtec.cat\/escolaguillemdeclaramunt\/wp-json\/wp\/v2\/pages\/10779\/revisions"}],"predecessor-version":[{"id":12647,"href":"https:\/\/agora.xtec.cat\/escolaguillemdeclaramunt\/wp-json\/wp\/v2\/pages\/10779\/revisions\/12647"}],"wp:attachment":[{"href":"https:\/\/agora.xtec.cat\/escolaguillemdeclaramunt\/wp-json\/wp\/v2\/media?parent=10779"}],"curies":[{"name":"wp","href":"https:\/\/api.w.org\/{rel}","templated":true}]}}