{"id":73,"date":"2014-09-18T14:01:51","date_gmt":"2014-09-18T13:01:51","guid":{"rendered":"http:\/\/agora.xtec.cat\/escolagracia\/?page_id=73"},"modified":"2026-02-03T19:26:23","modified_gmt":"2026-02-03T18:26:23","slug":"menjador-escolar","status":"publish","type":"page","link":"https:\/\/agora.xtec.cat\/escolagracia\/menjador-escolar\/","title":{"rendered":"TEMPS DE MIGDIA"},"content":{"rendered":"<p style=\"text-align: right;\"><span style=\"color: #0000ff;\"><a style=\"color: #0000ff;\" href=\"https:\/\/agora.xtec.cat\/escolagracia\/menjador-escolar\/menus-dinars-i-tramits\/\"><strong>ENLLA\u00c7 TR\u00c0MITS I MEN\u00daS DIARIS<\/strong><\/a><\/span><\/p>\n<p><strong>DOCUMENTS:<\/strong><\/p>\n<p><a href=\"https:\/\/drive.google.com\/file\/d\/1tDhiLUNt1OmmxdW7jY20jXOtwCb3lHqQ\/view?usp=drive_link\" target=\"_blank\" rel=\"noopener\"><span style=\"color: #0000ff;\">Projecte Temps de Migdia<\/span><\/a><\/p>\n<p><span style=\"font-weight: 400;\">A l\u2019escola entenem i vivim l\u2019estona del migdia amb el mateix tarann\u00e0 i pautes educatives que durant la resta de la jornada lectiva. Volem que el menjador sigui un espai de relacions i tranquil\u00b7litat. I volem que s\u2019assembli el m\u00e9s possible a una casa, per aix\u00f2 dinem amb les taules parades amb plats, gots i coberts.\u00a0\u00a0<\/span><\/p>\n<p><span style=\"font-weight: 400;\">El monitoratge que acompanya aquests infants ho fa des de l\u2019amor i el respecte i alhora marcant uns l\u00edmits clars que possibiliten la seguretat i autonomia dels infants. A l\u2019hora de dinar, poden apar\u00e8ixer emocions diferents d&#8217;aquelles que els infants han manifestat al llarg del mat\u00ed. Aquestes situacions s\u2019aborden amb cura i sense pressionar els infants, per tal que, de mica en mica vagin adquirint confian\u00e7a i benestar en aquest temps i espai amb referents adults diferents de la tutora. Totes aquestes emocions manifestades pels infants s\u00f3n observades i acompanyades per l\u2019equip de monitores i es traspassen a les tutores.\u00a0<\/span><\/p>\n<p><span style=\"font-weight: 400;\">Durant el temps de migdia, es diferencien dues fases: l\u2019estona per dinar i l\u2019estona de descans (per als infants de 3 anys) o d&#8217;esbarjo (per la resta d\u2019infants). <\/span><\/p>\n<p><span style=\"font-weight: 400;\">Els infants d&#8217;infantil i primer comencen a dinar a 12.30 h i els de 2n a 6\u00e8 a les 13.20 h aprox.<\/span><\/p>\n<p><span style=\"font-weight: 400;\">La segona fase del temps de migdia, \u00e9s l\u2019estona de descans per a I3. A l\u2019espai de dormir hi troben el seu llitet, sempre al mateix lloc i amb la seva fotografia, que afavoreix que cada infant conegui el seu lloc de descans i el tingui com a referent.\u00a0<\/span><\/p>\n<p>La resta de grups gaudeixen del temps lliure al Jard\u00ed.<\/p>\n<p><b>Equip de monitoratge: \u00c0BAC SERVEIS PEDAG\u00d2GICS\u00a0<\/b><\/p>\n<p><span style=\"font-weight: 400;\">L\u2019equip de monitors d\u2019enguany consta de:<\/span><\/p>\n<p><span style=\"font-weight: 400;\">Monitores:<\/span><\/p>\n<p>I3:Cande a Castells, Laura a Trencad\u00eds i Joana a La Vila<\/p>\n<p><span style=\"font-weight: 400;\">I4: Roger a La Pla\u00e7a i Ona a L\u2019Ateneu<\/span><\/p>\n<p>Suport a I4: Aleix<\/p>\n<p><span style=\"font-weight: 400;\">I5: Maia a El Taller i Clara a L\u2019Alzina<\/span><\/p>\n<p>Suport a I5: Miriam<\/p>\n<p><span style=\"font-weight: 400;\">1r: Jana a En Pau i Arnau a La Llibertat<\/span><\/p>\n<p>Suport 1r: Maria<\/p>\n<p>2n: Anna a El Torradet i Jan a La Gresca<\/p>\n<p>3r: Lota a <span style=\"font-family: inherit; font-size: 1em;\">La Rumba i Pablo<\/span><span style=\"font-family: inherit; font-size: 1em;\">\u00a0<\/span><span style=\"font-family: inherit; font-size: 1em;\">a La Gralla<\/span><\/p>\n<p>Suport 3r: Lola<\/p>\n<p>4t: Armand a l&#8217;Espurna i Lola a Tabals<\/p>\n<p>Suport 4rt: Guillem<\/p>\n<p>5\u00e8: Lluc a Teler i Oriol a Bobina<\/p>\n<p>6\u00e8: Marcel a Llan\u00e7adora i Noe a Filadora<\/p>\n<p>Vetlladora: Marta<\/p>\n<p>Coordinadora Pedag\u00f2gica: Berta<\/p>\n<p>Coordinadora Econ\u00f2mica: Ang\u00e9lica<\/p>\n<p><span style=\"font-weight: 400;\">Cuina: Cefi, Aitana i Amal<\/span><\/p>\n<p><b>PREUS MENJADOR I ACOLLIDES Curs 2025-2026<\/b><\/p>\n<p><b>Menjador fixe (5 dies a la setmana)<\/b><span style=\"font-weight: 400;\">: 7,10 euros\/dia<\/span><\/p>\n<p><b>Menjador espor\u00e0di<\/b><span style=\"font-weight: 400;\"><strong>c<\/strong>: 7,81 euros\/dia<\/span><\/p>\n<p><b>ACOLLIDES<\/b><span style=\"font-weight: 400;\">:<\/span><\/p>\n<p><span style=\"font-weight: 400;\"><strong>Fixes mat\u00ed de 8 h a 9 h:<\/strong> 25 euros\/mes<\/span><\/p>\n<p><span style=\"font-weight: 400;\"><strong>Fixes tarda de 4 h a 5 h:<\/strong>\u00a0 30 euros\/mes<\/span><\/p>\n<p><span style=\"font-weight: 400;\"><strong>Fixes tarda de 4 h a 17.30 h:<\/strong> 40 euros\/mes<\/span><\/p>\n<p><span style=\"font-weight: 400;\"><strong>Acollida espor\u00e0dica d\u2019una hora:<\/strong> 4 euros<\/span><\/p>\n<p><span style=\"font-weight: 400;\"><strong>Acollida espor\u00e0dica d\u2019una hora i mitja (de 16 fins les 17.30 h):<\/strong> 5 euros<\/span><\/p>\n<p><a href=\"https:\/\/agora.xtec.cat\/escolagracia\/wp-content\/uploads\/usu1083\/2026\/01\/IMG_6795-2-scaled.jpg\"><img loading=\"lazy\" decoding=\"async\" class=\"aligncenter wp-image-2411 size-large\" src=\"https:\/\/agora.xtec.cat\/escolagracia\/wp-content\/uploads\/usu1083\/2026\/01\/IMG_6795-2-1024x768.jpg\" alt=\"\" width=\"1024\" height=\"768\" srcset=\"https:\/\/agora.xtec.cat\/escolagracia\/wp-content\/uploads\/usu1083\/2026\/01\/IMG_6795-2-1024x768.jpg 1024w, https:\/\/agora.xtec.cat\/escolagracia\/wp-content\/uploads\/usu1083\/2026\/01\/IMG_6795-2-300x225.jpg 300w, https:\/\/agora.xtec.cat\/escolagracia\/wp-content\/uploads\/usu1083\/2026\/01\/IMG_6795-2-768x576.jpg 768w, https:\/\/agora.xtec.cat\/escolagracia\/wp-content\/uploads\/usu1083\/2026\/01\/IMG_6795-2-1536x1152.jpg 1536w, https:\/\/agora.xtec.cat\/escolagracia\/wp-content\/uploads\/usu1083\/2026\/01\/IMG_6795-2-2048x1536.jpg 2048w, https:\/\/agora.xtec.cat\/escolagracia\/wp-content\/uploads\/usu1083\/2026\/01\/IMG_6795-2-200x150.jpg 200w\" sizes=\"auto, (max-width: 1024px) 100vw, 1024px\" \/><\/a><\/p>\n<p>&nbsp;<\/p>\n<p>&nbsp;<\/p>\n<div><\/div>\n","protected":false},"excerpt":{"rendered":"<p><a style=\"color: #0000ff;\" href=\"https:\/\/agora.xtec.cat\/escolagracia\/menjador-escolar\/menus-dinars-i-tramits\/\">ENLLA\u00c7 TR\u00c0MITS I MEN\u00daS DIARIS<\/a><br \/>\nDOCUMENTS:<br \/>\n<a href=\"https:\/\/drive.google.com\/file\/d\/1tDhiLUNt1OmmxdW7jY20jXOtwCb3lHqQ\/view?usp=drive_link\" target=\"_blank\" rel=\"noopener\">Projecte Temps de Migdia<\/a><br \/>\nA l\u2019escola entenem i vivim l\u2019estona del migdia amb el mateix tarann\u00e0 i pautes educatives que durant la resta de la jornada lectiva. Volem que el menjador sigui un espai de relacions&hellip;  <a href=\"https:\/\/agora.xtec.cat\/escolagracia\/menjador-escolar\/\" title=\"Read TEMPS DE MIGDIA\">Llegeix m\u00e9s\u00bb<\/a><\/p>\n","protected":false},"author":1,"featured_media":0,"parent":0,"menu_order":30,"comment_status":"closed","ping_status":"closed","template":"page-templates\/side-menu.php","meta":{"_bbp_topic_count":0,"_bbp_reply_count":0,"_bbp_total_topic_count":0,"_bbp_total_reply_count":0,"_bbp_voice_count":0,"_bbp_anonymous_reply_count":0,"_bbp_topic_count_hidden":0,"_bbp_reply_count_hidden":0,"_bbp_forum_subforum_count":0,"footnotes":""},"class_list":["post-73","page","type-page","status-publish","hentry"],"post_mailing_queue_ids":[],"_links":{"self":[{"href":"https:\/\/agora.xtec.cat\/escolagracia\/wp-json\/wp\/v2\/pages\/73","targetHints":{"allow":["GET"]}}],"collection":[{"href":"https:\/\/agora.xtec.cat\/escolagracia\/wp-json\/wp\/v2\/pages"}],"about":[{"href":"https:\/\/agora.xtec.cat\/escolagracia\/wp-json\/wp\/v2\/types\/page"}],"author":[{"embeddable":true,"href":"https:\/\/agora.xtec.cat\/escolagracia\/wp-json\/wp\/v2\/users\/1"}],"replies":[{"embeddable":true,"href":"https:\/\/agora.xtec.cat\/escolagracia\/wp-json\/wp\/v2\/comments?post=73"}],"version-history":[{"count":6,"href":"https:\/\/agora.xtec.cat\/escolagracia\/wp-json\/wp\/v2\/pages\/73\/revisions"}],"predecessor-version":[{"id":2430,"href":"https:\/\/agora.xtec.cat\/escolagracia\/wp-json\/wp\/v2\/pages\/73\/revisions\/2430"}],"wp:attachment":[{"href":"https:\/\/agora.xtec.cat\/escolagracia\/wp-json\/wp\/v2\/media?parent=73"}],"curies":[{"name":"wp","href":"https:\/\/api.w.org\/{rel}","templated":true}]}}