{"id":722,"date":"2019-01-19T13:07:50","date_gmt":"2019-01-19T12:07:50","guid":{"rendered":"http:\/\/agora.xtec.cat\/escolagracia\/?page_id=722"},"modified":"2026-01-16T11:37:09","modified_gmt":"2026-01-16T10:37:09","slug":"participacio-de-les-families","status":"publish","type":"page","link":"https:\/\/agora.xtec.cat\/escolagracia\/participacio-de-les-families\/","title":{"rendered":"PARTICIPACI\u00d3 DE LES FAM\u00cdLIES"},"content":{"rendered":"<p>La vostra participaci\u00f3 a l&#8217;escola \u00e9s un element clau per teixir relacions de coneixen\u00e7a i vincles entre totes per acompanyar els infants en el seu proc\u00e9s de creixement i aprenentatge amb amor i respecte.<\/p>\n<ul>\n<li>Acompanyament als infants a les entrades tranquil\u00b7les, de 9 h a 9.30 h a Educaci\u00f3 Infantil.<\/li>\n<li>Acompanyament de les fam\u00edlies a les sortides de grup, a peu al barri i en algunes sortides a la ciutat.<\/li>\n<li>Tallers de fam\u00edlies a Educaci\u00f3 Infantil.<\/li>\n<li>Realitzaci\u00f3 de propostes concretes que poden fer les fam\u00edlies en el grup d\u2019infants del seu fill\/a conjuntament amb la tutora, a les estones de temps de grup.<\/li>\n<li><span style=\"font-weight: 400;\">Participaci\u00f3 en l\u2019organitzaci\u00f3 de les festes obertes a la comunitat, compartint l&#8217;estona del mat\u00ed o de tarda amb els infants.\u00a0<\/span><\/li>\n<li>Delegades i delegats de grup.<\/li>\n<li>Col\u00b7laboraci\u00f3 en l\u2019obtenci\u00f3 de material inespec\u00edfic i ajut en tasques concretes, segons necessitats detectades per preparar o reparar materials.<\/li>\n<\/ul>\n<div class=\"page\" title=\"Page 1\">\n<div class=\"layoutArea\">\n<div class=\"column\">\n<p>La Llei d\u2019Educaci\u00f3 Catalana (LEC), a l\u2019article 20, demana a les fam\u00edlies i a les escoles que signin un comprom\u00eds educatiu en un marc de comprom\u00eds, di\u00e0leg i confian\u00e7a.<\/p>\n<p>Aquesta \u00e9s la carta de l&#8217;escola Teixidores de Gr\u00e0cia.<\/p>\n<p><span style=\"color: #0000ff;\"><a style=\"color: #0000ff;\" href=\"https:\/\/drive.google.com\/file\/d\/1RXR6JdzaMGc5WvVA--vAIL6iz_Y8R7AR\/view?usp=sharing\" target=\"_blank\" rel=\"noopener\">Carta Comprom\u00eds Educatiu<\/a><\/span><\/p>\n<\/div>\n<\/div>\n<\/div>\n","protected":false},"excerpt":{"rendered":"<p>La vostra participaci\u00f3 a l&#8217;escola \u00e9s un element clau per teixir relacions de coneixen\u00e7a i vincles entre totes per acompanyar els infants en el seu proc\u00e9s de creixement i aprenentatge amb amor i respecte.<\/p>\n<ul>\n<li>Acompanyament als infants a les entrades tranquil\u00b7les, de 9 h a 9.30&hellip;  <a href=\"https:\/\/agora.xtec.cat\/escolagracia\/participacio-de-les-families\/\" title=\"Read PARTICIPACI\u00d3 DE LES FAM\u00cdLIES\">Llegeix m\u00e9s\u00bb<\/a><br \/>\n","protected":false},"author":1,"featured_media":0,"parent":0,"menu_order":80,"comment_status":"closed","ping_status":"closed","template":"page-templates\/side-menu.php","meta":{"_bbp_topic_count":0,"_bbp_reply_count":0,"_bbp_total_topic_count":0,"_bbp_total_reply_count":0,"_bbp_voice_count":0,"_bbp_anonymous_reply_count":0,"_bbp_topic_count_hidden":0,"_bbp_reply_count_hidden":0,"_bbp_forum_subforum_count":0,"footnotes":""},"class_list":["post-722","page","type-page","status-publish","hentry"],"post_mailing_queue_ids":[],"_links":{"self":[{"href":"https:\/\/agora.xtec.cat\/escolagracia\/wp-json\/wp\/v2\/pages\/722","targetHints":{"allow":["GET"]}}],"collection":[{"href":"https:\/\/agora.xtec.cat\/escolagracia\/wp-json\/wp\/v2\/pages"}],"about":[{"href":"https:\/\/agora.xtec.cat\/escolagracia\/wp-json\/wp\/v2\/types\/page"}],"author":[{"embeddable":true,"href":"https:\/\/agora.xtec.cat\/escolagracia\/wp-json\/wp\/v2\/users\/1"}],"replies":[{"embeddable":true,"href":"https:\/\/agora.xtec.cat\/escolagracia\/wp-json\/wp\/v2\/comments?post=722"}],"version-history":[{"count":4,"href":"https:\/\/agora.xtec.cat\/escolagracia\/wp-json\/wp\/v2\/pages\/722\/revisions"}],"predecessor-version":[{"id":2409,"href":"https:\/\/agora.xtec.cat\/escolagracia\/wp-json\/wp\/v2\/pages\/722\/revisions\/2409"}],"wp:attachment":[{"href":"https:\/\/agora.xtec.cat\/escolagracia\/wp-json\/wp\/v2\/media?parent=722"}],"curies":[{"name":"wp","href":"https:\/\/api.w.org\/{rel}","templated":true}]}}