{"id":695,"date":"2019-01-11T20:09:49","date_gmt":"2019-01-11T19:09:49","guid":{"rendered":"http:\/\/agora.xtec.cat\/escolagracia\/?page_id=695"},"modified":"2026-01-16T10:16:53","modified_gmt":"2026-01-16T09:16:53","slug":"equip-de-lescola","status":"publish","type":"page","link":"https:\/\/agora.xtec.cat\/escolagracia\/equip-de-lescola\/","title":{"rendered":"EQUIP DE L&#8217;ESCOLA"},"content":{"rendered":"<h1><span style=\"color: #800080;\"><strong>Curs 2024-2025<\/strong><\/span><\/h1>\n<p><strong>EDUCACI\u00d3 INFANTIL<\/strong><\/p>\n<p>I3 CASTELLS: Gisela Cabrol<\/p>\n<p>I3 TRENCAD\u00cdS: Laia Soldevila (Coordinadora Cicle Infantil)<\/p>\n<p>I3 LA VILA: B\u00e0rbara Riera<\/p>\n<p>TEI: Esther Guinovart<\/p>\n<p>I4 LA PLA\u00c7A:\u00a0 Sandra Rold\u00f3s<\/p>\n<p>I4 L&#8217;ATENEU:\u00a0 Cisco Aub\u00e0<\/p>\n<p>I5 EL TALLER: Raquel Pelayo<\/p>\n<p>I5 L&#8217;ALZINA: Laia Lluch<\/p>\n<p>M\u00daSICA INFANTIL: Mireia Miranda<\/p>\n<p>SUPORT: Sandra Canales<\/p>\n<p>MESI INFANTIL i PRIMER CICLE: Eli Altimira<\/p>\n<p>&nbsp;<\/p>\n<p><strong>EDUCACI\u00d3 PRIM\u00c0RIA<\/strong><\/p>\n<p><strong>1r CICLE<\/strong><\/p>\n<p>1r PAU: Joana Cifre<\/p>\n<p>1r LLIBERTAT: Cristina Navales<\/p>\n<p>2n GRESCA: Selena L\u00f3pez<\/p>\n<p>2n TORRADET: Anna Lladonosa<\/p>\n<p>SUPORT: Arantxa Ca\u00f1adas<\/p>\n<p><strong>2n CICLE<\/strong><\/p>\n<p>3r GRALLA: Marta Arag\u00f3n<\/p>\n<p>3r RUMBA: Thais Holgado (Coordinadora Digital)<\/p>\n<p>4t ESPURNA: Ha\u00efssa Montagud (Coordinadora 2n Cicle)<\/p>\n<p>4t TABALS: Anna Nogu\u00e9s \/ Gala Molina<\/p>\n<p><strong>3r CICLE<\/strong><\/p>\n<p>5\u00e8 TELER: Pep Mart\u00ed<\/p>\n<p>5\u00e8 BOBINA: Agn\u00e8s Gavald\u00e0 (Coordinadora 3r Cicle) \/ Marc Andr\u00e9s<\/p>\n<p>6\u00e8 LLAN\u00c7ADORA: Maria Alguer\u00f3<\/p>\n<p>6\u00e8 FILADORA: Ariadna Albertos<\/p>\n<p>SUPORT PRIM\u00c0RIA: Olga Flores<\/p>\n<p>SUPORT 2n i 3r CICLE: J\u00e8ssica Jim\u00e9nez i Lara Sosa<\/p>\n<p>M\u00daSICA PRIM\u00c0RIA: Anna Batlle (Coordinadora 1r Cicle i Riscos Laborals)<\/p>\n<p>MESTRA\u00a0 ANGL\u00c8S: Sara Gonz\u00e1lez<\/p>\n<p>MESTRE EDUCACI\u00d3 F\u00cdSICA: Roger Aznar (suport 3r Cicle)<\/p>\n<p>COORDINADORA LIC: B\u00e0rbara Riera<\/p>\n<p>MESI 2n &#8211; 3r CICLE I COCOBE: Mayte P\u00e9rez<\/p>\n<p>&nbsp;<\/p>\n<p><strong>EQUIP DIRECTIU:<\/strong><\/p>\n<p>DIRECTORA: J\u00e8ssica Jim\u00e9nez<\/p>\n<p>CAP D&#8217;ESTUDIS: Lara Sosa<\/p>\n<p>SECRET\u00c0RIA: Sandra Canales<\/p>\n<p>&nbsp;<\/p>\n","protected":false},"excerpt":{"rendered":"<p>Curs 2024-2025<br \/>\nEDUCACI\u00d3 INFANTIL<br \/>\nI3 CASTELLS: Gisela Cabrol<br \/>\nI3 TRENCAD\u00cdS: Laia Soldevila (Coordinadora Cicle Infantil)<br \/>\nI3 LA VILA: B\u00e0rbara Riera<br \/>\nTEI: Esther Guinovart<br \/>\nI4 LA PLA\u00c7A:\u00a0 Sandra Rold\u00f3s<br \/>\nI4 L&#8217;ATENEU:\u00a0 Cisco Aub\u00e0<br \/>\nI5 EL TALLER: Raquel Pelayo<br \/>\nI5 L&#8217;ALZINA: Laia Lluch<br \/>\nM\u00daSICA INFANTIL: Mireia Miranda<br \/>\nSUPORT: Sandra Canales<br \/>\nMESI INFANTIL i PRIMER CICLE: Eli Altimira<br \/>\n&nbsp;<br \/>\nEDUCACI\u00d3 PRIM\u00c0RIA<br \/>\n1r CICLE<br \/>\n1r&hellip;  <a href=\"https:\/\/agora.xtec.cat\/escolagracia\/equip-de-lescola\/\" title=\"Read EQUIP DE L&#8217;ESCOLA\">Llegeix m\u00e9s\u00bb<\/a><\/p>\n","protected":false},"author":1,"featured_media":0,"parent":0,"menu_order":60,"comment_status":"closed","ping_status":"closed","template":"page-templates\/side-menu.php","meta":{"_bbp_topic_count":0,"_bbp_reply_count":0,"_bbp_total_topic_count":0,"_bbp_total_reply_count":0,"_bbp_voice_count":0,"_bbp_anonymous_reply_count":0,"_bbp_topic_count_hidden":0,"_bbp_reply_count_hidden":0,"_bbp_forum_subforum_count":0,"footnotes":""},"class_list":["post-695","page","type-page","status-publish","hentry"],"post_mailing_queue_ids":[],"_links":{"self":[{"href":"https:\/\/agora.xtec.cat\/escolagracia\/wp-json\/wp\/v2\/pages\/695","targetHints":{"allow":["GET"]}}],"collection":[{"href":"https:\/\/agora.xtec.cat\/escolagracia\/wp-json\/wp\/v2\/pages"}],"about":[{"href":"https:\/\/agora.xtec.cat\/escolagracia\/wp-json\/wp\/v2\/types\/page"}],"author":[{"embeddable":true,"href":"https:\/\/agora.xtec.cat\/escolagracia\/wp-json\/wp\/v2\/users\/1"}],"replies":[{"embeddable":true,"href":"https:\/\/agora.xtec.cat\/escolagracia\/wp-json\/wp\/v2\/comments?post=695"}],"version-history":[{"count":5,"href":"https:\/\/agora.xtec.cat\/escolagracia\/wp-json\/wp\/v2\/pages\/695\/revisions"}],"predecessor-version":[{"id":2406,"href":"https:\/\/agora.xtec.cat\/escolagracia\/wp-json\/wp\/v2\/pages\/695\/revisions\/2406"}],"wp:attachment":[{"href":"https:\/\/agora.xtec.cat\/escolagracia\/wp-json\/wp\/v2\/media?parent=695"}],"curies":[{"name":"wp","href":"https:\/\/api.w.org\/{rel}","templated":true}]}}