{"id":620,"date":"2018-09-30T12:56:02","date_gmt":"2018-09-30T10:56:02","guid":{"rendered":"http:\/\/agora.xtec.cat\/escolagracia\/?page_id=620"},"modified":"2021-10-20T18:49:15","modified_gmt":"2021-10-20T16:49:15","slug":"projecte-educatiu-de-centre","status":"publish","type":"page","link":"https:\/\/agora.xtec.cat\/escolagracia\/projecte-educatiu-de-centre\/","title":{"rendered":"PILARS PEDAG\u00d2GICS"},"content":{"rendered":"<p><span style=\"font-family: 'Century Gothic';\">Pensem \u00a0l&#8217;escola \u00a0com una\u00a0<strong>comunitat d\u2019aprenentatge i de vida<\/strong>. Basem el nostre projecte en el \u00a0respecte i l&#8217;acompanyament\u00a0de cada infant, cadascun en la seva\u00a0singularitat, en el seu proc\u00e9s de creixement personal.\u00a0<span lang=\"CA\">Ens proposem rebre aquests infants de manera amorosa, vetllant per les seves necessitats i ritmes maduratius i afectius. Vetllem per un projecte col\u00b7lectiu, participatiu i inclusiu on es fomenta que totes les veus dels infants hi s\u00f3n reconegudes, amb la confian\u00e7a de les educadores en les capacitats i potencialitats dels infants.<\/span><\/span><\/p>\n<h5 style=\"text-align: left;\"><em><span style=\"font-family: 'Century Gothic';\">Aprenem amb els altres i dels altres<\/span><\/em><\/h5>\n<p><span style=\"font-family: 'Century Gothic';\">L&#8217;aprenentatge a l&#8217;escola s&#8217;esdev\u00e9 de les relacions socials promovent la participaci\u00f3, la reflexi\u00f3 individual i col\u00b7lectiva, i partint sempre dels coneixements, habilitats i capacitats personals. Entenent que \u00e9s imprescindible el guiatge de les educadores, que situa la influ\u00e8ncia educativa en els intercanvis funcionals entre l&#8217;aprenent, la situaci\u00f3 i les educadores per tal que els nens i les nenes estiguin en una actitud activa davant dels seus processos d&#8217;aprenentatge.\u00a0<\/span><\/p>\n<p style=\"text-align: justify; text-justify: inter-ideograph;\"><span style=\"font-family: 'Century Gothic';\">Amb el respecte i l\u2019establiment de\u00a0l\u00edmits clars\u00a0als infants per refor\u00e7ar la seva\u00a0confian\u00e7a i autoestima que promigui la iniciativa com a pilar de creixement i d&#8217;aprenentatge.<strong>\u00a0<\/strong><\/span><\/p>\n<p style=\"text-align: justify; text-justify: inter-ideograph;\"><span style=\"font-family: 'Century Gothic';\">Amb una metodologia centrada en <strong>com aprenen els nens i les nenes<\/strong>. <\/span><\/p>\n<blockquote>\n<p style=\"text-align: right;\"><span style=\"font-family: 'Century Gothic'; color: #339966;\">L&#8217;aprenentatge \u00e9s una activitat social, <\/span><span style=\"font-family: 'Century Gothic'; color: #339966;\">els infants aprenen fent-se seves les activitats i compartint <\/span><span style=\"font-family: 'Century Gothic'; color: #339966;\">i reflexionant sobre les idees dels membres de la comunitat <\/span><span style=\"font-family: 'Century Gothic'; color: #339966;\">en la que aprenen. <\/span><\/p>\n<p style=\"text-align: right;\"><span style=\"font-family: 'Century Gothic'; color: #339966;\">L.S. Vigostki<\/span><\/p>\n<\/blockquote>\n<p style=\"text-align: justify; text-justify: inter-ideograph;\"><span style=\"font-family: 'Century Gothic';\">Ens plantegem l&#8217;aprenentatge a infantil i a prim\u00e0ria a trav\u00e9s del Joc, l&#8217;experimentaci\u00f3 i la investigaci\u00f3. On la motivaci\u00f3, l&#8217;inter\u00e8s i l&#8217;esfor\u00e7 siguin els motors d&#8217;aquest aprenentatge. Un esfor\u00e7 que sorgeixi del <strong>desig d&#8217;aprendre<\/strong> de l&#8217;infant i de <strong>compartir<\/strong> les seves descobertes amb els companys. Amb l&#8217;objectiu educatiu de promoure un aprenentatge significatiu i competencial (saber, saber fer i saber comunicar) tot afavorint l&#8217;expressi\u00f3 i la comunicaci\u00f3 a trav\u00e9s de diferents llenguatges: l&#8217;art pl\u00e0stic, l&#8217;art de paraula, la dansa i la m\u00fasica. <\/span><\/p>\n<p style=\"text-align: justify; text-justify: inter-ideograph;\"><span style=\"font-family: 'Century Gothic';\">A l&#8217;escola vivim les arts a trav\u00e9s del T<strong>eatre<\/strong>, com a <strong>eix motivador del projecte educatiu<\/strong> al llarg de tota l&#8217;escolaritzaci\u00f3.<\/span><\/p>\n<p style=\"text-align: justify; text-justify: inter-ideograph;\"><span style=\"font-family: 'Century Gothic';\">Entenem la comunitat educativa com un projecte de <strong>cohesi\u00f3 social<\/strong>, i rebem les fam\u00edlies en la seva diversitat, facilitant la seva participaci\u00f3 en la comunitat educativa per construir una escola entre totes.<\/span><\/p>\n<p style=\"text-align: justify; text-justify: inter-ideograph;\"><span style=\"font-family: 'Century Gothic';\">Som una\u00a0escola amb un equip pedag\u00f2gic que apr\u00e8n, on la reflexi\u00f3, la creativitat i el treball en xarxa amb les altres escoles del barri guien els nostres horitzons. Ens proposem acollir, cada any, a les noves educadores amb cura i sensibilitat, per formar part de l&#8217;equip pedag\u00f2gic i consolidar el projecte educatiu per fer-lo m\u00e9s ric i plural.\u00a0<\/span><\/p>\n<blockquote>\n<p style=\"text-align: right;\">\n<\/blockquote>\n<h5><span style=\"font-family: 'Century Gothic';\">El Temps dels Infants i els Espais<\/span><\/h5>\n<p><span style=\"font-family: 'Century Gothic';\">L\u2019organitzaci\u00f3 del temps i l\u2019espai a l\u2019escola t\u00e9 com a objectiu l\u2019aprenentatge actiu dels infants amb el guiatge de les mestres, la llibertat de poder decidir i fer segons les pr\u00f2pies necessitats i interessos i l\u2019estabilitat a partir del treball regular. Creiem que cal deixar temps suficient perqu\u00e8 els infants juguin, es relacionin i participin. Saber esperar i donar-los temps.\u00a0\u00a0<\/span><\/p>\n<h5 style=\"text-align: justify; text-justify: inter-ideograph;\"><\/h5>\n<p style=\"text-align: justify; text-justify: inter-ideograph;\"><span style=\"font-family: 'Century Gothic';\">Creiem important viure en uns espais d&#8217;aprenentatge estimulants i confortables que facin sentir els infants segurs i \u00a0confiats per aprendre. Entenem l&#8217;entorn tamb\u00e9 com a element educador, cuidant els espais i les propostes que presentem les educadores. Els ambients d&#8217;aprenentatge de lliure circulaci\u00f3 s\u00f3n espais din\u00e0mics i flexibles que ofereixen oportunitats de joc i provoquen descobertes i faciliten la comunicaci\u00f3, l&#8217;acci\u00f3 motriu i les relacions entre infants de diferents edats.\u00a0 A trav\u00e9s del joc els infants desenvolupen la capacitat comunicativa i el llenguatge esdev\u00e9 el mediador entre pensament, acci\u00f3 i aprenentatge. Els ambients afavoreixen la llibertat de moviment, l&#8217;exploraci\u00f3 i la iniciativa dels infants. Les propostes de les educadores son diverses i proporcionen experi\u00e8ncies valuoses als infants. El temps de grup es considera emmarcat dins dels rituals de socialitzaci\u00f3. L&#8217;actitud de la mestra \u00e9s de l&#8217;educadora que dialoga. La Conversa \u00e9s un temps de trobada col\u00b7lectiva, per compartir viv\u00e8ncies, per compartir activitats \u00faniques i particualrs del grup. La Conversa \u00e9s l&#8217;eix que guia la relaci\u00f3 dialogada entre els infants del grup amb el modelatge de la mestra que ajuda a que flueixi un di\u00e0leg participatiu on tothom hi pugui fer sentir la seva veu. Durant el temps de grup es construeix el vincle afectiu amb la mestra tutora i on es desenvolupen relacions de coneixen\u00e7a i d&#8217;amistat entre els infants.\u00a0 La vida de grup ga emmergir noves descobertes i noves possibilitats d&#8217;aprenentatge entre infants de la mateixa edat. Les mestres proposem activitats de grup de M\u00fasica, motrius a partir de la Pr\u00e0ctica Psicomotriu Aucouturier i Art\u00edstiques.\u00a0<\/span><\/p>\n<blockquote>\n<p style=\"text-align: right;\"><span style=\"font-family: 'Century Gothic'; color: #339966;\">\u00c9s important que aquest mateix espai sempre s&#8217;adeq\u00fci a les necessitats\u00a0<\/span><span style=\"font-family: 'Century Gothic'; color: #339966;\">dels qui l&#8217;habitaran, <\/span><\/p>\n<p style=\"text-align: right;\"><span style=\"font-family: 'Century Gothic'; color: #339966;\">en definitiva, els nostres infants i joves&#8221; \u00a0<\/span><span style=\"font-family: 'Century Gothic'; color: #339966;\">Claus Jensen<\/span><\/p>\n<\/blockquote>\n<p>&nbsp;<\/p>\n<p>&nbsp;<\/p>\n<p>&nbsp;<\/p>\n<p>&nbsp;<\/p>\n<p>&nbsp;<\/p>\n","protected":false},"excerpt":{"rendered":"<p>Pensem \u00a0l&#8217;escola \u00a0com una\u00a0comunitat d\u2019aprenentatge i de vida. Basem el nostre projecte en el \u00a0respecte i l&#8217;acompanyament\u00a0de cada infant, cadascun en la seva\u00a0singularitat, en el seu proc\u00e9s de creixement personal.\u00a0Ens proposem rebre aquests infants de manera amorosa, vetllant per les seves necessitats i ritmes maduratius&hellip;  <a href=\"https:\/\/agora.xtec.cat\/escolagracia\/projecte-educatiu-de-centre\/\" title=\"Read PILARS PEDAG\u00d2GICS\">Llegeix m\u00e9s\u00bb<\/a><\/p>\n","protected":false},"author":1,"featured_media":0,"parent":0,"menu_order":80,"comment_status":"closed","ping_status":"closed","template":"page-templates\/side-menu.php","meta":{"_bbp_topic_count":0,"_bbp_reply_count":0,"_bbp_total_topic_count":0,"_bbp_total_reply_count":0,"_bbp_voice_count":0,"_bbp_anonymous_reply_count":0,"_bbp_topic_count_hidden":0,"_bbp_reply_count_hidden":0,"_bbp_forum_subforum_count":0,"footnotes":""},"class_list":["post-620","page","type-page","status-publish","hentry"],"post_mailing_queue_ids":[],"_links":{"self":[{"href":"https:\/\/agora.xtec.cat\/escolagracia\/wp-json\/wp\/v2\/pages\/620","targetHints":{"allow":["GET"]}}],"collection":[{"href":"https:\/\/agora.xtec.cat\/escolagracia\/wp-json\/wp\/v2\/pages"}],"about":[{"href":"https:\/\/agora.xtec.cat\/escolagracia\/wp-json\/wp\/v2\/types\/page"}],"author":[{"embeddable":true,"href":"https:\/\/agora.xtec.cat\/escolagracia\/wp-json\/wp\/v2\/users\/1"}],"replies":[{"embeddable":true,"href":"https:\/\/agora.xtec.cat\/escolagracia\/wp-json\/wp\/v2\/comments?post=620"}],"version-history":[{"count":4,"href":"https:\/\/agora.xtec.cat\/escolagracia\/wp-json\/wp\/v2\/pages\/620\/revisions"}],"predecessor-version":[{"id":1570,"href":"https:\/\/agora.xtec.cat\/escolagracia\/wp-json\/wp\/v2\/pages\/620\/revisions\/1570"}],"wp:attachment":[{"href":"https:\/\/agora.xtec.cat\/escolagracia\/wp-json\/wp\/v2\/media?parent=620"}],"curies":[{"name":"wp","href":"https:\/\/api.w.org\/{rel}","templated":true}]}}