{"id":436,"date":"2016-03-29T12:39:43","date_gmt":"2016-03-29T10:39:43","guid":{"rendered":"http:\/\/agora.xtec.cat\/escolagracia\/?page_id=436"},"modified":"2026-04-29T10:10:39","modified_gmt":"2026-04-29T08:10:39","slug":"inici","status":"publish","type":"page","link":"https:\/\/agora.xtec.cat\/escolagracia\/","title":{"rendered":"CURS 2025\/2026"},"content":{"rendered":"<div class=\"row\">\n<div class=\"col-sm-8\">\n<div class=\"basic_text_peq pd-15 link-dotted\" data-crawling=\"principal-body\">\n<h3 role=\"doc-subtitle\"><span style=\"color: #000000;\">Publicaci\u00f3 de la llista de sol\u00b7licituds que han demanat el centre i l&#8217;ensenyament en primera<\/span><br \/>\n<span style=\"color: #000000;\">petici\u00f3 ordenada a 29\/04\/2026<\/span><\/h3>\n<h3 role=\"doc-subtitle\"><span style=\"color: #0000ff;\"><a style=\"color: #0000ff;\" href=\"https:\/\/agora.xtec.cat\/escolagracia\/wp-content\/uploads\/usu1083\/2026\/04\/INFORME_BAREM_DEFINITIU_BAREM-1.pdf\">INFORME_BAREM_DEFINITIU_BAREM<\/a><\/span><\/h3>\n<\/div>\n<p><a href=\"https:\/\/agora.xtec.cat\/escolagracia\/wp-content\/uploads\/usu1083\/2026\/04\/20260428-sorteig-obligatoris.jpg_1172691498.jpg\"><img loading=\"lazy\" decoding=\"async\" class=\" wp-image-2451 alignleft\" src=\"https:\/\/agora.xtec.cat\/escolagracia\/wp-content\/uploads\/usu1083\/2026\/04\/20260428-sorteig-obligatoris.jpg_1172691498-300x233.jpg\" alt=\"\" width=\"355\" height=\"276\" srcset=\"https:\/\/agora.xtec.cat\/escolagracia\/wp-content\/uploads\/usu1083\/2026\/04\/20260428-sorteig-obligatoris.jpg_1172691498-300x233.jpg 300w, https:\/\/agora.xtec.cat\/escolagracia\/wp-content\/uploads\/usu1083\/2026\/04\/20260428-sorteig-obligatoris.jpg_1172691498.jpg 555w\" sizes=\"auto, (max-width: 355px) 100vw, 355px\" \/><\/a><\/p>\n<\/div>\n<\/div>\n<div class=\"row\">\n<div class=\"col-sm-8\">\n<div class=\"basic_text_peq pd-15 link-dotted\" data-crawling=\"principal-body\">\n<h3 role=\"doc-subtitle\"><\/h3>\n<h3 role=\"doc-subtitle\"><span style=\"color: #800080;\"><strong>PORTES OBERTES CURS 2026\/2027<\/strong><\/span><\/h3>\n<p><strong>Volem donar les gr\u00e0cies a les fam\u00edlies que vau compartir amb nosaltres les portes obertes del dissabte.<\/strong><br data-start=\"205\" data-end=\"208\" \/><strong>La vostra pres\u00e8ncia, l\u2019escolta i l\u2019inter\u00e8s ens ajuden a teixir, dia a dia, una comunitat educativa viva i compartida.<\/strong><\/p>\n<p>Presentaci\u00f3 del Projecte Educatiu del Centre:<\/p>\n<p><a href=\"https:\/\/www.canva.com\/design\/DAGeCEX-Pyg\/s7qr8P4ndYMS0zdflRU9Gg\/view?utm_content=DAGeCEX-Pyg&amp;utm_campaign=designshare&amp;utm_medium=link2&amp;utm_source=uniquelinks&amp;utlId=h83778413da\">Portes obertes 2026\/2027<\/a><\/p>\n<p role=\"doc-subtitle\"><a href=\"https:\/\/agora.xtec.cat\/escolagracia\/wp-content\/uploads\/usu1083\/2026\/01\/portes-obertes-20262027-2.jpg\"><img loading=\"lazy\" decoding=\"async\" class=\"aligncenter wp-image-2422 \" src=\"https:\/\/agora.xtec.cat\/escolagracia\/wp-content\/uploads\/usu1083\/2026\/01\/portes-obertes-20262027-2-724x1024.jpg\" alt=\"\" width=\"612\" height=\"865\" srcset=\"https:\/\/agora.xtec.cat\/escolagracia\/wp-content\/uploads\/usu1083\/2026\/01\/portes-obertes-20262027-2-724x1024.jpg 724w, https:\/\/agora.xtec.cat\/escolagracia\/wp-content\/uploads\/usu1083\/2026\/01\/portes-obertes-20262027-2-212x300.jpg 212w, https:\/\/agora.xtec.cat\/escolagracia\/wp-content\/uploads\/usu1083\/2026\/01\/portes-obertes-20262027-2-768x1086.jpg 768w, https:\/\/agora.xtec.cat\/escolagracia\/wp-content\/uploads\/usu1083\/2026\/01\/portes-obertes-20262027-2-1086x1536.jpg 1086w, https:\/\/agora.xtec.cat\/escolagracia\/wp-content\/uploads\/usu1083\/2026\/01\/portes-obertes-20262027-2-1448x2048.jpg 1448w, https:\/\/agora.xtec.cat\/escolagracia\/wp-content\/uploads\/usu1083\/2026\/01\/portes-obertes-20262027-2.jpg 1587w\" sizes=\"auto, (max-width: 612px) 100vw, 612px\" \/><\/a><\/p>\n<p role=\"doc-subtitle\"><a href=\"https:\/\/agora.xtec.cat\/escolagracia\/wp-content\/uploads\/usu1083\/2025\/07\/Calendari-25-26-2-1_page-0001.jpg\"><img loading=\"lazy\" decoding=\"async\" class=\"aligncenter size-full wp-image-2363\" src=\"https:\/\/agora.xtec.cat\/escolagracia\/wp-content\/uploads\/usu1083\/2025\/07\/Calendari-25-26-2-1_page-0001.jpg\" alt=\"\" width=\"1755\" height=\"1241\" srcset=\"https:\/\/agora.xtec.cat\/escolagracia\/wp-content\/uploads\/usu1083\/2025\/07\/Calendari-25-26-2-1_page-0001.jpg 1755w, https:\/\/agora.xtec.cat\/escolagracia\/wp-content\/uploads\/usu1083\/2025\/07\/Calendari-25-26-2-1_page-0001-300x212.jpg 300w, https:\/\/agora.xtec.cat\/escolagracia\/wp-content\/uploads\/usu1083\/2025\/07\/Calendari-25-26-2-1_page-0001-1024x724.jpg 1024w, https:\/\/agora.xtec.cat\/escolagracia\/wp-content\/uploads\/usu1083\/2025\/07\/Calendari-25-26-2-1_page-0001-768x543.jpg 768w, https:\/\/agora.xtec.cat\/escolagracia\/wp-content\/uploads\/usu1083\/2025\/07\/Calendari-25-26-2-1_page-0001-1536x1086.jpg 1536w\" sizes=\"auto, (max-width: 1755px) 100vw, 1755px\" \/><\/a><\/p>\n<h3 role=\"doc-subtitle\"><span style=\"color: #000000;\">Dossier informatiu de juliol<\/span><\/h3>\n<p>Aqu\u00ed trobareu tota la informaci\u00f3 del curs 2025\/2026<\/p>\n<p><a href=\"https:\/\/drive.google.com\/file\/d\/1_ZGvomYxOTR0UvJT0XW9LTn2_NUQKPEo\/view?usp=sharing\" target=\"_blank\" rel=\"noopener\">Dossier Organitzaci\u00f3 Escola<\/a><\/p>\n<p>&nbsp;<\/p>\n<h3 role=\"doc-subtitle\"><\/h3>\n<h3 role=\"doc-subtitle\"><span style=\"color: #000000;\">Llista d&#8217;admesos i d&#8217;espera<\/span><\/h3>\n<h6 role=\"doc-subtitle\"><span style=\"color: #000000;\">Us informem que avui dilluns 16 de juny s&#8217;han publicat les llistes d&#8217;assignacions i les llistes d&#8217;espera de l\u2019educaci\u00f3 infantil, l\u2019educaci\u00f3 prim\u00e0ria i l\u2019educaci\u00f3 secund\u00e0ria obligat\u00f2ria.<\/span><\/h6>\n<h3 role=\"doc-subtitle\"><a href=\"https:\/\/agora.xtec.cat\/escolagracia\/wp-content\/uploads\/usu1083\/2025\/06\/INFORME_ASSIGNADES_INFORME_ASSIGNADES.pdf\">INFORME_ASSIGNADES_INFORME_ASSIGNADES<\/a><\/h3>\n<\/div>\n<div class=\"basic_text_peq pd-15 link-dotted\" data-crawling=\"principal-body\">\n<h3 role=\"doc-subtitle\"><a href=\"https:\/\/agora.xtec.cat\/escolagracia\/wp-content\/uploads\/usu1083\/2025\/06\/INFORME_LLISTA_ESPERA_OME_LLISTA_ESPERA.pdf\">INFORME_LLISTA_ESPERA_OME_LLISTA_ESPERA<\/a><\/h3>\n<h3 role=\"doc-subtitle\"><\/h3>\n<h3 role=\"doc-subtitle\"><\/h3>\n<\/div>\n<\/div>\n<\/div>\n<h3 role=\"doc-subtitle\"><\/h3>\n<p>&nbsp;<\/p>\n<div class=\"row\">\n<div class=\"col-sm-8\">\n<div class=\"basic_text_peq pd-15 link-dotted\" data-crawling=\"principal-body\">\n<h3 role=\"doc-subtitle\">Llistat ordenat definitiu<\/h3>\n<p><span style=\"font-weight: 400;\">Us informem que avui <strong>divendres 9 de maig<\/strong> s\u2019han publicat les llistes ordenades definitives de la preinscripci\u00f3 pel curs vinent.\u00a0<\/span><\/p>\n<p><a href=\"https:\/\/drive.google.com\/file\/d\/1Dr-WZVsyLcL20pgvzjR9phQX8UQb3rmg\/view?usp=sharing\" target=\"_blank\" rel=\"noopener\">INFORME_BAREM_DEFINITIU_BAREM.pdf<\/a><\/p>\n<p><span style=\"font-weight: 400;\">Compteu que aquest llistat ja no s\u2019elabora per ordre alfab\u00e8tic, sin\u00f3 que recull l\u2019ordre en qu\u00e8 s\u2019assignaran les places segons els criteris de baremaci\u00f3 i el n\u00famero de desempat.\u00a0<\/span><\/p>\n<p><span style=\"font-weight: 400;\">Trobareu les llistes penjades al tauler d\u2019anuncis de l&#8217;escola i tamb\u00e9 podeu fer la consulta en l\u00ednia al web de la preinscripci\u00f3 del Departament.<\/span><\/p>\n<p><span style=\"font-weight: 400;\">\u00c9s important que tingueu en compte que fins la llista definitiva d\u2019admesos del16 de juny, no podreu saber amb total certesa a quin centre us assignaran pla\u00e7a, at\u00e8s que l\u2019alumnat que opta a pla\u00e7a de reserva NEE no est\u00e0 identificat al llistat i aquest fet que pot provocar que passin per davant de l\u2019alumnat ordinari o viceversa, en funci\u00f3 de la tipologia de les places vacants ofertades.<\/span><\/p>\n<h3><\/h3>\n<h3><strong>Resultat del sorteig del n\u00famero de desempat per a la preinscripci\u00f3 educaci\u00f3 infantil, prim\u00e0ria i secund\u00e0ria (3-16 anys) curs 2025-2026<\/strong><\/h3>\n<div class=\"subtitle\">\n<p>El n\u00famero per determinar l&#8217;ordre de les sol\u00b7licituds \u00e9s el\u00a0<strong>76.261<\/strong> (nombre total de sol\u00b7licituds: 133.846)<\/p>\n<\/div>\n<p>Quan s&#8217;inicia la preinscripci\u00f3, les fam\u00edlies han de formalitzar una sol\u00b7licitud de pla\u00e7a per a cada infant. Les sol\u00b7licituds s&#8217;ordenen, en primera inst\u00e0ncia, en funci\u00f3 de la puntuaci\u00f3 obtinguda segons diferents criteris. Aquests criteris s\u00f3n p\u00fablics i \u00fanics per a tot l&#8217;alumnat (proximitat al domicili, germans al centre, renda familiar). N&#8217;hi ha de prioritaris i de complementaris (per exemple, per ser fam\u00edlia monoparental, nombrosa o que el pare o la mare treballin al centre educatiu).<\/p>\n<p>El nombre de places que ofereix cada centre educatiu \u00e9s limitat.\u00a0<strong>Si el nombre de peticions supera el d&#8217;alumnes que l&#8217;escola pot acollir, les sol\u00b7licituds s&#8217;ordenen per puntuaci\u00f3 i, en cas d&#8217;empat en la puntuaci\u00f3, cal aplicar un sistema de desempat<\/strong>. \u00c9s a dir, quan despr\u00e9s de sumar la puntuaci\u00f3 es mant\u00e9 l&#8217;empat, cal desempatar a partir d&#8217;un sorteig.<\/p>\n<p><strong>Quin n\u00famero tinc per al sorteig?<\/strong><\/p>\n<p>A totes les sol\u00b7licituds que participen en el proc\u00e9s de preinscripci\u00f3 se&#8217;ls atorga aleat\u00f2riament un n\u00famero de desempat, que surt publicat a la llista de sol\u00b7licituds un cop resoltes les reclamacions. \u00c9s aquest el n\u00famero amb qu\u00e8 la fam\u00edlia participa en el sorteig.<\/p>\n<\/div>\n<\/div>\n<div class=\"col-sm-4 col-xs-12 pd-md-0\">\n<div class=\"basic_color gris_o link-dotted\" data-crawling=\"principal-highlightedText\">\n<p>A partir d&#8217;aquest n\u00famero s&#8217;ordenen les sol\u00b7licituds empatades en punts que participen en el proc\u00e9s de preinscripci\u00f3 per accedir a un centre educatiu.<\/p>\n<\/div>\n<\/div>\n<\/div>\n<h3><strong>Publicaci\u00f3 de la llista de sol\u00b7licituds que han demanat el centre i l&#8217;ensenyament en primera<\/strong><br \/>\n<strong>petici\u00f3 amb la puntuaci\u00f3 resoltes les reclamacions a 05\/05\/2025<\/strong><\/h3>\n<p><span style=\"color: #000000;\"><a style=\"color: #000000;\" href=\"https:\/\/agora.xtec.cat\/escolagracia\/wp-content\/uploads\/usu1083\/2025\/05\/INFORME_BAREM_RESOLTES_BAREM-1.pdf\">INFORME_BAREM_RESOLTES_BAREM (1)<\/a><\/span><\/p>\n<p>&nbsp;<\/p>\n<h3><\/h3>\n<h3><strong>LITICACI\u00d3 MENJADOR ESCOLAR<\/strong><\/h3>\n<p><span style=\"color: #000000;\"><a style=\"color: #000000;\" href=\"https:\/\/contractaciopublica.cat\/ca\/detall-publicacio\/da7d70d0-0578-4173-b1fe-2e49d7e3bab8\/300375482\" target=\"_blank\" rel=\"noopener\">https:\/\/contractaciopublica.cat\/ca\/detall-publicacio\/da7d70d0-0578-4173-b1fe-2e49d7e3bab8\/300375482<\/a><\/span><\/p>\n<p>&nbsp;<\/p>\n<p>&nbsp;<\/p>\n","protected":false},"excerpt":{"rendered":"<p>Publicaci\u00f3 de la llista de sol\u00b7licituds que han demanat el centre i l&#8217;ensenyament en primera<br \/>\npetici\u00f3 ordenada a 29\/04\/2026<br \/>\n<a style=\"color: #0000ff;\" href=\"https:\/\/agora.xtec.cat\/escolagracia\/wp-content\/uploads\/usu1083\/2026\/04\/INFORME_BAREM_DEFINITIU_BAREM-1.pdf\">INFORME_BAREM_DEFINITIU_BAREM<\/a><\/p>\n<p><a href=\"https:\/\/agora.xtec.cat\/escolagracia\/wp-content\/uploads\/usu1083\/2026\/04\/20260428-sorteig-obligatoris.jpg_1172691498.jpg\"><\/a><\/p>\n<p>PORTES OBERTES CURS 2026\/2027<br \/>\nVolem donar les gr\u00e0cies a les fam\u00edlies que vau compartir amb nosaltres les portes obertes del dissabte.La vostra pres\u00e8ncia, l\u2019escolta i&hellip;  <a href=\"https:\/\/agora.xtec.cat\/escolagracia\/\" title=\"Read CURS 2025\/2026\">Llegeix m\u00e9s\u00bb<\/a><\/p>\n","protected":false},"author":1,"featured_media":0,"parent":0,"menu_order":0,"comment_status":"closed","ping_status":"closed","template":"","meta":{"_bbp_topic_count":0,"_bbp_reply_count":0,"_bbp_total_topic_count":0,"_bbp_total_reply_count":0,"_bbp_voice_count":0,"_bbp_anonymous_reply_count":0,"_bbp_topic_count_hidden":0,"_bbp_reply_count_hidden":0,"_bbp_forum_subforum_count":0,"footnotes":""},"class_list":["post-436","page","type-page","status-publish","hentry"],"post_mailing_queue_ids":[],"_links":{"self":[{"href":"https:\/\/agora.xtec.cat\/escolagracia\/wp-json\/wp\/v2\/pages\/436","targetHints":{"allow":["GET"]}}],"collection":[{"href":"https:\/\/agora.xtec.cat\/escolagracia\/wp-json\/wp\/v2\/pages"}],"about":[{"href":"https:\/\/agora.xtec.cat\/escolagracia\/wp-json\/wp\/v2\/types\/page"}],"author":[{"embeddable":true,"href":"https:\/\/agora.xtec.cat\/escolagracia\/wp-json\/wp\/v2\/users\/1"}],"replies":[{"embeddable":true,"href":"https:\/\/agora.xtec.cat\/escolagracia\/wp-json\/wp\/v2\/comments?post=436"}],"version-history":[{"count":7,"href":"https:\/\/agora.xtec.cat\/escolagracia\/wp-json\/wp\/v2\/pages\/436\/revisions"}],"predecessor-version":[{"id":2461,"href":"https:\/\/agora.xtec.cat\/escolagracia\/wp-json\/wp\/v2\/pages\/436\/revisions\/2461"}],"wp:attachment":[{"href":"https:\/\/agora.xtec.cat\/escolagracia\/wp-json\/wp\/v2\/media?parent=436"}],"curies":[{"name":"wp","href":"https:\/\/api.w.org\/{rel}","templated":true}]}}