{"id":2222,"date":"2024-09-23T12:22:10","date_gmt":"2024-09-23T10:22:10","guid":{"rendered":"https:\/\/agora.xtec.cat\/escolagracia\/?page_id=2222"},"modified":"2026-01-16T09:46:14","modified_gmt":"2026-01-16T08:46:14","slug":"consell-escolar","status":"publish","type":"page","link":"https:\/\/agora.xtec.cat\/escolagracia\/consell-escolar\/","title":{"rendered":"CONSELL ESCOLAR"},"content":{"rendered":"<p>El consell escolar del centre \u00e9s l&#8217;\u00f2rgan col\u00b7legiat de participaci\u00f3 de la comunitat escolar en el govern del centre. En el consell escolar hi ha representats tots els col\u00b7lectius que intervenen en la comunitat educativa: direcci\u00f3, mestres, personal d&#8217;administraci\u00f3 i serveis, associaci\u00f3 de fam\u00edlies i ajuntament.<\/p>\n<p>En els centres p\u00fablics, la funci\u00f3 principal del consell escolar \u00e9s participar en la presa de decisions en relaci\u00f3 amb aquells temes importants per al funcionament i l&#8217;organitzaci\u00f3 del centre: el projecte educatiu, la programaci\u00f3 general, la gesti\u00f3 econ\u00f2mica, etc.<\/p>\n<p>Els membres del consell escolar s\u00f3n elegits per un per\u00edode de quatre anys i es renoven per meitats cada dos anys.<\/p>\n<p><span style=\"font-size: 1.6875em; font-weight: bold;\">Representants del Consell Escolar a l\u2019escola:<\/span><\/p>\n<div class=\"elementor-element elementor-element-9dcd857 elementor-widget elementor-widget-text-editor\" data-id=\"9dcd857\" data-element_type=\"widget\" data-widget_type=\"text-editor.default\">\n<div class=\"elementor-widget-container\">\n<ul>\n<li>Equip directiu<\/li>\n<li>4 representants de mestres<\/li>\n<li>4 representants de fam\u00edlies<\/li>\n<li>1 representant d\u2019AFI<\/li>\n<li>1 representant del PAS<\/li>\n<li>1 representant de l\u2019Ajuntament<\/li>\n<\/ul>\n<\/div>\n<\/div>\n<div class=\"elementor-element elementor-element-5e4fa40 elementor-widget elementor-widget-spacer\" data-id=\"5e4fa40\" data-element_type=\"widget\" data-widget_type=\"spacer.default\">\n<div class=\"elementor-widget-container\">\n<h3><\/h3>\n<h3 class=\"elementor-spacer\"><span style=\"color: #800080;\"><strong>ACORDS<\/strong><\/span><\/h3>\n<table style=\"border-collapse: collapse; width: 16.7568%; height: 32px;\">\n<tbody>\n<tr style=\"height: 32px;\">\n<td style=\"width: 100%; border-style: solid; border-color: #000000; background-color: #c978cc; text-align: center; height: 32px;\"><a href=\"https:\/\/drive.google.com\/file\/d\/1GW3WuSROTaGzvSnH3Uz7Gaj3LkHRUJ2d\/view?usp=sharing\" target=\"_blank\" rel=\"noopener\"><strong><span style=\"color: #000000;\">DESEMBRE 2025<\/span><\/strong><\/a><\/td>\n<\/tr>\n<\/tbody>\n<\/table>\n<table style=\"border-collapse: collapse; width: 16.7568%; height: 32px;\">\n<tbody>\n<tr style=\"height: 32px;\">\n<td style=\"width: 100%; border-style: solid; border-color: #000000; background-color: #c978cc; text-align: center; height: 32px;\"><span style=\"color: #000000;\"><strong><a style=\"color: #000000;\" href=\"https:\/\/drive.google.com\/file\/d\/1ynV5M3-XaqAM_Du6jWXEnlJcNbiEYSTW\/view?usp=sharing\" target=\"_blank\" rel=\"noopener\">SETEMBRE 2025<\/a><\/strong><\/span><\/td>\n<\/tr>\n<\/tbody>\n<\/table>\n<table style=\"border-collapse: collapse; width: 16.7568%; height: 32px;\">\n<tbody>\n<tr style=\"height: 32px;\">\n<td style=\"width: 100%; border-style: solid; border-color: #000000; background-color: #c978cc; text-align: center; height: 32px;\"><span style=\"color: #000000;\"><strong><a style=\"color: #000000;\" href=\"https:\/\/drive.google.com\/file\/d\/1IS20hY1DXVXteoElws-vfdirNR7zUs9M\/view?usp=sharing\" target=\"_blank\" rel=\"noopener\"><span style=\"color: #000000;\">SETEMBRE 2024<\/span><\/a><\/strong><\/span><\/td>\n<\/tr>\n<\/tbody>\n<\/table>\n<table style=\"border-collapse: collapse; width: 14.7297%; height: 48px;\">\n<tbody>\n<tr>\n<td style=\"width: 100%; border-style: solid; border-color: #000000; background-color: #c978cc; text-align: center;\"><span style=\"color: #000000;\"><strong><a style=\"color: #000000;\" href=\"https:\/\/drive.google.com\/file\/d\/1bLD3beb1XJ7_gtYRQumzAMVjKILFpGxi\/view?usp=drive_link\" target=\"_blank\" rel=\"noopener\">OCTUBRE 2024<\/a><\/strong><\/span><\/td>\n<\/tr>\n<\/tbody>\n<\/table>\n<table style=\"height: 58px; width: 16.6217%; border-collapse: collapse; border-style: solid; border-color: #000000; background-color: #d4addb;\">\n<tbody>\n<tr style=\"height: 61px;\">\n<td style=\"width: 100%; background-color: #c978cc; border-color: #000000; border-style: solid; height: 61px;\">\n<p style=\"text-align: center;\"><span style=\"color: #000000;\"><a style=\"color: #000000;\" href=\"https:\/\/drive.google.com\/file\/d\/1SyZac7LlwhJNSUKjCW1xyNOR009_Mw-i\/view?usp=sharing\" target=\"_blank\" rel=\"noopener\"><strong>FEBRER 2025<\/strong><\/a><\/span><\/p>\n<\/td>\n<\/tr>\n<\/tbody>\n<\/table>\n<\/div>\n<\/div>\n","protected":false},"excerpt":{"rendered":"<p>El consell escolar del centre \u00e9s l&#8217;\u00f2rgan col\u00b7legiat de participaci\u00f3 de la comunitat escolar en el govern del centre. En el consell escolar hi ha representats tots els col\u00b7lectius que intervenen en la comunitat educativa: direcci\u00f3, mestres, personal d&#8217;administraci\u00f3 i serveis, associaci\u00f3 de fam\u00edlies i&hellip;  <a href=\"https:\/\/agora.xtec.cat\/escolagracia\/consell-escolar\/\" title=\"Read CONSELL ESCOLAR\">Llegeix m\u00e9s\u00bb<\/a><\/p>\n","protected":false},"author":1,"featured_media":0,"parent":0,"menu_order":0,"comment_status":"closed","ping_status":"closed","template":"","meta":{"_bbp_topic_count":0,"_bbp_reply_count":0,"_bbp_total_topic_count":0,"_bbp_total_reply_count":0,"_bbp_voice_count":0,"_bbp_anonymous_reply_count":0,"_bbp_topic_count_hidden":0,"_bbp_reply_count_hidden":0,"_bbp_forum_subforum_count":0,"footnotes":""},"class_list":["post-2222","page","type-page","status-publish","hentry"],"post_mailing_queue_ids":[],"_links":{"self":[{"href":"https:\/\/agora.xtec.cat\/escolagracia\/wp-json\/wp\/v2\/pages\/2222","targetHints":{"allow":["GET"]}}],"collection":[{"href":"https:\/\/agora.xtec.cat\/escolagracia\/wp-json\/wp\/v2\/pages"}],"about":[{"href":"https:\/\/agora.xtec.cat\/escolagracia\/wp-json\/wp\/v2\/types\/page"}],"author":[{"embeddable":true,"href":"https:\/\/agora.xtec.cat\/escolagracia\/wp-json\/wp\/v2\/users\/1"}],"replies":[{"embeddable":true,"href":"https:\/\/agora.xtec.cat\/escolagracia\/wp-json\/wp\/v2\/comments?post=2222"}],"version-history":[{"count":6,"href":"https:\/\/agora.xtec.cat\/escolagracia\/wp-json\/wp\/v2\/pages\/2222\/revisions"}],"predecessor-version":[{"id":2403,"href":"https:\/\/agora.xtec.cat\/escolagracia\/wp-json\/wp\/v2\/pages\/2222\/revisions\/2403"}],"wp:attachment":[{"href":"https:\/\/agora.xtec.cat\/escolagracia\/wp-json\/wp\/v2\/media?parent=2222"}],"curies":[{"name":"wp","href":"https:\/\/api.w.org\/{rel}","templated":true}]}}