{"id":1276,"date":"2020-10-09T11:05:30","date_gmt":"2020-10-09T09:05:30","guid":{"rendered":"http:\/\/agora.xtec.cat\/escolagracia\/?page_id=1276"},"modified":"2026-04-30T11:56:34","modified_gmt":"2026-04-30T09:56:34","slug":"menus-dinars-i-tramits","status":"publish","type":"page","link":"https:\/\/agora.xtec.cat\/escolagracia\/menjador-escolar\/menus-dinars-i-tramits\/","title":{"rendered":"MEN\u00daS DINARS I TR\u00c0MITS"},"content":{"rendered":"<p><b>TR\u00c0MITS TEMPS DE MIGDIA I ACOLLIDES CURS 2025-2026<\/b><\/p>\n<p>Inscripcions espai de migdia: <a href=\"https:\/\/app.abacserveis.com\/auth\/login\" target=\"_blank\" rel=\"noopener\"><span style=\"color: #0000ff;\">https:\/\/app.abacserveis.com\/auth\/login<\/span><\/a><\/p>\n<p><span style=\"color: #0000ff;\"><a style=\"color: #0000ff;\" href=\"https:\/\/drive.google.com\/file\/d\/1Ci6IDCgUykHWohD5TU4gxOkP5_MHhxMQ\/view?usp=sharing\" target=\"_blank\" rel=\"noopener\"><strong>Document &#8220;Com utilitzar l&#8217;aplicatiu&#8221;<\/strong><\/a><\/span><\/p>\n<p><strong>MENJADOR: <\/strong><\/p>\n<p><strong>CAL AVISAR ABANS DE LES 9H<\/strong><\/p>\n<ul>\n<li>Notificaci\u00f3 d&#8217;abs\u00e8ncia del menjador i menjador espor\u00e0dic:<br \/>\n<span style=\"color: #0000ff;\">economiamenjador@teixidores.cat<\/span><\/li>\n<li>Si un infant ha de fer r\u00e8gim, cal que ho comuniqueu abans de les 9 h al<br \/>\ncorreu: <span style=\"color: #0000ff;\">economiamenjador<span class=\"\">@teixidores.cat<\/span><\/span><\/li>\n<\/ul>\n<p>DIETA ASTRINGENT BASAL: arr\u00f2s, pollastre i poma.<br \/>\nDIETA ASTRINGENT VEG\u00c0 I VEGETERI\u00c0: arr\u00f2s blanc, patata bullida i poma.<\/p>\n<p><strong>INTOLER\u00c0NCIES:<\/strong><br \/>\nPer a l\u2019infant que tingui intoler\u00e0ncia o al\u00b7l\u00e8rgia a algun aliment ens heu de portar un justificant m\u00e8dic, que s\u2019ha de renovar cada any. Sense aquest justificant no es far\u00e0 cap men\u00fa especial.<\/p>\n<ul>\n<li style=\"font-weight: 400;\"><span style=\"font-weight: 400;\"><span style=\"font-weight: 400;\">Alta\/baixa del menjador, durant el curs (avisar abans que acabi el mes):<span style=\"color: #0000ff;\"> economiamenjador@teixidores.cat<\/span><\/span><\/span><\/li>\n<\/ul>\n<p><strong>ACOLLIDES: <\/strong><\/p>\n<p>Inscripcions acollides: <a href=\"https:\/\/app.abacserveis.com\/auth\/login\" target=\"_blank\" rel=\"noopener\"><span style=\"color: #0000ff;\">https:\/\/app.abacserveis.com\/auth\/login<\/span><\/a><\/p>\n<p>ACOLLIDES ESPOR\u00c0DIQUES DE TARDA, CAL AVISAR <strong>ABANS DE LES 15.30 h<\/strong> a: <span style=\"color: #0000ff;\">pedagogicmenjador<span class=\"\">@teixidores.cat<\/span><\/span><\/p>\n<p><span style=\"font-weight: 400;\">Tal i com v\u00e0rem posar en marxa el curs passat, per fer qualsevol tr\u00e0mit relacionat amb el menjador i les acollides, s\u2019haur\u00e0 d\u2019utilitzar els enlla\u00e7os adjunts. Recordeu que cal avisar de les incid\u00e8ncies del menjador (dieta espor\u00e0dica, abs\u00e8ncia per malaltia o vacances i l\u2019\u00fas espor\u00e0dic del menjador) <\/span><b>abans<\/b><span style=\"font-weight: 400;\"> de les 9 h i de les incid\u00e8ncies de les acollides de tarda (\u00fas espor\u00e0dic de l\u2019acollida de tarda o abs\u00e8ncia de l\u2019acollida, en cas de ser fixes) <\/span><b>abans <\/b><span style=\"font-weight: 400;\">de les 15.30 h.\u00a0<\/span><\/p>\n<p><span style=\"font-weight: 400;\"><strong>IMPORTANT:<\/strong> Per fer \u00fas del servei espor\u00e0dic d\u2019<\/span><b>acollida del mat\u00ed<\/b><span style=\"font-weight: 400;\">, de 8 a 9 h, <\/span><b>no cal avisar<\/b><span style=\"font-weight: 400;\">, podeu venir directament a l\u2019escola. Aquell dia s&#8217;apunta i es cobrar\u00e0 al rebut mensual. De la mateixa manera, si un infant fa acollides de mat\u00ed fixes i un dia no pot venir, tampoc cal que avisi de l\u2019abs\u00e8ncia. Per tant, CAL avisar de les incid\u00e8ncies de l\u2019acollida de tarda per\u00f2 NO CAL avisar de les incid\u00e8ncies de l\u2019acollida de mat\u00ed.\u00a0<\/span><\/p>\n<p><span style=\"font-weight: 400;\">Per millorar i facilitar la feina organitzativa del temps de migdia i les acollides, trobareu dos enlla\u00e7os m\u00e9s per donar-vos d\u2019alta o de baixa del menjador o de les acollides. Tant si sou fixes al menjador o a les acollides i us sorgeix algun canvi, podeu donar-vos de baixa ABANS que acabi el mes per tal que la baixa sigui efectiva el mes seg\u00fcent i no us cobrem la quota. Per les altes, si la feu abans que acabi el mes, els dies que queden del mes es comptaran com espor\u00e0dics.\u00a0<\/span><\/p>\n<p><b>RECULL D&#8217;INFORMACIONS RELLEVANTS DEL SERVEI DE MENJADOR I ACOLLIDES<\/b><\/p>\n<ul>\n<li style=\"font-weight: 400;\"><span style=\"font-weight: 400;\">El servei de C\u00e0tering i equip de monitoratge de temps de migdia i acollides ens l&#8217;ofereix l&#8217;empresa <strong>Abbac serveis pedag\u00f2gics i Core Restauraci\u00f3.<\/strong><\/span><\/li>\n<li style=\"font-weight: 400;\"><span style=\"font-weight: 400;\">En cas que els infants fixos al menjador no puguin venir un o m\u00e9s dies, cal avisar<strong> CADA DIA<\/strong> de l\u2019abs\u00e8ncia. Si se sap amb temps que l\u2019abs\u00e8ncia ser\u00e0 de m\u00e9s d\u2019un dia i s\u2019indiquen els dies totals d\u2019abs\u00e8ncia, en aquest cas no cal avisar cada dia.<\/span><\/li>\n<li style=\"font-weight: 400;\"><span style=\"font-weight: 400;\">Cal avisar a trav\u00e9s dels enlla\u00e7os abans de les 9 h.\u00a0<\/span><\/li>\n<li style=\"font-weight: 400;\"><span style=\"font-weight: 400;\">Els infants que tinguin qualsevol al\u00b7l\u00e8rgia o intoler\u00e0ncia disposen de men\u00fas adaptats. Per demanar-los, cal entregar un <\/span><b>informe m\u00e8dic<\/b><span style=\"font-weight: 400;\"> a la tutora i a l&#8217;Ang\u00e9lica\u00a0<\/span><\/li>\n<li style=\"font-weight: 400;\"><span style=\"font-weight: 400;\">Si us voleu donar de baixa del servei de menjador i\/o acollida fix, cal avisar amb antelaci\u00f3 (abans de comen\u00e7ar el mes seg\u00fcent) a trav\u00e9s dels formularis o enviant un correu electr\u00f2nic: <span style=\"color: #0000ff;\">economiamenjador@teixidores.cat<\/span><\/span><span style=\"font-weight: 400; color: #0000ff;\">\u00a0<\/span><\/li>\n<\/ul>\n<p><strong>MEN\u00daS DINARS<\/strong><\/p>\n<p><a href=\"https:\/\/agora.xtec.cat\/escolagracia\/wp-content\/uploads\/usu1083\/2026\/04\/TEIXIDORES_MAIG_2026.pdf\"><span style=\"color: #0000ff;\">\u00a0TEIXIDORES<\/span><\/a><\/p>\n<p>&nbsp;<\/p>\n<p><strong>INFORMACIONS AFA &#8211; COMISSI\u00d3 ACTIVITATS EXTRAESCOLARS<\/strong><\/p>\n<p><span style=\"color: #0000ff;\"><a style=\"color: #0000ff;\" href=\"https:\/\/agora.xtec.cat\/escolagracia\/wp-content\/uploads\/usu1083\/2025\/09\/Dossier-Extraescolars-Teixidores-2025-2026-30-set-25.pdf\"><span style=\"font-size: large;\">Dossier extraescolars<\/span><\/a><\/span><\/p>\n<p><span style=\"font-size: large;\">Per totes les q\u00fcestions relacionades amb extraescolars us heu de posar en contacte amb la comissi\u00f3 de l\u2019AFA que les organitza, enviant un correu a\u00a0<span style=\"color: #0000ff;\"><a style=\"color: #0000ff;\" href=\"mailto:activitats@afatexidoresdegracia.cat\" target=\"_blank\" rel=\"noopener\">activitatsafateixidoresdegracia.cat<\/a><\/span><span class=\"gmail_default\">, o VIU a l&#8217;empresa que s&#8217;encarrega de gestionar-les al correu\u00a0<span style=\"color: #0000ff;\"><a style=\"color: #0000ff;\" href=\"mailto:viu@viurprojectelleure.com\" target=\"_blank\" rel=\"noopener\">viu@viuprojectelleure.com<\/a><\/span>\u00a0<\/span><\/span><\/p>\n<p><span style=\"font-size: large;\">Per altra banda, per tal de millorar la coordinaci\u00f3 de les activitats extraescolars en el dia a dia caldr\u00e0\u00a0<b>notificar abs\u00e8ncies<\/b>\u00a0<b>espor\u00e0diques<\/b> en cas de NO assistir a l\u2019extraescolar. <span class=\"gmail_default\">Per fer-ho cal enviar un correu a <span style=\"color: #0000ff;\"><a style=\"color: #0000ff;\" href=\"mailto:viu@viuprojectelleure.com\" target=\"_blank\" rel=\"noopener\">gestio@viuprojectelleure.com<\/a><\/span><\/span><\/span><\/p>\n<ul>\n<li style=\"text-align: left;\"><span style=\"color: #000000;\"><strong>Us informem que, en cas de pluja durant les activitats que es realitzen fora de l\u2019escola, \u00e9s imprescindible que els infants portin capelina o paraig\u00fces.<\/strong><\/span><\/li>\n<\/ul>\n<p><span style=\"font-size: large;\"><span class=\"gmail_default\"><!--EndFragment --><\/span><\/span><\/p>\n<p>&nbsp;<\/p>\n","protected":false},"excerpt":{"rendered":"<p>TR\u00c0MITS TEMPS DE MIGDIA I ACOLLIDES CURS 2025-2026<br \/>\nInscripcions espai de migdia: <a href=\"https:\/\/app.abacserveis.com\/auth\/login\" target=\"_blank\" rel=\"noopener\">https:\/\/app.abacserveis.com\/auth\/login<\/a><br \/>\n<a style=\"color: #0000ff;\" href=\"https:\/\/drive.google.com\/file\/d\/1Ci6IDCgUykHWohD5TU4gxOkP5_MHhxMQ\/view?usp=sharing\" target=\"_blank\" rel=\"noopener\">Document &#8220;Com utilitzar l&#8217;aplicatiu&#8221;<\/a><br \/>\nMENJADOR:<br \/>\nCAL AVISAR ABANS DE LES 9H<\/p>\n<ul>\n<li>Notificaci\u00f3 d&#8217;abs\u00e8ncia del menjador i menjador espor\u00e0dic:<br \/>\neconomiamenjador@teixidores.cat<\/li>\n<li>Si un infant ha de fer r\u00e8gim, cal que ho comuniqueu&hellip;  <a href=\"https:\/\/agora.xtec.cat\/escolagracia\/menjador-escolar\/menus-dinars-i-tramits\/\" title=\"Read MEN\u00daS DINARS I TR\u00c0MITS\">Llegeix m\u00e9s\u00bb<\/a><br \/>\n","protected":false},"author":1,"featured_media":0,"parent":73,"menu_order":0,"comment_status":"closed","ping_status":"closed","template":"","meta":{"_bbp_topic_count":0,"_bbp_reply_count":0,"_bbp_total_topic_count":0,"_bbp_total_reply_count":0,"_bbp_voice_count":0,"_bbp_anonymous_reply_count":0,"_bbp_topic_count_hidden":0,"_bbp_reply_count_hidden":0,"_bbp_forum_subforum_count":0,"footnotes":""},"class_list":["post-1276","page","type-page","status-publish","hentry"],"post_mailing_queue_ids":[],"_links":{"self":[{"href":"https:\/\/agora.xtec.cat\/escolagracia\/wp-json\/wp\/v2\/pages\/1276","targetHints":{"allow":["GET"]}}],"collection":[{"href":"https:\/\/agora.xtec.cat\/escolagracia\/wp-json\/wp\/v2\/pages"}],"about":[{"href":"https:\/\/agora.xtec.cat\/escolagracia\/wp-json\/wp\/v2\/types\/page"}],"author":[{"embeddable":true,"href":"https:\/\/agora.xtec.cat\/escolagracia\/wp-json\/wp\/v2\/users\/1"}],"replies":[{"embeddable":true,"href":"https:\/\/agora.xtec.cat\/escolagracia\/wp-json\/wp\/v2\/comments?post=1276"}],"version-history":[{"count":7,"href":"https:\/\/agora.xtec.cat\/escolagracia\/wp-json\/wp\/v2\/pages\/1276\/revisions"}],"predecessor-version":[{"id":2463,"href":"https:\/\/agora.xtec.cat\/escolagracia\/wp-json\/wp\/v2\/pages\/1276\/revisions\/2463"}],"up":[{"embeddable":true,"href":"https:\/\/agora.xtec.cat\/escolagracia\/wp-json\/wp\/v2\/pages\/73"}],"wp:attachment":[{"href":"https:\/\/agora.xtec.cat\/escolagracia\/wp-json\/wp\/v2\/media?parent=1276"}],"curies":[{"name":"wp","href":"https:\/\/api.w.org\/{rel}","templated":true}]}}