{"id":1132,"date":"2020-04-13T12:36:21","date_gmt":"2020-04-13T10:36:21","guid":{"rendered":"http:\/\/agora.xtec.cat\/escolagracia\/?page_id=1132"},"modified":"2026-03-09T15:08:22","modified_gmt":"2026-03-09T14:08:22","slug":"documents","status":"publish","type":"page","link":"https:\/\/agora.xtec.cat\/escolagracia\/documents\/","title":{"rendered":"DOCUMENTS DE CENTRE"},"content":{"rendered":"<p><a href=\"https:\/\/agora.xtec.cat\/escolagracia\/wp-content\/uploads\/usu1083\/2022\/03\/LA-VEU-DE-LES-MESTRES-Teixidores.pdf\">LA VEU DE LES MESTRES,2022- Teixidores<\/a><\/p>\n<p><a href=\"https:\/\/agora.xtec.cat\/escolagracia\/wp-content\/uploads\/usu1083\/2022\/12\/PEC-2022-revisat-desembre-2022.pdf\">PEC, Projecte Educatiu de Centre, revisat desembre 2022<\/a><\/p>\n<p><span style=\"font-family: inherit; font-size: 1em;\">El Projecte Educatiu de Centre \u00e9s un document viu que cada any est\u00e0 en revisi\u00f3 i s&#8217;amplia i se&#8217;n concreten nous aspectes pedag\u00f2gics.<\/span><\/p>\n<p><a href=\"https:\/\/agora.xtec.cat\/escolagracia\/wp-content\/uploads\/usu1083\/2022\/11\/PROJECTE-LINGUISTIC-22-23.pdf\">PROJECTE LING\u00dc\u00cdSTIC 2022-2023<\/a><\/p>\n<p>El Projecte Ling\u00fc\u00edstic de Centre est\u00e0 en construcci\u00f3 i en revisi\u00f3 en conson\u00e0ncia amb el Projecte Educatiu de Centre.<\/p>\n<p><a href=\"https:\/\/agora.xtec.cat\/escolagracia\/wp-content\/uploads\/usu1083\/2021\/09\/PROJECTE-DE-CONVIVENCIA-Teixidores-de-Gracia.pdf\">PROJECTE DE CONVIV\u00c8NCIA Teixidores de Gr\u00e0cia\u00a0<\/a><\/p>\n<p><span style=\"color: #993366;\"><strong>EN REVISI\u00d3<\/strong><\/span><\/p>\n<p>El Projecte de Conviv\u00e8ncia \u00e9s un document viu i que es va revisant i enriquint cada any per part de l&#8217;Equip Directiu, el Claustre i la Comissi\u00f3 de Conviv\u00e8ncia.<\/p>\n<p><a href=\"https:\/\/agora.xtec.cat\/escolagracia\/wp-content\/uploads\/usu1083\/2023\/03\/NOFC-2023.pdf\">NOFC <\/a>, actualitzat mar\u00e7 2023. <span style=\"color: #993366;\"><strong>EN REVISI\u00d3<\/strong><\/span><\/p>\n<p>Com escola de nova creaci\u00f3, revisarem i ampliarem aquest document de les NOFC (Normes d&#8217;Organitzaci\u00f3 i Funcionament de Centre) cada curs segons les necessitats noves que van sorgint.<\/p>\n<p><a href=\"https:\/\/sites.google.com\/xtec.cat\/edc-escola-teixidores\/p%C3%A0gina-principal\" target=\"_blank\" rel=\"noopener\">ESTRAT\u00c8GIA DIGITAL DE CENTRE Curs 2022-2026.\u00a0<\/a><\/p>\n<p><span style=\"color: #993366;\"><strong>EN REVISI\u00d3<\/strong><\/span><\/p>\n<p>L&#8217;Estrat\u00e8gia Digital de Centre \u00e9s un document que est\u00e0 en construcci\u00f3 i en revisi\u00f3 constant en conson\u00e0ncia amb el Projecte Educatiu de Centre pel que fa als recursos digitals i noves tecnologies.<\/p>\n<p><span style=\"color: #000000;\"><strong>QUOTA DE MATERIAL I SORTIDES:<\/strong><\/span><\/p>\n<p>220 \u20ac\/anuals, que es cobren a les fam\u00edlies en dues quotes 110 \u20ac al setembre i 110 \u20ac al gener.<\/p>\n<p>&nbsp;<\/p>\n","protected":false},"excerpt":{"rendered":"<p><a href=\"https:\/\/agora.xtec.cat\/escolagracia\/wp-content\/uploads\/usu1083\/2022\/03\/LA-VEU-DE-LES-MESTRES-Teixidores.pdf\">LA VEU DE LES MESTRES,2022- Teixidores<\/a><br \/>\n<a href=\"https:\/\/agora.xtec.cat\/escolagracia\/wp-content\/uploads\/usu1083\/2022\/12\/PEC-2022-revisat-desembre-2022.pdf\">PEC, Projecte Educatiu de Centre, revisat desembre 2022<\/a><br \/>\nEl Projecte Educatiu de Centre \u00e9s un document viu que cada any est\u00e0 en revisi\u00f3 i s&#8217;amplia i se&#8217;n concreten nous aspectes pedag\u00f2gics.<br \/>\n<a href=\"https:\/\/agora.xtec.cat\/escolagracia\/wp-content\/uploads\/usu1083\/2022\/11\/PROJECTE-LINGUISTIC-22-23.pdf\">PROJECTE LING\u00dc\u00cdSTIC 2022-2023<\/a><br \/>\nEl Projecte Ling\u00fc\u00edstic de Centre est\u00e0&hellip;  <a href=\"https:\/\/agora.xtec.cat\/escolagracia\/documents\/\" title=\"Read DOCUMENTS DE CENTRE\">Llegeix m\u00e9s\u00bb<\/a><\/p>\n","protected":false},"author":1,"featured_media":0,"parent":0,"menu_order":0,"comment_status":"closed","ping_status":"closed","template":"page-templates\/side-menu.php","meta":{"_bbp_topic_count":0,"_bbp_reply_count":0,"_bbp_total_topic_count":0,"_bbp_total_reply_count":0,"_bbp_voice_count":0,"_bbp_anonymous_reply_count":0,"_bbp_topic_count_hidden":0,"_bbp_reply_count_hidden":0,"_bbp_forum_subforum_count":0,"footnotes":""},"class_list":["post-1132","page","type-page","status-publish","hentry"],"post_mailing_queue_ids":[],"_links":{"self":[{"href":"https:\/\/agora.xtec.cat\/escolagracia\/wp-json\/wp\/v2\/pages\/1132","targetHints":{"allow":["GET"]}}],"collection":[{"href":"https:\/\/agora.xtec.cat\/escolagracia\/wp-json\/wp\/v2\/pages"}],"about":[{"href":"https:\/\/agora.xtec.cat\/escolagracia\/wp-json\/wp\/v2\/types\/page"}],"author":[{"embeddable":true,"href":"https:\/\/agora.xtec.cat\/escolagracia\/wp-json\/wp\/v2\/users\/1"}],"replies":[{"embeddable":true,"href":"https:\/\/agora.xtec.cat\/escolagracia\/wp-json\/wp\/v2\/comments?post=1132"}],"version-history":[{"count":6,"href":"https:\/\/agora.xtec.cat\/escolagracia\/wp-json\/wp\/v2\/pages\/1132\/revisions"}],"predecessor-version":[{"id":2225,"href":"https:\/\/agora.xtec.cat\/escolagracia\/wp-json\/wp\/v2\/pages\/1132\/revisions\/2225"}],"wp:attachment":[{"href":"https:\/\/agora.xtec.cat\/escolagracia\/wp-json\/wp\/v2\/media?parent=1132"}],"curies":[{"name":"wp","href":"https:\/\/api.w.org\/{rel}","templated":true}]}}