{"id":73,"date":"2014-09-18T14:01:51","date_gmt":"2014-09-18T13:01:51","guid":{"rendered":"http:\/\/agora.xtec.cat\/escolagironella\/?page_id=73"},"modified":"2025-09-16T09:18:05","modified_gmt":"2025-09-16T07:18:05","slug":"menjador-escolar","status":"publish","type":"page","link":"https:\/\/agora.xtec.cat\/escolagironella\/serveis\/menjador-escolar\/","title":{"rendered":"Menjador escolar"},"content":{"rendered":"<p>L\u2019espai de migdia comen\u00e7a a les 12:30\u202fh i acaba a les 15:00\u202fh. L\u2019escola ofereix servei de menjador per tots els nens i nenes de l\u2019escola que les seves fam\u00edlies en vulguin fer \u00fas.<\/p>\n<p>Es tracta del moment en qu\u00e8 els infants dinen i tenen una estona d\u2019esbarjo. A la nostra escola, el servei de menjador el gestiona <a href=\"https:\/\/www.corerestauracio.com\/\"><b>Core restauraci\u00f3<\/b><\/a> i l\u2019espai de migdia i monitoratge, l\u2019empresa <a href=\"https:\/\/www.abacserveis.com\/\">\u00e0bac, serveis educatius i de lleure.<\/a><\/p>\n<p><a href=\"https:\/\/agora.xtec.cat\/escolagironella\/wp-content\/uploads\/usu562\/2023\/01\/Sin-titulo.jpg\"><img loading=\"lazy\" decoding=\"async\" class=\"alignnone wp-image-11471\" src=\"https:\/\/agora.xtec.cat\/escolagironella\/wp-content\/uploads\/usu562\/2023\/01\/Sin-titulo.jpg\" alt=\"\" width=\"82\" height=\"79\" \/><\/a><a href=\"https:\/\/agora.xtec.cat\/escolagironella\/wp-content\/uploads\/usu562\/2023\/01\/33.jpg\"><img loading=\"lazy\" decoding=\"async\" class=\"alignnone wp-image-11486\" src=\"https:\/\/agora.xtec.cat\/escolagironella\/wp-content\/uploads\/usu562\/2023\/01\/33-300x117.jpg\" alt=\"\" width=\"197\" height=\"77\" srcset=\"https:\/\/agora.xtec.cat\/escolagironella\/wp-content\/uploads\/usu562\/2023\/01\/33-300x117.jpg 300w, https:\/\/agora.xtec.cat\/escolagironella\/wp-content\/uploads\/usu562\/2023\/01\/33.jpg 327w\" sizes=\"auto, (max-width: 197px) 100vw, 197px\" \/><\/a><\/p>\n<p>Els men\u00fas estan elaborats per una nutricionista i segueixen les recomanacions del Departament de Salut de la Generalitat. Core restauraci\u00f3 utilitza productes de proximitat i ecol\u00f2gics per a l\u2019elaboraci\u00f3 de plats t\u00edpics de la cuina catalana.<\/p>\n<div><\/div>\n<p>L\u2019escola disposa de <em><strong>cuina pr\u00f2pia<\/strong><\/em> a on di\u00e0riament es prepara el men\u00fa per tots els usuaris del servei.<\/p>\n<p>Els men\u00fas proposats de cada mes els enviarem a totes les fam\u00edlies per correu electr\u00f2nic. Per qualsevol mena de men\u00fa especial (al\u00b7l\u00e8rgia, intoler\u00e0ncia\u2026) necessitarem un certificat m\u00e8dic.<\/p>\n<div><\/div>\n<div>\n<p>Pel que fa a les activitats que es duen a terme a l\u2019espai migdia, ens ofereix un ventall d\u2019activitats adaptades als nostres infants que van canviant peri\u00f2dicament i s\u2019adapten als gustos dels nens\/nes.<\/p>\n<p>Per poder fer \u00fas del servei de menjador, cal fer la inscripci\u00f3 a la web de <a href=\"https:\/\/usuaris.corerestauracio.com\/login\">Core Restauraci\u00f3<\/a>, creant un compte d&#8217;usuari. Des d&#8217;aquesta p\u00e0gina podreu gestionar els dies que es quedaran en els nens i nenes a dinar i tamb\u00e9 consultar el men\u00fa.<\/p>\n<p>Tamb\u00e9 ho podeu fer a trav\u00e9s de tel\u00e8fon 673 90 39 80 o de manera presencial de dilluns a divendres de 9 a 9:30 a consergeria.<\/p>\n<p>Els preus: 7,54 euros els infants que es queden fixes i 8,29 euros els infants que es queden espor\u00e0dicament.<\/p>\n<\/div>\n<p>Per qualsevol dubte podeu contactar a trav\u00e9s del correu:\u00a0<strong>migdia.gironella@gmail.com<\/strong><\/p>\n<div class=\"ast-oembed-container \" style=\"height: 100%;\"><iframe loading=\"lazy\" title=\"ESPAI MIGDIA\" width=\"500\" height=\"281\" src=\"https:\/\/www.youtube.com\/embed\/7n0v7Bg0l_E?feature=oembed\" frameborder=\"0\" allow=\"accelerometer; autoplay; clipboard-write; encrypted-media; gyroscope; picture-in-picture; web-share\" referrerpolicy=\"strict-origin-when-cross-origin\" allowfullscreen><\/iframe><\/div>\n<div><\/div>\n<p>&nbsp;<\/p>\n","protected":false},"excerpt":{"rendered":"<p>L\u2019espai de migdia comen\u00e7a a les 12:30\u202fh i acaba a les 15:00\u202fh. L\u2019escola ofereix servei de menjador per tots els nens i nenes de l\u2019escola que les seves fam\u00edlies en vulguin fer \u00fas. Es tracta del moment en qu\u00e8 els infants dinen i tenen una estona d\u2019esbarjo. A la nostra escola, el servei de menjador [&hellip;]<\/p>\n","protected":false},"author":1,"featured_media":0,"parent":66,"menu_order":30,"comment_status":"closed","ping_status":"closed","template":"","meta":{"_bbp_topic_count":0,"_bbp_reply_count":0,"_bbp_total_topic_count":0,"_bbp_total_reply_count":0,"_bbp_voice_count":0,"_bbp_anonymous_reply_count":0,"_bbp_topic_count_hidden":0,"_bbp_reply_count_hidden":0,"_bbp_forum_subforum_count":0,"site-sidebar-layout":"default","site-content-layout":"","ast-site-content-layout":"default","site-content-style":"default","site-sidebar-style":"default","ast-global-header-display":"","ast-banner-title-visibility":"","ast-main-header-display":"","ast-hfb-above-header-display":"","ast-hfb-below-header-display":"","ast-hfb-mobile-header-display":"","site-post-title":"","ast-breadcrumbs-content":"","ast-featured-img":"","footer-sml-layout":"","theme-transparent-header-meta":"default","adv-header-id-meta":"","stick-header-meta":"","header-above-stick-meta":"","header-main-stick-meta":"","header-below-stick-meta":"","astra-migrate-meta-layouts":"set","ast-page-background-enabled":"default","ast-page-background-meta":{"desktop":{"background-color":"var(--ast-global-color-4)","background-image":"","background-repeat":"repeat","background-position":"center center","background-size":"auto","background-attachment":"scroll","background-type":"","background-media":"","overlay-type":"","overlay-color":"","overlay-opacity":"","overlay-gradient":""},"tablet":{"background-color":"","background-image":"","background-repeat":"repeat","background-position":"center center","background-size":"auto","background-attachment":"scroll","background-type":"","background-media":"","overlay-type":"","overlay-color":"","overlay-opacity":"","overlay-gradient":""},"mobile":{"background-color":"","background-image":"","background-repeat":"repeat","background-position":"center center","background-size":"auto","background-attachment":"scroll","background-type":"","background-media":"","overlay-type":"","overlay-color":"","overlay-opacity":"","overlay-gradient":""}},"ast-content-background-meta":{"desktop":{"background-color":"var(--ast-global-color-5)","background-image":"","background-repeat":"repeat","background-position":"center center","background-size":"auto","background-attachment":"scroll","background-type":"","background-media":"","overlay-type":"","overlay-color":"","overlay-opacity":"","overlay-gradient":""},"tablet":{"background-color":"var(--ast-global-color-5)","background-image":"","background-repeat":"repeat","background-position":"center center","background-size":"auto","background-attachment":"scroll","background-type":"","background-media":"","overlay-type":"","overlay-color":"","overlay-opacity":"","overlay-gradient":""},"mobile":{"background-color":"var(--ast-global-color-5)","background-image":"","background-repeat":"repeat","background-position":"center center","background-size":"auto","background-attachment":"scroll","background-type":"","background-media":"","overlay-type":"","overlay-color":"","overlay-opacity":"","overlay-gradient":""}},"footnotes":""},"class_list":["post-73","page","type-page","status-publish","hentry"],"post_mailing_queue_ids":[],"_links":{"self":[{"href":"https:\/\/agora.xtec.cat\/escolagironella\/wp-json\/wp\/v2\/pages\/73","targetHints":{"allow":["GET"]}}],"collection":[{"href":"https:\/\/agora.xtec.cat\/escolagironella\/wp-json\/wp\/v2\/pages"}],"about":[{"href":"https:\/\/agora.xtec.cat\/escolagironella\/wp-json\/wp\/v2\/types\/page"}],"author":[{"embeddable":true,"href":"https:\/\/agora.xtec.cat\/escolagironella\/wp-json\/wp\/v2\/users\/1"}],"replies":[{"embeddable":true,"href":"https:\/\/agora.xtec.cat\/escolagironella\/wp-json\/wp\/v2\/comments?post=73"}],"version-history":[{"count":6,"href":"https:\/\/agora.xtec.cat\/escolagironella\/wp-json\/wp\/v2\/pages\/73\/revisions"}],"predecessor-version":[{"id":12130,"href":"https:\/\/agora.xtec.cat\/escolagironella\/wp-json\/wp\/v2\/pages\/73\/revisions\/12130"}],"up":[{"embeddable":true,"href":"https:\/\/agora.xtec.cat\/escolagironella\/wp-json\/wp\/v2\/pages\/66"}],"wp:attachment":[{"href":"https:\/\/agora.xtec.cat\/escolagironella\/wp-json\/wp\/v2\/media?parent=73"}],"curies":[{"name":"wp","href":"https:\/\/api.w.org\/{rel}","templated":true}]}}