{"id":38,"date":"2014-09-18T12:34:08","date_gmt":"2014-09-18T11:34:08","guid":{"rendered":"http:\/\/agora.xtec.cat\/escolagironella\/?page_id=38"},"modified":"2026-04-10T15:34:28","modified_gmt":"2026-04-10T13:34:28","slug":"salut","status":"publish","type":"page","link":"https:\/\/agora.xtec.cat\/escolagironella\/lescola\/salut\/","title":{"rendered":"Salut"},"content":{"rendered":"<p>El car\u00e0cter d&#8217;aquesta p\u00e0gina \u00e9s\u00a0b\u00e0sicament informatiu. En aquesta secci\u00f3 fem\u00a0una refer\u00e8ncia directa a q\u00fcestions de salut que afectin directament als alumnes del centre.<\/p>\n<p><strong>Administraci\u00f3 de medicaments als alumnes<\/strong><br \/>\nSeguint les recomanacions del Departament de Salut i la Societat Catalana de Pediatria, s&#8217;ha incl\u00f2s el paracetamol a la farmaciola dels centres educatius de Catalunya. Per administrar-lo cal tenir l&#8217;autoritzaci\u00f3 signada dels pares, mares o tutors legals (que el centre educatiu demana en el moment de la inscripci\u00f3 de l&#8217;alumne al centre) i seguir les recomanacions d&#8217;\u00fas elaborades per la Societat Catalana de Pediatria i pels departaments d&#8217;Ensenyament i de Salut de la Generalitat de Catalunya.<br \/>\nPer poder <span style=\"color: #99ccff;\"><strong>administrar medicaments<\/strong><\/span> als alumnes, sempre que sigui imprescindible fer-ho en horari lectiu, cal que els pares, mares o tutors legals aportin un <span style=\"color: #99ccff;\">informe m\u00e8dic<\/span> on consti el nom de l&#8217;alumne, el <span style=\"color: #99ccff;\">nom del medicament<\/span> que ha de prendre i la<span style=\"color: #99ccff;\"> pauta d&#8217;administraci\u00f3<\/span>. Aix\u00ed mateix, els pares, mares o tutors legals han d&#8217;aportar un escrit on es demani, al director o directora del centre educatiu, l&#8217;administraci\u00f3 al fill o filla del medicament prescrit d&#8217;acord amb les pautes que constin en l&#8217;informe esmentat, i se n&#8217;autoritzi l&#8217;administraci\u00f3 als docents del centre. Aquesta autoritzaci\u00f3 la podeu trobar en aquest <a href=\"https:\/\/docs.google.com\/file\/d\/0B2Izrg4iKUp2cGhwNlRKdXB6MkE\/edit?usp=sharing\">enlla\u00e7<\/a>.<br \/>\nEn aquest sentit cal assenyalar que els docents nom\u00e9s podran fer accions que no requereixin cap titulaci\u00f3 sanit\u00e0ria i que les poden fer els pares, mares, familiars o cuidadors en general, sempre que hagin tingut un ensinistrament previ. Aqu\u00ed s&#8217;inclouen l&#8217;administraci\u00f3 de medicaments: insulina, glucag\u00f3, adrenalina i altres f\u00e0rmacs d&#8217;\u00fas habitual en pediatria. Tamb\u00e9 fer cures senzilles (erosions, petites ferides), aix\u00ed com la primera atenci\u00f3 a qualsevol incident inesperat.<\/p>\n<p><strong> Vacunacions<\/strong><br \/>\nL&#8217;administraci\u00f3 de les vacunes que es fa en els centres educatius est\u00e0 regulada pel Decret 155\/1993, d&#8217;1 de juny, d&#8217;actualitzaci\u00f3 del Programa de salut escolar. A l&#8217;article 5 s&#8217;especifica que l&#8217;execuci\u00f3 del Programa de salut escolar als centres educatius (entre altres l&#8217;administraci\u00f3 de les vacunes en els centres educatius) correspon als ajuntaments. A l&#8217;article 10 s&#8217;especifica quines s\u00f3n les vacunes que en cada cas s&#8217;han d&#8217;administrar.<br \/>\nEn el <a href=\"http:\/\/salutpublica.gencat.cat\/ca\/ambits\/promocio_salut\/vacunacions\/Calendari-de-vacunacions-sistematiques\/\" target=\"_blank\" rel=\"noopener noreferrer\">Calendari de vacunacions del Departament de Salut,<\/a> hi ha actualitzades les vacunes que s&#8217;administren a cada edat.<\/p>\n<p><span style=\"color: #333333;\"><strong>Malalties transmissibles <\/strong><\/span><br \/>\nPer tal d&#8217;informar les fam\u00edlies sobre l&#8217;assist\u00e8ncia o no dels infants al centre educatiu quan pateixen una malaltia transmissible, el Departament de Salut, a trav\u00e9s de la Subdirecci\u00f3 de Vigil\u00e0ncia i Resposta a Emerg\u00e8ncies de Salut P\u00fablica, ha publicat unes recomanacions amb uns &#8220;<a href=\"https:\/\/scientiasalut.gencat.cat\/bitstream\/handle\/11351\/3061\/Criteris_no_assistencia_alumnat_a_escola_o_llar_infants_durant_periode_temps_determinat_causa_malalties_transmissibles.pdf?sequence=1&amp;isAllowed=y\" target=\"_blank\" rel=\"noopener noreferrer\">Criteris de no-assist\u00e8ncia de l&#8217;alumnat a l&#8217;escola o a la llar d&#8217;infants durant un per\u00edode de temps determinat a causa de malalties transmissibles<\/a>&#8220;.<\/p>\n<h2 class=\"noborder\" style=\"text-align: right;\"><span style=\"font-size: 14pt; color: #008080;\"><a style=\"color: #008080;\" title=\"Vacunaci\u00f3 en centres educatius\" href=\"http:\/\/salutpublica.gencat.cat\/ca\/ambits\/promocio_salut\/vacunacions\/Vacunacio-en-centres-educatius\/\"><span style=\"font-size: 12pt;\">Vacunaci\u00f3 en centres educatius<\/span><\/a><\/span><\/h2>\n<p style=\"text-align: right;\"><span style=\"font-size: 12pt; color: #008080;\"><strong><a class=\"tit\" style=\"color: #008080;\" href=\"http:\/\/salutpublica.gencat.cat\/web\/.content\/minisite\/aspcat\/promocio_salut\/alimentacio_saludable\/02Publicacions\/pub_alim_inf\/mantenir_pes_saluable_des_de_petits\/gaudir_pes-saludable_des-de-petits.pdf\" target=\"_blank\" rel=\"noopener noreferrer\">Gaudir d&#8217;un pes saludable des de petits. 10 consells per a fam\u00edlies<\/a><\/strong><\/span><\/p>\n<h3 style=\"text-align: right;\"><span style=\"color: #008080;\"><a style=\"color: #008080;\" href=\"https:\/\/canalsalut.gencat.cat\/ca\/vida-saludable\/etapes-de-la-vida\/infants_adolescencia\/\" target=\"_blank\" rel=\"noopener noreferrer\"><span style=\"font-size: 12pt;\">Canal Salut. Inf\u00e0ncia i adolesc\u00e8ncia<\/span><\/a><\/span><\/h3>\n<h2><\/h2>\n<div class=\"basic_color xar-socials groc2 text_negre\">\n<h3><\/h3>\n<\/div>\n<div class=\"basic_color xar-socials blau4\"><\/div>\n<p>&nbsp;<\/p>\n<p>&nbsp;<\/p>\n<p>&nbsp;<\/p>\n","protected":false},"excerpt":{"rendered":"<p>El car\u00e0cter d&#8217;aquesta p\u00e0gina \u00e9s\u00a0b\u00e0sicament informatiu. En aquesta secci\u00f3 fem\u00a0una refer\u00e8ncia directa a q\u00fcestions de salut que afectin directament als alumnes del centre. Administraci\u00f3 de medicaments als alumnes Seguint les recomanacions del Departament de Salut i la Societat Catalana de Pediatria, s&#8217;ha incl\u00f2s el paracetamol a la farmaciola dels centres educatius de Catalunya. Per administrar-lo [&hellip;]<\/p>\n","protected":false},"author":1,"featured_media":0,"parent":22,"menu_order":80,"comment_status":"closed","ping_status":"closed","template":"","meta":{"_bbp_topic_count":0,"_bbp_reply_count":0,"_bbp_total_topic_count":0,"_bbp_total_reply_count":0,"_bbp_voice_count":0,"_bbp_anonymous_reply_count":0,"_bbp_topic_count_hidden":0,"_bbp_reply_count_hidden":0,"_bbp_forum_subforum_count":0,"site-sidebar-layout":"default","site-content-layout":"","ast-site-content-layout":"default","site-content-style":"default","site-sidebar-style":"default","ast-global-header-display":"","ast-banner-title-visibility":"","ast-main-header-display":"","ast-hfb-above-header-display":"","ast-hfb-below-header-display":"","ast-hfb-mobile-header-display":"","site-post-title":"","ast-breadcrumbs-content":"","ast-featured-img":"","footer-sml-layout":"","theme-transparent-header-meta":"default","adv-header-id-meta":"","stick-header-meta":"","header-above-stick-meta":"","header-main-stick-meta":"","header-below-stick-meta":"","astra-migrate-meta-layouts":"set","ast-page-background-enabled":"default","ast-page-background-meta":{"desktop":{"background-color":"var(--ast-global-color-4)","background-image":"","background-repeat":"repeat","background-position":"center center","background-size":"auto","background-attachment":"scroll","background-type":"","background-media":"","overlay-type":"","overlay-color":"","overlay-opacity":"","overlay-gradient":""},"tablet":{"background-color":"","background-image":"","background-repeat":"repeat","background-position":"center center","background-size":"auto","background-attachment":"scroll","background-type":"","background-media":"","overlay-type":"","overlay-color":"","overlay-opacity":"","overlay-gradient":""},"mobile":{"background-color":"","background-image":"","background-repeat":"repeat","background-position":"center center","background-size":"auto","background-attachment":"scroll","background-type":"","background-media":"","overlay-type":"","overlay-color":"","overlay-opacity":"","overlay-gradient":""}},"ast-content-background-meta":{"desktop":{"background-color":"var(--ast-global-color-5)","background-image":"","background-repeat":"repeat","background-position":"center center","background-size":"auto","background-attachment":"scroll","background-type":"","background-media":"","overlay-type":"","overlay-color":"","overlay-opacity":"","overlay-gradient":""},"tablet":{"background-color":"var(--ast-global-color-5)","background-image":"","background-repeat":"repeat","background-position":"center center","background-size":"auto","background-attachment":"scroll","background-type":"","background-media":"","overlay-type":"","overlay-color":"","overlay-opacity":"","overlay-gradient":""},"mobile":{"background-color":"var(--ast-global-color-5)","background-image":"","background-repeat":"repeat","background-position":"center center","background-size":"auto","background-attachment":"scroll","background-type":"","background-media":"","overlay-type":"","overlay-color":"","overlay-opacity":"","overlay-gradient":""}},"footnotes":""},"class_list":["post-38","page","type-page","status-publish","hentry"],"post_mailing_queue_ids":[],"_links":{"self":[{"href":"https:\/\/agora.xtec.cat\/escolagironella\/wp-json\/wp\/v2\/pages\/38","targetHints":{"allow":["GET"]}}],"collection":[{"href":"https:\/\/agora.xtec.cat\/escolagironella\/wp-json\/wp\/v2\/pages"}],"about":[{"href":"https:\/\/agora.xtec.cat\/escolagironella\/wp-json\/wp\/v2\/types\/page"}],"author":[{"embeddable":true,"href":"https:\/\/agora.xtec.cat\/escolagironella\/wp-json\/wp\/v2\/users\/1"}],"replies":[{"embeddable":true,"href":"https:\/\/agora.xtec.cat\/escolagironella\/wp-json\/wp\/v2\/comments?post=38"}],"version-history":[{"count":5,"href":"https:\/\/agora.xtec.cat\/escolagironella\/wp-json\/wp\/v2\/pages\/38\/revisions"}],"predecessor-version":[{"id":12210,"href":"https:\/\/agora.xtec.cat\/escolagironella\/wp-json\/wp\/v2\/pages\/38\/revisions\/12210"}],"up":[{"embeddable":true,"href":"https:\/\/agora.xtec.cat\/escolagironella\/wp-json\/wp\/v2\/pages\/22"}],"wp:attachment":[{"href":"https:\/\/agora.xtec.cat\/escolagironella\/wp-json\/wp\/v2\/media?parent=38"}],"curies":[{"name":"wp","href":"https:\/\/api.w.org\/{rel}","templated":true}]}}