{"id":11507,"date":"2023-01-25T12:06:36","date_gmt":"2023-01-25T11:06:36","guid":{"rendered":"https:\/\/agora.xtec.cat\/escolagironella\/?page_id=11507"},"modified":"2023-01-25T13:23:39","modified_gmt":"2023-01-25T12:23:39","slug":"la-clika-p2","status":"publish","type":"page","link":"https:\/\/agora.xtec.cat\/escolagironella\/la-clika-p2\/","title":{"rendered":"P2 &#8211; La clika"},"content":{"rendered":"<div class=\"uk-panel uk-margin uk-text-justify\">\n<p>La cantata de la Clika \u00e9s un projecte impulsat per Les Cases de la M\u00fasica que pret\u00e9n generar afici\u00f3 per la m\u00fasica, apropar les arts esc\u00e8niques a les escoles i treballar valors universals com la solidaritat, la comunitat o la diversitat.<\/p>\n<p>Consisteix en l&#8217;aprenentatge escolar d&#8217;una cantata que s&#8217;interpreta pels alumnes a final de curs en m\u00faltiples teatres del territori. Mestres i infants treballen conjuntament les can\u00e7ons de la cantata per tal d&#8217;interioritzar l&#8217;univers musical i de valors creat per La Clika, un grup d&#8217;alumnes de 2n de l&#8217;Escola El Rusc.<\/p>\n<p>La cantata es composa de 11 can\u00e7ons composades i creades per components dels grups Xiula, Gertrudis i XerrameQ que parlen de valors universals com l&#8217;autoestima, l&#8217;amistat, l&#8217;ecologisme, la igualtat de g\u00e8nere o la cooperaci\u00f3.<\/p>\n<p>Actualment hi participen 82 escoles de 13 poblacions diferents de tota Catalunya. Des de La Clika proporcionem materials pedag\u00f2gics orientats a mestres i alumnes per tal de facilitar l&#8217;aprenentatge de les can\u00e7ons i les coreografies. \u00c9s un projecte orientat al cicle inicial de prim\u00e0ria i qualsevol escola hi pot participar.<\/p>\n<\/div>\n<h1 class=\"uk-heading-small\">Cantata LA CLIKA<\/h1>\n<div class=\"ast-oembed-container \" style=\"height: 100%;\"><iframe loading=\"lazy\" title=\"La CLIKA del rusc - DIMARTS 30 (TARDA) [Hospitalet]\" width=\"500\" height=\"281\" src=\"https:\/\/www.youtube.com\/embed\/B1KQOXwxpvU?feature=oembed\" frameborder=\"0\" allow=\"accelerometer; autoplay; clipboard-write; encrypted-media; gyroscope; picture-in-picture; web-share\" referrerpolicy=\"strict-origin-when-cross-origin\" allowfullscreen><\/iframe><\/div>\n","protected":false},"excerpt":{"rendered":"<p>La cantata de la Clika \u00e9s un projecte impulsat per Les Cases de la M\u00fasica que pret\u00e9n generar afici\u00f3 per la m\u00fasica, apropar les arts esc\u00e8niques a les escoles i treballar valors universals com la solidaritat, la comunitat o la diversitat. Consisteix en l&#8217;aprenentatge escolar d&#8217;una cantata que s&#8217;interpreta pels alumnes a final de curs [&hellip;]<\/p>\n","protected":false},"author":1,"featured_media":0,"parent":0,"menu_order":0,"comment_status":"closed","ping_status":"closed","template":"","meta":{"_bbp_topic_count":0,"_bbp_reply_count":0,"_bbp_total_topic_count":0,"_bbp_total_reply_count":0,"_bbp_voice_count":0,"_bbp_anonymous_reply_count":0,"_bbp_topic_count_hidden":0,"_bbp_reply_count_hidden":0,"_bbp_forum_subforum_count":0,"site-sidebar-layout":"default","site-content-layout":"","ast-site-content-layout":"","site-content-style":"default","site-sidebar-style":"default","ast-global-header-display":"","ast-banner-title-visibility":"","ast-main-header-display":"","ast-hfb-above-header-display":"","ast-hfb-below-header-display":"","ast-hfb-mobile-header-display":"","site-post-title":"","ast-breadcrumbs-content":"","ast-featured-img":"","footer-sml-layout":"","theme-transparent-header-meta":"","adv-header-id-meta":"","stick-header-meta":"","header-above-stick-meta":"","header-main-stick-meta":"","header-below-stick-meta":"","astra-migrate-meta-layouts":"default","ast-page-background-enabled":"default","ast-page-background-meta":{"desktop":{"background-color":"var(--ast-global-color-4)","background-image":"","background-repeat":"repeat","background-position":"center center","background-size":"auto","background-attachment":"scroll","background-type":"","background-media":"","overlay-type":"","overlay-color":"","overlay-opacity":"","overlay-gradient":""},"tablet":{"background-color":"","background-image":"","background-repeat":"repeat","background-position":"center center","background-size":"auto","background-attachment":"scroll","background-type":"","background-media":"","overlay-type":"","overlay-color":"","overlay-opacity":"","overlay-gradient":""},"mobile":{"background-color":"","background-image":"","background-repeat":"repeat","background-position":"center center","background-size":"auto","background-attachment":"scroll","background-type":"","background-media":"","overlay-type":"","overlay-color":"","overlay-opacity":"","overlay-gradient":""}},"ast-content-background-meta":{"desktop":{"background-color":"var(--ast-global-color-5)","background-image":"","background-repeat":"repeat","background-position":"center center","background-size":"auto","background-attachment":"scroll","background-type":"","background-media":"","overlay-type":"","overlay-color":"","overlay-opacity":"","overlay-gradient":""},"tablet":{"background-color":"var(--ast-global-color-5)","background-image":"","background-repeat":"repeat","background-position":"center center","background-size":"auto","background-attachment":"scroll","background-type":"","background-media":"","overlay-type":"","overlay-color":"","overlay-opacity":"","overlay-gradient":""},"mobile":{"background-color":"var(--ast-global-color-5)","background-image":"","background-repeat":"repeat","background-position":"center center","background-size":"auto","background-attachment":"scroll","background-type":"","background-media":"","overlay-type":"","overlay-color":"","overlay-opacity":"","overlay-gradient":""}},"footnotes":""},"class_list":["post-11507","page","type-page","status-publish","hentry"],"post_mailing_queue_ids":[],"_links":{"self":[{"href":"https:\/\/agora.xtec.cat\/escolagironella\/wp-json\/wp\/v2\/pages\/11507","targetHints":{"allow":["GET"]}}],"collection":[{"href":"https:\/\/agora.xtec.cat\/escolagironella\/wp-json\/wp\/v2\/pages"}],"about":[{"href":"https:\/\/agora.xtec.cat\/escolagironella\/wp-json\/wp\/v2\/types\/page"}],"author":[{"embeddable":true,"href":"https:\/\/agora.xtec.cat\/escolagironella\/wp-json\/wp\/v2\/users\/1"}],"replies":[{"embeddable":true,"href":"https:\/\/agora.xtec.cat\/escolagironella\/wp-json\/wp\/v2\/comments?post=11507"}],"version-history":[{"count":3,"href":"https:\/\/agora.xtec.cat\/escolagironella\/wp-json\/wp\/v2\/pages\/11507\/revisions"}],"predecessor-version":[{"id":11514,"href":"https:\/\/agora.xtec.cat\/escolagironella\/wp-json\/wp\/v2\/pages\/11507\/revisions\/11514"}],"wp:attachment":[{"href":"https:\/\/agora.xtec.cat\/escolagironella\/wp-json\/wp\/v2\/media?parent=11507"}],"curies":[{"name":"wp","href":"https:\/\/api.w.org\/{rel}","templated":true}]}}