{"id":11387,"date":"2022-11-19T15:53:40","date_gmt":"2022-11-19T14:53:40","guid":{"rendered":"https:\/\/agora.xtec.cat\/escolagironella\/?page_id=11387"},"modified":"2023-01-25T22:05:25","modified_gmt":"2023-01-25T21:05:25","slug":"esport-blanc-escolar","status":"publish","type":"page","link":"https:\/\/agora.xtec.cat\/escolagironella\/esport-blanc-escolar\/","title":{"rendered":"P3 i P4- Esport blanc escolar"},"content":{"rendered":"<p>Els alumnes de <strong>P<\/strong><b>3 i P4 <\/b>realitzen el\u00a0<strong>PROGRAMA ESPORT BLANC ESCOLAR<\/strong>\u00a0durant el\u00a0<strong>segon trimestre<\/strong>.<\/p>\n<p>El Departament d\u2019Ensenyament i la Secretaria General de l\u2019Esport de la Generalitat, conjuntament amb la Federaci\u00f3 Catalana d\u2019Esports d\u2019Hivern impulsa aquest programa\u00a0per iniciar en aquests esports la poblaci\u00f3 infantil.<\/p>\n<p>El programa \u201cEsport Blanc Escolar\u201d proposa una activitat de formaci\u00f3 poliesportiva en esports d\u2019hivern,\u00a0<strong>en el marc curricular de l\u2019assignatura d\u2019Educaci\u00f3 F\u00edsica<\/strong>, per\u00f2 amb un tractament interdisciplinari que permeti treballar el coneixement i respecte de les muntanyes del Pirineu, i del medi natural en general, de la interacci\u00f3 amb els diferents tipus de neu i de persones i professions del territori que s\u2019hi relacionen, i viure en primera persona tots els valors que comporten.<\/p>\n<p>El programa estableix la realitzaci\u00f3 d\u2019un total de 6 sessions anuals, distribu\u00efdes en 2 sessions d\u2019esqu\u00ed alp\u00ed, 2 sessions d\u2019esqu\u00ed de fons i 2 sessions de surf de neu (\u201csnowboard\u201d). Cada sessi\u00f3 es portar\u00e0 a terme durant un mat\u00ed a la setmana, per part de l\u2019alumnat dels cursos de P3 i P4\u00a0 (8-10 anys), de forma progressiva, de manera que tots els alumnes realitzin aquesta activitat al llarg de dos cursos escolars.<\/p>\n","protected":false},"excerpt":{"rendered":"<p>Els alumnes de P3 i P4 realitzen el\u00a0PROGRAMA ESPORT BLANC ESCOLAR\u00a0durant el\u00a0segon trimestre. El Departament d\u2019Ensenyament i la Secretaria General de l\u2019Esport de la Generalitat, conjuntament amb la Federaci\u00f3 Catalana d\u2019Esports d\u2019Hivern impulsa aquest programa\u00a0per iniciar en aquests esports la poblaci\u00f3 infantil. El programa \u201cEsport Blanc Escolar\u201d proposa una activitat de formaci\u00f3 poliesportiva en esports [&hellip;]<\/p>\n","protected":false},"author":1,"featured_media":0,"parent":0,"menu_order":0,"comment_status":"closed","ping_status":"closed","template":"page-templates\/side-menu.php","meta":{"_bbp_topic_count":0,"_bbp_reply_count":0,"_bbp_total_topic_count":0,"_bbp_total_reply_count":0,"_bbp_voice_count":0,"_bbp_anonymous_reply_count":0,"_bbp_topic_count_hidden":0,"_bbp_reply_count_hidden":0,"_bbp_forum_subforum_count":0,"site-sidebar-layout":"default","site-content-layout":"","ast-site-content-layout":"","site-content-style":"default","site-sidebar-style":"default","ast-global-header-display":"","ast-banner-title-visibility":"","ast-main-header-display":"","ast-hfb-above-header-display":"","ast-hfb-below-header-display":"","ast-hfb-mobile-header-display":"","site-post-title":"","ast-breadcrumbs-content":"","ast-featured-img":"","footer-sml-layout":"","theme-transparent-header-meta":"","adv-header-id-meta":"","stick-header-meta":"","header-above-stick-meta":"","header-main-stick-meta":"","header-below-stick-meta":"","astra-migrate-meta-layouts":"default","ast-page-background-enabled":"default","ast-page-background-meta":{"desktop":{"background-color":"var(--ast-global-color-4)","background-image":"","background-repeat":"repeat","background-position":"center center","background-size":"auto","background-attachment":"scroll","background-type":"","background-media":"","overlay-type":"","overlay-color":"","overlay-opacity":"","overlay-gradient":""},"tablet":{"background-color":"","background-image":"","background-repeat":"repeat","background-position":"center center","background-size":"auto","background-attachment":"scroll","background-type":"","background-media":"","overlay-type":"","overlay-color":"","overlay-opacity":"","overlay-gradient":""},"mobile":{"background-color":"","background-image":"","background-repeat":"repeat","background-position":"center center","background-size":"auto","background-attachment":"scroll","background-type":"","background-media":"","overlay-type":"","overlay-color":"","overlay-opacity":"","overlay-gradient":""}},"ast-content-background-meta":{"desktop":{"background-color":"var(--ast-global-color-5)","background-image":"","background-repeat":"repeat","background-position":"center center","background-size":"auto","background-attachment":"scroll","background-type":"","background-media":"","overlay-type":"","overlay-color":"","overlay-opacity":"","overlay-gradient":""},"tablet":{"background-color":"var(--ast-global-color-5)","background-image":"","background-repeat":"repeat","background-position":"center center","background-size":"auto","background-attachment":"scroll","background-type":"","background-media":"","overlay-type":"","overlay-color":"","overlay-opacity":"","overlay-gradient":""},"mobile":{"background-color":"var(--ast-global-color-5)","background-image":"","background-repeat":"repeat","background-position":"center center","background-size":"auto","background-attachment":"scroll","background-type":"","background-media":"","overlay-type":"","overlay-color":"","overlay-opacity":"","overlay-gradient":""}},"footnotes":""},"class_list":["post-11387","page","type-page","status-publish","hentry"],"post_mailing_queue_ids":[],"_links":{"self":[{"href":"https:\/\/agora.xtec.cat\/escolagironella\/wp-json\/wp\/v2\/pages\/11387","targetHints":{"allow":["GET"]}}],"collection":[{"href":"https:\/\/agora.xtec.cat\/escolagironella\/wp-json\/wp\/v2\/pages"}],"about":[{"href":"https:\/\/agora.xtec.cat\/escolagironella\/wp-json\/wp\/v2\/types\/page"}],"author":[{"embeddable":true,"href":"https:\/\/agora.xtec.cat\/escolagironella\/wp-json\/wp\/v2\/users\/1"}],"replies":[{"embeddable":true,"href":"https:\/\/agora.xtec.cat\/escolagironella\/wp-json\/wp\/v2\/comments?post=11387"}],"version-history":[{"count":3,"href":"https:\/\/agora.xtec.cat\/escolagironella\/wp-json\/wp\/v2\/pages\/11387\/revisions"}],"predecessor-version":[{"id":11551,"href":"https:\/\/agora.xtec.cat\/escolagironella\/wp-json\/wp\/v2\/pages\/11387\/revisions\/11551"}],"wp:attachment":[{"href":"https:\/\/agora.xtec.cat\/escolagironella\/wp-json\/wp\/v2\/media?parent=11387"}],"curies":[{"name":"wp","href":"https:\/\/api.w.org\/{rel}","templated":true}]}}