{"id":10391,"date":"2020-02-07T13:48:54","date_gmt":"2020-02-07T12:48:54","guid":{"rendered":"http:\/\/agora.xtec.cat\/escolagironella\/?page_id=10391"},"modified":"2023-01-25T13:30:40","modified_gmt":"2023-01-25T12:30:40","slug":"projecte-entorn","status":"publish","type":"page","link":"https:\/\/agora.xtec.cat\/escolagironella\/projecte-entorn\/","title":{"rendered":"P5 &#8211; Projecte Entorn"},"content":{"rendered":"<p><span style=\"font-size: 16px; font-family: arial, helvetica, sans-serif;\"><strong>PROJECTES D&#8217;ENTORN<\/strong><\/span><span style=\"font-size: 16px; font-family: arial, helvetica, sans-serif;\">\u00a0<\/span><\/p>\n<p><span style=\"font-size: 12pt;\">El projecte\u00a0<strong>\u201cConeix l\u2019entorn del meu poble\u201d<\/strong>\u00a0\u00e9s un projecte dissenyat pel Camp d\u2019Aprenentatge de l\u2019Alt Bergued\u00e0 i t\u00e9 per objectiu que els alumnes dissenyin un itinerari al voltant del\u00a0nostre poble i el donin a con\u00e8ixer, a les altres escoles, i a\u00a0qui hi pugui estar interessat d\u2019arreu, ja que els resultats es publicaran a diferents plataformes de la xarxa i al bloc del projecte.<\/span><\/p>\n<div class=\"ast-oembed-container \" style=\"height: 100%;\"><iframe loading=\"lazy\" title=\"PRESENTACI\u00d3 DELS ALUMNES DE L&#039;ESCOLA DE GIRONELLA\" width=\"500\" height=\"281\" src=\"https:\/\/www.youtube.com\/embed\/GE45YAhNutE?feature=oembed\" frameborder=\"0\" allow=\"accelerometer; autoplay; clipboard-write; encrypted-media; gyroscope; picture-in-picture; web-share\" referrerpolicy=\"strict-origin-when-cross-origin\" allowfullscreen><\/iframe><\/div>\n<p style=\"text-align: left;\"><span style=\"font-family: arial, helvetica, sans-serif; font-size: 12pt;\">Es treballen aspectes\u00a0del passat, el present i el futur de l\u2019entorn natural, social o cultural del nostre poble. Utilitzem les TIC\/TAC per la recerca d\u2019informaci\u00f3, per tractar-la, per exposar-la i difondre-la. Adquirim destreses en la utilitzaci\u00f3 i interpretaci\u00f3 d\u2019un mapa topogr\u00e0fic, el GPS i programes i apliacions topogr\u00e0fiques.<\/span><\/p>\n<div><\/div>\n<p><img loading=\"lazy\" decoding=\"async\" class=\"aligncenter wp-image-9253\" src=\"http:\/\/agora.xtec.cat\/escolagironella\/wp-content\/uploads\/usu562\/2018\/03\/mapes-proj.-entorn-5\u00e8.jpg\" alt=\"\" width=\"514\" height=\"253\" srcset=\"https:\/\/agora.xtec.cat\/escolagironella\/wp-content\/uploads\/usu562\/2018\/03\/mapes-proj.-entorn-5\u00e8.jpg 658w, https:\/\/agora.xtec.cat\/escolagironella\/wp-content\/uploads\/usu562\/2018\/03\/mapes-proj.-entorn-5\u00e8-300x148.jpg 300w\" sizes=\"auto, (max-width: 514px) 100vw, 514px\" \/><\/p>\n","protected":false},"excerpt":{"rendered":"<p>PROJECTES D&#8217;ENTORN\u00a0 El projecte\u00a0\u201cConeix l\u2019entorn del meu poble\u201d\u00a0\u00e9s un projecte dissenyat pel Camp d\u2019Aprenentatge de l\u2019Alt Bergued\u00e0 i t\u00e9 per objectiu que els alumnes dissenyin un itinerari al voltant del\u00a0nostre poble i el donin a con\u00e8ixer, a les altres escoles, i a\u00a0qui hi pugui estar interessat d\u2019arreu, ja que els resultats es publicaran a diferents [&hellip;]<\/p>\n","protected":false},"author":1,"featured_media":0,"parent":0,"menu_order":0,"comment_status":"closed","ping_status":"closed","template":"","meta":{"_bbp_topic_count":0,"_bbp_reply_count":0,"_bbp_total_topic_count":0,"_bbp_total_reply_count":0,"_bbp_voice_count":0,"_bbp_anonymous_reply_count":0,"_bbp_topic_count_hidden":0,"_bbp_reply_count_hidden":0,"_bbp_forum_subforum_count":0,"site-sidebar-layout":"default","site-content-layout":"","ast-site-content-layout":"","site-content-style":"default","site-sidebar-style":"default","ast-global-header-display":"","ast-banner-title-visibility":"","ast-main-header-display":"","ast-hfb-above-header-display":"","ast-hfb-below-header-display":"","ast-hfb-mobile-header-display":"","site-post-title":"","ast-breadcrumbs-content":"","ast-featured-img":"","footer-sml-layout":"","theme-transparent-header-meta":"","adv-header-id-meta":"","stick-header-meta":"","header-above-stick-meta":"","header-main-stick-meta":"","header-below-stick-meta":"","astra-migrate-meta-layouts":"default","ast-page-background-enabled":"default","ast-page-background-meta":{"desktop":{"background-color":"var(--ast-global-color-4)","background-image":"","background-repeat":"repeat","background-position":"center center","background-size":"auto","background-attachment":"scroll","background-type":"","background-media":"","overlay-type":"","overlay-color":"","overlay-opacity":"","overlay-gradient":""},"tablet":{"background-color":"","background-image":"","background-repeat":"repeat","background-position":"center center","background-size":"auto","background-attachment":"scroll","background-type":"","background-media":"","overlay-type":"","overlay-color":"","overlay-opacity":"","overlay-gradient":""},"mobile":{"background-color":"","background-image":"","background-repeat":"repeat","background-position":"center center","background-size":"auto","background-attachment":"scroll","background-type":"","background-media":"","overlay-type":"","overlay-color":"","overlay-opacity":"","overlay-gradient":""}},"ast-content-background-meta":{"desktop":{"background-color":"var(--ast-global-color-5)","background-image":"","background-repeat":"repeat","background-position":"center center","background-size":"auto","background-attachment":"scroll","background-type":"","background-media":"","overlay-type":"","overlay-color":"","overlay-opacity":"","overlay-gradient":""},"tablet":{"background-color":"var(--ast-global-color-5)","background-image":"","background-repeat":"repeat","background-position":"center center","background-size":"auto","background-attachment":"scroll","background-type":"","background-media":"","overlay-type":"","overlay-color":"","overlay-opacity":"","overlay-gradient":""},"mobile":{"background-color":"var(--ast-global-color-5)","background-image":"","background-repeat":"repeat","background-position":"center center","background-size":"auto","background-attachment":"scroll","background-type":"","background-media":"","overlay-type":"","overlay-color":"","overlay-opacity":"","overlay-gradient":""}},"footnotes":""},"class_list":["post-10391","page","type-page","status-publish","hentry"],"post_mailing_queue_ids":[],"_links":{"self":[{"href":"https:\/\/agora.xtec.cat\/escolagironella\/wp-json\/wp\/v2\/pages\/10391","targetHints":{"allow":["GET"]}}],"collection":[{"href":"https:\/\/agora.xtec.cat\/escolagironella\/wp-json\/wp\/v2\/pages"}],"about":[{"href":"https:\/\/agora.xtec.cat\/escolagironella\/wp-json\/wp\/v2\/types\/page"}],"author":[{"embeddable":true,"href":"https:\/\/agora.xtec.cat\/escolagironella\/wp-json\/wp\/v2\/users\/1"}],"replies":[{"embeddable":true,"href":"https:\/\/agora.xtec.cat\/escolagironella\/wp-json\/wp\/v2\/comments?post=10391"}],"version-history":[{"count":3,"href":"https:\/\/agora.xtec.cat\/escolagironella\/wp-json\/wp\/v2\/pages\/10391\/revisions"}],"predecessor-version":[{"id":11518,"href":"https:\/\/agora.xtec.cat\/escolagironella\/wp-json\/wp\/v2\/pages\/10391\/revisions\/11518"}],"wp:attachment":[{"href":"https:\/\/agora.xtec.cat\/escolagironella\/wp-json\/wp\/v2\/media?parent=10391"}],"curies":[{"name":"wp","href":"https:\/\/api.w.org\/{rel}","templated":true}]}}