{"id":10390,"date":"2020-02-07T13:48:54","date_gmt":"2020-02-07T12:48:54","guid":{"rendered":"http:\/\/agora.xtec.cat\/escolagironella\/?page_id=10390"},"modified":"2023-01-25T13:31:31","modified_gmt":"2023-01-25T12:31:31","slug":"projecte-hugot","status":"publish","type":"page","link":"https:\/\/agora.xtec.cat\/escolagironella\/projecte-hugot\/","title":{"rendered":"P4 &#8211; Projecte Hugot"},"content":{"rendered":"<p>El\u00a0<strong>Projecte<\/strong>\u00a0<strong>Hugot:\u00a0rius i rieres del Bergued\u00e0<\/strong>, permet descobrir aspectes diversos de la comarca del Bergued\u00e0 relacionats amb els rius i el seu entorn proper, aix\u00ed com treballar aspectes concrets al voltant de l\u2019aigua. A partir d\u2019un interlocutor, el bruixot\u00a0<strong>Hugot del Catllar\u00e0s<\/strong>, que anir\u00e0 proposant tasques i investigacions als nens i nenes, amb qui es comunicar\u00e0 a trav\u00e9s d\u2019un bloc\u00a0i del correu electr\u00f2nic. El projecte s\u2019allarga durant m\u00e9s de\u00a0<strong>dos trimestres al llarg del curs<\/strong>, i compta amb activitats que ha de realitzar l\u2019escola amb d\u2019altres on seran els mestres del CdA els que donaran suport al mestre del grup d\u2019alumnes. Est\u00e0 pensat per alumnes de\u00a0<strong>Cicle Mitj\u00e0<\/strong>\u00a0de la comarca del Bergued\u00e0.<\/p>\n<p>El disseny i les activitats del projecte aposten pel\u00a0<strong>treball cooperatiu<\/strong>\u00a0a l\u2019aula i fomenten l\u2019<strong>\u00fas de les TAC<\/strong>. Tamb\u00e9 pretenen treballar el\u00a0<strong>m\u00e8tode cient\u00edfic<\/strong>\u00a0al voltant d\u2019un\u00a0<strong>treball d\u2019investigaci\u00f3<\/strong>\u00a0de l\u2019aigua del riu o riera que els alumnes tinguin proper al seu municipi. L\u2019Hugot\u00a0proposar\u00e0 un seguit de tasques als alumnes, que hauran de retornar-li a trav\u00e9s del mateix bloc. Aquestes tasques quedaran penjades a la xarxa per tal de compartir les dades amb les altres escoles participants. D\u2019aquesta manera es pret\u00e9n que hi hagi un contacte entre els diferents centres que participin simult\u00e0niament al projecte, i que els alumnes vegin que a altres indrets de la comarca tamb\u00e9 s\u2019est\u00e0 portant a terme el mateix estudi.<\/p>\n<p>El CdA es compromet, en cas que sigui necessari, a formar i assessorar als mestres en tots els aspectes t\u00e8cnics que comporta el treball les diferents eines i aplicacions necess\u00e0ries per tirar endavant el projecte:\u00a0ordinadors, correu electr\u00f2nic, tractament de la imatge, recerca d\u2019informaci\u00f3, \u00fas i gesti\u00f3 del bloc, treball amb el google maps i instamaps, Kahoot\u2026 A\u00a0<strong>principis de setembre hi haur\u00e0 una trobada de coordinaci\u00f3<\/strong>\u00a0a la seu del CdA per tal de planificar i exposar les tasques del projecte als mestres participants.<\/p>\n<p><a style=\"box-sizing: border-box; color: #2ba6cb; text-decoration: none; line-height: inherit; outline: #dc3232 dotted 2px; position: relative; font-family: 'Helvetica Neue', Helvetica, Helvetica, Arial, sans-serif; font-size: 20px; font-style: normal; font-variant-ligatures: normal; font-variant-caps: normal; font-weight: 400; letter-spacing: normal; orphans: 2; text-align: start; text-indent: 0px; text-transform: none; white-space: normal; widows: 2; word-spacing: 0px; -webkit-text-stroke-width: 0px; background-color: #ffffff;\" href=\"http:\/\/&lt;div style=&quot;text-align:center;&quot;&gt;&lt;div style=&quot;margin:8px 0px 4px;&quot;&gt;&lt;a href=&quot;http:\/\/www.calameo.com\/books\/00011173819037ab6d8e1&quot; target=&quot;_blank&quot;&gt;Hugot 17-18: Gironella&lt;\/a&gt;&lt;\/div&gt;&lt;iframe src=&quot;\/\/v.calameo.com\/?bkcode=00011173819037ab6d8e1&quot; width=&quot;300&quot; height=&quot;194&quot; frameborder=&quot;0&quot; scrolling=&quot;no&quot; allowtransparency allowfullscreen style=&quot;margin:0 auto;&quot;&gt;&lt;\/iframe&gt;&lt;div style=&quot;margin:4px 0px 8px;&quot;&gt;&lt;a href=&quot;http:\/\/www.calameo.com\/&quot;&gt;Publish at Calameo&lt;\/a&gt;&lt;\/div&gt;&lt;\/div&gt;\"><img loading=\"lazy\" decoding=\"async\" class=\"aligncenter wp-image-9248\" src=\"http:\/\/agora.xtec.cat\/escolagironella\/wp-content\/uploads\/usu562\/2018\/03\/ens-pensem-el-riu-4t.jpg\" alt=\"\" width=\"648\" height=\"461\" \/><br \/>\n<\/a><\/p>\n","protected":false},"excerpt":{"rendered":"<p>El\u00a0Projecte\u00a0Hugot:\u00a0rius i rieres del Bergued\u00e0, permet descobrir aspectes diversos de la comarca del Bergued\u00e0 relacionats amb els rius i el seu entorn proper, aix\u00ed com treballar aspectes concrets al voltant de l\u2019aigua. A partir d\u2019un interlocutor, el bruixot\u00a0Hugot del Catllar\u00e0s, que anir\u00e0 proposant tasques i investigacions als nens i nenes, amb qui es comunicar\u00e0 a [&hellip;]<\/p>\n","protected":false},"author":1,"featured_media":0,"parent":0,"menu_order":0,"comment_status":"closed","ping_status":"closed","template":"","meta":{"_bbp_topic_count":0,"_bbp_reply_count":0,"_bbp_total_topic_count":0,"_bbp_total_reply_count":0,"_bbp_voice_count":0,"_bbp_anonymous_reply_count":0,"_bbp_topic_count_hidden":0,"_bbp_reply_count_hidden":0,"_bbp_forum_subforum_count":0,"site-sidebar-layout":"default","site-content-layout":"","ast-site-content-layout":"","site-content-style":"default","site-sidebar-style":"default","ast-global-header-display":"","ast-banner-title-visibility":"","ast-main-header-display":"","ast-hfb-above-header-display":"","ast-hfb-below-header-display":"","ast-hfb-mobile-header-display":"","site-post-title":"","ast-breadcrumbs-content":"","ast-featured-img":"","footer-sml-layout":"","theme-transparent-header-meta":"","adv-header-id-meta":"","stick-header-meta":"","header-above-stick-meta":"","header-main-stick-meta":"","header-below-stick-meta":"","astra-migrate-meta-layouts":"default","ast-page-background-enabled":"default","ast-page-background-meta":{"desktop":{"background-color":"var(--ast-global-color-4)","background-image":"","background-repeat":"repeat","background-position":"center center","background-size":"auto","background-attachment":"scroll","background-type":"","background-media":"","overlay-type":"","overlay-color":"","overlay-opacity":"","overlay-gradient":""},"tablet":{"background-color":"","background-image":"","background-repeat":"repeat","background-position":"center center","background-size":"auto","background-attachment":"scroll","background-type":"","background-media":"","overlay-type":"","overlay-color":"","overlay-opacity":"","overlay-gradient":""},"mobile":{"background-color":"","background-image":"","background-repeat":"repeat","background-position":"center center","background-size":"auto","background-attachment":"scroll","background-type":"","background-media":"","overlay-type":"","overlay-color":"","overlay-opacity":"","overlay-gradient":""}},"ast-content-background-meta":{"desktop":{"background-color":"var(--ast-global-color-5)","background-image":"","background-repeat":"repeat","background-position":"center center","background-size":"auto","background-attachment":"scroll","background-type":"","background-media":"","overlay-type":"","overlay-color":"","overlay-opacity":"","overlay-gradient":""},"tablet":{"background-color":"var(--ast-global-color-5)","background-image":"","background-repeat":"repeat","background-position":"center center","background-size":"auto","background-attachment":"scroll","background-type":"","background-media":"","overlay-type":"","overlay-color":"","overlay-opacity":"","overlay-gradient":""},"mobile":{"background-color":"var(--ast-global-color-5)","background-image":"","background-repeat":"repeat","background-position":"center center","background-size":"auto","background-attachment":"scroll","background-type":"","background-media":"","overlay-type":"","overlay-color":"","overlay-opacity":"","overlay-gradient":""}},"footnotes":""},"class_list":["post-10390","page","type-page","status-publish","hentry"],"post_mailing_queue_ids":[],"_links":{"self":[{"href":"https:\/\/agora.xtec.cat\/escolagironella\/wp-json\/wp\/v2\/pages\/10390","targetHints":{"allow":["GET"]}}],"collection":[{"href":"https:\/\/agora.xtec.cat\/escolagironella\/wp-json\/wp\/v2\/pages"}],"about":[{"href":"https:\/\/agora.xtec.cat\/escolagironella\/wp-json\/wp\/v2\/types\/page"}],"author":[{"embeddable":true,"href":"https:\/\/agora.xtec.cat\/escolagironella\/wp-json\/wp\/v2\/users\/1"}],"replies":[{"embeddable":true,"href":"https:\/\/agora.xtec.cat\/escolagironella\/wp-json\/wp\/v2\/comments?post=10390"}],"version-history":[{"count":3,"href":"https:\/\/agora.xtec.cat\/escolagironella\/wp-json\/wp\/v2\/pages\/10390\/revisions"}],"predecessor-version":[{"id":11519,"href":"https:\/\/agora.xtec.cat\/escolagironella\/wp-json\/wp\/v2\/pages\/10390\/revisions\/11519"}],"wp:attachment":[{"href":"https:\/\/agora.xtec.cat\/escolagironella\/wp-json\/wp\/v2\/media?parent=10390"}],"curies":[{"name":"wp","href":"https:\/\/api.w.org\/{rel}","templated":true}]}}