{"id":10389,"date":"2020-02-07T13:48:54","date_gmt":"2020-02-07T12:48:54","guid":{"rendered":"http:\/\/agora.xtec.cat\/escolagironella\/?page_id=10389"},"modified":"2023-01-13T16:41:07","modified_gmt":"2023-01-13T15:41:07","slug":"escoles-verdes","status":"publish","type":"page","link":"https:\/\/agora.xtec.cat\/escolagironella\/escoles-verdes\/","title":{"rendered":"Escoles Verdes"},"content":{"rendered":"<p>El nostre centre educatiu forma part de la Xarxa d&#8217;Escoles Verdes.<\/p>\n<p>Estem compromesos amb la sostenibilitat,\u00a0 treballem per fomentar una educaci\u00f3 ecosocial que transformi el centre educatiu i el seu entorn, tot treballant en xarxa amb altres entitats del territori.<\/p>\n<p><a href=\"https:\/\/agora.xtec.cat\/escolagironella\/wp-content\/uploads\/usu562\/2023\/01\/logo-ev.jpg_1948682672.jpg\"><img loading=\"lazy\" decoding=\"async\" class=\"alignnone size-medium wp-image-11490\" src=\"https:\/\/agora.xtec.cat\/escolagironella\/wp-content\/uploads\/usu562\/2023\/01\/logo-ev.jpg_1948682672-300x133.jpg\" alt=\"\" width=\"300\" height=\"133\" srcset=\"https:\/\/agora.xtec.cat\/escolagironella\/wp-content\/uploads\/usu562\/2023\/01\/logo-ev.jpg_1948682672-300x133.jpg 300w, https:\/\/agora.xtec.cat\/escolagironella\/wp-content\/uploads\/usu562\/2023\/01\/logo-ev.jpg_1948682672.jpg 450w\" sizes=\"auto, (max-width: 300px) 100vw, 300px\" \/><\/a><\/p>\n<p>Actualment, hi ha m\u00e9s de 800 centres que formen part de la Xarxa d\u2019Escoles Verdes. Per donar resposta i suport a aquests centres, va n\u00e9ixer l\u2019any 1998 el Programa Escoles Verdes, un instrument del Departament d\u2019Educaci\u00f3 i del Departament d\u2019Acci\u00f3 Clim\u00e0tica, Alimentaci\u00f3 i Agenda Rural amb 3 grans objectius:<\/p>\n<ul>\n<li>Ajudar els centres a incorporar els valors de l\u2019educaci\u00f3 per a la sostenibilitat en tots els \u00e0mbits de la vida del centre (curr\u00edculum, gesti\u00f3, relacions amb l\u2019entorn, etc.).<\/li>\n<li>Promoure la participaci\u00f3 i la implicaci\u00f3 activa de la comunitat educativa en la millora del seu entorn.<\/li>\n<li>Afavorir l\u2019intercanvi entre els centres que comparteixen uns mateixos objectius.<\/li>\n<\/ul>\n","protected":false},"excerpt":{"rendered":"<p>El nostre centre educatiu forma part de la Xarxa d&#8217;Escoles Verdes. Estem compromesos amb la sostenibilitat,\u00a0 treballem per fomentar una educaci\u00f3 ecosocial que transformi el centre educatiu i el seu entorn, tot treballant en xarxa amb altres entitats del territori. Actualment, hi ha m\u00e9s de 800 centres que formen part de la Xarxa d\u2019Escoles Verdes. [&hellip;]<\/p>\n","protected":false},"author":1,"featured_media":0,"parent":0,"menu_order":0,"comment_status":"closed","ping_status":"closed","template":"","meta":{"_bbp_topic_count":0,"_bbp_reply_count":0,"_bbp_total_topic_count":0,"_bbp_total_reply_count":0,"_bbp_voice_count":0,"_bbp_anonymous_reply_count":0,"_bbp_topic_count_hidden":0,"_bbp_reply_count_hidden":0,"_bbp_forum_subforum_count":0,"site-sidebar-layout":"default","site-content-layout":"","ast-site-content-layout":"","site-content-style":"default","site-sidebar-style":"default","ast-global-header-display":"","ast-banner-title-visibility":"","ast-main-header-display":"","ast-hfb-above-header-display":"","ast-hfb-below-header-display":"","ast-hfb-mobile-header-display":"","site-post-title":"","ast-breadcrumbs-content":"","ast-featured-img":"","footer-sml-layout":"","theme-transparent-header-meta":"","adv-header-id-meta":"","stick-header-meta":"","header-above-stick-meta":"","header-main-stick-meta":"","header-below-stick-meta":"","astra-migrate-meta-layouts":"default","ast-page-background-enabled":"default","ast-page-background-meta":{"desktop":{"background-color":"var(--ast-global-color-4)","background-image":"","background-repeat":"repeat","background-position":"center center","background-size":"auto","background-attachment":"scroll","background-type":"","background-media":"","overlay-type":"","overlay-color":"","overlay-opacity":"","overlay-gradient":""},"tablet":{"background-color":"","background-image":"","background-repeat":"repeat","background-position":"center center","background-size":"auto","background-attachment":"scroll","background-type":"","background-media":"","overlay-type":"","overlay-color":"","overlay-opacity":"","overlay-gradient":""},"mobile":{"background-color":"","background-image":"","background-repeat":"repeat","background-position":"center center","background-size":"auto","background-attachment":"scroll","background-type":"","background-media":"","overlay-type":"","overlay-color":"","overlay-opacity":"","overlay-gradient":""}},"ast-content-background-meta":{"desktop":{"background-color":"var(--ast-global-color-5)","background-image":"","background-repeat":"repeat","background-position":"center center","background-size":"auto","background-attachment":"scroll","background-type":"","background-media":"","overlay-type":"","overlay-color":"","overlay-opacity":"","overlay-gradient":""},"tablet":{"background-color":"var(--ast-global-color-5)","background-image":"","background-repeat":"repeat","background-position":"center center","background-size":"auto","background-attachment":"scroll","background-type":"","background-media":"","overlay-type":"","overlay-color":"","overlay-opacity":"","overlay-gradient":""},"mobile":{"background-color":"var(--ast-global-color-5)","background-image":"","background-repeat":"repeat","background-position":"center center","background-size":"auto","background-attachment":"scroll","background-type":"","background-media":"","overlay-type":"","overlay-color":"","overlay-opacity":"","overlay-gradient":""}},"footnotes":""},"class_list":["post-10389","page","type-page","status-publish","hentry"],"post_mailing_queue_ids":[],"_links":{"self":[{"href":"https:\/\/agora.xtec.cat\/escolagironella\/wp-json\/wp\/v2\/pages\/10389","targetHints":{"allow":["GET"]}}],"collection":[{"href":"https:\/\/agora.xtec.cat\/escolagironella\/wp-json\/wp\/v2\/pages"}],"about":[{"href":"https:\/\/agora.xtec.cat\/escolagironella\/wp-json\/wp\/v2\/types\/page"}],"author":[{"embeddable":true,"href":"https:\/\/agora.xtec.cat\/escolagironella\/wp-json\/wp\/v2\/users\/1"}],"replies":[{"embeddable":true,"href":"https:\/\/agora.xtec.cat\/escolagironella\/wp-json\/wp\/v2\/comments?post=10389"}],"version-history":[{"count":2,"href":"https:\/\/agora.xtec.cat\/escolagironella\/wp-json\/wp\/v2\/pages\/10389\/revisions"}],"predecessor-version":[{"id":11491,"href":"https:\/\/agora.xtec.cat\/escolagironella\/wp-json\/wp\/v2\/pages\/10389\/revisions\/11491"}],"wp:attachment":[{"href":"https:\/\/agora.xtec.cat\/escolagironella\/wp-json\/wp\/v2\/media?parent=10389"}],"curies":[{"name":"wp","href":"https:\/\/api.w.org\/{rel}","templated":true}]}}