{"id":26,"date":"2016-10-05T11:20:32","date_gmt":"2016-10-05T09:20:32","guid":{"rendered":"http:\/\/agora.xtec.cat\/escolagermanesbertomeu\/?page_id=26"},"modified":"2026-02-10T13:40:01","modified_gmt":"2026-02-10T12:40:01","slug":"historia","status":"publish","type":"page","link":"https:\/\/agora.xtec.cat\/escolagermanesbertomeu\/lescola\/historia\/","title":{"rendered":"Hist\u00f2ria"},"content":{"rendered":"<p class=\"Estilo7\" align=\"justify\"><strong>El nom <\/strong>de la nostra escola ret homenatge a tres germanes: Pilar, Concepci\u00f3 i Cec\u00edlia Bertomeu. Les tres exerciren de mestres a la nostra ciutat i deixaren rera seu una tasca important en el camp de l\u2019ensenyament.<\/p>\n<p class=\"Estilo7\"><a href=\"http:\/\/agora.xtec.cat\/escolagermanesbertomeu\/wp-content\/uploads\/usu1488\/2016\/10\/germanes.gif\"><img loading=\"lazy\" decoding=\"async\" class=\"size-full wp-image-500 alignright\" src=\"http:\/\/agora.xtec.cat\/escolagermanesbertomeu\/wp-content\/uploads\/usu1488\/2016\/10\/germanes.gif\" alt=\"germanes\" width=\"120\" height=\"312\" \/><\/a><\/p>\n<p class=\"Estilo7\" align=\"justify\"><strong>Pilar Bertomeu <\/strong>(1871-1929), la m\u00e9s gran de les germanes es pos\u00e0 al davant de l\u2019Escola Nacional Graduada de nenes del carrer Sant Cugat. Compartia les mateixes inquietuds pedag\u00f2giques que Rosa Sensat. Des d\u2019una posici\u00f3 tradicional cat\u00f2lica, aplicava un sistema d\u2019ensenyament molt avan\u00e7at, on les nenes no eren un element passiu sin\u00f3 que se les estimulava a participar en la seva pr\u00f2pia formaci\u00f3.<\/p>\n<p class=\"Estilo7\" align=\"justify\"><a href=\"http:\/\/agora.xtec.cat\/escolagermanesbertomeu\/wp-content\/uploads\/usu1488\/2016\/10\/germana-conxita.gif\"><img loading=\"lazy\" decoding=\"async\" class=\"size-full wp-image-501 alignleft\" src=\"http:\/\/agora.xtec.cat\/escolagermanesbertomeu\/wp-content\/uploads\/usu1488\/2016\/10\/germana-conxita.gif\" alt=\"germana-conxita\" width=\"125\" height=\"312\" \/><\/a><\/p>\n<p class=\"Estilo7\" align=\"justify\"><strong>Conxita Bertomeu <\/strong>(1881- 1976 ), era la mitjana. Quan mor\u00ed &#8220;donya&#8221; Pilar, es va fer c\u00e0rrec de la direcci\u00f3 de l\u2019escola i del quart grau. Acabada la guerra civil (1940),\u00a0l\u2019escola va canviar de local passant a ocupar l\u2019antic caf\u00e8 de La Uni\u00f3 a la pla\u00e7a de Cuba, el qual, i en mem\u00f2ria de donya Pilar, es va batejar amb el nom de &#8220;Escuela Nacional Nuestra Sra. Del Pilar&#8221;.<\/p>\n<p class=\"Estilo7\" align=\"justify\"><strong>Cecilia Bertomeu<\/strong> (1890-1981), s&#8217;encarregava dels petits de primer grau. Era una persona de car\u00e0cter molt agradable i mel\u00f3s. En deixar la seva germana Conxita la direcci\u00f3 de l\u2019escola, l\u2019agaf\u00e0 ella i es f\u00e9u c\u00e0rrec de la classe de les m\u00e9s grans. En els seus anys de jubilada anava a ajudar l&#8217;Ageleta Ferrer, v\u00eddua d&#8217;Alexandre Satorras, dos pedagogs molt estimats a Matar\u00f3.<\/p>\n<p align=\"justify\">L&#8217;any 1967, l&#8217;Enriqueta Flaquer -una antiga alumna- va sol\u00b7licitar a l&#8217;Ajuntament canviar el nom del carrer Sant Cugat pel de &#8220;Germanes Bertomeu&#8221;. En canvi, el consistori va voler dedicar una escola -i no un carrer- a les tres germanes. \u00c9s aix\u00ed com finalment el <strong>15 de setembre de l&#8217;any 1969 s&#8217;inaugurava<\/strong> al bell mig de Rocanfonda l&#8217;<strong>Escola Germanes Bertomeu<\/strong>.<\/p>\n<p align=\"justify\">\n","protected":false},"excerpt":{"rendered":"<p>El nom de la nostra escola ret homenatge a tres germanes: Pilar, Concepci\u00f3 i Cec\u00edlia Bertomeu. Les tres exerciren de mestres a la nostra ciutat i deixaren rera seu una tasca important en el camp de l\u2019ensenyament.<br \/>\n<a href=\"http:\/\/agora.xtec.cat\/escolagermanesbertomeu\/wp-content\/uploads\/usu1488\/2016\/10\/germanes.gif\"><\/a><br \/>\nPilar Bertomeu (1871-1929), la m\u00e9s gran de les&hellip;  <a href=\"https:\/\/agora.xtec.cat\/escolagermanesbertomeu\/lescola\/historia\/\" title=\"Read Hist\u00f2ria\">Llegeix m\u00e9s\u00bb<\/a><\/p>\n","protected":false},"author":1,"featured_media":0,"parent":22,"menu_order":10,"comment_status":"closed","ping_status":"closed","template":"page-templates\/side-menu.php","meta":{"_bbp_topic_count":0,"_bbp_reply_count":0,"_bbp_total_topic_count":0,"_bbp_total_reply_count":0,"_bbp_voice_count":0,"_bbp_anonymous_reply_count":0,"_bbp_topic_count_hidden":0,"_bbp_reply_count_hidden":0,"_bbp_forum_subforum_count":0,"footnotes":""},"class_list":["post-26","page","type-page","status-publish","hentry"],"post_mailing_queue_ids":[],"_links":{"self":[{"href":"https:\/\/agora.xtec.cat\/escolagermanesbertomeu\/wp-json\/wp\/v2\/pages\/26","targetHints":{"allow":["GET"]}}],"collection":[{"href":"https:\/\/agora.xtec.cat\/escolagermanesbertomeu\/wp-json\/wp\/v2\/pages"}],"about":[{"href":"https:\/\/agora.xtec.cat\/escolagermanesbertomeu\/wp-json\/wp\/v2\/types\/page"}],"author":[{"embeddable":true,"href":"https:\/\/agora.xtec.cat\/escolagermanesbertomeu\/wp-json\/wp\/v2\/users\/1"}],"replies":[{"embeddable":true,"href":"https:\/\/agora.xtec.cat\/escolagermanesbertomeu\/wp-json\/wp\/v2\/comments?post=26"}],"version-history":[{"count":5,"href":"https:\/\/agora.xtec.cat\/escolagermanesbertomeu\/wp-json\/wp\/v2\/pages\/26\/revisions"}],"predecessor-version":[{"id":3445,"href":"https:\/\/agora.xtec.cat\/escolagermanesbertomeu\/wp-json\/wp\/v2\/pages\/26\/revisions\/3445"}],"up":[{"embeddable":true,"href":"https:\/\/agora.xtec.cat\/escolagermanesbertomeu\/wp-json\/wp\/v2\/pages\/22"}],"wp:attachment":[{"href":"https:\/\/agora.xtec.cat\/escolagermanesbertomeu\/wp-json\/wp\/v2\/media?parent=26"}],"curies":[{"name":"wp","href":"https:\/\/api.w.org\/{rel}","templated":true}]}}