{"id":28,"date":"2014-09-18T12:29:35","date_gmt":"2014-09-18T11:29:35","guid":{"rendered":"http:\/\/agora.xtec.cat\/escolagaudisantboi\/?page_id=28"},"modified":"2026-01-08T12:45:29","modified_gmt":"2026-01-08T11:45:29","slug":"consell-escolar","status":"publish","type":"page","link":"https:\/\/agora.xtec.cat\/escolagaudisantboi\/lescola\/consell-escolar\/","title":{"rendered":"Consell escolar"},"content":{"rendered":"<table style=\"height: 293px; width: 58.5402%; border-style: groove;\">\n<tbody>\n<tr style=\"height: 31px;\">\n<td style=\"height: 31px; width: 16.9533%;\"><strong>Equip directiu:<\/strong><\/td>\n<td style=\"width: 16.3391%; height: 31px;\"><strong>Mestres:<\/strong><strong><br \/>\n<\/strong><\/td>\n<td style=\"width: 16.0934%; height: 31px;\"><strong>PAS:<\/strong><\/td>\n<td style=\"width: 16.3391%; height: 31px;\"><strong>AFA:<\/strong><\/td>\n<td style=\"width: 26.2383%; height: 31px;\"><strong>Fam\u00edlies:<\/strong><\/td>\n<td style=\"width: 18.3709%; height: 31px;\"><strong>Ajuntament:<\/strong><\/td>\n<\/tr>\n<tr style=\"height: 134px;\">\n<td style=\"height: 28px; width: 16.9533%;\">Maria Padilla<\/p>\n<p>M\u00f2nica Figueras<\/p>\n<p>Nuri Fern\u00e1ndez<\/td>\n<td style=\"width: 16.3391%; height: 28px;\">\n<p style=\"font-family: 'Helvetica Neue', Helvetica, Helvetica, Arial, sans-serif; font-size: 14px;\">Alexandra Carrillo<\/p>\n<p>M\u00f2nica Cuesta<\/p>\n<p style=\"font-family: 'Helvetica Neue', Helvetica, Helvetica, Arial, sans-serif; font-size: 14px;\">M\u00f2nica Juanpere<\/p>\n<p>Anabel L\u00f3pez<\/p>\n<p style=\"font-family: 'Helvetica Neue', Helvetica, Helvetica, Arial, sans-serif; font-size: 14px;\">Jennifer P\u00e9rez<\/p>\n<\/td>\n<td style=\"width: 16.0934%; height: 28px;\">\n<p style=\"font-family: 'Helvetica Neue', Helvetica, Helvetica, Arial, sans-serif; font-size: 14px;\">\n<\/td>\n<td style=\"width: 16.3391%; height: 28px;\">\n<p style=\"font-family: 'Helvetica Neue', Helvetica, Helvetica, Arial, sans-serif; font-size: 14px;\">Pepi S\u00e1nchez<\/p>\n<\/td>\n<td style=\"width: 26.2383%; height: 28px;\">&nbsp;<\/p>\n<p>Susana Garc\u00eda<\/p>\n<p>Eva Garcia<\/p>\n<p>Cristina Inarejos<\/p>\n<p>Olga Menc\u00eda<\/p>\n<p>Nessrine El Moughti<\/td>\n<td style=\"width: 18.3709%; height: 28px;\">\n<p style=\"font-family: 'Helvetica Neue', Helvetica, Helvetica, Arial, sans-serif; font-size: 14px;\">Cristina Mu\u00f1oz<\/p>\n<\/td>\n<\/tr>\n<\/tbody>\n<\/table>\n","protected":false},"excerpt":{"rendered":"<p>Equip directiu: Mestres: PAS: AFA: Fam\u00edlies: Ajuntament: Maria Padilla M\u00f2nica Figueras Nuri Fern\u00e1ndez Alexandra Carrillo M\u00f2nica Cuesta M\u00f2nica Juanpere Anabel L\u00f3pez Jennifer P\u00e9rez Pepi S\u00e1nchez &nbsp; Susana Garc\u00eda Eva Garcia Cristina Inarejos Olga Menc\u00eda Nessrine El Moughti Cristina Mu\u00f1oz<\/p>\n","protected":false},"author":1,"featured_media":0,"parent":22,"menu_order":30,"comment_status":"closed","ping_status":"closed","template":"page-templates\/side-menu.php","meta":{"_bbp_topic_count":0,"_bbp_reply_count":0,"_bbp_total_topic_count":0,"_bbp_total_reply_count":0,"_bbp_voice_count":0,"_bbp_anonymous_reply_count":0,"_bbp_topic_count_hidden":0,"_bbp_reply_count_hidden":0,"_bbp_forum_subforum_count":0,"site-sidebar-layout":"default","site-content-layout":"","ast-site-content-layout":"","site-content-style":"default","site-sidebar-style":"default","ast-global-header-display":"","ast-banner-title-visibility":"","ast-main-header-display":"","ast-hfb-above-header-display":"","ast-hfb-below-header-display":"","ast-hfb-mobile-header-display":"","site-post-title":"","ast-breadcrumbs-content":"","ast-featured-img":"","footer-sml-layout":"","theme-transparent-header-meta":"","adv-header-id-meta":"","stick-header-meta":"","header-above-stick-meta":"","header-main-stick-meta":"","header-below-stick-meta":"","astra-migrate-meta-layouts":"default","ast-page-background-enabled":"default","ast-page-background-meta":{"desktop":{"background-color":"var(--ast-global-color-4)","background-image":"","background-repeat":"repeat","background-position":"center center","background-size":"auto","background-attachment":"scroll","background-type":"","background-media":"","overlay-type":"","overlay-color":"","overlay-opacity":"","overlay-gradient":""},"tablet":{"background-color":"","background-image":"","background-repeat":"repeat","background-position":"center center","background-size":"auto","background-attachment":"scroll","background-type":"","background-media":"","overlay-type":"","overlay-color":"","overlay-opacity":"","overlay-gradient":""},"mobile":{"background-color":"","background-image":"","background-repeat":"repeat","background-position":"center center","background-size":"auto","background-attachment":"scroll","background-type":"","background-media":"","overlay-type":"","overlay-color":"","overlay-opacity":"","overlay-gradient":""}},"ast-content-background-meta":{"desktop":{"background-color":"var(--ast-global-color-5)","background-image":"","background-repeat":"repeat","background-position":"center center","background-size":"auto","background-attachment":"scroll","background-type":"","background-media":"","overlay-type":"","overlay-color":"","overlay-opacity":"","overlay-gradient":""},"tablet":{"background-color":"var(--ast-global-color-5)","background-image":"","background-repeat":"repeat","background-position":"center center","background-size":"auto","background-attachment":"scroll","background-type":"","background-media":"","overlay-type":"","overlay-color":"","overlay-opacity":"","overlay-gradient":""},"mobile":{"background-color":"var(--ast-global-color-5)","background-image":"","background-repeat":"repeat","background-position":"center center","background-size":"auto","background-attachment":"scroll","background-type":"","background-media":"","overlay-type":"","overlay-color":"","overlay-opacity":"","overlay-gradient":""}},"footnotes":""},"class_list":["post-28","page","type-page","status-publish","hentry"],"post_mailing_queue_ids":[],"_links":{"self":[{"href":"https:\/\/agora.xtec.cat\/escolagaudisantboi\/wp-json\/wp\/v2\/pages\/28","targetHints":{"allow":["GET"]}}],"collection":[{"href":"https:\/\/agora.xtec.cat\/escolagaudisantboi\/wp-json\/wp\/v2\/pages"}],"about":[{"href":"https:\/\/agora.xtec.cat\/escolagaudisantboi\/wp-json\/wp\/v2\/types\/page"}],"author":[{"embeddable":true,"href":"https:\/\/agora.xtec.cat\/escolagaudisantboi\/wp-json\/wp\/v2\/users\/1"}],"replies":[{"embeddable":true,"href":"https:\/\/agora.xtec.cat\/escolagaudisantboi\/wp-json\/wp\/v2\/comments?post=28"}],"version-history":[{"count":7,"href":"https:\/\/agora.xtec.cat\/escolagaudisantboi\/wp-json\/wp\/v2\/pages\/28\/revisions"}],"predecessor-version":[{"id":21246,"href":"https:\/\/agora.xtec.cat\/escolagaudisantboi\/wp-json\/wp\/v2\/pages\/28\/revisions\/21246"}],"up":[{"embeddable":true,"href":"https:\/\/agora.xtec.cat\/escolagaudisantboi\/wp-json\/wp\/v2\/pages\/22"}],"wp:attachment":[{"href":"https:\/\/agora.xtec.cat\/escolagaudisantboi\/wp-json\/wp\/v2\/media?parent=28"}],"curies":[{"name":"wp","href":"https:\/\/api.w.org\/{rel}","templated":true}]}}