{"id":21539,"date":"2026-02-28T19:00:36","date_gmt":"2026-02-28T18:00:36","guid":{"rendered":"https:\/\/agora.xtec.cat\/escolagaudisantboi\/?page_id=21539"},"modified":"2026-02-28T19:00:36","modified_gmt":"2026-02-28T18:00:36","slug":"projecte-girls-gem","status":"publish","type":"page","link":"https:\/\/agora.xtec.cat\/escolagaudisantboi\/projecte-girls-gem\/","title":{"rendered":"Projecte GIRLS GEM"},"content":{"rendered":"<p><span style=\"color: #000000;\"><span class=\"C9DxTc \">En el grup de 3r <\/span><span class=\"C9DxTc \">es duu a terme el projecte <strong>GIRLS GEMS<\/strong>, una iniciativa que t\u00e9 com a objectiu principal fomentar les vocacions cient\u00edfiques i tecnol\u00f2giques entre l\u2019alumnat. Els infants treballen en un entorn d\u2019aprenentatge on cadasc\u00fa va realitzant els reptes amb el seu ordinador i el seu robot<strong>\u00a0<\/strong><\/span><strong><a class=\"XqQF9c\" style=\"color: #000000;\" href=\"https:\/\/www.makeblock.com\/steam-kits\/codey-rocky-video\" target=\"_blank\" rel=\"noopener\"><span class=\"C9DxTc \">Codey Rocky<\/span><\/a><span class=\"C9DxTc \">.\u00a0<\/span><\/strong><span class=\"C9DxTc \">Gr\u00e0cies a la Fundaci\u00f3 Scientia i FriquiFund, que ens ha cedit el material i l&#8217;entorn de programaci\u00f3, <\/span><\/span>els nostres alumnes comencen a <strong data-start=\"32\" data-end=\"118\">descobrir el pensament computacional d\u2019una manera vivencial, creativa i motivadora<\/strong>, desenvolupant habilitats com la resoluci\u00f3 de problemes, el treball en equip, la perseveran\u00e7a i la confian\u00e7a en les seves pr\u00f2pies capacitats.<\/p>\n<p data-start=\"262\" data-end=\"714\">A trav\u00e9s dels diferents reptes, aprenen a programar, a experimentar amb l\u2019assaig-error i a entendre que equivocar-se forma part del proc\u00e9s d\u2019aprenentatge. El projecte no nom\u00e9s els apropa al m\u00f3n de la rob\u00f2tica i la tecnologia, sin\u00f3 que tamb\u00e9 contribueix a trencar estereotips de g\u00e8nere, promovent la igualtat d\u2019oportunitats i despertant l\u2019inter\u00e8s per futures traject\u00f2ries vinculades a les ci\u00e8ncies, la tecnologia, l\u2019enginyeria i les matem\u00e0tiques (STEM).<\/p>\n<p data-start=\"716\" data-end=\"822\" data-is-last-node=\"\" data-is-only-node=\"\">Amb <strong>GIRLS GEMS,<\/strong> el grup de 3r fa un pas m\u00e9s cap a una educaci\u00f3 innovadora, inclusiva i orientada al futur.<\/p>\n<p style=\"text-align: center;\" data-start=\"716\" data-end=\"822\" data-is-last-node=\"\" data-is-only-node=\"\">\r\n\t<div class=\"slideshow_container slideshow_container_style-light\" style=\"height: 300px; \" data-slideshow-id=\"21541\" data-style-name=\"style-light\" data-style-version=\"2.3.1\" >\r\n\r\n\t\t\t\t\t<div class=\"slideshow_loading_icon\"><\/div>\r\n\t\t\r\n\t\t<div class=\"slideshow_content\" style=\"display: none;\">\r\n\r\n\t\t\t<div class=\"slideshow_view\">\r\n\t\t\t\t<div class=\"slideshow_slide slideshow_slide_image\">\r\n\t\t\t\t\t\t\t\t\t\t\t<img src=\"https:\/\/agora.xtec.cat\/escolagaudisantboi\/wp-content\/uploads\/usu2030\/2026\/02\/IMG_1457.jpg\" alt=\"IMG_1457\" width=\"2048\" height=\"1536\" \/>\r\n\t\t\t\t\t\t\t\t\t\t<div class=\"slideshow_description_box slideshow_transparent\">\r\n\t\t\t\t\t\t<div class=\"slideshow_title\">IMG_1457<\/div>\t\t\t\t\t\t\t\t\t\t\t<\/div>\r\n\t\t\t\t<\/div>\r\n\r\n\t\t\t\t\t\t<div style=\"clear: both;\"><\/div><\/div><div class=\"slideshow_view\">\r\n\t\t\t\t<div class=\"slideshow_slide slideshow_slide_image\">\r\n\t\t\t\t\t\t\t\t\t\t\t<img src=\"https:\/\/agora.xtec.cat\/escolagaudisantboi\/wp-content\/uploads\/usu2030\/2026\/02\/ea2a36e5-ceb7-49c4-a2aa-8f40c846fb59.jpg\" alt=\"ea2a36e5-ceb7-49c4-a2aa-8f40c846fb59\" width=\"1600\" height=\"1200\" \/>\r\n\t\t\t\t\t\t\t\t\t\t<div class=\"slideshow_description_box slideshow_transparent\">\r\n\t\t\t\t\t\t<div class=\"slideshow_title\">ea2a36e5-ceb7-49c4-a2aa-8f40c846fb59<\/div>\t\t\t\t\t\t\t\t\t\t\t<\/div>\r\n\t\t\t\t<\/div>\r\n\r\n\t\t\t\t\t\t<div style=\"clear: both;\"><\/div><\/div><div class=\"slideshow_view\">\r\n\t\t\t\t<div class=\"slideshow_slide slideshow_slide_image\">\r\n\t\t\t\t\t\t\t\t\t\t\t<img src=\"https:\/\/agora.xtec.cat\/escolagaudisantboi\/wp-content\/uploads\/usu2030\/2026\/02\/971ec6d7-13e3-41e2-ac21-ac7f34a38f41.jpg\" alt=\"971ec6d7-13e3-41e2-ac21-ac7f34a38f41\" width=\"2048\" height=\"1536\" \/>\r\n\t\t\t\t\t\t\t\t\t\t<div class=\"slideshow_description_box slideshow_transparent\">\r\n\t\t\t\t\t\t<div class=\"slideshow_title\">971ec6d7-13e3-41e2-ac21-ac7f34a38f41<\/div>\t\t\t\t\t\t\t\t\t\t\t<\/div>\r\n\t\t\t\t<\/div>\r\n\r\n\t\t\t\t\t\t<div style=\"clear: both;\"><\/div><\/div><div class=\"slideshow_view\">\r\n\t\t\t\t<div class=\"slideshow_slide slideshow_slide_image\">\r\n\t\t\t\t\t\t\t\t\t\t\t<img src=\"https:\/\/agora.xtec.cat\/escolagaudisantboi\/wp-content\/uploads\/usu2030\/2026\/02\/741cd001-bb09-4be7-9cc8-3552c9e1e1e2-2.jpg\" alt=\"741cd001-bb09-4be7-9cc8-3552c9e1e1e2 2\" width=\"1600\" height=\"1200\" \/>\r\n\t\t\t\t\t\t\t\t\t\t<div class=\"slideshow_description_box slideshow_transparent\">\r\n\t\t\t\t\t\t<div class=\"slideshow_title\">741cd001-bb09-4be7-9cc8-3552c9e1e1e2 2<\/div>\t\t\t\t\t\t\t\t\t\t\t<\/div>\r\n\t\t\t\t<\/div>\r\n\r\n\t\t\t\t\t\t<div style=\"clear: both;\"><\/div><\/div><div class=\"slideshow_view\">\r\n\t\t\t\t<div class=\"slideshow_slide slideshow_slide_image\">\r\n\t\t\t\t\t\t\t\t\t\t\t<img src=\"https:\/\/agora.xtec.cat\/escolagaudisantboi\/wp-content\/uploads\/usu2030\/2026\/02\/21f17349-4c5c-426d-8cae-dcee99af7c86.jpg\" alt=\"21f17349-4c5c-426d-8cae-dcee99af7c86\" width=\"2048\" height=\"1536\" \/>\r\n\t\t\t\t\t\t\t\t\t\t<div class=\"slideshow_description_box slideshow_transparent\">\r\n\t\t\t\t\t\t<div class=\"slideshow_title\">21f17349-4c5c-426d-8cae-dcee99af7c86<\/div>\t\t\t\t\t\t\t\t\t\t\t<\/div>\r\n\t\t\t\t<\/div>\r\n\r\n\t\t\t\t\t\t<div style=\"clear: both;\"><\/div><\/div>\r\n\t\t<\/div>\r\n\r\n\t\t<div class=\"slideshow_controlPanel slideshow_transparent\" style=\"display: none;\"><ul><li class=\"slideshow_togglePlay\" data-play-text=\"Visualitza\" data-pause-text=\"Pausa\"><\/li><\/ul><\/div>\r\n\r\n\t\t<div class=\"slideshow_button slideshow_previous slideshow_transparent\" role=\"button\" data-previous-text=\"Anterior\" style=\"display: none;\"><\/div>\r\n\t\t<div class=\"slideshow_button slideshow_next slideshow_transparent\" role=\"button\" data-next-text=\"Seg\u00fcent\" style=\"display: none;\"><\/div>\r\n\r\n\t\t<div class=\"slideshow_pagination\" style=\"display: none;\" data-go-to-text=\"V\u00e9s a la diapositiva\"><div class=\"slideshow_pagination_center\"><\/div><\/div>\r\n\r\n\t\t<!-- WordPress Slideshow Version 2.3.1 -->\r\n\r\n\t\t\t<\/div>\r\n\r\n<\/p>\n<p>&nbsp;<\/p>\n<p>&nbsp;<\/p>\n","protected":false},"excerpt":{"rendered":"<p>En el grup de 3r es duu a terme el projecte GIRLS GEMS, una iniciativa que t\u00e9 com a objectiu principal fomentar les vocacions cient\u00edfiques i tecnol\u00f2giques entre l\u2019alumnat. Els infants treballen en un entorn d\u2019aprenentatge on cadasc\u00fa va realitzant els reptes amb el seu ordinador i el seu robot\u00a0Codey Rocky.\u00a0Gr\u00e0cies a la Fundaci\u00f3 Scientia [&hellip;]<\/p>\n","protected":false},"author":34,"featured_media":0,"parent":0,"menu_order":0,"comment_status":"closed","ping_status":"closed","template":"","meta":{"_bbp_topic_count":0,"_bbp_reply_count":0,"_bbp_total_topic_count":0,"_bbp_total_reply_count":0,"_bbp_voice_count":0,"_bbp_anonymous_reply_count":0,"_bbp_topic_count_hidden":0,"_bbp_reply_count_hidden":0,"_bbp_forum_subforum_count":0,"site-sidebar-layout":"default","site-content-layout":"","ast-site-content-layout":"default","site-content-style":"default","site-sidebar-style":"default","ast-global-header-display":"","ast-banner-title-visibility":"","ast-main-header-display":"","ast-hfb-above-header-display":"","ast-hfb-below-header-display":"","ast-hfb-mobile-header-display":"","site-post-title":"","ast-breadcrumbs-content":"","ast-featured-img":"","footer-sml-layout":"","theme-transparent-header-meta":"default","adv-header-id-meta":"","stick-header-meta":"","header-above-stick-meta":"","header-main-stick-meta":"","header-below-stick-meta":"","astra-migrate-meta-layouts":"set","ast-page-background-enabled":"default","ast-page-background-meta":{"desktop":{"background-color":"var(--ast-global-color-4)","background-image":"","background-repeat":"repeat","background-position":"center center","background-size":"auto","background-attachment":"scroll","background-type":"","background-media":"","overlay-type":"","overlay-color":"","overlay-opacity":"","overlay-gradient":""},"tablet":{"background-color":"","background-image":"","background-repeat":"repeat","background-position":"center center","background-size":"auto","background-attachment":"scroll","background-type":"","background-media":"","overlay-type":"","overlay-color":"","overlay-opacity":"","overlay-gradient":""},"mobile":{"background-color":"","background-image":"","background-repeat":"repeat","background-position":"center center","background-size":"auto","background-attachment":"scroll","background-type":"","background-media":"","overlay-type":"","overlay-color":"","overlay-opacity":"","overlay-gradient":""}},"ast-content-background-meta":{"desktop":{"background-color":"var(--ast-global-color-5)","background-image":"","background-repeat":"repeat","background-position":"center center","background-size":"auto","background-attachment":"scroll","background-type":"","background-media":"","overlay-type":"","overlay-color":"","overlay-opacity":"","overlay-gradient":""},"tablet":{"background-color":"var(--ast-global-color-5)","background-image":"","background-repeat":"repeat","background-position":"center center","background-size":"auto","background-attachment":"scroll","background-type":"","background-media":"","overlay-type":"","overlay-color":"","overlay-opacity":"","overlay-gradient":""},"mobile":{"background-color":"var(--ast-global-color-5)","background-image":"","background-repeat":"repeat","background-position":"center center","background-size":"auto","background-attachment":"scroll","background-type":"","background-media":"","overlay-type":"","overlay-color":"","overlay-opacity":"","overlay-gradient":""}},"footnotes":""},"class_list":["post-21539","page","type-page","status-publish","hentry"],"post_mailing_queue_ids":[],"_links":{"self":[{"href":"https:\/\/agora.xtec.cat\/escolagaudisantboi\/wp-json\/wp\/v2\/pages\/21539","targetHints":{"allow":["GET"]}}],"collection":[{"href":"https:\/\/agora.xtec.cat\/escolagaudisantboi\/wp-json\/wp\/v2\/pages"}],"about":[{"href":"https:\/\/agora.xtec.cat\/escolagaudisantboi\/wp-json\/wp\/v2\/types\/page"}],"author":[{"embeddable":true,"href":"https:\/\/agora.xtec.cat\/escolagaudisantboi\/wp-json\/wp\/v2\/users\/34"}],"replies":[{"embeddable":true,"href":"https:\/\/agora.xtec.cat\/escolagaudisantboi\/wp-json\/wp\/v2\/comments?post=21539"}],"version-history":[{"count":2,"href":"https:\/\/agora.xtec.cat\/escolagaudisantboi\/wp-json\/wp\/v2\/pages\/21539\/revisions"}],"predecessor-version":[{"id":21547,"href":"https:\/\/agora.xtec.cat\/escolagaudisantboi\/wp-json\/wp\/v2\/pages\/21539\/revisions\/21547"}],"wp:attachment":[{"href":"https:\/\/agora.xtec.cat\/escolagaudisantboi\/wp-json\/wp\/v2\/media?parent=21539"}],"curies":[{"name":"wp","href":"https:\/\/api.w.org\/{rel}","templated":true}]}}